{"id":11839,"date":"2022-07-28T12:26:49","date_gmt":"2022-07-28T11:26:49","guid":{"rendered":"https:\/\/confecomerc.es\/digitalitzacio\/tutorias-de-ciberseguridad\/"},"modified":"2022-07-29T12:28:39","modified_gmt":"2022-07-29T11:28:39","slug":"tutorias-de-ciberseguridad","status":"publish","type":"page","link":"https:\/\/confecomerc.es\/va\/digitalitzacio\/tutorias-de-ciberseguridad\/","title":{"rendered":"Tutor\u00edas de ciberseguridad"},"content":{"rendered":"<p>[et_pb_section fb_built=&#8221;1&#8243; fullwidth=&#8221;on&#8221; _builder_version=&#8221;4.16&#8243; saved_tabs=&#8221;all&#8221; global_colors_info=&#8221;{}&#8221;][et_pb_fullwidth_slider show_arrows=&#8221;off&#8221; show_pagination=&#8221;off&#8221; show_image_video_mobile=&#8221;on&#8221; _builder_version=&#8221;4.17.6&#8243; header_font=&#8221;||||||||&#8221; header_text_align=&#8221;center&#8221; header_font_size=&#8221;57px&#8221; background_color=&#8221;#204093&#8243; background_image=&#8221;https:\/\/confecomerc.es\/wp-content\/uploads\/2022\/07\/TUTORIAS-DE-CIBERSEGURIDAD.webp&#8221; background_blend=&#8221;multiply&#8221; custom_margin_tablet=&#8221;&#8221; custom_margin_phone=&#8221;&#8221; custom_margin_last_edited=&#8221;on|phone&#8221; custom_padding=&#8221;120px||100px&#8221; custom_padding_tablet=&#8221;&#8221; custom_padding_phone=&#8221;62px|0px|58px|0px&#8221; custom_padding_last_edited=&#8221;on|desktop&#8221; header_font_size_tablet=&#8221;&#8221; header_font_size_phone=&#8221;37px&#8221; header_font_size_last_edited=&#8221;on|phone&#8221; global_colors_info=&#8221;{}&#8221;][et_pb_slide heading=&#8221;Tutor\u00edas de ciberseguridad&#8221; _builder_version=&#8221;4.17.6&#8243; body_font=&#8221;||||||||&#8221; body_text_align=&#8221;center&#8221; body_font_size=&#8221;31px&#8221; text_orientation=&#8221;center&#8221; body_font_size_tablet=&#8221;31px&#8221; body_font_size_phone=&#8221;16px&#8221; body_font_size_last_edited=&#8221;on|phone&#8221; global_colors_info=&#8221;{}&#8221; sticky_transition=&#8221;on&#8221;]<\/p>\n<p>Garantiza la seguridad de tu comercio<\/p>\n<p>[\/et_pb_slide][\/et_pb_fullwidth_slider][\/et_pb_section][et_pb_section fb_built=&#8221;1&#8243; fullwidth=&#8221;on&#8221; disabled_on=&#8221;on|off|off&#8221; _builder_version=&#8221;4.16&#8243; global_colors_info=&#8221;{}&#8221;][et_pb_fullwidth_menu menu_id=&#8221;278&#8243; fullwidth_menu=&#8221;off&#8221; active_link_color=&#8221;#00a7b5&#8243; dropdown_menu_line_color=&#8221;#00a7b5&#8243; dropdown_menu_text_color=&#8221;#000000&#8243; mobile_menu_bg_color=&#8221;rgba(0,0,0,0)&#8221; mobile_menu_text_color=&#8221;#000000&#8243; _builder_version=&#8221;4.16&#8243; menu_font=&#8221;||||||||&#8221; menu_text_color=&#8221;#63666a&#8221; menu_font_size=&#8221;13px&#8221; menu_letter_spacing=&#8221;1px&#8221; background_color=&#8221;rgba(255,255,255,0.06)&#8221; text_orientation=&#8221;center&#8221; custom_margin=&#8221;6px||7px&#8221; custom_padding=&#8221;0px||0px|0px&#8221; custom_padding_tablet=&#8221;&#8221; custom_padding_phone=&#8221;&#8221; custom_padding_last_edited=&#8221;on|phone&#8221; animation_style=&#8221;flip&#8221; animation_delay=&#8221;2600ms&#8221; border_width_all=&#8221;1px&#8221; border_color_all=&#8221;#63666a&#8221; global_colors_info=&#8221;{}&#8221;][\/et_pb_fullwidth_menu][\/et_pb_section][et_pb_section fb_built=&#8221;1&#8243; specialty=&#8221;on&#8221; _builder_version=&#8221;4.17.6&#8243; _module_preset=&#8221;default&#8221; custom_padding=&#8221;16px||0px|||&#8221; global_colors_info=&#8221;{}&#8221;][et_pb_column type=&#8221;2_3&#8243; specialty_columns=&#8221;2&#8243; _builder_version=&#8221;4.16&#8243; custom_padding=&#8221;|||&#8221; global_colors_info=&#8221;{}&#8221; custom_padding__hover=&#8221;|||&#8221;][et_pb_row_inner column_structure=&#8221;1_2,1_2&#8243; _builder_version=&#8221;4.17.6&#8243; _module_preset=&#8221;default&#8221; global_colors_info=&#8221;{}&#8221;][et_pb_column_inner type=&#8221;1_2&#8243; saved_specialty_column_type=&#8221;2_3&#8243; _builder_version=&#8221;4.17.6&#8243; _module_preset=&#8221;default&#8221; global_colors_info=&#8221;{}&#8221;][et_pb_image src=&#8221;https:\/\/confecomerc.es\/wp-content\/uploads\/2022\/07\/Tutorias-de-ciberseguridad.jpg&#8221; alt=&#8221;Tutor\u00edas de ciberseguridad&#8221; title_text=&#8221;Tutor\u00edas de ciberseguridad&#8221; _builder_version=&#8221;4.17.6&#8243; _module_preset=&#8221;default&#8221; global_colors_info=&#8221;{}&#8221;][\/et_pb_image][\/et_pb_column_inner][et_pb_column_inner type=&#8221;1_2&#8243; saved_specialty_column_type=&#8221;2_3&#8243; _builder_version=&#8221;4.17.6&#8243; _module_preset=&#8221;default&#8221; global_colors_info=&#8221;{}&#8221;][et_pb_text _builder_version=&#8221;4.17.6&#8243; global_colors_info=&#8221;{}&#8221;]<\/p>\n<h4>\u00bfSabes que tu comercio puede ser v\u00edctima de un ciberataque? El 56% de los casos de empresas que sufren ciberataques pertenecen al sector del comercio minorista. Confecomer\u00e7 ha puesto en marcha este servicio que ayudar\u00e1 a proteger a tu comercio de esta gran amenaza.<\/h4>\n<p>&nbsp;<\/p>\n<p><strong>\u00bfEn qu\u00e9 consiste este plan? <\/strong><\/p>\n<ul>\n<li><strong>E<\/strong><strong>xpertos en ciberseguridad<\/strong> analizar\u00e1n la situaci\u00f3n de tu comercio<\/li>\n<li>Realizar\u00e1n un <strong>plan de acci\u00f3n personalizado y <\/strong>adecuado a tus necesidades para que dejes de estar en la diana de los ciberdelincuentes<\/li>\n<\/ul>\n<p><strong>\u00bfC\u00f3mo lo haremos?<\/strong>.\u00a0 El programa consta de dos fases:<\/p>\n<p>[\/et_pb_text][\/et_pb_column_inner][\/et_pb_row_inner][\/et_pb_column][et_pb_column type=&#8221;1_3&#8243; _builder_version=&#8221;4.16&#8243; custom_padding=&#8221;|||&#8221; global_colors_info=&#8221;{}&#8221; custom_padding__hover=&#8221;|||&#8221;][dsm_icon_list _builder_version=&#8221;4.17.6&#8243; _module_preset=&#8221;default&#8221; global_colors_info=&#8221;{}&#8221;][dsm_icon_list_child text=&#8221;TUTOR\u00cdAS PERSONALIZADAS: Adaptadas a cada tipolog\u00eda de comercio &#8221; font_icon=&#8221;&#xf51c;||fa||900&#8243; icon_padding=&#8221;22px&#8221; icon_font_size=&#8221;38px&#8221; use_tooltip=&#8221;on&#8221; _builder_version=&#8221;4.17.6&#8243; _module_preset=&#8221;default&#8221; global_colors_info=&#8221;{}&#8221;]<\/p>\n<p>Adaptadas a cada tipolog\u00eda de comercio<\/p>\n<p>[\/dsm_icon_list_child][dsm_icon_list_child text=&#8221;CON EXPERTOS: Tutores especializados se encargar\u00e1n de dise\u00f1ar tu plan de acci\u00f3n&#8221; font_icon=&#8221;&#xf0c0;||fa||900&#8243; icon_padding=&#8221;22px&#8221; icon_font_size=&#8221;38px&#8221; use_tooltip=&#8221;on&#8221; _builder_version=&#8221;4.17.6&#8243; _module_preset=&#8221;default&#8221; global_colors_info=&#8221;{}&#8221;]<\/p>\n<p>Adaptadas a cada tipolog\u00eda de comercio<\/p>\n<p>[\/dsm_icon_list_child][dsm_icon_list_child text=&#8221;FLEXIBLE: Tutor\u00edas \u00e1giles v\u00eda online&#8221; font_icon=&#8221;&#xf812;||fa||900&#8243; icon_padding=&#8221;22px&#8221; icon_font_size=&#8221;38px&#8221; use_tooltip=&#8221;on&#8221; _builder_version=&#8221;4.17.6&#8243; _module_preset=&#8221;default&#8221; global_colors_info=&#8221;{}&#8221;]<\/p>\n<p>Adaptadas a cada tipolog\u00eda de comercio<\/p>\n<p>[\/dsm_icon_list_child][dsm_icon_list_child text=&#8221;GRATUITO: Para comercios asociados a Confecomer\u00e7&#8221; font_icon=&#8221;&#xf51e;||fa||900&#8243; icon_padding=&#8221;22px&#8221; icon_font_size=&#8221;38px&#8221; use_tooltip=&#8221;on&#8221; _builder_version=&#8221;4.17.6&#8243; _module_preset=&#8221;default&#8221; global_colors_info=&#8221;{}&#8221;]<\/p>\n<p>Adaptadas a cada tipolog\u00eda de comercio<\/p>\n<p>[\/dsm_icon_list_child][dsm_icon_list_child text=&#8221;ACOMPA\u00d1AMIENTO: Se realizar\u00e1 un servicio de control y seguimiento durante seis meses  &#8221; font_icon=&#8221;&#xf274;||fa||400&#8243; icon_padding=&#8221;22px&#8221; icon_font_size=&#8221;38px&#8221; use_tooltip=&#8221;on&#8221; _builder_version=&#8221;4.17.6&#8243; _module_preset=&#8221;default&#8221; global_colors_info=&#8221;{}&#8221;]<\/p>\n<p>Adaptadas a cada tipolog\u00eda de comercio<\/p>\n<p>[\/dsm_icon_list_child][\/dsm_icon_list][\/et_pb_column][\/et_pb_section][et_pb_section fb_built=&#8221;1&#8243; theme_builder_area=&#8221;post_content&#8221; _builder_version=&#8221;4.17.6&#8243; _module_preset=&#8221;default&#8221; custom_padding=&#8221;13px|||||&#8221;][et_pb_row _builder_version=&#8221;4.17.6&#8243; _module_preset=&#8221;default&#8221; theme_builder_area=&#8221;post_content&#8221;][et_pb_column _builder_version=&#8221;4.17.6&#8243; _module_preset=&#8221;default&#8221; type=&#8221;4_4&#8243; theme_builder_area=&#8221;post_content&#8221;][dsm_content_timeline dsm_timeline_style=&#8221;left&#8221; dsm_card_arrow=&#8221;on&#8221; dsm_tree_animation=&#8221;on&#8221; _builder_version=&#8221;4.17.6&#8243; _module_preset=&#8221;default&#8221; hover_enabled=&#8221;0&#8243; global_colors_info=&#8221;{}&#8221; sticky_enabled=&#8221;0&#8243; theme_builder_area=&#8221;post_content&#8221; dsm_responsive_style=&#8221;left&#8221; header_text_color=&#8221;#204093&#8243; dsm_opposite_content_width=&#8221;15%&#8221; dsm_opposite_content_width_last_edited=&#8221;on|desktop&#8221; opposite_text_font=&#8221;|700||on|||||&#8221; opposite_text_text_align=&#8221;left&#8221; opposite_text_text_color=&#8221;#F3482E&#8221; opposite_text_font_size=&#8221;15px&#8221; dsm_opposite_content_width_tablet=&#8221;15%&#8221; dsm_opposite_content_width_phone=&#8221;15%&#8221;][dsm_content_timeline_child dsm_use_icon_image=&#8221;off&#8221; dsm_title=&#8221;Diagn\u00f3stico y plan de acci\u00f3n.&#8221; dsm_content=&#8221;<\/p>\n<p><strong>En una sesi\u00f3n online<\/strong>, nuestros expertos realizar\u00e1n un <strong>diagn\u00f3stico de tu comercio<\/strong>. Posteriormente, elaborar\u00e1n un <strong>informe con recomendaciones<\/strong> ad hoc para protegerlo, seg\u00fan caracter\u00edsticas y necesidades.<\/p>\n<p>&#8221; dsm_use_pointer_element=&#8221;on&#8221; dsm_point_font_icon=&#8221;&#x55;||divi||400&#8243; dsm_opposite_text=&#8221;FASE 1&#8243; _builder_version=&#8221;4.17.6&#8243; _module_preset=&#8221;default&#8221; global_colors_info=&#8221;{}&#8221; parent_header_level=&#8221;h4&#8243; theme_builder_area=&#8221;post_content&#8221;][\/dsm_content_timeline_child][dsm_content_timeline_child dsm_use_icon_image=&#8221;off&#8221; dsm_title=&#8221;Seguimiento&#8221; dsm_content=&#8221;<\/p>\n<p>En los siguientes 6 meses los tutores llevar\u00e1n a cabo un control y seguimiento de la aplicaci\u00f3n de las medidas propuestas y reevaluar\u00e1n el nivel de riesgo.<\/p>\n<p>&#8221; dsm_use_pointer_element=&#8221;on&#8221; dsm_point_font_icon=&#8221;&#xf2ea;||fa||900&#8243; dsm_opposite_text=&#8221;FASE 2&#8243; _builder_version=&#8221;4.17.6&#8243; _module_preset=&#8221;default&#8221; global_colors_info=&#8221;{}&#8221; parent_header_level=&#8221;h4&#8243; theme_builder_area=&#8221;post_content&#8221;][\/dsm_content_timeline_child][\/dsm_content_timeline][\/et_pb_column][\/et_pb_row][\/et_pb_section][et_pb_section fb_built=&#8221;1&#8243; _builder_version=&#8221;4.16&#8243; custom_padding=&#8221;0|0px|21px|0px|false|false&#8221; global_colors_info=&#8221;{}&#8221;][et_pb_row _builder_version=&#8221;4.16&#8243; _module_preset=&#8221;default&#8221; global_colors_info=&#8221;{}&#8221;][et_pb_column type=&#8221;4_4&#8243; _builder_version=&#8221;4.16&#8243; _module_preset=&#8221;default&#8221; global_colors_info=&#8221;{}&#8221;][et_pb_cta title=&#8221;Convocatoria 2022&#8243; button_url=&#8221;https:\/\/docs.google.com\/forms\/d\/1yTX_feXFRUfFpbhLfxj7ECuCua6OwchWPgWABSvv2bc&#8221; button_text=&#8221;Me interesa!&#8221; _builder_version=&#8221;4.17.6&#8243; _module_preset=&#8221;default&#8221; background_color=&#8221;#204093&#8243; custom_button=&#8221;on&#8221; button_text_color=&#8221;#FFFFFF&#8221; button_bg_color=&#8221;#204093&#8243; button_border_color=&#8221;#FFFFFF&#8221; link_option_url=&#8221;https:\/\/docs.google.com\/forms\/d\/1yTX_feXFRUfFpbhLfxj7ECuCua6OwchWPgWABSvv2bc&#8221; global_colors_info=&#8221;{}&#8221;]<\/p>\n<p>Ya puedes solicitar tu plaza gratuita. Simplemente cumplimenta <span style=\"color: #ffffff;\"><a style=\"color: #ffffff;\" href=\"https:\/\/docs.google.com\/forms\/d\/1yTX_feXFRUfFpbhLfxj7ECuCua6OwchWPgWABSvv2bc\">el formulario<\/a> <\/span>y te avisaremos cuando comienza el programa.<\/p>\n<p>[\/et_pb_cta][\/et_pb_column][\/et_pb_row][et_pb_row column_structure=&#8221;1_3,1_3,1_3&#8243; _builder_version=&#8221;4.17.6&#8243; _module_preset=&#8221;default&#8221; global_colors_info=&#8221;{}&#8221;][et_pb_column type=&#8221;1_3&#8243; _builder_version=&#8221;4.17.6&#8243; _module_preset=&#8221;default&#8221; global_colors_info=&#8221;{}&#8221;][\/et_pb_column][et_pb_column type=&#8221;1_3&#8243; _builder_version=&#8221;4.17.6&#8243; _module_preset=&#8221;default&#8221; global_colors_info=&#8221;{}&#8221;][et_pb_text _builder_version=&#8221;4.17.6&#8243; _module_preset=&#8221;default&#8221; global_colors_info=&#8221;{}&#8221;]<\/p>\n<p>Colabora:<\/p>\n<p>[\/et_pb_text][et_pb_image src=&#8221;https:\/\/confecomerc.es\/wp-content\/uploads\/2021\/10\/Conselleria-de-Economia-Sostenible.jpg&#8221; alt=&#8221;Conselleria de Econom\u00eda Sostenible&#8221; title_text=&#8221;Conselleria de Econom\u00eda Sostenible&#8221; _builder_version=&#8221;4.17.6&#8243; _module_preset=&#8221;default&#8221; global_colors_info=&#8221;{}&#8221;][\/et_pb_image][\/et_pb_column][et_pb_column type=&#8221;1_3&#8243; _builder_version=&#8221;4.17.6&#8243; _module_preset=&#8221;default&#8221; global_colors_info=&#8221;{}&#8221;][\/et_pb_column][\/et_pb_row][\/et_pb_section]<\/p>\n","protected":false},"excerpt":{"rendered":"<p>Garantiza la seguridad de tu comercio\u00bfSabes que tu comercio puede ser v\u00edctima de un ciberataque? El 56% de los casos de empresas que sufren ciberataques pertenecen al sector del comercio minorista. Confecomer\u00e7 ha puesto en marcha este servicio que ayudar\u00e1 a proteger a tu comercio de esta gran amenaza. &nbsp; \u00bfEn qu\u00e9 consiste este plan? Expertos en ciberseguridad analizar\u00e1n la situaci\u00f3n de tu comercio Realizar\u00e1n un plan de acci\u00f3n personalizado y adecuado a tus necesidades para que dejes de estar en la diana de los ciberdelincuentes \u00bfC\u00f3mo lo haremos?.\u00a0 El programa consta de dos fases:<div class=\"et_pb_module dsm_icon_list dsm_icon_list_0\">\n\t\t\t\t\n\t\t\t\t\n\t\t\t\t\n\t\t\t\t\n\t\t\t\t\n\t\t\t\t\n\t\t\t\t<div class=\"et_pb_module_inner\">\n\t\t\t\t\t<ul class=\"dsm_icon_list_items dsm_icon_list_ltr_direction dsm_icon_list_layout_vertical\"><\/ul>\n\t\t\t\t<\/div>\n\t\t\t<\/div><li class=\"dsm_icon_list_child dsm_icon_list_child_0 dsm_icon_list_child_tooltip\">\n\t\t\t\t\n\t\t\t\t\n\t\t\t\t\n\t\t\t\t\n\t\t\t\t<div class=\"dsm_icon_list_tooltip\" data-tippy-arrow=\"true\" data-dsm-tippy-placement=\"right\" data-dsm-slug=\"dsm_icon_list_child_0\"><span class=\"dsm_icon_list_wrapper\"><span class=\"dsm_icon_list_icon\">\uf51c<\/span><\/span><span class=\"dsm_icon_list_text\">TUTOR\u00cdAS PERSONALIZADAS: Adaptadas a cada tipolog\u00eda de comercio <\/span><\/div><span class=\"dsm_icon_list_tooltip_wrapper\">Adaptadas a cada tipolog\u00eda de comercio<\/span>\n\t\t\t<\/li><li class=\"dsm_icon_list_child dsm_icon_list_child_1 dsm_icon_list_child_tooltip\">\n\t\t\t\t\n\t\t\t\t\n\t\t\t\t\n\t\t\t\t\n\t\t\t\t<div class=\"dsm_icon_list_tooltip\" data-tippy-arrow=\"true\" data-dsm-tippy-placement=\"right\" data-dsm-slug=\"dsm_icon_list_child_1\"><span class=\"dsm_icon_list_wrapper\"><span class=\"dsm_icon_list_icon\">\uf0c0<\/span><\/span><span class=\"dsm_icon_list_text\">CON EXPERTOS: Tutores especializados se encargar\u00e1n de dise\u00f1ar tu plan de acci\u00f3n<\/span><\/div><span class=\"dsm_icon_list_tooltip_wrapper\">Adaptadas a cada tipolog\u00eda de comercio<\/span>\n\t\t\t<\/li><li class=\"dsm_icon_list_child dsm_icon_list_child_2 dsm_icon_list_child_tooltip\">\n\t\t\t\t\n\t\t\t\t\n\t\t\t\t\n\t\t\t\t\n\t\t\t\t<div class=\"dsm_icon_list_tooltip\" data-tippy-arrow=\"true\" data-dsm-tippy-placement=\"right\" data-dsm-slug=\"dsm_icon_list_child_2\"><span class=\"dsm_icon_list_wrapper\"><span class=\"dsm_icon_list_icon\">\uf812<\/span><\/span><span class=\"dsm_icon_list_text\">FLEXIBLE: Tutor\u00edas \u00e1giles v\u00eda online<\/span><\/div><span class=\"dsm_icon_list_tooltip_wrapper\">Adaptadas a cada tipolog\u00eda de comercio<\/span>\n\t\t\t<\/li><li class=\"dsm_icon_list_child dsm_icon_list_child_3 dsm_icon_list_child_tooltip\">\n\t\t\t\t\n\t\t\t\t\n\t\t\t\t\n\t\t\t\t\n\t\t\t\t<div class=\"dsm_icon_list_tooltip\" data-tippy-arrow=\"true\" data-dsm-tippy-placement=\"right\" data-dsm-slug=\"dsm_icon_list_child_3\"><span class=\"dsm_icon_list_wrapper\"><span class=\"dsm_icon_list_icon\">\uf51e<\/span><\/span><span class=\"dsm_icon_list_text\">GRATUITO: Para comercios asociados a Confecomer\u00e7<\/span><\/div><span class=\"dsm_icon_list_tooltip_wrapper\">Adaptadas a cada tipolog\u00eda de comercio<\/span>\n\t\t\t<\/li><li class=\"dsm_icon_list_child dsm_icon_list_child_4 dsm_icon_list_child_tooltip\">\n\t\t\t\t\n\t\t\t\t\n\t\t\t\t\n\t\t\t\t\n\t\t\t\t<div class=\"dsm_icon_list_tooltip\" data-tippy-arrow=\"true\" data-dsm-tippy-placement=\"right\" data-dsm-slug=\"dsm_icon_list_child_4\"><span class=\"dsm_icon_list_wrapper\"><span class=\"dsm_icon_list_icon\">\uf274<\/span><\/span><span class=\"dsm_icon_list_text\">ACOMPA\u00d1AMIENTO: Se realizar\u00e1 un servicio de control y seguimiento durante seis meses <\/span><\/div>\n\t\t\t<\/li>Adaptadas a cada [&hellip;]<\/p>\n","protected":false},"author":1,"featured_media":11863,"parent":1579,"menu_order":0,"comment_status":"closed","ping_status":"closed","template":"","meta":{"_et_pb_use_builder":"on","_et_pb_old_content":"","_et_gb_content_width":"","footnotes":""},"class_list":["post-11839","page","type-page","status-publish","has-post-thumbnail","hentry"],"yoast_head":"<!-- This site is optimized with the Yoast SEO plugin v27.3 - https:\/\/yoast.com\/product\/yoast-seo-wordpress\/ -->\n<title>Tutor\u00edas de ciberseguridad - Confecomer\u00e7<\/title>\n<meta name=\"robots\" content=\"index, follow, max-snippet:-1, max-image-preview:large, max-video-preview:-1\" \/>\n<link rel=\"canonical\" href=\"https:\/\/confecomerc.es\/va\/digitalitzacio\/tutorias-de-ciberseguridad\/\" \/>\n<meta property=\"og:locale\" content=\"en_US\" \/>\n<meta property=\"og:type\" content=\"article\" \/>\n<meta property=\"og:title\" content=\"Tutor\u00edas de ciberseguridad - Confecomer\u00e7\" \/>\n<meta property=\"og:description\" content=\"Garantiza la seguridad de tu comercio\u00bfSabes que tu comercio puede ser v\u00edctima de un ciberataque? El 56% de los casos de empresas que sufren ciberataques pertenecen al sector del comercio minorista. Confecomer\u00e7 ha puesto en marcha este servicio que ayudar\u00e1 a proteger a tu comercio de esta gran amenaza. &nbsp; \u00bfEn qu\u00e9 consiste este plan? Expertos en ciberseguridad analizar\u00e1n la situaci\u00f3n de tu comercio Realizar\u00e1n un plan de acci\u00f3n personalizado y adecuado a tus necesidades para que dejes de estar en la diana de los ciberdelincuentes \u00bfC\u00f3mo lo haremos?.\u00a0 El programa consta de dos fases:Adaptadas a cada [&hellip;]\" \/>\n<meta property=\"og:url\" content=\"https:\/\/confecomerc.es\/va\/digitalitzacio\/tutorias-de-ciberseguridad\/\" \/>\n<meta property=\"og:site_name\" content=\"Confecomer\u00e7\" \/>\n<meta property=\"article:modified_time\" content=\"2022-07-29T11:28:39+00:00\" \/>\n<meta property=\"og:image\" content=\"https:\/\/confecomerc.es\/wp-content\/uploads\/2022\/07\/Tutorias-de-ciberseguridad.jpg\" \/>\n\t<meta property=\"og:image:width\" content=\"800\" \/>\n\t<meta property=\"og:image:height\" content=\"800\" \/>\n\t<meta property=\"og:image:type\" content=\"image\/jpeg\" \/>\n<meta name=\"twitter:card\" content=\"summary_large_image\" \/>\n<meta name=\"twitter:label1\" content=\"Est. reading time\" \/>\n\t<meta name=\"twitter:data1\" content=\"7 minutes\" \/>\n<script type=\"application\/ld+json\" class=\"yoast-schema-graph\">{\"@context\":\"https:\\\/\\\/schema.org\",\"@graph\":[{\"@type\":\"WebPage\",\"@id\":\"https:\\\/\\\/confecomerc.es\\\/va\\\/digitalitzacio\\\/tutorias-de-ciberseguridad\\\/\",\"url\":\"https:\\\/\\\/confecomerc.es\\\/va\\\/digitalitzacio\\\/tutorias-de-ciberseguridad\\\/\",\"name\":\"Tutor\u00edas de ciberseguridad - Confecomer\u00e7\",\"isPartOf\":{\"@id\":\"https:\\\/\\\/confecomerc.es\\\/#website\"},\"primaryImageOfPage\":{\"@id\":\"https:\\\/\\\/confecomerc.es\\\/va\\\/digitalitzacio\\\/tutorias-de-ciberseguridad\\\/#primaryimage\"},\"image\":{\"@id\":\"https:\\\/\\\/confecomerc.es\\\/va\\\/digitalitzacio\\\/tutorias-de-ciberseguridad\\\/#primaryimage\"},\"thumbnailUrl\":\"https:\\\/\\\/confecomerc.es\\\/wp-content\\\/uploads\\\/2022\\\/07\\\/Tutorias-de-ciberseguridad.jpg\",\"datePublished\":\"2022-07-28T11:26:49+00:00\",\"dateModified\":\"2022-07-29T11:28:39+00:00\",\"breadcrumb\":{\"@id\":\"https:\\\/\\\/confecomerc.es\\\/va\\\/digitalitzacio\\\/tutorias-de-ciberseguridad\\\/#breadcrumb\"},\"inLanguage\":\"va-VA\",\"potentialAction\":[{\"@type\":\"ReadAction\",\"target\":[\"https:\\\/\\\/confecomerc.es\\\/va\\\/digitalitzacio\\\/tutorias-de-ciberseguridad\\\/\"]}]},{\"@type\":\"ImageObject\",\"inLanguage\":\"va-VA\",\"@id\":\"https:\\\/\\\/confecomerc.es\\\/va\\\/digitalitzacio\\\/tutorias-de-ciberseguridad\\\/#primaryimage\",\"url\":\"https:\\\/\\\/confecomerc.es\\\/wp-content\\\/uploads\\\/2022\\\/07\\\/Tutorias-de-ciberseguridad.jpg\",\"contentUrl\":\"https:\\\/\\\/confecomerc.es\\\/wp-content\\\/uploads\\\/2022\\\/07\\\/Tutorias-de-ciberseguridad.jpg\",\"width\":800,\"height\":800,\"caption\":\"Tutor\u00edas de ciberseguridad\"},{\"@type\":\"BreadcrumbList\",\"@id\":\"https:\\\/\\\/confecomerc.es\\\/va\\\/digitalitzacio\\\/tutorias-de-ciberseguridad\\\/#breadcrumb\",\"itemListElement\":[{\"@type\":\"ListItem\",\"position\":1,\"name\":\"Home\",\"item\":\"https:\\\/\\\/confecomerc.es\\\/va\\\/confecomerc-cv\\\/\"},{\"@type\":\"ListItem\",\"position\":2,\"name\":\"Digitalitzaci\u00f3\",\"item\":\"https:\\\/\\\/confecomerc.es\\\/va\\\/digitalitzacio\\\/\"},{\"@type\":\"ListItem\",\"position\":3,\"name\":\"Tutor\u00edas de ciberseguridad\"}]},{\"@type\":\"WebSite\",\"@id\":\"https:\\\/\\\/confecomerc.es\\\/#website\",\"url\":\"https:\\\/\\\/confecomerc.es\\\/\",\"name\":\"Confecomer\u00e7\",\"description\":\"Confederaci\u00f3 de Comer\u00e7 d\u2019alacant, Castell\u00f3 i Val\u00e8ncia\",\"potentialAction\":[{\"@type\":\"SearchAction\",\"target\":{\"@type\":\"EntryPoint\",\"urlTemplate\":\"https:\\\/\\\/confecomerc.es\\\/?s={search_term_string}\"},\"query-input\":{\"@type\":\"PropertyValueSpecification\",\"valueRequired\":true,\"valueName\":\"search_term_string\"}}],\"inLanguage\":\"va-VA\"}]}<\/script>\n<!-- \/ Yoast SEO plugin. -->","yoast_head_json":{"title":"Tutor\u00edas de ciberseguridad - Confecomer\u00e7","robots":{"index":"index","follow":"follow","max-snippet":"max-snippet:-1","max-image-preview":"max-image-preview:large","max-video-preview":"max-video-preview:-1"},"canonical":"https:\/\/confecomerc.es\/va\/digitalitzacio\/tutorias-de-ciberseguridad\/","og_locale":"en_US","og_type":"article","og_title":"Tutor\u00edas de ciberseguridad - Confecomer\u00e7","og_description":"Garantiza la seguridad de tu comercio\u00bfSabes que tu comercio puede ser v\u00edctima de un ciberataque? El 56% de los casos de empresas que sufren ciberataques pertenecen al sector del comercio minorista. Confecomer\u00e7 ha puesto en marcha este servicio que ayudar\u00e1 a proteger a tu comercio de esta gran amenaza. &nbsp; \u00bfEn qu\u00e9 consiste este plan? Expertos en ciberseguridad analizar\u00e1n la situaci\u00f3n de tu comercio Realizar\u00e1n un plan de acci\u00f3n personalizado y adecuado a tus necesidades para que dejes de estar en la diana de los ciberdelincuentes \u00bfC\u00f3mo lo haremos?.\u00a0 El programa consta de dos fases:Adaptadas a cada [&hellip;]","og_url":"https:\/\/confecomerc.es\/va\/digitalitzacio\/tutorias-de-ciberseguridad\/","og_site_name":"Confecomer\u00e7","article_modified_time":"2022-07-29T11:28:39+00:00","og_image":[{"width":800,"height":800,"url":"https:\/\/confecomerc.es\/wp-content\/uploads\/2022\/07\/Tutorias-de-ciberseguridad.jpg","type":"image\/jpeg"}],"twitter_card":"summary_large_image","twitter_misc":{"Est. reading time":"7 minutes"},"schema":{"@context":"https:\/\/schema.org","@graph":[{"@type":"WebPage","@id":"https:\/\/confecomerc.es\/va\/digitalitzacio\/tutorias-de-ciberseguridad\/","url":"https:\/\/confecomerc.es\/va\/digitalitzacio\/tutorias-de-ciberseguridad\/","name":"Tutor\u00edas de ciberseguridad - Confecomer\u00e7","isPartOf":{"@id":"https:\/\/confecomerc.es\/#website"},"primaryImageOfPage":{"@id":"https:\/\/confecomerc.es\/va\/digitalitzacio\/tutorias-de-ciberseguridad\/#primaryimage"},"image":{"@id":"https:\/\/confecomerc.es\/va\/digitalitzacio\/tutorias-de-ciberseguridad\/#primaryimage"},"thumbnailUrl":"https:\/\/confecomerc.es\/wp-content\/uploads\/2022\/07\/Tutorias-de-ciberseguridad.jpg","datePublished":"2022-07-28T11:26:49+00:00","dateModified":"2022-07-29T11:28:39+00:00","breadcrumb":{"@id":"https:\/\/confecomerc.es\/va\/digitalitzacio\/tutorias-de-ciberseguridad\/#breadcrumb"},"inLanguage":"va-VA","potentialAction":[{"@type":"ReadAction","target":["https:\/\/confecomerc.es\/va\/digitalitzacio\/tutorias-de-ciberseguridad\/"]}]},{"@type":"ImageObject","inLanguage":"va-VA","@id":"https:\/\/confecomerc.es\/va\/digitalitzacio\/tutorias-de-ciberseguridad\/#primaryimage","url":"https:\/\/confecomerc.es\/wp-content\/uploads\/2022\/07\/Tutorias-de-ciberseguridad.jpg","contentUrl":"https:\/\/confecomerc.es\/wp-content\/uploads\/2022\/07\/Tutorias-de-ciberseguridad.jpg","width":800,"height":800,"caption":"Tutor\u00edas de ciberseguridad"},{"@type":"BreadcrumbList","@id":"https:\/\/confecomerc.es\/va\/digitalitzacio\/tutorias-de-ciberseguridad\/#breadcrumb","itemListElement":[{"@type":"ListItem","position":1,"name":"Home","item":"https:\/\/confecomerc.es\/va\/confecomerc-cv\/"},{"@type":"ListItem","position":2,"name":"Digitalitzaci\u00f3","item":"https:\/\/confecomerc.es\/va\/digitalitzacio\/"},{"@type":"ListItem","position":3,"name":"Tutor\u00edas de ciberseguridad"}]},{"@type":"WebSite","@id":"https:\/\/confecomerc.es\/#website","url":"https:\/\/confecomerc.es\/","name":"Confecomer\u00e7","description":"Confederaci\u00f3 de Comer\u00e7 d\u2019alacant, Castell\u00f3 i Val\u00e8ncia","potentialAction":[{"@type":"SearchAction","target":{"@type":"EntryPoint","urlTemplate":"https:\/\/confecomerc.es\/?s={search_term_string}"},"query-input":{"@type":"PropertyValueSpecification","valueRequired":true,"valueName":"search_term_string"}}],"inLanguage":"va-VA"}]}},"_links":{"self":[{"href":"https:\/\/confecomerc.es\/va\/wp-json\/wp\/v2\/pages\/11839","targetHints":{"allow":["GET"]}}],"collection":[{"href":"https:\/\/confecomerc.es\/va\/wp-json\/wp\/v2\/pages"}],"about":[{"href":"https:\/\/confecomerc.es\/va\/wp-json\/wp\/v2\/types\/page"}],"author":[{"embeddable":true,"href":"https:\/\/confecomerc.es\/va\/wp-json\/wp\/v2\/users\/1"}],"replies":[{"embeddable":true,"href":"https:\/\/confecomerc.es\/va\/wp-json\/wp\/v2\/comments?post=11839"}],"version-history":[{"count":0,"href":"https:\/\/confecomerc.es\/va\/wp-json\/wp\/v2\/pages\/11839\/revisions"}],"up":[{"embeddable":true,"href":"https:\/\/confecomerc.es\/va\/wp-json\/wp\/v2\/pages\/1579"}],"wp:featuredmedia":[{"embeddable":true,"href":"https:\/\/confecomerc.es\/va\/wp-json\/wp\/v2\/media\/11863"}],"wp:attachment":[{"href":"https:\/\/confecomerc.es\/va\/wp-json\/wp\/v2\/media?parent=11839"}],"curies":[{"name":"wp","href":"https:\/\/api.w.org\/{rel}","templated":true}]}}