{"id":1408,"date":"2019-03-26T09:00:38","date_gmt":"2019-03-26T09:00:38","guid":{"rendered":"https:\/\/confecomerc.es\/objetius"},"modified":"2023-02-22T08:57:24","modified_gmt":"2023-02-22T07:57:24","slug":"objetius","status":"publish","type":"page","link":"https:\/\/confecomerc.es\/va\/objetius\/","title":{"rendered":"Objetius"},"content":{"rendered":"<p>[et_pb_section fb_built=&#8221;1&#8243; fullwidth=&#8221;on&#8221; _builder_version=&#8221;3.19.17&#8243; global_module=&#8221;559&#8243; global_colors_info=&#8221;{}&#8221;][et_pb_fullwidth_slider show_arrows=&#8221;off&#8221; show_pagination=&#8221;off&#8221; show_image_video_mobile=&#8221;on&#8221; _builder_version=&#8221;4.14.7&#8243; background_color=&#8221;#204093&#8243; background_image=&#8221;https:\/\/confecomerc.es\/wp-content\/uploads\/2019\/02\/gente.jpg&#8221; background_blend=&#8221;multiply&#8221; custom_margin_tablet=&#8221;&#8221; custom_margin_phone=&#8221;&#8221; custom_margin_last_edited=&#8221;on|phone&#8221; custom_padding=&#8221;120px||100px&#8221; custom_padding_tablet=&#8221;&#8221; custom_padding_phone=&#8221;62px|0px|58px|0px&#8221; custom_padding_last_edited=&#8221;on|desktop&#8221; hover_enabled=&#8221;0&#8243; global_colors_info=&#8221;{}&#8221; sticky_enabled=&#8221;0&#8243;][et_pb_slide heading=&#8221;Objetius&#8221; _builder_version=&#8221;3.19.17&#8243; global_colors_info=&#8221;{}&#8221; sticky_transition=&#8221;on&#8221;][\/et_pb_slide][\/et_pb_fullwidth_slider][\/et_pb_section][et_pb_section fb_built=&#8221;1&#8243; fullwidth=&#8221;on&#8221; _builder_version=&#8221;3.22&#8243; global_colors_info=&#8221;{}&#8221;][et_pb_fullwidth_menu menu_id=&#8221;96&#8243; fullwidth_menu=&#8221;off&#8221; active_link_color=&#8221;#F3482E&#8221; dropdown_menu_line_color=&#8221;#00a7b5&#8243; dropdown_menu_text_color=&#8221;#000000&#8243; mobile_menu_bg_color=&#8221;rgba(0,0,0,0)&#8221; mobile_menu_text_color=&#8221;#000000&#8243; _builder_version=&#8221;3.19.17&#8243; menu_font=&#8221;||||||||&#8221; menu_text_color=&#8221;#63666a&#8221; menu_font_size=&#8221;13px&#8221; menu_letter_spacing=&#8221;1px&#8221; text_orientation=&#8221;center&#8221; custom_margin=&#8221;6px||7px&#8221; custom_padding=&#8221;0px||0px|0px&#8221; custom_padding_tablet=&#8221;&#8221; custom_padding_phone=&#8221;&#8221; custom_padding_last_edited=&#8221;on|phone&#8221; animation_style=&#8221;flip&#8221; animation_delay=&#8221;2600ms&#8221; border_width_all=&#8221;1px&#8221; border_color_all=&#8221;#63666a&#8221; global_colors_info=&#8221;{}&#8221; background_color=&#8221;rgba(255,255,255,0.06)&#8221;][\/et_pb_fullwidth_menu][\/et_pb_section][et_pb_section fb_built=&#8221;1&#8243; _builder_version=&#8221;3.22&#8243; background_color=&#8221;#ffffff&#8221; parallax=&#8221;on&#8221; custom_padding=&#8221;24px|0px|68.1094px|0px|false|false&#8221; global_colors_info=&#8221;{}&#8221;][et_pb_row _builder_version=&#8221;3.25&#8243; animation_style=&#8221;slide&#8221; global_colors_info=&#8221;{}&#8221;][et_pb_column type=&#8221;4_4&#8243; _builder_version=&#8221;3.25&#8243; custom_padding=&#8221;|||&#8221; global_colors_info=&#8221;{}&#8221; custom_padding__hover=&#8221;|||&#8221;][et_pb_blurb title=&#8221;Fomentar y defendre&#8221; url=&#8221;#&#8221; use_icon=&#8221;on&#8221; font_icon=&#8221;&#xe0d9;||divi||400&#8243; icon_color=&#8221;#63666a&#8221; icon_placement=&#8221;left&#8221; content_max_width=&#8221;1100px&#8221; admin_label=&#8221;Chapter&#8221; _builder_version=&#8221;4.14.7&#8243; header_font=&#8221;|700|||||||&#8221; header_text_color=&#8221;#F3482E&#8221; header_line_height=&#8221;1.5em&#8221; body_font=&#8221;||||||||&#8221; body_text_color=&#8221;63666a0&#8243; body_font_size=&#8221;16px&#8221; body_line_height=&#8221;1.9em&#8221; background_color=&#8221;#ffffff&#8221; custom_margin=&#8221;|||&#8221; custom_padding=&#8221;30px|40px|30px|40px&#8221; animation_style=&#8221;zoom&#8221; animation_direction=&#8221;bottom&#8221; animation_intensity_zoom=&#8221;20%&#8221; animation_starting_opacity=&#8221;100%&#8221; hover_enabled=&#8221;0&#8243; border_width_all=&#8221;1px&#8221; border_color_all=&#8221;#63666a&#8221; locked=&#8221;off&#8221; global_colors_info=&#8221;{}&#8221; sticky_enabled=&#8221;0&#8243;]<\/p>\n<p>Fomentar y defendre el teixit empresarial comercial de la Comunitat, promovent la competitivitat de les empreses i l\u00b4emprenedoria, aix\u00ed com l\u00b4associacionisme de les xicotetes i mitjanes empreses del sector.<\/p>\n<p>[\/et_pb_blurb][et_pb_blurb title=&#8221;Representar&#8221; url=&#8221;#&#8221; use_icon=&#8221;on&#8221; font_icon=&#8221;&#x77;||divi||400&#8243; icon_color=&#8221;#63666a&#8221; icon_placement=&#8221;left&#8221; content_max_width=&#8221;1100px&#8221; admin_label=&#8221;Chapter&#8221; _builder_version=&#8221;4.13.0&#8243; header_font=&#8221;|700|||||||&#8221; header_text_color=&#8221;#F3482E&#8221; header_line_height=&#8221;1.5em&#8221; body_font=&#8221;||||||||&#8221; body_text_color=&#8221;63666a0&#8243; body_font_size=&#8221;16px&#8221; body_line_height=&#8221;1.9em&#8221; background_color=&#8221;#ffffff&#8221; custom_margin=&#8221;|||&#8221; custom_padding=&#8221;30px|40px|30px|40px&#8221; animation_style=&#8221;zoom&#8221; animation_direction=&#8221;bottom&#8221; animation_intensity_zoom=&#8221;20%&#8221; animation_starting_opacity=&#8221;100%&#8221; border_width_all=&#8221;1px&#8221; border_color_all=&#8221;#63666a&#8221; locked=&#8221;off&#8221; global_colors_info=&#8221;{}&#8221;]<\/p>\n<p>Representar y defendre els interessos generals i comuns dels seus associats a la societat, incloent expresament els propiament laborals, amb mitjans t\u00e8cnics t\u00edpics d\u00b4acci\u00f3, entre altres, la negociaci\u00f3 col.lectiva laboral, el plantejament, en el seu cas, de conflictes col. lectius de treball, el di\u00e0leg social i la participaci\u00f3n institucional als organismes de les administracions p\u00fabliques.<\/p>\n<p>[\/et_pb_blurb][et_pb_blurb title=&#8221;Formaci\u00f3&#8221; url=&#8221;#&#8221; use_icon=&#8221;on&#8221; font_icon=&#8221;&#x6a;||divi||400&#8243; icon_color=&#8221;#63666a&#8221; icon_placement=&#8221;left&#8221; content_max_width=&#8221;1100px&#8221; admin_label=&#8221;Chapter&#8221; _builder_version=&#8221;4.13.0&#8243; header_font=&#8221;|700|||||||&#8221; header_text_color=&#8221;#F3482E&#8221; header_line_height=&#8221;1.5em&#8221; body_font=&#8221;||||||||&#8221; body_text_color=&#8221;63666a0&#8243; body_font_size=&#8221;16px&#8221; body_line_height=&#8221;1.9em&#8221; background_color=&#8221;#ffffff&#8221; custom_margin=&#8221;|||&#8221; custom_padding=&#8221;30px|40px|30px|40px&#8221; animation_style=&#8221;zoom&#8221; animation_direction=&#8221;bottom&#8221; animation_intensity_zoom=&#8221;20%&#8221; animation_starting_opacity=&#8221;100%&#8221; border_width_all=&#8221;1px&#8221; border_color_all=&#8221;#63666a&#8221; locked=&#8221;off&#8221; global_colors_info=&#8221;{}&#8221;]<\/p>\n<p>Fomentar una formaci\u00f3 de qualitat, amb l\u00b4objectiu de pujar el nivell general de qualificaci\u00f3 i atendre les necessitats i demandes del sistema productiu.<\/p>\n<p>[\/et_pb_blurb][et_pb_blurb title=&#8221;Competitivitat&#8221; url=&#8221;#&#8221; use_icon=&#8221;on&#8221; font_icon=&#8221;&#x50;||divi||400&#8243; icon_color=&#8221;#63666a&#8221; icon_placement=&#8221;left&#8221; content_max_width=&#8221;1100px&#8221; admin_label=&#8221;Chapter&#8221; _builder_version=&#8221;4.13.0&#8243; header_font=&#8221;|700|||||||&#8221; header_text_color=&#8221;#F3482E&#8221; header_line_height=&#8221;1.5em&#8221; body_font=&#8221;||||||||&#8221; body_text_color=&#8221;63666a0&#8243; body_font_size=&#8221;16px&#8221; body_line_height=&#8221;1.9em&#8221; background_color=&#8221;#ffffff&#8221; custom_margin=&#8221;|||&#8221; custom_padding=&#8221;30px|40px|30px|40px&#8221; animation_style=&#8221;zoom&#8221; animation_direction=&#8221;bottom&#8221; animation_intensity_zoom=&#8221;20%&#8221; animation_starting_opacity=&#8221;100%&#8221; border_width_all=&#8221;1px&#8221; border_color_all=&#8221;#63666a&#8221; locked=&#8221;off&#8221; global_colors_info=&#8221;{}&#8221;]<\/p>\n<p>Potenciar la millora de la competitivitat de les empreses integrants, detectant necessitats, oferint instruments, prestaci\u00f3 de serveis i promovent estrategies i serveis conjunts aprofitant les sinergies sorgides de la cooperaci\u00f3.<\/p>\n<p>[\/et_pb_blurb][et_pb_blurb title=&#8221;Qualitat, innovaci\u00f3 i gesti\u00f3 del coneixement&#8221; url=&#8221;#&#8221; use_icon=&#8221;on&#8221; font_icon=&#8221;&#xe0ec;||divi||400&#8243; icon_color=&#8221;#63666a&#8221; icon_placement=&#8221;left&#8221; content_max_width=&#8221;1100px&#8221; admin_label=&#8221;Chapter&#8221; _builder_version=&#8221;4.13.0&#8243; header_font=&#8221;|700|||||||&#8221; header_text_color=&#8221;#F3482E&#8221; header_line_height=&#8221;1.5em&#8221; body_font=&#8221;||||||||&#8221; body_text_color=&#8221;63666a0&#8243; body_font_size=&#8221;16px&#8221; body_line_height=&#8221;1.9em&#8221; background_color=&#8221;#ffffff&#8221; custom_margin=&#8221;|||&#8221; custom_padding=&#8221;30px|40px|30px|40px&#8221; animation_style=&#8221;zoom&#8221; animation_direction=&#8221;bottom&#8221; animation_intensity_zoom=&#8221;20%&#8221; animation_starting_opacity=&#8221;100%&#8221; border_width_all=&#8221;1px&#8221; border_color_all=&#8221;#63666a&#8221; locked=&#8221;off&#8221; global_colors_info=&#8221;{}&#8221;]<\/p>\n<p>Incorporaci\u00f3 de pymes comercials a la cultura de la qualitat, innovaci\u00f3 i gesti\u00f3 del coneixement.<\/p>\n<p>[\/et_pb_blurb][et_pb_blurb title=&#8221;Responsabilitat social&#8221; url=&#8221;#&#8221; use_icon=&#8221;on&#8221; font_icon=&#8221;&#xe0e3;||divi||400&#8243; icon_color=&#8221;#63666a&#8221; icon_placement=&#8221;left&#8221; content_max_width=&#8221;1100px&#8221; admin_label=&#8221;Chapter&#8221; _builder_version=&#8221;4.13.0&#8243; header_font=&#8221;|700|||||||&#8221; header_text_color=&#8221;#F3482E&#8221; header_line_height=&#8221;1.5em&#8221; body_font=&#8221;||||||||&#8221; body_text_color=&#8221;63666a0&#8243; body_font_size=&#8221;16px&#8221; body_line_height=&#8221;1.9em&#8221; background_color=&#8221;#ffffff&#8221; custom_margin=&#8221;|||&#8221; custom_padding=&#8221;30px|40px|30px|40px&#8221; animation_style=&#8221;zoom&#8221; animation_direction=&#8221;bottom&#8221; animation_intensity_zoom=&#8221;20%&#8221; animation_starting_opacity=&#8221;100%&#8221; border_width_all=&#8221;1px&#8221; border_color_all=&#8221;#63666a&#8221; locked=&#8221;off&#8221; global_colors_info=&#8221;{}&#8221;]<\/p>\n<p>Portar a terme la responsabilitat social, mitjan\u00e7ant un conjunt de compromisos d\u00b4ordre diferent, econ\u00f2mic social i ambiental, adoptats per la associaci\u00f3 constituint un valor afegit al compliment de la legislaci\u00f3 aplicable, contribuint aix\u00ed mateix al progr\u00e9s social i econ\u00f2mic en un marc de desenvolupament sostenible.<\/p>\n<p>[\/et_pb_blurb][et_pb_blurb title=&#8221;Aut\u00f2noms&#8221; url=&#8221;#&#8221; use_icon=&#8221;on&#8221; font_icon=&#8221;&#xe007;||divi||400&#8243; icon_color=&#8221;#63666a&#8221; icon_placement=&#8221;left&#8221; content_max_width=&#8221;1100px&#8221; admin_label=&#8221;Chapter&#8221; _builder_version=&#8221;4.13.0&#8243; header_font=&#8221;|700|||||||&#8221; header_text_color=&#8221;#F3482E&#8221; header_line_height=&#8221;1.5em&#8221; body_font=&#8221;||||||||&#8221; body_text_color=&#8221;63666a0&#8243; body_font_size=&#8221;16px&#8221; body_line_height=&#8221;1.9em&#8221; background_color=&#8221;#ffffff&#8221; custom_margin=&#8221;|||&#8221; custom_padding=&#8221;30px|40px|30px|40px&#8221; animation_style=&#8221;zoom&#8221; animation_direction=&#8221;bottom&#8221; animation_intensity_zoom=&#8221;20%&#8221; animation_starting_opacity=&#8221;100%&#8221; border_width_all=&#8221;1px&#8221; locked=&#8221;off&#8221; global_colors_info=&#8221;{}&#8221;]<\/p>\n<p>Foment del treball aut\u00f2nom, tant dels actuals aut\u00f2noms com dels que emprenen.<\/p>\n<p>[\/et_pb_blurb][et_pb_blurb title=&#8221;Contactes i col.laboracions&#8221; url=&#8221;#&#8221; use_icon=&#8221;on&#8221; font_icon=&#8221;&#x31;||divi||400&#8243; icon_color=&#8221;#63666a&#8221; icon_placement=&#8221;left&#8221; content_max_width=&#8221;1100px&#8221; admin_label=&#8221;Chapter&#8221; _builder_version=&#8221;4.13.0&#8243; header_font=&#8221;|700|||||||&#8221; header_text_color=&#8221;#F3482E&#8221; header_line_height=&#8221;1.5em&#8221; body_font=&#8221;||||||||&#8221; body_text_color=&#8221;63666a0&#8243; body_font_size=&#8221;16px&#8221; body_line_height=&#8221;1.9em&#8221; background_color=&#8221;#ffffff&#8221; custom_margin=&#8221;|||&#8221; custom_padding=&#8221;30px|40px|30px|40px&#8221; animation_style=&#8221;zoom&#8221; animation_direction=&#8221;bottom&#8221; animation_intensity_zoom=&#8221;20%&#8221; animation_starting_opacity=&#8221;100%&#8221; border_width_all=&#8221;1px&#8221; border_color_all=&#8221;#63666a&#8221; locked=&#8221;off&#8221; global_colors_info=&#8221;{}&#8221;]<\/p>\n<p>Establir i fomentar contactes i col.laboracions amb entitats nacionals i internacionals d\u00b4 an\u00e0loga naturalesa, finalitat i objectius comuns, facilitant a les empreses i entitats integrades en Confecomer\u00e7 CV similars relacions.<\/p>\n<p>[\/et_pb_blurb][et_pb_blurb title=&#8221;Exig\u00e8ncies i defensa&#8221; url=&#8221;#&#8221; use_icon=&#8221;on&#8221; font_icon=&#8221;&#xe0ff;||divi||400&#8243; icon_color=&#8221;#63666a&#8221; icon_placement=&#8221;left&#8221; content_max_width=&#8221;1100px&#8221; admin_label=&#8221;Chapter&#8221; _builder_version=&#8221;4.13.0&#8243; header_font=&#8221;|700|||||||&#8221; header_text_color=&#8221;#F3482E&#8221; header_line_height=&#8221;1.5em&#8221; body_font=&#8221;||||||||&#8221; body_text_color=&#8221;63666a0&#8243; body_font_size=&#8221;16px&#8221; body_line_height=&#8221;1.9em&#8221; background_color=&#8221;#ffffff&#8221; custom_margin=&#8221;|||&#8221; custom_padding=&#8221;30px|40px|30px|40px&#8221; animation_style=&#8221;zoom&#8221; animation_direction=&#8221;bottom&#8221; animation_intensity_zoom=&#8221;20%&#8221; animation_starting_opacity=&#8221;100%&#8221; border_width_all=&#8221;1px&#8221; border_color_all=&#8221;#63666a&#8221; locked=&#8221;off&#8221; global_colors_info=&#8221;{}&#8221;]<\/p>\n<p>Actuar com a mecanisme canalitzador de les inquietuds, exig\u00e8ncies i defensa dels interessos dels seus membres, a l\u00b4\u00e0mbit de la Comunitat Valenciana, actuant aix\u00ed mateix com organisme integrador dels mateixos, procurant l\u00b4unificaci\u00f3 d\u00b4aquests interessos a l\u00b4\u00e0mbit auton\u00f2mic, respectant la independ\u00e8ncia dels propis membres.<\/p>\n<p>[\/et_pb_blurb][et_pb_blurb title=&#8221;Organismes p\u00fablics o privats&#8221; url=&#8221;#&#8221; use_icon=&#8221;on&#8221; font_icon=&#8221;&#xe0fe;||divi||400&#8243; icon_color=&#8221;#63666a&#8221; icon_placement=&#8221;left&#8221; content_max_width=&#8221;1100px&#8221; admin_label=&#8221;Chapter&#8221; _builder_version=&#8221;4.13.0&#8243; header_font=&#8221;|700|||||||&#8221; header_text_color=&#8221;#F3482E&#8221; header_line_height=&#8221;1.5em&#8221; body_font=&#8221;||||||||&#8221; body_text_color=&#8221;63666a0&#8243; body_font_size=&#8221;16px&#8221; body_line_height=&#8221;1.9em&#8221; background_color=&#8221;#ffffff&#8221; custom_margin=&#8221;|||&#8221; custom_padding=&#8221;30px|40px|30px|40px&#8221; animation_style=&#8221;zoom&#8221; animation_direction=&#8221;bottom&#8221; animation_intensity_zoom=&#8221;20%&#8221; animation_starting_opacity=&#8221;100%&#8221; border_width_all=&#8221;1px&#8221; locked=&#8221;off&#8221; global_colors_info=&#8221;{}&#8221;]<\/p>\n<p>Formar part d\u00b4aquells organismes p\u00fablics o privats que tinguen per missi\u00f3 elaborar estudis o propostes en relaci\u00f3 amb tem\u00e0tiques socioecon\u00f2miques que afecten a la problem\u00e0tica del m\u00f3n empresarial del comer\u00e7 i els aut\u00f2noms.<\/p>\n<p>[\/et_pb_blurb][\/et_pb_column][\/et_pb_row][\/et_pb_section]<\/p>\n","protected":false},"excerpt":{"rendered":"<p>Fomentar y defendre el teixit empresarial comercial de la Comunitat, promovent la competitivitat de les empreses i l\u00b4emprenedoria, aix\u00ed com l\u00b4associacionisme de les xicotetes i mitjanes empreses del sector.Representar y defendre els interessos generals i comuns dels seus associats a la societat, incloent expresament els propiament laborals, amb mitjans t\u00e8cnics t\u00edpics d\u00b4acci\u00f3, entre altres, la negociaci\u00f3 col.lectiva laboral, el plantejament, en el seu cas, de conflictes col. lectius de treball, el di\u00e0leg social i la participaci\u00f3n institucional als organismes de les administracions p\u00fabliques.Fomentar una formaci\u00f3 de qualitat, amb l\u00b4objectiu de pujar el nivell general de qualificaci\u00f3 i atendre les necessitats i demandes del sistema productiu.Potenciar la millora de la competitivitat de les empreses integrants, detectant necessitats, oferint instruments, prestaci\u00f3 de serveis i promovent estrategies i serveis conjunts aprofitant les sinergies sorgides de la cooperaci\u00f3.Incorporaci\u00f3 de pymes comercials a la cultura de la qualitat, innovaci\u00f3 i gesti\u00f3 del coneixement.Portar a terme la responsabilitat social, mitjan\u00e7ant un conjunt de compromisos d\u00b4ordre diferent, econ\u00f2mic social i ambiental, adoptats per la associaci\u00f3 constituint un valor afegit al compliment de la legislaci\u00f3 aplicable, contribuint aix\u00ed mateix al progr\u00e9s social i econ\u00f2mic en un marc de desenvolupament sostenible.Foment del treball aut\u00f2nom, tant dels actuals aut\u00f2noms com [&hellip;]<\/p>\n","protected":false},"author":1,"featured_media":0,"parent":0,"menu_order":0,"comment_status":"closed","ping_status":"closed","template":"","meta":{"_et_pb_use_builder":"on","_et_pb_old_content":"","_et_gb_content_width":"","footnotes":""},"class_list":["post-1408","page","type-page","status-publish","hentry"],"yoast_head":"<!-- This site is optimized with the Yoast SEO plugin v27.3 - https:\/\/yoast.com\/product\/yoast-seo-wordpress\/ -->\n<title>Objetius - Confecomer\u00e7<\/title>\n<meta name=\"robots\" content=\"index, follow, max-snippet:-1, max-image-preview:large, max-video-preview:-1\" \/>\n<link rel=\"canonical\" href=\"https:\/\/confecomerc.es\/va\/objetius\/\" \/>\n<meta property=\"og:locale\" content=\"en_US\" \/>\n<meta property=\"og:type\" content=\"article\" \/>\n<meta property=\"og:title\" content=\"Objetius - Confecomer\u00e7\" \/>\n<meta property=\"og:description\" content=\"Fomentar y defendre el teixit empresarial comercial de la Comunitat, promovent la competitivitat de les empreses i l\u00b4emprenedoria, aix\u00ed com l\u00b4associacionisme de les xicotetes i mitjanes empreses del sector.Representar y defendre els interessos generals i comuns dels seus associats a la societat, incloent expresament els propiament laborals, amb mitjans t\u00e8cnics t\u00edpics d\u00b4acci\u00f3, entre altres, la negociaci\u00f3 col.lectiva laboral, el plantejament, en el seu cas, de conflictes col. lectius de treball, el di\u00e0leg social i la participaci\u00f3n institucional als organismes de les administracions p\u00fabliques.Fomentar una formaci\u00f3 de qualitat, amb l\u00b4objectiu de pujar el nivell general de qualificaci\u00f3 i atendre les necessitats i demandes del sistema productiu.Potenciar la millora de la competitivitat de les empreses integrants, detectant necessitats, oferint instruments, prestaci\u00f3 de serveis i promovent estrategies i serveis conjunts aprofitant les sinergies sorgides de la cooperaci\u00f3.Incorporaci\u00f3 de pymes comercials a la cultura de la qualitat, innovaci\u00f3 i gesti\u00f3 del coneixement.Portar a terme la responsabilitat social, mitjan\u00e7ant un conjunt de compromisos d\u00b4ordre diferent, econ\u00f2mic social i ambiental, adoptats per la associaci\u00f3 constituint un valor afegit al compliment de la legislaci\u00f3 aplicable, contribuint aix\u00ed mateix al progr\u00e9s social i econ\u00f2mic en un marc de desenvolupament sostenible.Foment del treball aut\u00f2nom, tant dels actuals aut\u00f2noms com [&hellip;]\" \/>\n<meta property=\"og:url\" content=\"https:\/\/confecomerc.es\/va\/objetius\/\" \/>\n<meta property=\"og:site_name\" content=\"Confecomer\u00e7\" \/>\n<meta property=\"article:modified_time\" content=\"2023-02-22T07:57:24+00:00\" \/>\n<meta name=\"twitter:card\" content=\"summary_large_image\" \/>\n<meta name=\"twitter:label1\" content=\"Est. reading time\" \/>\n\t<meta name=\"twitter:data1\" content=\"8 minutes\" \/>\n<script type=\"application\/ld+json\" class=\"yoast-schema-graph\">{\"@context\":\"https:\\\/\\\/schema.org\",\"@graph\":[{\"@type\":\"WebPage\",\"@id\":\"https:\\\/\\\/confecomerc.es\\\/va\\\/objetius\\\/\",\"url\":\"https:\\\/\\\/confecomerc.es\\\/va\\\/objetius\\\/\",\"name\":\"Objetius - Confecomer\u00e7\",\"isPartOf\":{\"@id\":\"https:\\\/\\\/confecomerc.es\\\/#website\"},\"datePublished\":\"2019-03-26T09:00:38+00:00\",\"dateModified\":\"2023-02-22T07:57:24+00:00\",\"breadcrumb\":{\"@id\":\"https:\\\/\\\/confecomerc.es\\\/va\\\/objetius\\\/#breadcrumb\"},\"inLanguage\":\"va-VA\",\"potentialAction\":[{\"@type\":\"ReadAction\",\"target\":[\"https:\\\/\\\/confecomerc.es\\\/va\\\/objetius\\\/\"]}]},{\"@type\":\"BreadcrumbList\",\"@id\":\"https:\\\/\\\/confecomerc.es\\\/va\\\/objetius\\\/#breadcrumb\",\"itemListElement\":[{\"@type\":\"ListItem\",\"position\":1,\"name\":\"Home\",\"item\":\"https:\\\/\\\/confecomerc.es\\\/va\\\/confecomerc-cv\\\/\"},{\"@type\":\"ListItem\",\"position\":2,\"name\":\"Objetius\"}]},{\"@type\":\"WebSite\",\"@id\":\"https:\\\/\\\/confecomerc.es\\\/#website\",\"url\":\"https:\\\/\\\/confecomerc.es\\\/\",\"name\":\"Confecomer\u00e7\",\"description\":\"Confederaci\u00f3 de Comer\u00e7 d\u2019alacant, Castell\u00f3 i Val\u00e8ncia\",\"potentialAction\":[{\"@type\":\"SearchAction\",\"target\":{\"@type\":\"EntryPoint\",\"urlTemplate\":\"https:\\\/\\\/confecomerc.es\\\/?s={search_term_string}\"},\"query-input\":{\"@type\":\"PropertyValueSpecification\",\"valueRequired\":true,\"valueName\":\"search_term_string\"}}],\"inLanguage\":\"va-VA\"}]}<\/script>\n<!-- \/ Yoast SEO plugin. -->","yoast_head_json":{"title":"Objetius - Confecomer\u00e7","robots":{"index":"index","follow":"follow","max-snippet":"max-snippet:-1","max-image-preview":"max-image-preview:large","max-video-preview":"max-video-preview:-1"},"canonical":"https:\/\/confecomerc.es\/va\/objetius\/","og_locale":"en_US","og_type":"article","og_title":"Objetius - Confecomer\u00e7","og_description":"Fomentar y defendre el teixit empresarial comercial de la Comunitat, promovent la competitivitat de les empreses i l\u00b4emprenedoria, aix\u00ed com l\u00b4associacionisme de les xicotetes i mitjanes empreses del sector.Representar y defendre els interessos generals i comuns dels seus associats a la societat, incloent expresament els propiament laborals, amb mitjans t\u00e8cnics t\u00edpics d\u00b4acci\u00f3, entre altres, la negociaci\u00f3 col.lectiva laboral, el plantejament, en el seu cas, de conflictes col. lectius de treball, el di\u00e0leg social i la participaci\u00f3n institucional als organismes de les administracions p\u00fabliques.Fomentar una formaci\u00f3 de qualitat, amb l\u00b4objectiu de pujar el nivell general de qualificaci\u00f3 i atendre les necessitats i demandes del sistema productiu.Potenciar la millora de la competitivitat de les empreses integrants, detectant necessitats, oferint instruments, prestaci\u00f3 de serveis i promovent estrategies i serveis conjunts aprofitant les sinergies sorgides de la cooperaci\u00f3.Incorporaci\u00f3 de pymes comercials a la cultura de la qualitat, innovaci\u00f3 i gesti\u00f3 del coneixement.Portar a terme la responsabilitat social, mitjan\u00e7ant un conjunt de compromisos d\u00b4ordre diferent, econ\u00f2mic social i ambiental, adoptats per la associaci\u00f3 constituint un valor afegit al compliment de la legislaci\u00f3 aplicable, contribuint aix\u00ed mateix al progr\u00e9s social i econ\u00f2mic en un marc de desenvolupament sostenible.Foment del treball aut\u00f2nom, tant dels actuals aut\u00f2noms com [&hellip;]","og_url":"https:\/\/confecomerc.es\/va\/objetius\/","og_site_name":"Confecomer\u00e7","article_modified_time":"2023-02-22T07:57:24+00:00","twitter_card":"summary_large_image","twitter_misc":{"Est. reading time":"8 minutes"},"schema":{"@context":"https:\/\/schema.org","@graph":[{"@type":"WebPage","@id":"https:\/\/confecomerc.es\/va\/objetius\/","url":"https:\/\/confecomerc.es\/va\/objetius\/","name":"Objetius - Confecomer\u00e7","isPartOf":{"@id":"https:\/\/confecomerc.es\/#website"},"datePublished":"2019-03-26T09:00:38+00:00","dateModified":"2023-02-22T07:57:24+00:00","breadcrumb":{"@id":"https:\/\/confecomerc.es\/va\/objetius\/#breadcrumb"},"inLanguage":"va-VA","potentialAction":[{"@type":"ReadAction","target":["https:\/\/confecomerc.es\/va\/objetius\/"]}]},{"@type":"BreadcrumbList","@id":"https:\/\/confecomerc.es\/va\/objetius\/#breadcrumb","itemListElement":[{"@type":"ListItem","position":1,"name":"Home","item":"https:\/\/confecomerc.es\/va\/confecomerc-cv\/"},{"@type":"ListItem","position":2,"name":"Objetius"}]},{"@type":"WebSite","@id":"https:\/\/confecomerc.es\/#website","url":"https:\/\/confecomerc.es\/","name":"Confecomer\u00e7","description":"Confederaci\u00f3 de Comer\u00e7 d\u2019alacant, Castell\u00f3 i Val\u00e8ncia","potentialAction":[{"@type":"SearchAction","target":{"@type":"EntryPoint","urlTemplate":"https:\/\/confecomerc.es\/?s={search_term_string}"},"query-input":{"@type":"PropertyValueSpecification","valueRequired":true,"valueName":"search_term_string"}}],"inLanguage":"va-VA"}]}},"_links":{"self":[{"href":"https:\/\/confecomerc.es\/va\/wp-json\/wp\/v2\/pages\/1408","targetHints":{"allow":["GET"]}}],"collection":[{"href":"https:\/\/confecomerc.es\/va\/wp-json\/wp\/v2\/pages"}],"about":[{"href":"https:\/\/confecomerc.es\/va\/wp-json\/wp\/v2\/types\/page"}],"author":[{"embeddable":true,"href":"https:\/\/confecomerc.es\/va\/wp-json\/wp\/v2\/users\/1"}],"replies":[{"embeddable":true,"href":"https:\/\/confecomerc.es\/va\/wp-json\/wp\/v2\/comments?post=1408"}],"version-history":[{"count":0,"href":"https:\/\/confecomerc.es\/va\/wp-json\/wp\/v2\/pages\/1408\/revisions"}],"wp:attachment":[{"href":"https:\/\/confecomerc.es\/va\/wp-json\/wp\/v2\/media?parent=1408"}],"curies":[{"name":"wp","href":"https:\/\/api.w.org\/{rel}","templated":true}]}}