{"id":1413,"date":"2019-03-26T09:08:00","date_gmt":"2019-03-26T09:08:00","guid":{"rendered":"https:\/\/confecomerc.es\/organs-de-govern"},"modified":"2025-10-16T14:40:23","modified_gmt":"2025-10-16T12:40:23","slug":"organs-de-govern","status":"publish","type":"page","link":"https:\/\/confecomerc.es\/va\/organs-de-govern\/","title":{"rendered":"\u00d2rgans de govern"},"content":{"rendered":"<p>[et_pb_section fb_built=&#8221;1&#8243; fullwidth=&#8221;on&#8221; _builder_version=&#8221;4.16&#8243; saved_tabs=&#8221;all&#8221; global_colors_info=&#8221;{}&#8221;][et_pb_fullwidth_slider show_arrows=&#8221;off&#8221; show_pagination=&#8221;off&#8221; show_image_video_mobile=&#8221;on&#8221; _builder_version=&#8221;4.16&#8243; background_color=&#8221;#204093&#8243; background_image=&#8221;https:\/\/confecomerc.es\/wp-content\/uploads\/2019\/02\/organos-de-gobierno.jpg&#8221; background_blend=&#8221;multiply&#8221; custom_margin_tablet=&#8221;&#8221; custom_margin_phone=&#8221;&#8221; custom_margin_last_edited=&#8221;on|phone&#8221; custom_padding=&#8221;120px||100px&#8221; custom_padding_tablet=&#8221;&#8221; custom_padding_phone=&#8221;62px|0px|58px|0px&#8221; custom_padding_last_edited=&#8221;on|desktop&#8221; global_colors_info=&#8221;{}&#8221;][et_pb_slide heading=&#8221;\u00d2rgans de govern&#8221; _builder_version=&#8221;4.16&#8243; global_colors_info=&#8221;{}&#8221; sticky_transition=&#8221;on&#8221;][\/et_pb_slide][\/et_pb_fullwidth_slider][\/et_pb_section][et_pb_section fb_built=&#8221;1&#8243; fullwidth=&#8221;on&#8221; disabled_on=&#8221;on|on|off&#8221; _builder_version=&#8221;4.16&#8243; custom_padding=&#8221;0px|0px|2px|0px|false|false&#8221; global_colors_info=&#8221;{}&#8221;][et_pb_fullwidth_menu menu_id=&#8221;96&#8243; fullwidth_menu=&#8221;off&#8221; active_link_color=&#8221;#F3482E&#8221; dropdown_menu_line_color=&#8221;#00a7b5&#8243; dropdown_menu_text_color=&#8221;#000000&#8243; mobile_menu_bg_color=&#8221;rgba(0,0,0,0)&#8221; mobile_menu_text_color=&#8221;#000000&#8243; _builder_version=&#8221;4.16&#8243; menu_font=&#8221;||||||||&#8221; menu_text_color=&#8221;#63666a&#8221; menu_font_size=&#8221;13px&#8221; menu_letter_spacing=&#8221;1px&#8221; background_color=&#8221;rgba(255,255,255,0.06)&#8221; text_orientation=&#8221;center&#8221; custom_margin=&#8221;6px||7px&#8221; custom_padding=&#8221;0px||0px|0px&#8221; custom_padding_tablet=&#8221;&#8221; custom_padding_phone=&#8221;&#8221; custom_padding_last_edited=&#8221;on|phone&#8221; animation_style=&#8221;flip&#8221; animation_delay=&#8221;2600ms&#8221; border_width_all=&#8221;1px&#8221; border_color_all=&#8221;#63666a&#8221; global_colors_info=&#8221;{}&#8221;][\/et_pb_fullwidth_menu][\/et_pb_section][et_pb_section fb_built=&#8221;1&#8243; _builder_version=&#8221;4.16&#8243; custom_padding=&#8221;37px|0px|75.4688px|0px|false|false&#8221; global_colors_info=&#8221;{}&#8221;][et_pb_row _builder_version=&#8221;4.16&#8243; custom_padding=&#8221;4px|0px|30px|0px|false|false&#8221; global_colors_info=&#8221;{}&#8221;][et_pb_column type=&#8221;4_4&#8243; _builder_version=&#8221;4.16&#8243; custom_padding=&#8221;|||&#8221; global_colors_info=&#8221;{}&#8221; custom_padding__hover=&#8221;|||&#8221;][et_pb_text _builder_version=&#8221;4.16&#8243; global_colors_info=&#8221;{}&#8221;]<\/p>\n<p>Son \u00f2rgans de govern de la Confederaci\u00f3:<\/p>\n<p>[\/et_pb_text][et_pb_toggle title=&#8221;ASSEMBLEA GENERAL&#8221; _builder_version=&#8221;4.19.4&#8243; global_colors_info=&#8221;{}&#8221;]<\/p>\n<p>Es l\u00b4\u00f2rgan suprem de Confecomer\u00e7 CV en el qual resideix la plena sobirania, amb compet\u00e8ncia per a resoldre i pronunciar-se sobre quansevol asumpte. Estar\u00e0 formada per tots els associats que estiguen al dia en els pagaments de les seues quotes, corresponent un vot a cada integrant.<\/p>\n<p>[\/et_pb_toggle][et_pb_toggle title=&#8221;JUNTA DIRECTIVA&#8221; _builder_version=&#8221;4.27.4&#8243; hover_enabled=&#8221;0&#8243; global_colors_info=&#8221;{}&#8221; sticky_enabled=&#8221;0&#8243;]<\/p>\n<p>Estar\u00e0 integrada per un m\u00ednim de vuit i un m\u00e0xim de quinze integrants en representaci\u00f3 de CECOVAL i altre m\u00ednim de vuit i m\u00e0xim de quinze integrants en representaci\u00f3 de COVACO, triats per l\u00b4Assemblea General de Confecomer\u00e7 CV.<\/p>\n<p>&nbsp;<\/p>\n<p><b>Presidente:<\/b> Rafael Torres Garc\u00eda<\/p>\n<p><b>Vicepresidente Primero: <\/b>Mauro G\u00f3mez Meli\u00e1<\/p>\n<p><b>Vicepresidente Segundo:<\/b> Carlos Ba\u00f1o Maruhenda<\/p>\n<p><b>Vicepresidente Tercero:<\/b> Jos\u00e9 Luis Beltr\u00e1n L\u00f3pez<\/p>\n<p><b>Tesorero: <\/b>Juan Rodolfo Adsuara Clausell<\/p>\n<p><b>Secretaria:<\/b> Ligia Rodrigo Carreras<\/p>\n<p><b>Secretaria General:<\/b> Amparo Barroso G\u00f3mez<\/p>\n<p>&nbsp;<\/p>\n<p><b>VOCALS:<\/b><\/p>\n<p>Borja \u00c1vila de Zarate<\/p>\n<p>Francisco Das\u00ed Gonz\u00e1lez<\/p>\n<p>Teresa Esteve Montoliu<\/p>\n<p>Bel\u00e9n Puig Camarasa<\/p>\n<p>Santiago Garc\u00eda Taranc\u00f3n<\/p>\n<p>Ignacio Larraz Mayordomo<\/p>\n<p>Ascensio P\u00e9rez Ruiz<\/p>\n<p>Pedro Soriano Solaz<\/p>\n<p>Raquel Va\u00f1\u00f3 Verd\u00fa<\/p>\n<p>Baltasar Vicente Mu\u00f1oz<\/p>\n<p>Isabel Cosme Rodr\u00edguez<\/p>\n<p>Carmen Palop Sancho<\/p>\n<p>Ra\u00fal Para P\u00e9rez<\/p>\n<p>Carmen Gil Catal\u00e1<\/p>\n<p>Cristina Oliete Vivas<\/p>\n<p>Ana Ferrero Ferri<\/p>\n<p>Gloria Vaquer Beltr\u00e1n<\/p>\n<p>M\u00aa Guillermina Spiekermann<\/p>\n<p>&nbsp;<\/p>\n<p>[\/et_pb_toggle][et_pb_toggle title=&#8221;COMIT\u00c9 EXECUTIU&#8221; _builder_version=&#8221;4.27.4&#8243; global_colors_info=&#8221;{}&#8221;]<\/p>\n<p>Es l\u00b4\u00f2rgan de permanent d\u00b4actuaci\u00f3 en el govern, gesti\u00f3, administraci\u00f3 i direcci\u00f3 de Confecomer\u00e7 CV. Estar\u00e0 format per la Presid\u00e8ncia, les vicepresid\u00e8ncies (primera, segona i tercera), la secretaria, la tresoreria i els vocals triats entre els integrants de la Junta directiva, a la fi de garantir pres\u00e8ncia al Comit\u00e9 Executiu de representants de les tres prov\u00edncies de la Comunitat Valenciana.<\/p>\n<p>&nbsp;<\/p>\n<p>Presidente: <b>Rafael Torres<\/b><\/p>\n<p>Vicepresidente 1\u00ba: <b>Mauro G\u00f3mez<\/b><\/p>\n<p>Vicepresidente 2\u00ba: <b>Carlos Ba\u00f1o<\/b><\/p>\n<p>Vicepresidente 3\u00ba: <b>Jos\u00e9 Luis Beltr\u00e1n<\/b><\/p>\n<p>Secretaria: <b>Ligia Rodrigo<\/b><\/p>\n<p>Secretaria general: <b>Amparo Barroso <\/b> <\/p>\n<p>&nbsp;<\/p>\n<p><b>VOCALS:<\/b><\/p>\n<p><b>Bel\u00e9n Puig<\/b><\/p>\n<p><b>Carmen Gil<\/b><\/p>\n<p><b>Lourdes de Manuel<\/b><\/p>\n<p><b>Borja \u00c1vila <\/b><\/p>\n<p><b>Francisco <\/b><b>Das\u00ed<\/b><\/p>\n<p><b>Santiago Garc\u00eda Taranc\u00f3n<\/b><\/p>\n<p><b>Ana Ferrero<\/b><\/p>\n<p><b>Isabel Cosme<\/b><\/p>\n<p>&nbsp;<\/p>\n<p>[\/et_pb_toggle][et_pb_toggle title=&#8221;PRESID\u00c8NCIA&#8221; _builder_version=&#8221;4.23.4&#8243; global_colors_info=&#8221;{}&#8221;]<\/p>\n<p>La Presid\u00e8ncia de Confecomer\u00e7 CV encap\u00e7alar\u00e0 la Junta Directiva i el Comit\u00e9 Executiu.<\/p>\n<p>[\/et_pb_toggle][\/et_pb_column][\/et_pb_row][\/et_pb_section][et_pb_section fb_built=&#8221;1&#8243; _builder_version=&#8221;4.16&#8243; custom_padding=&#8221;14px|0px|0|0px|false|false&#8221; global_colors_info=&#8221;{}&#8221;][et_pb_row _builder_version=&#8221;4.16&#8243; global_colors_info=&#8221;{}&#8221;][et_pb_column type=&#8221;4_4&#8243; _builder_version=&#8221;4.16&#8243; custom_padding=&#8221;|||&#8221; global_colors_info=&#8221;{}&#8221; custom_padding__hover=&#8221;|||&#8221;][et_pb_post_nav _builder_version=&#8221;4.16&#8243; title_font=&#8221;||||||||&#8221; animation_style=&#8221;bounce&#8221; global_colors_info=&#8221;{}&#8221;][\/et_pb_post_nav][\/et_pb_column][\/et_pb_row][\/et_pb_section]<\/p>\n","protected":false},"excerpt":{"rendered":"<p>Son \u00f2rgans de govern de la Confederaci\u00f3:Es l\u00b4\u00f2rgan suprem de Confecomer\u00e7 CV en el qual resideix la plena sobirania, amb compet\u00e8ncia per a resoldre i pronunciar-se sobre quansevol asumpte. Estar\u00e0 formada per tots els associats que estiguen al dia en els pagaments de les seues quotes, corresponent un vot a cada integrant.Estar\u00e0 integrada per un m\u00ednim de vuit i un m\u00e0xim de quinze integrants en representaci\u00f3 de CECOVAL i altre m\u00ednim de vuit i m\u00e0xim de quinze integrants en representaci\u00f3 de COVACO, triats per l\u00b4Assemblea General de Confecomer\u00e7 CV. &nbsp; Presidente: Rafael Torres Garc\u00eda Vicepresidente Primero: Mauro G\u00f3mez Meli\u00e1 Vicepresidente Segundo: Carlos Ba\u00f1o Maruhenda Vicepresidente Tercero: Jos\u00e9 Luis Beltr\u00e1n L\u00f3pez Tesorero: Juan Rodolfo Adsuara Clausell Secretaria: Ligia Rodrigo Carreras Secretaria General: Amparo Barroso G\u00f3mez &nbsp; VOCALS: Borja \u00c1vila de Zarate Francisco Das\u00ed Gonz\u00e1lez Teresa Esteve Montoliu Bel\u00e9n Puig Camarasa Santiago Garc\u00eda Taranc\u00f3n Ignacio Larraz Mayordomo Ascensio P\u00e9rez Ruiz Pedro Soriano Solaz Raquel Va\u00f1\u00f3 Verd\u00fa Baltasar Vicente Mu\u00f1oz Isabel Cosme Rodr\u00edguez Carmen Palop Sancho Ra\u00fal Para P\u00e9rez Carmen Gil Catal\u00e1 Cristina Oliete Vivas Ana Ferrero Ferri Gloria Vaquer Beltr\u00e1n M\u00aa Guillermina Spiekermann &nbsp;Es l\u00b4\u00f2rgan de permanent d\u00b4actuaci\u00f3 en el govern, gesti\u00f3, administraci\u00f3 i direcci\u00f3 de Confecomer\u00e7 CV. Estar\u00e0 format per la [&hellip;]<\/p>\n","protected":false},"author":1,"featured_media":0,"parent":0,"menu_order":0,"comment_status":"closed","ping_status":"closed","template":"","meta":{"_et_pb_use_builder":"on","_et_pb_old_content":"","_et_gb_content_width":"","footnotes":""},"class_list":["post-1413","page","type-page","status-publish","hentry"],"yoast_head":"<!-- This site is optimized with the Yoast SEO plugin v27.3 - https:\/\/yoast.com\/product\/yoast-seo-wordpress\/ -->\n<title>\u00d2rgans de govern - Confecomer\u00e7<\/title>\n<meta name=\"robots\" content=\"index, follow, max-snippet:-1, max-image-preview:large, max-video-preview:-1\" \/>\n<link rel=\"canonical\" href=\"https:\/\/confecomerc.es\/va\/organs-de-govern\/\" \/>\n<meta property=\"og:locale\" content=\"en_US\" \/>\n<meta property=\"og:type\" content=\"article\" \/>\n<meta property=\"og:title\" content=\"\u00d2rgans de govern - Confecomer\u00e7\" \/>\n<meta property=\"og:description\" content=\"Son \u00f2rgans de govern de la Confederaci\u00f3:Es l\u00b4\u00f2rgan suprem de Confecomer\u00e7 CV en el qual resideix la plena sobirania, amb compet\u00e8ncia per a resoldre i pronunciar-se sobre quansevol asumpte. Estar\u00e0 formada per tots els associats que estiguen al dia en els pagaments de les seues quotes, corresponent un vot a cada integrant.Estar\u00e0 integrada per un m\u00ednim de vuit i un m\u00e0xim de quinze integrants en representaci\u00f3 de CECOVAL i altre m\u00ednim de vuit i m\u00e0xim de quinze integrants en representaci\u00f3 de COVACO, triats per l\u00b4Assemblea General de Confecomer\u00e7 CV. &nbsp; Presidente: Rafael Torres Garc\u00eda Vicepresidente Primero: Mauro G\u00f3mez Meli\u00e1 Vicepresidente Segundo: Carlos Ba\u00f1o Maruhenda Vicepresidente Tercero: Jos\u00e9 Luis Beltr\u00e1n L\u00f3pez Tesorero: Juan Rodolfo Adsuara Clausell Secretaria: Ligia Rodrigo Carreras Secretaria General: Amparo Barroso G\u00f3mez &nbsp; VOCALS: Borja \u00c1vila de Zarate Francisco Das\u00ed Gonz\u00e1lez Teresa Esteve Montoliu Bel\u00e9n Puig Camarasa Santiago Garc\u00eda Taranc\u00f3n Ignacio Larraz Mayordomo Ascensio P\u00e9rez Ruiz Pedro Soriano Solaz Raquel Va\u00f1\u00f3 Verd\u00fa Baltasar Vicente Mu\u00f1oz Isabel Cosme Rodr\u00edguez Carmen Palop Sancho Ra\u00fal Para P\u00e9rez Carmen Gil Catal\u00e1 Cristina Oliete Vivas Ana Ferrero Ferri Gloria Vaquer Beltr\u00e1n M\u00aa Guillermina Spiekermann &nbsp;Es l\u00b4\u00f2rgan de permanent d\u00b4actuaci\u00f3 en el govern, gesti\u00f3, administraci\u00f3 i direcci\u00f3 de Confecomer\u00e7 CV. Estar\u00e0 format per la [&hellip;]\" \/>\n<meta property=\"og:url\" content=\"https:\/\/confecomerc.es\/va\/organs-de-govern\/\" \/>\n<meta property=\"og:site_name\" content=\"Confecomer\u00e7\" \/>\n<meta property=\"article:modified_time\" content=\"2025-10-16T12:40:23+00:00\" \/>\n<meta name=\"twitter:card\" content=\"summary_large_image\" \/>\n<meta name=\"twitter:label1\" content=\"Est. reading time\" \/>\n\t<meta name=\"twitter:data1\" content=\"4 minutes\" \/>\n<script type=\"application\/ld+json\" class=\"yoast-schema-graph\">{\"@context\":\"https:\\\/\\\/schema.org\",\"@graph\":[{\"@type\":\"WebPage\",\"@id\":\"https:\\\/\\\/confecomerc.es\\\/va\\\/organs-de-govern\\\/\",\"url\":\"https:\\\/\\\/confecomerc.es\\\/va\\\/organs-de-govern\\\/\",\"name\":\"\u00d2rgans de govern - Confecomer\u00e7\",\"isPartOf\":{\"@id\":\"https:\\\/\\\/confecomerc.es\\\/#website\"},\"datePublished\":\"2019-03-26T09:08:00+00:00\",\"dateModified\":\"2025-10-16T12:40:23+00:00\",\"breadcrumb\":{\"@id\":\"https:\\\/\\\/confecomerc.es\\\/va\\\/organs-de-govern\\\/#breadcrumb\"},\"inLanguage\":\"va-VA\",\"potentialAction\":[{\"@type\":\"ReadAction\",\"target\":[\"https:\\\/\\\/confecomerc.es\\\/va\\\/organs-de-govern\\\/\"]}]},{\"@type\":\"BreadcrumbList\",\"@id\":\"https:\\\/\\\/confecomerc.es\\\/va\\\/organs-de-govern\\\/#breadcrumb\",\"itemListElement\":[{\"@type\":\"ListItem\",\"position\":1,\"name\":\"Home\",\"item\":\"https:\\\/\\\/confecomerc.es\\\/va\\\/confecomerc-cv\\\/\"},{\"@type\":\"ListItem\",\"position\":2,\"name\":\"\u00d2rgans de govern\"}]},{\"@type\":\"WebSite\",\"@id\":\"https:\\\/\\\/confecomerc.es\\\/#website\",\"url\":\"https:\\\/\\\/confecomerc.es\\\/\",\"name\":\"Confecomer\u00e7\",\"description\":\"Confederaci\u00f3 de Comer\u00e7 d\u2019alacant, Castell\u00f3 i Val\u00e8ncia\",\"potentialAction\":[{\"@type\":\"SearchAction\",\"target\":{\"@type\":\"EntryPoint\",\"urlTemplate\":\"https:\\\/\\\/confecomerc.es\\\/?s={search_term_string}\"},\"query-input\":{\"@type\":\"PropertyValueSpecification\",\"valueRequired\":true,\"valueName\":\"search_term_string\"}}],\"inLanguage\":\"va-VA\"}]}<\/script>\n<!-- \/ Yoast SEO plugin. -->","yoast_head_json":{"title":"\u00d2rgans de govern - Confecomer\u00e7","robots":{"index":"index","follow":"follow","max-snippet":"max-snippet:-1","max-image-preview":"max-image-preview:large","max-video-preview":"max-video-preview:-1"},"canonical":"https:\/\/confecomerc.es\/va\/organs-de-govern\/","og_locale":"en_US","og_type":"article","og_title":"\u00d2rgans de govern - Confecomer\u00e7","og_description":"Son \u00f2rgans de govern de la Confederaci\u00f3:Es l\u00b4\u00f2rgan suprem de Confecomer\u00e7 CV en el qual resideix la plena sobirania, amb compet\u00e8ncia per a resoldre i pronunciar-se sobre quansevol asumpte. Estar\u00e0 formada per tots els associats que estiguen al dia en els pagaments de les seues quotes, corresponent un vot a cada integrant.Estar\u00e0 integrada per un m\u00ednim de vuit i un m\u00e0xim de quinze integrants en representaci\u00f3 de CECOVAL i altre m\u00ednim de vuit i m\u00e0xim de quinze integrants en representaci\u00f3 de COVACO, triats per l\u00b4Assemblea General de Confecomer\u00e7 CV. &nbsp; Presidente: Rafael Torres Garc\u00eda Vicepresidente Primero: Mauro G\u00f3mez Meli\u00e1 Vicepresidente Segundo: Carlos Ba\u00f1o Maruhenda Vicepresidente Tercero: Jos\u00e9 Luis Beltr\u00e1n L\u00f3pez Tesorero: Juan Rodolfo Adsuara Clausell Secretaria: Ligia Rodrigo Carreras Secretaria General: Amparo Barroso G\u00f3mez &nbsp; VOCALS: Borja \u00c1vila de Zarate Francisco Das\u00ed Gonz\u00e1lez Teresa Esteve Montoliu Bel\u00e9n Puig Camarasa Santiago Garc\u00eda Taranc\u00f3n Ignacio Larraz Mayordomo Ascensio P\u00e9rez Ruiz Pedro Soriano Solaz Raquel Va\u00f1\u00f3 Verd\u00fa Baltasar Vicente Mu\u00f1oz Isabel Cosme Rodr\u00edguez Carmen Palop Sancho Ra\u00fal Para P\u00e9rez Carmen Gil Catal\u00e1 Cristina Oliete Vivas Ana Ferrero Ferri Gloria Vaquer Beltr\u00e1n M\u00aa Guillermina Spiekermann &nbsp;Es l\u00b4\u00f2rgan de permanent d\u00b4actuaci\u00f3 en el govern, gesti\u00f3, administraci\u00f3 i direcci\u00f3 de Confecomer\u00e7 CV. Estar\u00e0 format per la [&hellip;]","og_url":"https:\/\/confecomerc.es\/va\/organs-de-govern\/","og_site_name":"Confecomer\u00e7","article_modified_time":"2025-10-16T12:40:23+00:00","twitter_card":"summary_large_image","twitter_misc":{"Est. reading time":"4 minutes"},"schema":{"@context":"https:\/\/schema.org","@graph":[{"@type":"WebPage","@id":"https:\/\/confecomerc.es\/va\/organs-de-govern\/","url":"https:\/\/confecomerc.es\/va\/organs-de-govern\/","name":"\u00d2rgans de govern - Confecomer\u00e7","isPartOf":{"@id":"https:\/\/confecomerc.es\/#website"},"datePublished":"2019-03-26T09:08:00+00:00","dateModified":"2025-10-16T12:40:23+00:00","breadcrumb":{"@id":"https:\/\/confecomerc.es\/va\/organs-de-govern\/#breadcrumb"},"inLanguage":"va-VA","potentialAction":[{"@type":"ReadAction","target":["https:\/\/confecomerc.es\/va\/organs-de-govern\/"]}]},{"@type":"BreadcrumbList","@id":"https:\/\/confecomerc.es\/va\/organs-de-govern\/#breadcrumb","itemListElement":[{"@type":"ListItem","position":1,"name":"Home","item":"https:\/\/confecomerc.es\/va\/confecomerc-cv\/"},{"@type":"ListItem","position":2,"name":"\u00d2rgans de govern"}]},{"@type":"WebSite","@id":"https:\/\/confecomerc.es\/#website","url":"https:\/\/confecomerc.es\/","name":"Confecomer\u00e7","description":"Confederaci\u00f3 de Comer\u00e7 d\u2019alacant, Castell\u00f3 i Val\u00e8ncia","potentialAction":[{"@type":"SearchAction","target":{"@type":"EntryPoint","urlTemplate":"https:\/\/confecomerc.es\/?s={search_term_string}"},"query-input":{"@type":"PropertyValueSpecification","valueRequired":true,"valueName":"search_term_string"}}],"inLanguage":"va-VA"}]}},"_links":{"self":[{"href":"https:\/\/confecomerc.es\/va\/wp-json\/wp\/v2\/pages\/1413","targetHints":{"allow":["GET"]}}],"collection":[{"href":"https:\/\/confecomerc.es\/va\/wp-json\/wp\/v2\/pages"}],"about":[{"href":"https:\/\/confecomerc.es\/va\/wp-json\/wp\/v2\/types\/page"}],"author":[{"embeddable":true,"href":"https:\/\/confecomerc.es\/va\/wp-json\/wp\/v2\/users\/1"}],"replies":[{"embeddable":true,"href":"https:\/\/confecomerc.es\/va\/wp-json\/wp\/v2\/comments?post=1413"}],"version-history":[{"count":0,"href":"https:\/\/confecomerc.es\/va\/wp-json\/wp\/v2\/pages\/1413\/revisions"}],"wp:attachment":[{"href":"https:\/\/confecomerc.es\/va\/wp-json\/wp\/v2\/media?parent=1413"}],"curies":[{"name":"wp","href":"https:\/\/api.w.org\/{rel}","templated":true}]}}