{"id":1423,"date":"2019-03-26T09:20:22","date_gmt":"2019-03-26T09:20:22","guid":{"rendered":"https:\/\/confecomerc.es\/imatge-corporativa"},"modified":"2022-02-22T15:49:18","modified_gmt":"2022-02-22T14:49:18","slug":"imatge-corporativa","status":"publish","type":"page","link":"https:\/\/confecomerc.es\/va\/imatge-corporativa\/","title":{"rendered":"Imatge Corporativa"},"content":{"rendered":"<p>[et_pb_section fb_built=&#8221;1&#8243; fullwidth=&#8221;on&#8221; _builder_version=&#8221;3.22.3&#8243; saved_tabs=&#8221;all&#8221; global_colors_info=&#8221;{}&#8221;][et_pb_fullwidth_slider show_arrows=&#8221;off&#8221; show_pagination=&#8221;off&#8221; show_image_video_mobile=&#8221;on&#8221; _builder_version=&#8221;4.11.1&#8243; background_color=&#8221;#000000&#8243; background_image=&#8221;https:\/\/confecomerc.es\/wp-content\/uploads\/2021\/10\/CONFECOMERC_SIMB_negativo.png&#8221; custom_margin_tablet=&#8221;&#8221; custom_margin_phone=&#8221;&#8221; custom_margin_last_edited=&#8221;on|phone&#8221; custom_padding=&#8221;120px||100px&#8221; custom_padding_tablet=&#8221;&#8221; custom_padding_phone=&#8221;62px|0px|58px|0px&#8221; custom_padding_last_edited=&#8221;on|desktop&#8221; hover_enabled=&#8221;0&#8243; global_colors_info=&#8221;{}&#8221; title_text=&#8221;CONFECOMERC_SIMB_negativo&#8221; background_size=&#8221;contain&#8221; background_position=&#8221;center_left&#8221; sticky_enabled=&#8221;0&#8243;][et_pb_slide heading=&#8221;Imatge Corporativa&#8221; _builder_version=&#8221;3.19.17&#8243; global_colors_info=&#8221;{}&#8221; sticky_transition=&#8221;on&#8221;][\/et_pb_slide][\/et_pb_fullwidth_slider][\/et_pb_section][et_pb_section fb_built=&#8221;1&#8243; fullwidth=&#8221;on&#8221; _builder_version=&#8221;3.22.3&#8243; global_colors_info=&#8221;{}&#8221;][et_pb_fullwidth_menu menu_id=&#8221;96&#8243; fullwidth_menu=&#8221;off&#8221; active_link_color=&#8221;#00a7b5&#8243; dropdown_menu_line_color=&#8221;#00a7b5&#8243; dropdown_menu_text_color=&#8221;#000000&#8243; mobile_menu_bg_color=&#8221;rgba(0,0,0,0)&#8221; mobile_menu_text_color=&#8221;#000000&#8243; _builder_version=&#8221;3.19.17&#8243; menu_font=&#8221;||||||||&#8221; menu_text_color=&#8221;#63666a&#8221; menu_font_size=&#8221;13px&#8221; menu_letter_spacing=&#8221;1px&#8221; background_color=&#8221;rgba(255,255,255,0.06)&#8221; text_orientation=&#8221;center&#8221; custom_margin=&#8221;6px||7px&#8221; custom_padding=&#8221;0px||0px|0px&#8221; custom_padding_tablet=&#8221;&#8221; custom_padding_phone=&#8221;&#8221; custom_padding_last_edited=&#8221;on|phone&#8221; animation_style=&#8221;flip&#8221; animation_delay=&#8221;2600ms&#8221; border_width_all=&#8221;1px&#8221; border_color_all=&#8221;#63666a&#8221; global_colors_info=&#8221;{}&#8221;][\/et_pb_fullwidth_menu][\/et_pb_section][et_pb_section fb_built=&#8221;1&#8243; _builder_version=&#8221;3.22.3&#8243; global_colors_info=&#8221;{}&#8221;][et_pb_row _builder_version=&#8221;3.25&#8243; global_colors_info=&#8221;{}&#8221;][et_pb_column type=&#8221;4_4&#8243; _builder_version=&#8221;3.25&#8243; custom_padding=&#8221;|||&#8221; global_colors_info=&#8221;{}&#8221; custom_padding__hover=&#8221;|||&#8221;][et_pb_text _builder_version=&#8221;3.27.4&#8243; global_colors_info=&#8221;{}&#8221;]<\/p>\n<p>VERSIONS MONOCROM\u00c0TIQUES DE L&#8217;IMAGOTIPO I S\u00cdMBOL <span style=\"color: #999999;\">(tipus arxiu: PNG, fons transparent) :<\/span><\/p>\n<p>[\/et_pb_text][\/et_pb_column][\/et_pb_row][et_pb_row _builder_version=&#8221;3.25&#8243; custom_padding=&#8221;32px|||||&#8221; global_colors_info=&#8221;{}&#8221; column_structure=&#8221;1_4,1_4,1_4,1_4&#8243;][et_pb_column type=&#8221;1_4&#8243; _builder_version=&#8221;3.25&#8243; custom_padding=&#8221;|||&#8221; global_colors_info=&#8221;{}&#8221; custom_padding__hover=&#8221;|||&#8221;][et_pb_image src=&#8221;https:\/\/confecomerc.es\/wp-content\/uploads\/2021\/10\/CONFECOMERC_positivo.png&#8221; show_in_lightbox=&#8221;on&#8221; _builder_version=&#8221;4.11.1&#8243; custom_margin=&#8221;||10px|||&#8221; hover_enabled=&#8221;0&#8243; global_colors_info=&#8221;{}&#8221; alt=&#8221;logo confecomer\u00e7&#8221; title_text=&#8221;CONFECOMERC_positivo&#8221; sticky_enabled=&#8221;0&#8243;][\/et_pb_image][et_pb_text _builder_version=&#8221;3.27.4&#8243; global_colors_info=&#8221;{}&#8221;]<\/p>\n<p style=\"text-align: center;\"><span style=\"color: #999999;\">(Click sobre la imatge. Una vegada oberta, bot\u00f3 dret i guardar imatge)<\/span><\/p>\n<p>[\/et_pb_text][\/et_pb_column][et_pb_column type=&#8221;1_4&#8243; _builder_version=&#8221;3.25&#8243; custom_padding=&#8221;|||&#8221; global_colors_info=&#8221;{}&#8221; custom_padding__hover=&#8221;|||&#8221;][et_pb_image src=&#8221;https:\/\/confecomerc.es\/wp-content\/uploads\/2021\/10\/CONFECOMERC_negativo.png&#8221; show_in_lightbox=&#8221;on&#8221; _builder_version=&#8221;4.11.1&#8243; custom_margin=&#8221;||10px|||&#8221; hover_enabled=&#8221;0&#8243; global_colors_info=&#8221;{}&#8221; title_text=&#8221;CONFECOMERC_negativo&#8221; background_color=&#8221;#63666A&#8221; sticky_enabled=&#8221;0&#8243;][\/et_pb_image][et_pb_text _builder_version=&#8221;3.27.4&#8243; global_colors_info=&#8221;{}&#8221;]<\/p>\n<p style=\"text-align: center;\"><span style=\"color: #999999;\">(Click sobre la imatge. Una vegada oberta, bot\u00f3 dret i guardar imatge)<\/span><\/p>\n<p>[\/et_pb_text][\/et_pb_column][et_pb_column type=&#8221;1_4&#8243; _builder_version=&#8221;3.25&#8243; custom_padding=&#8221;|||&#8221; global_colors_info=&#8221;{}&#8221; custom_padding__hover=&#8221;|||&#8221;][et_pb_image src=&#8221;https:\/\/confecomerc.es\/wp-content\/uploads\/2021\/10\/CONFECOMERC_SIMB_positivo.png&#8221; show_in_lightbox=&#8221;on&#8221; _builder_version=&#8221;4.11.1&#8243; custom_margin=&#8221;||10px|||&#8221; hover_enabled=&#8221;0&#8243; global_colors_info=&#8221;{}&#8221; title_text=&#8221;CONFECOMERC_SIMB_positivo&#8221; sticky_enabled=&#8221;0&#8243;][\/et_pb_image][et_pb_text _builder_version=&#8221;3.27.4&#8243; global_colors_info=&#8221;{}&#8221;]<\/p>\n<p style=\"text-align: center;\"><span style=\"color: #999999;\">(Click sobre la imatge. Una vegada oberta, bot\u00f3 dret i guardar imatge)<\/span><\/p>\n<p>[\/et_pb_text][\/et_pb_column][et_pb_column type=&#8221;1_4&#8243; _builder_version=&#8221;3.25&#8243; custom_padding=&#8221;|||&#8221; global_colors_info=&#8221;{}&#8221; custom_padding__hover=&#8221;|||&#8221;][et_pb_image src=&#8221;https:\/\/confecomerc.es\/wp-content\/uploads\/2021\/10\/CONFECOMERC_SIMB_negativo.png&#8221; show_in_lightbox=&#8221;on&#8221; _builder_version=&#8221;4.11.1&#8243; background_color=&#8221;rgba(0,10,9,0.36)&#8221; custom_margin=&#8221;||10px|||&#8221; hover_enabled=&#8221;0&#8243; global_colors_info=&#8221;{}&#8221; title_text=&#8221;CONFECOMERC_SIMB_negativo&#8221; sticky_enabled=&#8221;0&#8243;][\/et_pb_image][et_pb_text _builder_version=&#8221;3.27.4&#8243; global_colors_info=&#8221;{}&#8221;]<\/p>\n<p style=\"text-align: center;\"><span style=\"color: #999999;\">(Click sobre la imatge. Una vegada oberta, bot\u00f3 dret i guardar imatge)<\/span><\/p>\n<p>[\/et_pb_text][\/et_pb_column][\/et_pb_row][et_pb_row _builder_version=&#8221;3.25&#8243; custom_padding=&#8221;32px|||||&#8221; global_colors_info=&#8221;{}&#8221;][et_pb_column type=&#8221;4_4&#8243; _builder_version=&#8221;3.25&#8243; custom_padding=&#8221;|||&#8221; global_colors_info=&#8221;{}&#8221; custom_padding__hover=&#8221;|||&#8221;][et_pb_button button_url=&#8221;https:\/\/confecomerc.es\/wp-content\/uploads\/2021\/10\/CONFECOMERC_ID.pdf&#8221; url_new_window=&#8221;on&#8221; button_text=&#8221;DESC\u00c0RREGA LA IMATGE EN FORMAT VECTORIAL (PDF)&#8221; _builder_version=&#8221;4.11.1&#8243; custom_button=&#8221;on&#8221; button_text_size=&#8221;16px&#8221; button_font=&#8221;||||||||&#8221; hover_enabled=&#8221;0&#8243; global_colors_info=&#8221;{}&#8221; sticky_enabled=&#8221;0&#8243; button_alignment=&#8221;center&#8221;][\/et_pb_button][\/et_pb_column][\/et_pb_row][\/et_pb_section]<\/p>\n","protected":false},"excerpt":{"rendered":"<p>VERSIONS MONOCROM\u00c0TIQUES DE L&#8217;IMAGOTIPO I S\u00cdMBOL (tipus arxiu: PNG, fons transparent) :(Click sobre la imatge. Una vegada oberta, bot\u00f3 dret i guardar imatge)(Click sobre la imatge. Una vegada oberta, bot\u00f3 dret i guardar imatge)(Click sobre la imatge. Una vegada oberta, bot\u00f3 dret i guardar imatge)(Click sobre la imatge. Una vegada oberta, bot\u00f3 dret i guardar imatge)<\/p>\n","protected":false},"author":1,"featured_media":1890,"parent":0,"menu_order":0,"comment_status":"closed","ping_status":"closed","template":"","meta":{"_et_pb_use_builder":"on","_et_pb_old_content":"","_et_gb_content_width":"","footnotes":""},"class_list":["post-1423","page","type-page","status-publish","has-post-thumbnail","hentry"],"yoast_head":"<!-- This site is optimized with the Yoast SEO plugin v27.3 - https:\/\/yoast.com\/product\/yoast-seo-wordpress\/ -->\n<title>Imatge Corporativa - Confecomer\u00e7<\/title>\n<meta name=\"robots\" content=\"index, follow, max-snippet:-1, max-image-preview:large, max-video-preview:-1\" \/>\n<link rel=\"canonical\" href=\"https:\/\/confecomerc.es\/va\/imatge-corporativa\/\" \/>\n<meta property=\"og:locale\" content=\"en_US\" \/>\n<meta property=\"og:type\" content=\"article\" \/>\n<meta property=\"og:title\" content=\"Imatge Corporativa - Confecomer\u00e7\" \/>\n<meta property=\"og:description\" content=\"VERSIONS MONOCROM\u00c0TIQUES DE L&#039;IMAGOTIPO I S\u00cdMBOL (tipus arxiu: PNG, fons transparent) :(Click sobre la imatge. Una vegada oberta, bot\u00f3 dret i guardar imatge)(Click sobre la imatge. Una vegada oberta, bot\u00f3 dret i guardar imatge)(Click sobre la imatge. Una vegada oberta, bot\u00f3 dret i guardar imatge)(Click sobre la imatge. Una vegada oberta, bot\u00f3 dret i guardar imatge)\" \/>\n<meta property=\"og:url\" content=\"https:\/\/confecomerc.es\/va\/imatge-corporativa\/\" \/>\n<meta property=\"og:site_name\" content=\"Confecomer\u00e7\" \/>\n<meta property=\"article:modified_time\" content=\"2022-02-22T14:49:18+00:00\" \/>\n<meta property=\"og:image\" content=\"https:\/\/i0.wp.com\/confecomerc.es\/wp-content\/uploads\/2019\/06\/Simbolo-CONFECOMERC-CV-TURQUESA.png?fit=1147%2C1147&ssl=1\" \/>\n\t<meta property=\"og:image:width\" content=\"1147\" \/>\n\t<meta property=\"og:image:height\" content=\"1147\" \/>\n\t<meta property=\"og:image:type\" content=\"image\/png\" \/>\n<meta name=\"twitter:card\" content=\"summary_large_image\" \/>\n<meta name=\"twitter:label1\" content=\"Est. reading time\" \/>\n\t<meta name=\"twitter:data1\" content=\"4 minutes\" \/>\n<script type=\"application\/ld+json\" class=\"yoast-schema-graph\">{\"@context\":\"https:\\\/\\\/schema.org\",\"@graph\":[{\"@type\":\"WebPage\",\"@id\":\"https:\\\/\\\/confecomerc.es\\\/va\\\/imatge-corporativa\\\/\",\"url\":\"https:\\\/\\\/confecomerc.es\\\/va\\\/imatge-corporativa\\\/\",\"name\":\"Imatge Corporativa - Confecomer\u00e7\",\"isPartOf\":{\"@id\":\"https:\\\/\\\/confecomerc.es\\\/#website\"},\"primaryImageOfPage\":{\"@id\":\"https:\\\/\\\/confecomerc.es\\\/va\\\/imatge-corporativa\\\/#primaryimage\"},\"image\":{\"@id\":\"https:\\\/\\\/confecomerc.es\\\/va\\\/imatge-corporativa\\\/#primaryimage\"},\"thumbnailUrl\":\"https:\\\/\\\/confecomerc.es\\\/wp-content\\\/uploads\\\/2019\\\/06\\\/Simbolo-CONFECOMERC-CV-TURQUESA.png\",\"datePublished\":\"2019-03-26T09:20:22+00:00\",\"dateModified\":\"2022-02-22T14:49:18+00:00\",\"breadcrumb\":{\"@id\":\"https:\\\/\\\/confecomerc.es\\\/va\\\/imatge-corporativa\\\/#breadcrumb\"},\"inLanguage\":\"va-VA\",\"potentialAction\":[{\"@type\":\"ReadAction\",\"target\":[\"https:\\\/\\\/confecomerc.es\\\/va\\\/imatge-corporativa\\\/\"]}]},{\"@type\":\"ImageObject\",\"inLanguage\":\"va-VA\",\"@id\":\"https:\\\/\\\/confecomerc.es\\\/va\\\/imatge-corporativa\\\/#primaryimage\",\"url\":\"https:\\\/\\\/confecomerc.es\\\/wp-content\\\/uploads\\\/2019\\\/06\\\/Simbolo-CONFECOMERC-CV-TURQUESA.png\",\"contentUrl\":\"https:\\\/\\\/confecomerc.es\\\/wp-content\\\/uploads\\\/2019\\\/06\\\/Simbolo-CONFECOMERC-CV-TURQUESA.png\",\"width\":1147,\"height\":1147,\"caption\":\"Simbolo-CONFECOMERC CV-TURQUESA\"},{\"@type\":\"BreadcrumbList\",\"@id\":\"https:\\\/\\\/confecomerc.es\\\/va\\\/imatge-corporativa\\\/#breadcrumb\",\"itemListElement\":[{\"@type\":\"ListItem\",\"position\":1,\"name\":\"Home\",\"item\":\"https:\\\/\\\/confecomerc.es\\\/va\\\/confecomerc-cv\\\/\"},{\"@type\":\"ListItem\",\"position\":2,\"name\":\"Imatge Corporativa\"}]},{\"@type\":\"WebSite\",\"@id\":\"https:\\\/\\\/confecomerc.es\\\/#website\",\"url\":\"https:\\\/\\\/confecomerc.es\\\/\",\"name\":\"Confecomer\u00e7\",\"description\":\"Confederaci\u00f3 de Comer\u00e7 d\u2019alacant, Castell\u00f3 i Val\u00e8ncia\",\"potentialAction\":[{\"@type\":\"SearchAction\",\"target\":{\"@type\":\"EntryPoint\",\"urlTemplate\":\"https:\\\/\\\/confecomerc.es\\\/?s={search_term_string}\"},\"query-input\":{\"@type\":\"PropertyValueSpecification\",\"valueRequired\":true,\"valueName\":\"search_term_string\"}}],\"inLanguage\":\"va-VA\"}]}<\/script>\n<!-- \/ Yoast SEO plugin. -->","yoast_head_json":{"title":"Imatge Corporativa - Confecomer\u00e7","robots":{"index":"index","follow":"follow","max-snippet":"max-snippet:-1","max-image-preview":"max-image-preview:large","max-video-preview":"max-video-preview:-1"},"canonical":"https:\/\/confecomerc.es\/va\/imatge-corporativa\/","og_locale":"en_US","og_type":"article","og_title":"Imatge Corporativa - Confecomer\u00e7","og_description":"VERSIONS MONOCROM\u00c0TIQUES DE L'IMAGOTIPO I S\u00cdMBOL (tipus arxiu: PNG, fons transparent) :(Click sobre la imatge. Una vegada oberta, bot\u00f3 dret i guardar imatge)(Click sobre la imatge. Una vegada oberta, bot\u00f3 dret i guardar imatge)(Click sobre la imatge. Una vegada oberta, bot\u00f3 dret i guardar imatge)(Click sobre la imatge. Una vegada oberta, bot\u00f3 dret i guardar imatge)","og_url":"https:\/\/confecomerc.es\/va\/imatge-corporativa\/","og_site_name":"Confecomer\u00e7","article_modified_time":"2022-02-22T14:49:18+00:00","og_image":[{"width":1147,"height":1147,"url":"https:\/\/i0.wp.com\/confecomerc.es\/wp-content\/uploads\/2019\/06\/Simbolo-CONFECOMERC-CV-TURQUESA.png?fit=1147%2C1147&ssl=1","type":"image\/png"}],"twitter_card":"summary_large_image","twitter_misc":{"Est. reading time":"4 minutes"},"schema":{"@context":"https:\/\/schema.org","@graph":[{"@type":"WebPage","@id":"https:\/\/confecomerc.es\/va\/imatge-corporativa\/","url":"https:\/\/confecomerc.es\/va\/imatge-corporativa\/","name":"Imatge Corporativa - Confecomer\u00e7","isPartOf":{"@id":"https:\/\/confecomerc.es\/#website"},"primaryImageOfPage":{"@id":"https:\/\/confecomerc.es\/va\/imatge-corporativa\/#primaryimage"},"image":{"@id":"https:\/\/confecomerc.es\/va\/imatge-corporativa\/#primaryimage"},"thumbnailUrl":"https:\/\/confecomerc.es\/wp-content\/uploads\/2019\/06\/Simbolo-CONFECOMERC-CV-TURQUESA.png","datePublished":"2019-03-26T09:20:22+00:00","dateModified":"2022-02-22T14:49:18+00:00","breadcrumb":{"@id":"https:\/\/confecomerc.es\/va\/imatge-corporativa\/#breadcrumb"},"inLanguage":"va-VA","potentialAction":[{"@type":"ReadAction","target":["https:\/\/confecomerc.es\/va\/imatge-corporativa\/"]}]},{"@type":"ImageObject","inLanguage":"va-VA","@id":"https:\/\/confecomerc.es\/va\/imatge-corporativa\/#primaryimage","url":"https:\/\/confecomerc.es\/wp-content\/uploads\/2019\/06\/Simbolo-CONFECOMERC-CV-TURQUESA.png","contentUrl":"https:\/\/confecomerc.es\/wp-content\/uploads\/2019\/06\/Simbolo-CONFECOMERC-CV-TURQUESA.png","width":1147,"height":1147,"caption":"Simbolo-CONFECOMERC CV-TURQUESA"},{"@type":"BreadcrumbList","@id":"https:\/\/confecomerc.es\/va\/imatge-corporativa\/#breadcrumb","itemListElement":[{"@type":"ListItem","position":1,"name":"Home","item":"https:\/\/confecomerc.es\/va\/confecomerc-cv\/"},{"@type":"ListItem","position":2,"name":"Imatge Corporativa"}]},{"@type":"WebSite","@id":"https:\/\/confecomerc.es\/#website","url":"https:\/\/confecomerc.es\/","name":"Confecomer\u00e7","description":"Confederaci\u00f3 de Comer\u00e7 d\u2019alacant, Castell\u00f3 i Val\u00e8ncia","potentialAction":[{"@type":"SearchAction","target":{"@type":"EntryPoint","urlTemplate":"https:\/\/confecomerc.es\/?s={search_term_string}"},"query-input":{"@type":"PropertyValueSpecification","valueRequired":true,"valueName":"search_term_string"}}],"inLanguage":"va-VA"}]}},"_links":{"self":[{"href":"https:\/\/confecomerc.es\/va\/wp-json\/wp\/v2\/pages\/1423","targetHints":{"allow":["GET"]}}],"collection":[{"href":"https:\/\/confecomerc.es\/va\/wp-json\/wp\/v2\/pages"}],"about":[{"href":"https:\/\/confecomerc.es\/va\/wp-json\/wp\/v2\/types\/page"}],"author":[{"embeddable":true,"href":"https:\/\/confecomerc.es\/va\/wp-json\/wp\/v2\/users\/1"}],"replies":[{"embeddable":true,"href":"https:\/\/confecomerc.es\/va\/wp-json\/wp\/v2\/comments?post=1423"}],"version-history":[{"count":0,"href":"https:\/\/confecomerc.es\/va\/wp-json\/wp\/v2\/pages\/1423\/revisions"}],"wp:featuredmedia":[{"embeddable":true,"href":"https:\/\/confecomerc.es\/va\/wp-json\/wp\/v2\/media\/1890"}],"wp:attachment":[{"href":"https:\/\/confecomerc.es\/va\/wp-json\/wp\/v2\/media?parent=1423"}],"curies":[{"name":"wp","href":"https:\/\/api.w.org\/{rel}","templated":true}]}}