{"id":1459,"date":"2019-03-01T12:31:42","date_gmt":"2019-03-01T12:31:42","guid":{"rendered":"https:\/\/confecomerc.es\/agenda"},"modified":"2022-08-03T08:43:11","modified_gmt":"2022-08-03T07:43:11","slug":"agenda","status":"publish","type":"page","link":"https:\/\/confecomerc.es\/va\/agenda\/","title":{"rendered":"Agenda"},"content":{"rendered":"<p>[et_pb_section fb_built=&#8221;1&#8243; _builder_version=&#8221;4.16&#8243; custom_padding=&#8221;0px|0px||||&#8221; global_colors_info=&#8221;{}&#8221;][et_pb_row _builder_version=&#8221;4.16&#8243; global_colors_info=&#8221;{}&#8221;][et_pb_column type=&#8221;4_4&#8243; _builder_version=&#8221;4.16&#8243; global_colors_info=&#8221;{}&#8221;][et_pb_code _builder_version=&#8221;4.17.6&#8243; _module_preset=&#8221;default&#8221; hover_enabled=&#8221;0&#8243; global_colors_info=&#8221;{}&#8221; sticky_enabled=&#8221;0&#8243;]<div class=\"eventer-dynamic-list-set\" id=\"eventer-dynamic-filters-585655\"><div id=\"eventer-dynamic-filters-area-121\" class=\"eventer eventer-dynamic-listings-main eventer-grid eventer-grid-clean eventer-grid-col3\"  data-shortcode=\"{&quot;ids&quot;:&quot;&quot;,&quot;terms_cats&quot;:&quot;&quot;,&quot;terms_tags&quot;:&quot;&quot;,&quot;terms_venue&quot;:&quot;&quot;,&quot;terms_organizer&quot;:&quot;&quot;,&quot;type&quot;:&quot;&quot;,&quot;status&quot;:&quot;future&quot;,&quot;lang&quot;:&quot;va&quot;,&quot;series&quot;:&quot;&quot;,&quot;layout&quot;:&quot;clean&quot;,&quot;background&quot;:&quot;&quot;,&quot;column&quot;:&quot;3&quot;,&quot;path&quot;:&quot;&quot;,&quot;venue&quot;:&quot;&quot;,&quot;filters&quot;:&quot;&quot;,&quot;month_filter&quot;:&quot;1&quot;,&quot;name&quot;:&quot;eventer_grid&quot;,&quot;calview&quot;:&quot;yearly,monthly,weekly,daily,today&quot;,&quot;pagination&quot;:&quot;&quot;,&quot;operator&quot;:&quot;&quot;,&quot;ajax&quot;:&quot;&quot;,&quot;pass&quot;:&quot;&quot;,&quot;carousel&quot;:&quot;yes,3000,yes,yes,no&quot;,&quot;occurrence&quot;:&quot;&quot;,&quot;featured&quot;:&quot;1&quot;,&quot;count&quot;:&quot;10&quot;,&quot;event_until&quot;:&quot;1&quot;,&quot;pagin&quot;:&quot;1&quot;}\"><div class=\"eventer-loader-wrap\" style=\"display:none\"><div class=\"eventer-loader\"><\/div><\/div><div class=\"eventer-month-switcher-wrap\">    <\/div><div class=\"eventer-no-event-found\">No events to display.<\/div><\/div><\/div><!-- [et_pb_line_break_holder] --><!-- [et_pb_line_break_holder] --><!-- [et_pb_line_break_holder] --><!-- [et_pb_line_break_holder] -->[\/et_pb_code][et_pb_code _builder_version=&#8221;4.17.4&#8243; _module_preset=&#8221;default&#8221; hover_enabled=&#8221;0&#8243; global_colors_info=&#8221;{}&#8221; sticky_enabled=&#8221;0&#8243;]<div class=\"eventer-calendar-render\"><div data-calendar=\"\" class=\"shortcode-vals\" style=\"display:none;\">{&quot;ids&quot;:&quot;&quot;,&quot;terms_cats&quot;:&quot;&quot;,&quot;terms_tags&quot;:&quot;&quot;,&quot;terms_venue&quot;:&quot;&quot;,&quot;terms_organizer&quot;:&quot;&quot;,&quot;type&quot;:&quot;&quot;,&quot;preview&quot;:&quot;&quot;,&quot;defaultDate&quot;:&quot;2026-04-09&quot;}<\/div><div class=\"calendar\"><\/div><\/div>[\/et_pb_code][\/et_pb_column][\/et_pb_row][\/et_pb_section]<\/p>\n","protected":false},"excerpt":{"rendered":"<p><div class=\"eventer-dynamic-list-set\" id=\"eventer-dynamic-filters-784936\"><div id=\"eventer-dynamic-filters-area-121\" class=\"eventer eventer-dynamic-listings-main eventer-grid eventer-grid-clean eventer-grid-col3\"  data-shortcode=\"{&quot;ids&quot;:&quot;&quot;,&quot;terms_cats&quot;:&quot;&quot;,&quot;terms_tags&quot;:&quot;&quot;,&quot;terms_venue&quot;:&quot;&quot;,&quot;terms_organizer&quot;:&quot;&quot;,&quot;type&quot;:&quot;&quot;,&quot;status&quot;:&quot;future&quot;,&quot;lang&quot;:&quot;va&quot;,&quot;series&quot;:&quot;&quot;,&quot;layout&quot;:&quot;clean&quot;,&quot;background&quot;:&quot;&quot;,&quot;column&quot;:&quot;3&quot;,&quot;path&quot;:&quot;&quot;,&quot;venue&quot;:&quot;&quot;,&quot;filters&quot;:&quot;&quot;,&quot;month_filter&quot;:&quot;1&quot;,&quot;name&quot;:&quot;eventer_grid&quot;,&quot;calview&quot;:&quot;yearly,monthly,weekly,daily,today&quot;,&quot;pagination&quot;:&quot;&quot;,&quot;operator&quot;:&quot;&quot;,&quot;ajax&quot;:&quot;&quot;,&quot;pass&quot;:&quot;&quot;,&quot;carousel&quot;:&quot;yes,3000,yes,yes,no&quot;,&quot;occurrence&quot;:&quot;&quot;,&quot;featured&quot;:&quot;1&quot;,&quot;count&quot;:&quot;10&quot;,&quot;event_until&quot;:&quot;1&quot;,&quot;pagin&quot;:&quot;1&quot;}\"><div class=\"eventer-loader-wrap\" style=\"display:none\"><div class=\"eventer-loader\"><\/div><\/div><div class=\"eventer-month-switcher-wrap\">    <\/div><div class=\"eventer-no-event-found\">No events to display.<\/div><\/div><\/div><div class=\"eventer-calendar-render\"><div data-calendar=\"\" class=\"shortcode-vals\" style=\"display:none;\">{&quot;ids&quot;:&quot;&quot;,&quot;terms_cats&quot;:&quot;&quot;,&quot;terms_tags&quot;:&quot;&quot;,&quot;terms_venue&quot;:&quot;&quot;,&quot;terms_organizer&quot;:&quot;&quot;,&quot;type&quot;:&quot;&quot;,&quot;preview&quot;:&quot;&quot;,&quot;defaultDate&quot;:&quot;2026-04-09&quot;}<\/div><div class=\"calendar\"><\/div><\/div><\/p>\n","protected":false},"author":1,"featured_media":0,"parent":0,"menu_order":0,"comment_status":"closed","ping_status":"closed","template":"","meta":{"_et_pb_use_builder":"on","_et_pb_old_content":"","_et_gb_content_width":"","footnotes":""},"class_list":["post-1459","page","type-page","status-publish","hentry"],"yoast_head":"<!-- This site is optimized with the Yoast SEO plugin v27.3 - https:\/\/yoast.com\/product\/yoast-seo-wordpress\/ -->\n<title>Agenda - Confecomer\u00e7<\/title>\n<meta name=\"robots\" content=\"index, follow, max-snippet:-1, max-image-preview:large, max-video-preview:-1\" \/>\n<link rel=\"canonical\" href=\"https:\/\/confecomerc.es\/va\/agenda\/\" \/>\n<meta property=\"og:locale\" content=\"en_US\" \/>\n<meta property=\"og:type\" content=\"article\" \/>\n<meta property=\"og:title\" content=\"Agenda - Confecomer\u00e7\" \/>\n<meta property=\"og:url\" content=\"https:\/\/confecomerc.es\/va\/agenda\/\" \/>\n<meta property=\"og:site_name\" content=\"Confecomer\u00e7\" \/>\n<meta property=\"article:modified_time\" content=\"2022-08-03T07:43:11+00:00\" \/>\n<meta name=\"twitter:card\" content=\"summary_large_image\" \/>\n<meta name=\"twitter:description\" content=\"[eventer_grid layout=&quot;clean&quot; featured=&quot;1&quot; month_filter=&quot;1&quot; calview=&quot;yearly,monthly,weekly,daily,today&quot; series=&quot;&quot;][eventer_calendar]\" \/>\n<meta name=\"twitter:label1\" content=\"Est. reading time\" \/>\n\t<meta name=\"twitter:data1\" content=\"1 minute\" \/>\n<script type=\"application\/ld+json\" class=\"yoast-schema-graph\">{\"@context\":\"https:\\\/\\\/schema.org\",\"@graph\":[{\"@type\":\"WebPage\",\"@id\":\"https:\\\/\\\/confecomerc.es\\\/va\\\/agenda\\\/\",\"url\":\"https:\\\/\\\/confecomerc.es\\\/va\\\/agenda\\\/\",\"name\":\"Agenda - Confecomer\u00e7\",\"isPartOf\":{\"@id\":\"https:\\\/\\\/confecomerc.es\\\/#website\"},\"datePublished\":\"2019-03-01T12:31:42+00:00\",\"dateModified\":\"2022-08-03T07:43:11+00:00\",\"breadcrumb\":{\"@id\":\"https:\\\/\\\/confecomerc.es\\\/va\\\/agenda\\\/#breadcrumb\"},\"inLanguage\":\"va-VA\",\"potentialAction\":[{\"@type\":\"ReadAction\",\"target\":[\"https:\\\/\\\/confecomerc.es\\\/va\\\/agenda\\\/\"]}]},{\"@type\":\"BreadcrumbList\",\"@id\":\"https:\\\/\\\/confecomerc.es\\\/va\\\/agenda\\\/#breadcrumb\",\"itemListElement\":[{\"@type\":\"ListItem\",\"position\":1,\"name\":\"Home\",\"item\":\"https:\\\/\\\/confecomerc.es\\\/va\\\/confecomerc-cv\\\/\"},{\"@type\":\"ListItem\",\"position\":2,\"name\":\"Agenda\"}]},{\"@type\":\"WebSite\",\"@id\":\"https:\\\/\\\/confecomerc.es\\\/#website\",\"url\":\"https:\\\/\\\/confecomerc.es\\\/\",\"name\":\"Confecomer\u00e7\",\"description\":\"Confederaci\u00f3 de Comer\u00e7 d\u2019alacant, Castell\u00f3 i Val\u00e8ncia\",\"potentialAction\":[{\"@type\":\"SearchAction\",\"target\":{\"@type\":\"EntryPoint\",\"urlTemplate\":\"https:\\\/\\\/confecomerc.es\\\/?s={search_term_string}\"},\"query-input\":{\"@type\":\"PropertyValueSpecification\",\"valueRequired\":true,\"valueName\":\"search_term_string\"}}],\"inLanguage\":\"va-VA\"}]}<\/script>\n<!-- \/ Yoast SEO plugin. -->","yoast_head_json":{"title":"Agenda - Confecomer\u00e7","robots":{"index":"index","follow":"follow","max-snippet":"max-snippet:-1","max-image-preview":"max-image-preview:large","max-video-preview":"max-video-preview:-1"},"canonical":"https:\/\/confecomerc.es\/va\/agenda\/","og_locale":"en_US","og_type":"article","og_title":"Agenda - Confecomer\u00e7","og_url":"https:\/\/confecomerc.es\/va\/agenda\/","og_site_name":"Confecomer\u00e7","article_modified_time":"2022-08-03T07:43:11+00:00","twitter_card":"summary_large_image","twitter_description":"[eventer_grid layout=\"clean\" featured=\"1\" month_filter=\"1\" calview=\"yearly,monthly,weekly,daily,today\" series=\"\"][eventer_calendar]","twitter_misc":{"Est. reading time":"1 minute"},"schema":{"@context":"https:\/\/schema.org","@graph":[{"@type":"WebPage","@id":"https:\/\/confecomerc.es\/va\/agenda\/","url":"https:\/\/confecomerc.es\/va\/agenda\/","name":"Agenda - Confecomer\u00e7","isPartOf":{"@id":"https:\/\/confecomerc.es\/#website"},"datePublished":"2019-03-01T12:31:42+00:00","dateModified":"2022-08-03T07:43:11+00:00","breadcrumb":{"@id":"https:\/\/confecomerc.es\/va\/agenda\/#breadcrumb"},"inLanguage":"va-VA","potentialAction":[{"@type":"ReadAction","target":["https:\/\/confecomerc.es\/va\/agenda\/"]}]},{"@type":"BreadcrumbList","@id":"https:\/\/confecomerc.es\/va\/agenda\/#breadcrumb","itemListElement":[{"@type":"ListItem","position":1,"name":"Home","item":"https:\/\/confecomerc.es\/va\/confecomerc-cv\/"},{"@type":"ListItem","position":2,"name":"Agenda"}]},{"@type":"WebSite","@id":"https:\/\/confecomerc.es\/#website","url":"https:\/\/confecomerc.es\/","name":"Confecomer\u00e7","description":"Confederaci\u00f3 de Comer\u00e7 d\u2019alacant, Castell\u00f3 i Val\u00e8ncia","potentialAction":[{"@type":"SearchAction","target":{"@type":"EntryPoint","urlTemplate":"https:\/\/confecomerc.es\/?s={search_term_string}"},"query-input":{"@type":"PropertyValueSpecification","valueRequired":true,"valueName":"search_term_string"}}],"inLanguage":"va-VA"}]}},"_links":{"self":[{"href":"https:\/\/confecomerc.es\/va\/wp-json\/wp\/v2\/pages\/1459","targetHints":{"allow":["GET"]}}],"collection":[{"href":"https:\/\/confecomerc.es\/va\/wp-json\/wp\/v2\/pages"}],"about":[{"href":"https:\/\/confecomerc.es\/va\/wp-json\/wp\/v2\/types\/page"}],"author":[{"embeddable":true,"href":"https:\/\/confecomerc.es\/va\/wp-json\/wp\/v2\/users\/1"}],"replies":[{"embeddable":true,"href":"https:\/\/confecomerc.es\/va\/wp-json\/wp\/v2\/comments?post=1459"}],"version-history":[{"count":0,"href":"https:\/\/confecomerc.es\/va\/wp-json\/wp\/v2\/pages\/1459\/revisions"}],"wp:attachment":[{"href":"https:\/\/confecomerc.es\/va\/wp-json\/wp\/v2\/media?parent=1459"}],"curies":[{"name":"wp","href":"https:\/\/api.w.org\/{rel}","templated":true}]}}