{"id":1487,"date":"2019-03-26T11:56:43","date_gmt":"2019-03-26T11:56:43","guid":{"rendered":"https:\/\/confecomerc.es\/enllacos-dinteres"},"modified":"2022-02-22T15:49:05","modified_gmt":"2022-02-22T14:49:05","slug":"enllacos-dinteres","status":"publish","type":"page","link":"https:\/\/confecomerc.es\/va\/enllacos-dinteres\/","title":{"rendered":"Enlla\u00e7os d&#8217;Inter\u00e9s"},"content":{"rendered":"<p>[et_pb_section fb_built=&#8221;1&#8243; _builder_version=&#8221;3.22&#8243; global_colors_info=&#8221;{}&#8221;][et_pb_row _builder_version=&#8221;3.25&#8243; global_colors_info=&#8221;{}&#8221;][et_pb_column type=&#8221;4_4&#8243; _builder_version=&#8221;3.25&#8243; custom_padding=&#8221;|||&#8221; global_colors_info=&#8221;{}&#8221; custom_padding__hover=&#8221;|||&#8221;][et_pb_text _builder_version=&#8221;4.14.5&#8243; hover_enabled=&#8221;0&#8243; global_colors_info=&#8221;{}&#8221; sticky_enabled=&#8221;0&#8243;]<\/p>\n<ul>\n<li>CONFEDERACI\u00d3N EMPRESARIAL DE LA CV <a href=\"https:\/\/cev.es\/\">https:\/\/cev.es\/<\/a><\/li>\n<li>CEOE <a href=\"https:\/\/www.ceoe.es\/es\">https:\/\/www.ceoe.es\/es<\/a><\/li>\n<li>CONFEDERACI\u00d3N ESPA\u00d1OLA DE COMERCIO <a href=\"https:\/\/cec-comercio.org\/%E2%80%8B\">https:\/\/cec-comercio.org\/\u200b<\/a><\/li>\n<li>CONSELLERIA DE ECONOM\u00cdA SOSTENIBLE, SECTORES PRODUCTIVOS, COMERCIO Y EMPLEO <a href=\"http:\/\/www.indi.gva.es\/es\">http:\/\/www.indi.gva.es\/es<\/a><\/li>\n<li>MINISTERIO DE ECONOMIA Y EMPRESA <a href=\"https:\/\/portal.mineco.gob.es\/es-es\/Paginas\/index.aspx\">https:\/\/portal.mineco.gob.es\/es-es\/Paginas\/index.aspx<\/a><\/li>\n<li>MINISTERIO DE TRABAJO, MIGRACIONES Y SEGURIDAD SOCIAL <a href=\"http:\/\/www.mitramiss.gob.es\/\">http:\/\/www.mitramiss.gob.es\/<\/a><\/li>\n<li>SEGURIDAD SOCIAL <a href=\"http:\/\/www.seg-social.es\/wps\/portal\/wss\/internet\/Inicio\">http:\/\/www.seg-social.es\/wps\/portal\/wss\/internet\/Inicio<\/a><\/li>\n<li>INE <a href=\"https:\/\/www.ine.es\/\">https:\/\/www.ine.es\/<\/a><\/li>\n<li>CIS <a href=\"http:\/\/www.cis.es\/cis\/opencms\/ES\/index.html\">http:\/\/www.cis.es\/cis\/opencms\/ES\/index.html<\/a><\/li>\n<li>BOE <a href=\"https:\/\/www.boe.es\/\">https:\/\/www.boe.es\/<\/a><\/li>\n<li>DOCV <a href=\"http:\/\/www.dogv.gva.es\/es\">http:\/\/www.dogv.gva.es\/es<\/a><\/li>\n<li>BOP VALENCIA <a href=\"https:\/\/bop.dival.es\/bop\/drvisapi.dll\/\">https:\/\/bop.dival.es\/bop\/drvisapi.dll\/<\/a><\/li>\n<li>BOP CASTELL\u00d3N <a href=\"https:\/\/bop.dipcas.es\/PortalBOP\/boletin.do\">https:\/\/bop.dipcas.es\/PortalBOP\/boletin.do<\/a><\/li>\n<li>BOP ALICANTE <a href=\"http:\/\/sede.diputacionalicante.es\/consultas-bop\/\">http:\/\/sede.diputacionalicante.es\/consultas-bop\/<\/a><\/li>\n<li>AYUNTAMIENTO DE VALENCIA <a href=\"http:\/\/www.valencia.es\/ayuntamiento\/home.nsf\/(Portadas2)\/%24first?opendocument&amp;lang=2\">http:\/\/www.valencia.es\/ayuntamiento\/home.nsf\/(Portadas2)\/%24first?opendocument&amp;lang=2<\/a><\/li>\n<li>AYUNTAMIENTO DE CASTELL\u00d3N <a href=\"http:\/\/www.castello.es\/web30\/pages\/inicio_web10.php?id=val\">http:\/\/www.castello.es\/web30\/pages\/inicio_web10.php?id=val<\/a><\/li>\n<li>AYUNTAMIENTO DE ALICANTE <a href=\"https:\/\/www.alicante.es\/es\">https:\/\/www.alicante.es\/es<\/a><\/li>\n<li>DIPUTACI\u00d3N DE VALENCIA <a href=\"http:\/\/www.dival.es\/es\">http:\/\/www.dival.es\/es<\/a><\/li>\n<li>DIPUTACI\u00d3N DE CASTELL\u00d3N <a href=\"https:\/\/www.dipcas.es\/es\/\">https:\/\/www.dipcas.es\/es\/<\/a><\/li>\n<li>DIPUTACI\u00d3N DE ALICANTE <a href=\"http:\/\/www.diputacionalicante.es\/\">http:\/\/www.diputacionalicante.es\/<\/a><\/li>\n<\/ul>\n<p>[\/et_pb_text][\/et_pb_column][\/et_pb_row][\/et_pb_section]<\/p>\n","protected":false},"excerpt":{"rendered":"<p>CONFEDERACI\u00d3N EMPRESARIAL DE LA CV https:\/\/cev.es\/ CEOE https:\/\/www.ceoe.es\/es CONFEDERACI\u00d3N ESPA\u00d1OLA DE COMERCIO https:\/\/cec-comercio.org\/\u200b CONSELLERIA DE ECONOM\u00cdA SOSTENIBLE, SECTORES PRODUCTIVOS, COMERCIO Y EMPLEO http:\/\/www.indi.gva.es\/es MINISTERIO DE ECONOMIA Y EMPRESA https:\/\/portal.mineco.gob.es\/es-es\/Paginas\/index.aspx MINISTERIO DE TRABAJO, MIGRACIONES Y SEGURIDAD SOCIAL http:\/\/www.mitramiss.gob.es\/ SEGURIDAD SOCIAL http:\/\/www.seg-social.es\/wps\/portal\/wss\/internet\/Inicio INE https:\/\/www.ine.es\/ CIS http:\/\/www.cis.es\/cis\/opencms\/ES\/index.html BOE https:\/\/www.boe.es\/ DOCV http:\/\/www.dogv.gva.es\/es BOP VALENCIA https:\/\/bop.dival.es\/bop\/drvisapi.dll\/ BOP CASTELL\u00d3N https:\/\/bop.dipcas.es\/PortalBOP\/boletin.do BOP ALICANTE http:\/\/sede.diputacionalicante.es\/consultas-bop\/ AYUNTAMIENTO DE VALENCIA http:\/\/www.valencia.es\/ayuntamiento\/home.nsf\/(Portadas2)\/%24first?opendocument&amp;lang=2 AYUNTAMIENTO DE CASTELL\u00d3N http:\/\/www.castello.es\/web30\/pages\/inicio_web10.php?id=val AYUNTAMIENTO DE ALICANTE https:\/\/www.alicante.es\/es DIPUTACI\u00d3N DE VALENCIA http:\/\/www.dival.es\/es DIPUTACI\u00d3N DE CASTELL\u00d3N https:\/\/www.dipcas.es\/es\/ DIPUTACI\u00d3N DE ALICANTE http:\/\/www.diputacionalicante.es\/<\/p>\n","protected":false},"author":1,"featured_media":0,"parent":0,"menu_order":0,"comment_status":"closed","ping_status":"closed","template":"","meta":{"_et_pb_use_builder":"on","_et_pb_old_content":"","_et_gb_content_width":"","footnotes":""},"class_list":["post-1487","page","type-page","status-publish","hentry"],"yoast_head":"<!-- This site is optimized with the Yoast SEO plugin v27.3 - https:\/\/yoast.com\/product\/yoast-seo-wordpress\/ -->\n<title>Enlla\u00e7os d&#039;Inter\u00e9s - Confecomer\u00e7<\/title>\n<meta name=\"robots\" content=\"index, follow, max-snippet:-1, max-image-preview:large, max-video-preview:-1\" \/>\n<link rel=\"canonical\" href=\"https:\/\/confecomerc.es\/va\/enllacos-dinteres\/\" \/>\n<meta property=\"og:locale\" content=\"en_US\" \/>\n<meta property=\"og:type\" content=\"article\" \/>\n<meta property=\"og:title\" content=\"Enlla\u00e7os d&#039;Inter\u00e9s - Confecomer\u00e7\" \/>\n<meta property=\"og:description\" content=\"CONFEDERACI\u00d3N EMPRESARIAL DE LA CV https:\/\/cev.es\/ CEOE https:\/\/www.ceoe.es\/es CONFEDERACI\u00d3N ESPA\u00d1OLA DE COMERCIO https:\/\/cec-comercio.org\/\u200b CONSELLERIA DE ECONOM\u00cdA SOSTENIBLE, SECTORES PRODUCTIVOS, COMERCIO Y EMPLEO http:\/\/www.indi.gva.es\/es MINISTERIO DE ECONOMIA Y EMPRESA https:\/\/portal.mineco.gob.es\/es-es\/Paginas\/index.aspx MINISTERIO DE TRABAJO, MIGRACIONES Y SEGURIDAD SOCIAL http:\/\/www.mitramiss.gob.es\/ SEGURIDAD SOCIAL http:\/\/www.seg-social.es\/wps\/portal\/wss\/internet\/Inicio INE https:\/\/www.ine.es\/ CIS http:\/\/www.cis.es\/cis\/opencms\/ES\/index.html BOE https:\/\/www.boe.es\/ DOCV http:\/\/www.dogv.gva.es\/es BOP VALENCIA https:\/\/bop.dival.es\/bop\/drvisapi.dll\/ BOP CASTELL\u00d3N https:\/\/bop.dipcas.es\/PortalBOP\/boletin.do BOP ALICANTE http:\/\/sede.diputacionalicante.es\/consultas-bop\/ AYUNTAMIENTO DE VALENCIA http:\/\/www.valencia.es\/ayuntamiento\/home.nsf\/(Portadas2)\/%24first?opendocument&amp;lang=2 AYUNTAMIENTO DE CASTELL\u00d3N http:\/\/www.castello.es\/web30\/pages\/inicio_web10.php?id=val AYUNTAMIENTO DE ALICANTE https:\/\/www.alicante.es\/es DIPUTACI\u00d3N DE VALENCIA http:\/\/www.dival.es\/es DIPUTACI\u00d3N DE CASTELL\u00d3N https:\/\/www.dipcas.es\/es\/ DIPUTACI\u00d3N DE ALICANTE http:\/\/www.diputacionalicante.es\/\" \/>\n<meta property=\"og:url\" content=\"https:\/\/confecomerc.es\/va\/enllacos-dinteres\/\" \/>\n<meta property=\"og:site_name\" content=\"Confecomer\u00e7\" \/>\n<meta property=\"article:modified_time\" content=\"2022-02-22T14:49:05+00:00\" \/>\n<meta name=\"twitter:card\" content=\"summary_large_image\" \/>\n<meta name=\"twitter:label1\" content=\"Est. reading time\" \/>\n\t<meta name=\"twitter:data1\" content=\"1 minute\" \/>\n<script type=\"application\/ld+json\" class=\"yoast-schema-graph\">{\"@context\":\"https:\\\/\\\/schema.org\",\"@graph\":[{\"@type\":\"WebPage\",\"@id\":\"https:\\\/\\\/confecomerc.es\\\/va\\\/enllacos-dinteres\\\/\",\"url\":\"https:\\\/\\\/confecomerc.es\\\/va\\\/enllacos-dinteres\\\/\",\"name\":\"Enlla\u00e7os d'Inter\u00e9s - Confecomer\u00e7\",\"isPartOf\":{\"@id\":\"https:\\\/\\\/confecomerc.es\\\/#website\"},\"datePublished\":\"2019-03-26T11:56:43+00:00\",\"dateModified\":\"2022-02-22T14:49:05+00:00\",\"breadcrumb\":{\"@id\":\"https:\\\/\\\/confecomerc.es\\\/va\\\/enllacos-dinteres\\\/#breadcrumb\"},\"inLanguage\":\"va-VA\",\"potentialAction\":[{\"@type\":\"ReadAction\",\"target\":[\"https:\\\/\\\/confecomerc.es\\\/va\\\/enllacos-dinteres\\\/\"]}]},{\"@type\":\"BreadcrumbList\",\"@id\":\"https:\\\/\\\/confecomerc.es\\\/va\\\/enllacos-dinteres\\\/#breadcrumb\",\"itemListElement\":[{\"@type\":\"ListItem\",\"position\":1,\"name\":\"Home\",\"item\":\"https:\\\/\\\/confecomerc.es\\\/va\\\/confecomerc-cv\\\/\"},{\"@type\":\"ListItem\",\"position\":2,\"name\":\"Enlla\u00e7os d&#8217;Inter\u00e9s\"}]},{\"@type\":\"WebSite\",\"@id\":\"https:\\\/\\\/confecomerc.es\\\/#website\",\"url\":\"https:\\\/\\\/confecomerc.es\\\/\",\"name\":\"Confecomer\u00e7\",\"description\":\"Confederaci\u00f3 de Comer\u00e7 d\u2019alacant, Castell\u00f3 i Val\u00e8ncia\",\"potentialAction\":[{\"@type\":\"SearchAction\",\"target\":{\"@type\":\"EntryPoint\",\"urlTemplate\":\"https:\\\/\\\/confecomerc.es\\\/?s={search_term_string}\"},\"query-input\":{\"@type\":\"PropertyValueSpecification\",\"valueRequired\":true,\"valueName\":\"search_term_string\"}}],\"inLanguage\":\"va-VA\"}]}<\/script>\n<!-- \/ Yoast SEO plugin. -->","yoast_head_json":{"title":"Enlla\u00e7os d'Inter\u00e9s - Confecomer\u00e7","robots":{"index":"index","follow":"follow","max-snippet":"max-snippet:-1","max-image-preview":"max-image-preview:large","max-video-preview":"max-video-preview:-1"},"canonical":"https:\/\/confecomerc.es\/va\/enllacos-dinteres\/","og_locale":"en_US","og_type":"article","og_title":"Enlla\u00e7os d'Inter\u00e9s - Confecomer\u00e7","og_description":"CONFEDERACI\u00d3N EMPRESARIAL DE LA CV https:\/\/cev.es\/ CEOE https:\/\/www.ceoe.es\/es CONFEDERACI\u00d3N ESPA\u00d1OLA DE COMERCIO https:\/\/cec-comercio.org\/\u200b CONSELLERIA DE ECONOM\u00cdA SOSTENIBLE, SECTORES PRODUCTIVOS, COMERCIO Y EMPLEO http:\/\/www.indi.gva.es\/es MINISTERIO DE ECONOMIA Y EMPRESA https:\/\/portal.mineco.gob.es\/es-es\/Paginas\/index.aspx MINISTERIO DE TRABAJO, MIGRACIONES Y SEGURIDAD SOCIAL http:\/\/www.mitramiss.gob.es\/ SEGURIDAD SOCIAL http:\/\/www.seg-social.es\/wps\/portal\/wss\/internet\/Inicio INE https:\/\/www.ine.es\/ CIS http:\/\/www.cis.es\/cis\/opencms\/ES\/index.html BOE https:\/\/www.boe.es\/ DOCV http:\/\/www.dogv.gva.es\/es BOP VALENCIA https:\/\/bop.dival.es\/bop\/drvisapi.dll\/ BOP CASTELL\u00d3N https:\/\/bop.dipcas.es\/PortalBOP\/boletin.do BOP ALICANTE http:\/\/sede.diputacionalicante.es\/consultas-bop\/ AYUNTAMIENTO DE VALENCIA http:\/\/www.valencia.es\/ayuntamiento\/home.nsf\/(Portadas2)\/%24first?opendocument&amp;lang=2 AYUNTAMIENTO DE CASTELL\u00d3N http:\/\/www.castello.es\/web30\/pages\/inicio_web10.php?id=val AYUNTAMIENTO DE ALICANTE https:\/\/www.alicante.es\/es DIPUTACI\u00d3N DE VALENCIA http:\/\/www.dival.es\/es DIPUTACI\u00d3N DE CASTELL\u00d3N https:\/\/www.dipcas.es\/es\/ DIPUTACI\u00d3N DE ALICANTE http:\/\/www.diputacionalicante.es\/","og_url":"https:\/\/confecomerc.es\/va\/enllacos-dinteres\/","og_site_name":"Confecomer\u00e7","article_modified_time":"2022-02-22T14:49:05+00:00","twitter_card":"summary_large_image","twitter_misc":{"Est. reading time":"1 minute"},"schema":{"@context":"https:\/\/schema.org","@graph":[{"@type":"WebPage","@id":"https:\/\/confecomerc.es\/va\/enllacos-dinteres\/","url":"https:\/\/confecomerc.es\/va\/enllacos-dinteres\/","name":"Enlla\u00e7os d'Inter\u00e9s - Confecomer\u00e7","isPartOf":{"@id":"https:\/\/confecomerc.es\/#website"},"datePublished":"2019-03-26T11:56:43+00:00","dateModified":"2022-02-22T14:49:05+00:00","breadcrumb":{"@id":"https:\/\/confecomerc.es\/va\/enllacos-dinteres\/#breadcrumb"},"inLanguage":"va-VA","potentialAction":[{"@type":"ReadAction","target":["https:\/\/confecomerc.es\/va\/enllacos-dinteres\/"]}]},{"@type":"BreadcrumbList","@id":"https:\/\/confecomerc.es\/va\/enllacos-dinteres\/#breadcrumb","itemListElement":[{"@type":"ListItem","position":1,"name":"Home","item":"https:\/\/confecomerc.es\/va\/confecomerc-cv\/"},{"@type":"ListItem","position":2,"name":"Enlla\u00e7os d&#8217;Inter\u00e9s"}]},{"@type":"WebSite","@id":"https:\/\/confecomerc.es\/#website","url":"https:\/\/confecomerc.es\/","name":"Confecomer\u00e7","description":"Confederaci\u00f3 de Comer\u00e7 d\u2019alacant, Castell\u00f3 i Val\u00e8ncia","potentialAction":[{"@type":"SearchAction","target":{"@type":"EntryPoint","urlTemplate":"https:\/\/confecomerc.es\/?s={search_term_string}"},"query-input":{"@type":"PropertyValueSpecification","valueRequired":true,"valueName":"search_term_string"}}],"inLanguage":"va-VA"}]}},"_links":{"self":[{"href":"https:\/\/confecomerc.es\/va\/wp-json\/wp\/v2\/pages\/1487","targetHints":{"allow":["GET"]}}],"collection":[{"href":"https:\/\/confecomerc.es\/va\/wp-json\/wp\/v2\/pages"}],"about":[{"href":"https:\/\/confecomerc.es\/va\/wp-json\/wp\/v2\/types\/page"}],"author":[{"embeddable":true,"href":"https:\/\/confecomerc.es\/va\/wp-json\/wp\/v2\/users\/1"}],"replies":[{"embeddable":true,"href":"https:\/\/confecomerc.es\/va\/wp-json\/wp\/v2\/comments?post=1487"}],"version-history":[{"count":0,"href":"https:\/\/confecomerc.es\/va\/wp-json\/wp\/v2\/pages\/1487\/revisions"}],"wp:attachment":[{"href":"https:\/\/confecomerc.es\/va\/wp-json\/wp\/v2\/media?parent=1487"}],"curies":[{"name":"wp","href":"https:\/\/api.w.org\/{rel}","templated":true}]}}