{"id":1498,"date":"2019-03-26T14:54:36","date_gmt":"2019-03-26T14:54:36","guid":{"rendered":"https:\/\/confecomerc.es\/associat"},"modified":"2019-03-26T14:54:49","modified_gmt":"2019-03-26T14:54:49","slug":"associat","status":"publish","type":"page","link":"https:\/\/confecomerc.es\/va\/associat\/","title":{"rendered":"ASSOCIA\u00b4T"},"content":{"rendered":"<p>[et_pb_section fb_built=&#8221;1&#8243; fullwidth=&#8221;on&#8221; _builder_version=&#8221;3.19.17&#8243; saved_tabs=&#8221;all&#8221;][et_pb_fullwidth_slider show_arrows=&#8221;off&#8221; show_pagination=&#8221;off&#8221; show_image_video_mobile=&#8221;on&#8221; _builder_version=&#8221;3.19.17&#8243; background_color=&#8221;rgba(0,167,181,0.76)&#8221; background_image=&#8221;https:\/\/confecomerc.es\/wp-content\/uploads\/2019\/03\/bolsas-compra.jpg&#8221; background_position=&#8221;top_center&#8221; background_blend=&#8221;multiply&#8221; custom_margin_last_edited=&#8221;on|phone&#8221; custom_padding=&#8221;120px||100px&#8221; custom_padding_phone=&#8221;62px|0px|58px|0px&#8221; custom_padding_last_edited=&#8221;on|desktop&#8221;][et_pb_slide heading=&#8221;ASSOCIA\u00b4T&#8221; _builder_version=&#8221;3.19.17&#8243;]<\/p>\n<p>Units som m\u00e9s forts<\/p>\n<p>[\/et_pb_slide][\/et_pb_fullwidth_slider][\/et_pb_section][et_pb_section fb_built=&#8221;1&#8243; _builder_version=&#8221;3.19.17&#8243;][et_pb_row _builder_version=&#8221;3.19.17&#8243;][et_pb_column type=&#8221;4_4&#8243; _builder_version=&#8221;3.19.17&#8243;][et_pb_text _builder_version=&#8221;3.19.17&#8243;]<\/p>\n<h1 style=\"text-align: center;\">Et sumes al moviment Confecomer\u00e7 CV?<\/h1>\n<p style=\"text-align: center;\">Som l\u00b4organitzaci\u00f3 empresarial del comer\u00e7 de la nostra Comunitat, que vetlla pels interessos del sector i el foment de l\u00b4associacionisme, que ostenta la m\u00e1xima representativitat a nivell auton\u00f2mic, desenvolupant una funci\u00f3 vertebradora i transversal, afavorint la participaci\u00f3 i uni\u00f3 per a potenciar accions comunes amb la finalitat de fomentar un sector, que constitueix un dels principals motors de la nostra econom\u00eda, amb un 12% del PIB, m\u00e9s de 300.000 treballadors i un volum de negoci superior als 22.000 milions d\u00b4euros a l\u00b4any.<\/p>\n<p>[\/et_pb_text][et_pb_text _builder_version=&#8221;3.19.17&#8243;]<\/p>\n<div class=\"frm_forms  with_frm_style frm_style_formidable-style\" id=\"frm_form_1_container\" data-token=\"ca26f1cd7ab7a02bbbac34b167f16166\">\n<form enctype=\"multipart\/form-data\" method=\"post\" class=\"frm-show-form  frm_js_validate  frm_ajax_submit  frm_pro_form \" id=\"form_contact-form\" data-token=\"ca26f1cd7ab7a02bbbac34b167f16166\">\n<div class=\"frm_form_fields \">\n<fieldset>\n<legend class=\"frm_screen_reader\">As\u00f3ciate<\/legend>\r\n\r\n<div class=\"frm_fields_container\">\n<input type=\"hidden\" name=\"frm_action\" value=\"create\" \/>\n<input type=\"hidden\" name=\"form_id\" value=\"1\" \/>\n<input type=\"hidden\" name=\"frm_hide_fields_1\" id=\"frm_hide_fields_1\" value=\"\" \/>\n<input type=\"hidden\" name=\"form_key\" value=\"contact-form\" \/>\n<input type=\"hidden\" name=\"item_meta[0]\" value=\"\" \/>\n<input type=\"hidden\" id=\"frm_submit_entry_1\" name=\"frm_submit_entry_1\" value=\"4d0f98f864\" \/><input type=\"hidden\" name=\"_wp_http_referer\" value=\"\/va\/wp-json\/wp\/v2\/pages\/1498\" \/><div id=\"frm_field_1_container\" class=\"frm_form_field form-field  frm_required_field frm_top_container frm_first frm_half\">\r\n    <label for=\"field_qh4icy\" id=\"field_qh4icy_label\" class=\"frm_primary_label\">Persona de contacto\/Persona de contacte\r\n        <span class=\"frm_required\"><\/span>\r\n    <\/label>\r\n    <input  type=\"text\" id=\"field_qh4icy\" name=\"item_meta[1]\" value=\"\"  data-reqmsg=\"Este campo no puede estar en blanco.\" aria-required=\"true\" data-invmsg=\"Name no es v\u00e1lido\" aria-invalid=\"false\"   aria-describedby=\"frm_desc_field_qh4icy\" \/>\r\n    <div class=\"frm_description\" id=\"frm_desc_field_qh4icy\">Nombre\/Nom<\/div>\r\n    \r\n<\/div>\n<div id=\"frm_field_2_container\" class=\"frm_form_field form-field  frm_required_field frm_hidden_container frm_half\">\r\n    <label for=\"field_ocfup1\" id=\"field_ocfup1_label\" class=\"frm_primary_label\">Apellidos\/Cognoms\r\n        <span class=\"frm_required\"><\/span>\r\n    <\/label>\r\n    <input  type=\"text\" id=\"field_ocfup1\" name=\"item_meta[2]\" value=\"\"  data-reqmsg=\"Este campo no puede estar en blanco.\" aria-required=\"true\" data-invmsg=\"Last no es v\u00e1lido\" aria-invalid=\"false\"   aria-describedby=\"frm_desc_field_ocfup1\" \/>\r\n    <div class=\"frm_description\" id=\"frm_desc_field_ocfup1\">Apellidos\/Cognoms<\/div>\r\n    \r\n<\/div>\n<div id=\"frm_field_62_container\" class=\"frm_form_field form-field  frm_required_field frm_top_container\">\r\n    <label for=\"field_ten9u\" id=\"field_ten9u_label\" class=\"frm_primary_label\">Entidad\/Entitat\r\n        <span class=\"frm_required\">*<\/span>\r\n    <\/label>\r\n    <input  type=\"text\" id=\"field_ten9u\" name=\"item_meta[62]\" value=\"\"  data-reqmsg=\"Este campo no puede estar en blanco.\" aria-required=\"true\" data-invmsg=\"Texto no es v\u00e1lido\" aria-invalid=\"false\"   \/>\r\n    \r\n    \r\n<\/div>\n<div id=\"frm_field_116_container\" class=\"frm_form_field form-field  frm_required_field frm_top_container frm_other_container\">\r\n    <label for=\"field_g5sol\" id=\"field_g5sol_label\" class=\"frm_primary_label\">Provincia\r\n        <span class=\"frm_required\" aria-hidden=\"true\">*<\/span>\r\n    <\/label>\r\n    \t\t<select name=\"item_meta[116]\" id=\"field_g5sol\"  data-reqmsg=\"Este campo no puede estar en blanco.\" aria-required=\"true\" data-invmsg=\"Provincia is invalid\" aria-invalid=\"false\"  >\n\t\t<option  value=\"\" selected='selected'> <\/option><option  value=\"Alicante\">Alicante<\/option><option  value=\"Castell\u00f3n\">Castell\u00f3n<\/option><option  value=\"Valencia\">Valencia<\/option><option  value=\"Otra (indicar)\" class=\"frm_other_trigger\">Otra (indicar)<\/option>\t<\/select>\n\t<label for=\"field_g5sol-otext\" class=\"frm_screen_reader frm_hidden\">Provincia<\/label><input type=\"text\" id=\"field_g5sol-otext\" class=\"frm_other_input frm_pos_none\"  name=\"item_meta[other][116]\" value=\"\" \/>\r\n    \r\n    \r\n<\/div>\n<div id=\"frm_field_82_container\" class=\"frm_form_field form-field  frm_required_field frm_top_container\">\r\n    <label for=\"field_g4br4\" id=\"field_g4br4_label\" class=\"frm_primary_label\">Poblaci\u00f3n\/Poblaci\u00f3\r\n        <span class=\"frm_required\">*<\/span>\r\n    <\/label>\r\n    <input  type=\"text\" id=\"field_g4br4\" name=\"item_meta[82]\" value=\"\"  data-reqmsg=\"Este campo no puede estar en blanco.\" aria-required=\"true\" data-invmsg=\"Texto no es v\u00e1lido\" aria-invalid=\"false\"   \/>\r\n    \r\n    \r\n<\/div>\n<div id=\"frm_field_3_container\" class=\"frm_form_field form-field  frm_required_field frm_top_container frm_first frm_half\">\r\n    <label for=\"field_29yf4d\" id=\"field_29yf4d_label\" class=\"frm_primary_label\">Email\r\n        <span class=\"frm_required\"><\/span>\r\n    <\/label>\r\n    <input type=\"email\" id=\"field_29yf4d\" name=\"item_meta[3]\" value=\"\"  data-reqmsg=\"Este campo no puede estar en blanco.\" aria-required=\"true\" data-invmsg=\"Please enter a valid email address\" aria-invalid=\"false\"  \/>\r\n    \r\n    \r\n<\/div>\n<div id=\"frm_field_63_container\" class=\"frm_form_field form-field  frm_required_field frm_top_container frm_half\">\r\n    <label for=\"field_sow4y\" id=\"field_sow4y_label\" class=\"frm_primary_label\">Tel\u00e9fono\/Tel\u00e8fon\r\n        <span class=\"frm_required\">*<\/span>\r\n    <\/label>\r\n    <input type=\"tel\" id=\"field_sow4y\" name=\"item_meta[63]\" value=\"\"  data-reqmsg=\"Este campo no puede estar en blanco.\" aria-required=\"true\" data-invmsg=\"Phone no es v\u00e1lido\" aria-invalid=\"false\" pattern=\"((\\+\\d{1,3}(-|.| )?\\(?\\d\\)?(-| |.)?\\d{1,5})|(\\(?\\d{2,6}\\)?))(-|.| )?(\\d{3,4})(-|.| )?(\\d{4})(( x| ext)\\d{1,5}){0,1}$\"  \/>\r\n    \r\n    \r\n<\/div>\n<div id=\"frm_field_5_container\" class=\"frm_form_field form-field  frm_top_container frm_full\">\r\n    <label for=\"field_9jv0r1\" id=\"field_9jv0r1_label\" class=\"frm_primary_label\">Observaciones\/Observacions\r\n        <span class=\"frm_required\"><\/span>\r\n    <\/label>\r\n    <textarea name=\"item_meta[5]\" id=\"field_9jv0r1\" rows=\"5\"  data-invmsg=\"Observaciones\/Observacions no es v\u00e1lido\" aria-invalid=\"false\"  ><\/textarea>\r\n    \r\n    \r\n<\/div>\n<div id=\"frm_field_78_container\" class=\"frm_form_field form-field  frm_required_field frm_top_container vertical_radio\">\r\n    <div  id=\"field_af5or_label\" class=\"frm_primary_label\">Pol\u00edtica de Privacidad\r\n        <span class=\"frm_required\">*<\/span>\r\n    <\/div>\r\n    <div class=\"frm_opt_container\" aria-labelledby=\"field_af5or_label\" role=\"group\">\t\t<div class=\"frm_checkbox\" id=\"frm_checkbox_78-0\">\t\t\t<label  for=\"field_af5or-0\">\n\t\t\t<input type=\"checkbox\" name=\"item_meta[78][]\" id=\"field_af5or-0\" value=\"Acepto la &lt;a href=&quot;https:\/\/confecomerc.es\/privacy-policy&quot; target=&quot;_blank&quot;&gt;pol\u00edtica de privacidad&lt;\/a&gt; de CONFECOMER\u00c7 CV.\"  data-reqmsg=\"Este campo no puede estar en blanco.\" data-invmsg=\"Pol\u00edtica de Privacidad is invalid\"   aria-required=\"true\"  \/> Acepto la <a href=\"https:\/\/confecomerc.es\/privacy-policy\" target=\"_blank\">pol\u00edtica de privacidad<\/a> de CONFECOMER\u00c7 CV.<\/label><\/div>\n<\/div>\r\n    \r\n    \r\n<\/div>\n<div id=\"frm_field_85_container\" class=\"frm_form_field form-field  frm_none_container\">\r\n    <div  id=\"field_8p60f_label\" class=\"frm_primary_label\">Captcha\r\n        <span class=\"frm_required\"><\/span>\r\n    <\/div>\r\n    <div  id=\"field_8p60f\" class=\"g-recaptcha\" data-sitekey=\"6Lf_EJcUAAAAABxAGxQ5nNBEv1Y2jlFOvNXkkK7M\" data-size=\"normal\" data-theme=\"light\"><\/div>\r\n    \r\n    \r\n<\/div>\n\t<input type=\"hidden\" name=\"item_key\" value=\"\" \/>\n\t\t\t<div id=\"frm_field_133_container\">\n\t\t\t<label for=\"field_8tfw3\" >\n\t\t\t\tIf you are human, leave this field blank.\t\t\t<\/label>\n\t\t\t<input  id=\"field_8tfw3\" type=\"text\" class=\"frm_form_field form-field frm_verify\" name=\"item_meta[133]\" value=\"\"  \/>\n\t\t<\/div>\n\t\t<input name=\"frm_state\" type=\"hidden\" value=\"jz7m\/ICvLl6cr8z68stG+jL+cRzBF3ZKdiIdvc0HfqCrNRR\/9ySkZAIOaJL5YbfV\" \/><div class=\"frm_submit\">\r\n\r\n<button class=\"frm_button_submit frm_final_submit\" type=\"submit\"   formnovalidate=\"formnovalidate\">Enviar<\/button>\r\n\r\n<\/div><\/div>\n<\/fieldset>\n<\/div>\n\n<\/form>\n<\/div>\n\n<p>[\/et_pb_text][\/et_pb_column][\/et_pb_row][\/et_pb_section]<\/p>\n","protected":false},"excerpt":{"rendered":"<p>Som l\u00b4organitzaci\u00f3 empresarial del comer\u00e7 de la nostra Comunitat, que vetlla pels interessos del sector i el foment de l\u00b4associacionisme, que ostenta la m\u00e1xima representativitat a nivell auton\u00f2mic, desenvolupant una funci\u00f3 vertebradora i transversal, afavorint la participaci\u00f3 i uni\u00f3 per a potenciar accions comunes amb la finalitat de fomentar un sector, que constitueix un dels principals motors de la nostra econom\u00eda, amb un 12% del PIB, m\u00e9s de 300.000 treballadors i un volum de negoci superior als 22.000 milions d\u00b4euros a l\u00b4any.<\/p>\n","protected":false},"author":1,"featured_media":204,"parent":0,"menu_order":0,"comment_status":"closed","ping_status":"closed","template":"","meta":{"_et_pb_use_builder":"on","_et_pb_old_content":"","_et_gb_content_width":"","footnotes":""},"class_list":["post-1498","page","type-page","status-publish","has-post-thumbnail","hentry"],"yoast_head":"<!-- This site is optimized with the Yoast SEO plugin v27.3 - https:\/\/yoast.com\/product\/yoast-seo-wordpress\/ -->\n<title>ASSOCIA\u00b4T - Confecomer\u00e7<\/title>\n<meta name=\"robots\" content=\"index, follow, max-snippet:-1, max-image-preview:large, max-video-preview:-1\" \/>\n<link rel=\"canonical\" href=\"https:\/\/confecomerc.es\/va\/associat\/\" \/>\n<meta property=\"og:locale\" content=\"en_US\" \/>\n<meta property=\"og:type\" content=\"article\" \/>\n<meta property=\"og:title\" content=\"ASSOCIA\u00b4T - Confecomer\u00e7\" \/>\n<meta property=\"og:description\" content=\"Som l\u00b4organitzaci\u00f3 empresarial del comer\u00e7 de la nostra Comunitat, que vetlla pels interessos del sector i el foment de l\u00b4associacionisme, que ostenta la m\u00e1xima representativitat a nivell auton\u00f2mic, desenvolupant una funci\u00f3 vertebradora i transversal, afavorint la participaci\u00f3 i uni\u00f3 per a potenciar accions comunes amb la finalitat de fomentar un sector, que constitueix un dels principals motors de la nostra econom\u00eda, amb un 12% del PIB, m\u00e9s de 300.000 treballadors i un volum de negoci superior als 22.000 milions d\u00b4euros a l\u00b4any.\" \/>\n<meta property=\"og:url\" content=\"https:\/\/confecomerc.es\/va\/associat\/\" \/>\n<meta property=\"og:site_name\" content=\"Confecomer\u00e7\" \/>\n<meta property=\"article:modified_time\" content=\"2019-03-26T14:54:49+00:00\" \/>\n<meta property=\"og:image\" content=\"https:\/\/i0.wp.com\/confecomerc.es\/wp-content\/uploads\/2019\/03\/bolsas-compra.jpg?fit=1920%2C1280&ssl=1\" \/>\n\t<meta property=\"og:image:width\" content=\"1920\" \/>\n\t<meta property=\"og:image:height\" content=\"1280\" \/>\n\t<meta property=\"og:image:type\" content=\"image\/jpeg\" \/>\n<meta name=\"twitter:card\" content=\"summary_large_image\" \/>\n<meta name=\"twitter:label1\" content=\"Est. reading time\" \/>\n\t<meta name=\"twitter:data1\" content=\"1 minute\" \/>\n<script type=\"application\/ld+json\" class=\"yoast-schema-graph\">{\"@context\":\"https:\\\/\\\/schema.org\",\"@graph\":[{\"@type\":\"WebPage\",\"@id\":\"https:\\\/\\\/confecomerc.es\\\/va\\\/associat\\\/\",\"url\":\"https:\\\/\\\/confecomerc.es\\\/va\\\/associat\\\/\",\"name\":\"ASSOCIA\u00b4T - Confecomer\u00e7\",\"isPartOf\":{\"@id\":\"https:\\\/\\\/confecomerc.es\\\/#website\"},\"primaryImageOfPage\":{\"@id\":\"https:\\\/\\\/confecomerc.es\\\/va\\\/associat\\\/#primaryimage\"},\"image\":{\"@id\":\"https:\\\/\\\/confecomerc.es\\\/va\\\/associat\\\/#primaryimage\"},\"thumbnailUrl\":\"https:\\\/\\\/confecomerc.es\\\/wp-content\\\/uploads\\\/2019\\\/02\\\/logo-confecomerccv.png\",\"datePublished\":\"2019-03-26T14:54:36+00:00\",\"dateModified\":\"2019-03-26T14:54:49+00:00\",\"breadcrumb\":{\"@id\":\"https:\\\/\\\/confecomerc.es\\\/va\\\/associat\\\/#breadcrumb\"},\"inLanguage\":\"va-VA\",\"potentialAction\":[{\"@type\":\"ReadAction\",\"target\":[\"https:\\\/\\\/confecomerc.es\\\/va\\\/associat\\\/\"]}]},{\"@type\":\"ImageObject\",\"inLanguage\":\"va-VA\",\"@id\":\"https:\\\/\\\/confecomerc.es\\\/va\\\/associat\\\/#primaryimage\",\"url\":\"https:\\\/\\\/confecomerc.es\\\/wp-content\\\/uploads\\\/2019\\\/02\\\/logo-confecomerccv.png\",\"contentUrl\":\"https:\\\/\\\/confecomerc.es\\\/wp-content\\\/uploads\\\/2019\\\/02\\\/logo-confecomerccv.png\",\"width\":800,\"height\":263},{\"@type\":\"BreadcrumbList\",\"@id\":\"https:\\\/\\\/confecomerc.es\\\/va\\\/associat\\\/#breadcrumb\",\"itemListElement\":[{\"@type\":\"ListItem\",\"position\":1,\"name\":\"Home\",\"item\":\"https:\\\/\\\/confecomerc.es\\\/va\\\/confecomerc-cv\\\/\"},{\"@type\":\"ListItem\",\"position\":2,\"name\":\"ASSOCIA\u00b4T\"}]},{\"@type\":\"WebSite\",\"@id\":\"https:\\\/\\\/confecomerc.es\\\/#website\",\"url\":\"https:\\\/\\\/confecomerc.es\\\/\",\"name\":\"Confecomer\u00e7\",\"description\":\"Confederaci\u00f3 de Comer\u00e7 d\u2019alacant, Castell\u00f3 i Val\u00e8ncia\",\"potentialAction\":[{\"@type\":\"SearchAction\",\"target\":{\"@type\":\"EntryPoint\",\"urlTemplate\":\"https:\\\/\\\/confecomerc.es\\\/?s={search_term_string}\"},\"query-input\":{\"@type\":\"PropertyValueSpecification\",\"valueRequired\":true,\"valueName\":\"search_term_string\"}}],\"inLanguage\":\"va-VA\"}]}<\/script>\n<!-- \/ Yoast SEO plugin. -->","yoast_head_json":{"title":"ASSOCIA\u00b4T - Confecomer\u00e7","robots":{"index":"index","follow":"follow","max-snippet":"max-snippet:-1","max-image-preview":"max-image-preview:large","max-video-preview":"max-video-preview:-1"},"canonical":"https:\/\/confecomerc.es\/va\/associat\/","og_locale":"en_US","og_type":"article","og_title":"ASSOCIA\u00b4T - Confecomer\u00e7","og_description":"Som l\u00b4organitzaci\u00f3 empresarial del comer\u00e7 de la nostra Comunitat, que vetlla pels interessos del sector i el foment de l\u00b4associacionisme, que ostenta la m\u00e1xima representativitat a nivell auton\u00f2mic, desenvolupant una funci\u00f3 vertebradora i transversal, afavorint la participaci\u00f3 i uni\u00f3 per a potenciar accions comunes amb la finalitat de fomentar un sector, que constitueix un dels principals motors de la nostra econom\u00eda, amb un 12% del PIB, m\u00e9s de 300.000 treballadors i un volum de negoci superior als 22.000 milions d\u00b4euros a l\u00b4any.","og_url":"https:\/\/confecomerc.es\/va\/associat\/","og_site_name":"Confecomer\u00e7","article_modified_time":"2019-03-26T14:54:49+00:00","og_image":[{"width":1920,"height":1280,"url":"https:\/\/i0.wp.com\/confecomerc.es\/wp-content\/uploads\/2019\/03\/bolsas-compra.jpg?fit=1920%2C1280&ssl=1","type":"image\/jpeg"}],"twitter_card":"summary_large_image","twitter_misc":{"Est. reading time":"1 minute"},"schema":{"@context":"https:\/\/schema.org","@graph":[{"@type":"WebPage","@id":"https:\/\/confecomerc.es\/va\/associat\/","url":"https:\/\/confecomerc.es\/va\/associat\/","name":"ASSOCIA\u00b4T - Confecomer\u00e7","isPartOf":{"@id":"https:\/\/confecomerc.es\/#website"},"primaryImageOfPage":{"@id":"https:\/\/confecomerc.es\/va\/associat\/#primaryimage"},"image":{"@id":"https:\/\/confecomerc.es\/va\/associat\/#primaryimage"},"thumbnailUrl":"https:\/\/confecomerc.es\/wp-content\/uploads\/2019\/02\/logo-confecomerccv.png","datePublished":"2019-03-26T14:54:36+00:00","dateModified":"2019-03-26T14:54:49+00:00","breadcrumb":{"@id":"https:\/\/confecomerc.es\/va\/associat\/#breadcrumb"},"inLanguage":"va-VA","potentialAction":[{"@type":"ReadAction","target":["https:\/\/confecomerc.es\/va\/associat\/"]}]},{"@type":"ImageObject","inLanguage":"va-VA","@id":"https:\/\/confecomerc.es\/va\/associat\/#primaryimage","url":"https:\/\/confecomerc.es\/wp-content\/uploads\/2019\/02\/logo-confecomerccv.png","contentUrl":"https:\/\/confecomerc.es\/wp-content\/uploads\/2019\/02\/logo-confecomerccv.png","width":800,"height":263},{"@type":"BreadcrumbList","@id":"https:\/\/confecomerc.es\/va\/associat\/#breadcrumb","itemListElement":[{"@type":"ListItem","position":1,"name":"Home","item":"https:\/\/confecomerc.es\/va\/confecomerc-cv\/"},{"@type":"ListItem","position":2,"name":"ASSOCIA\u00b4T"}]},{"@type":"WebSite","@id":"https:\/\/confecomerc.es\/#website","url":"https:\/\/confecomerc.es\/","name":"Confecomer\u00e7","description":"Confederaci\u00f3 de Comer\u00e7 d\u2019alacant, Castell\u00f3 i Val\u00e8ncia","potentialAction":[{"@type":"SearchAction","target":{"@type":"EntryPoint","urlTemplate":"https:\/\/confecomerc.es\/?s={search_term_string}"},"query-input":{"@type":"PropertyValueSpecification","valueRequired":true,"valueName":"search_term_string"}}],"inLanguage":"va-VA"}]}},"_links":{"self":[{"href":"https:\/\/confecomerc.es\/va\/wp-json\/wp\/v2\/pages\/1498","targetHints":{"allow":["GET"]}}],"collection":[{"href":"https:\/\/confecomerc.es\/va\/wp-json\/wp\/v2\/pages"}],"about":[{"href":"https:\/\/confecomerc.es\/va\/wp-json\/wp\/v2\/types\/page"}],"author":[{"embeddable":true,"href":"https:\/\/confecomerc.es\/va\/wp-json\/wp\/v2\/users\/1"}],"replies":[{"embeddable":true,"href":"https:\/\/confecomerc.es\/va\/wp-json\/wp\/v2\/comments?post=1498"}],"version-history":[{"count":0,"href":"https:\/\/confecomerc.es\/va\/wp-json\/wp\/v2\/pages\/1498\/revisions"}],"wp:featuredmedia":[{"embeddable":true,"href":"https:\/\/confecomerc.es\/va\/wp-json\/wp\/v2\/media\/204"}],"wp:attachment":[{"href":"https:\/\/confecomerc.es\/va\/wp-json\/wp\/v2\/media?parent=1498"}],"curies":[{"name":"wp","href":"https:\/\/api.w.org\/{rel}","templated":true}]}}