{"id":1574,"date":"2019-03-28T14:49:26","date_gmt":"2019-03-28T14:49:26","guid":{"rendered":"https:\/\/confecomerc.es\/assistencia-tecnica-associacions"},"modified":"2022-02-23T16:07:29","modified_gmt":"2022-02-23T15:07:29","slug":"assistencia-tecnica-associacions","status":"publish","type":"page","link":"https:\/\/confecomerc.es\/va\/assistencia-tecnica-associacions\/","title":{"rendered":"Assist\u00e8ncia t\u00e8cnica Associacions"},"content":{"rendered":"<p>[et_pb_section fb_built=&#8221;1&#8243; fullwidth=&#8221;on&#8221; _builder_version=&#8221;4.14.7&#8243; background_color=&#8221;#204093&#8243; background_image=&#8221;https:\/\/confecomerc.es\/wp-content\/uploads\/2019\/03\/asistencia.jpg&#8221; background_blend=&#8221;multiply&#8221; hover_enabled=&#8221;0&#8243; saved_tabs=&#8221;all&#8221; global_colors_info=&#8221;{}&#8221; sticky_enabled=&#8221;0&#8243;][et_pb_fullwidth_slider show_arrows=&#8221;off&#8221; show_pagination=&#8221;off&#8221; show_image_video_mobile=&#8221;on&#8221; _builder_version=&#8221;3.19.17&#8243; header_font=&#8221;||||||||&#8221; background_color=&#8221;rgba(0,0,0,0)&#8221; background_blend=&#8221;luminosity&#8221; custom_margin_tablet=&#8221;&#8221; custom_margin_phone=&#8221;&#8221; custom_margin_last_edited=&#8221;on|phone&#8221; custom_padding=&#8221;120px||100px&#8221; custom_padding_tablet=&#8221;&#8221; custom_padding_phone=&#8221;62px|0px|58px|0px&#8221; custom_padding_last_edited=&#8221;on|desktop&#8221; hover_enabled=&#8221;0&#8243; header_font_size_tablet=&#8221;&#8221; header_font_size_phone=&#8221;40px&#8221; header_font_size_last_edited=&#8221;on|phone&#8221; global_colors_info=&#8221;{}&#8221; sticky_enabled=&#8221;0&#8243;][et_pb_slide heading=&#8221;Assist\u00e8ncia t\u00e8cnica Associacions&#8221; _builder_version=&#8221;3.19.17&#8243; global_colors_info=&#8221;{}&#8221; sticky_transition=&#8221;on&#8221;][\/et_pb_slide][\/et_pb_fullwidth_slider][\/et_pb_section][et_pb_section fb_built=&#8221;1&#8243; fullwidth=&#8221;on&#8221; disabled_on=&#8221;on|off|off&#8221; _builder_version=&#8221;3.22&#8243; global_colors_info=&#8221;{}&#8221;][et_pb_fullwidth_menu menu_id=&#8221;278&#8243; fullwidth_menu=&#8221;off&#8221; active_link_color=&#8221;#00a7b5&#8243; dropdown_menu_line_color=&#8221;#00a7b5&#8243; dropdown_menu_text_color=&#8221;#000000&#8243; mobile_menu_bg_color=&#8221;rgba(0,0,0,0)&#8221; mobile_menu_text_color=&#8221;#000000&#8243; _builder_version=&#8221;3.19.17&#8243; menu_font=&#8221;||||||||&#8221; menu_text_color=&#8221;#63666a&#8221; menu_font_size=&#8221;13px&#8221; menu_letter_spacing=&#8221;1px&#8221; background_color=&#8221;rgba(255,255,255,0.06)&#8221; text_orientation=&#8221;center&#8221; custom_margin=&#8221;6px||7px&#8221; custom_padding=&#8221;0px||0px|0px&#8221; custom_padding_tablet=&#8221;&#8221; custom_padding_phone=&#8221;&#8221; custom_padding_last_edited=&#8221;on|phone&#8221; animation_style=&#8221;flip&#8221; animation_delay=&#8221;1000ms&#8221; border_width_all=&#8221;1px&#8221; border_color_all=&#8221;#63666a&#8221; global_colors_info=&#8221;{}&#8221;][\/et_pb_fullwidth_menu][\/et_pb_section][et_pb_section fb_built=&#8221;1&#8243; _builder_version=&#8221;3.22&#8243; custom_padding=&#8221;42px|0px|96px|0px|false|false&#8221; global_colors_info=&#8221;{}&#8221;][et_pb_row _builder_version=&#8221;3.25&#8243; custom_padding=&#8221;18px|0px|48px|0px|false|false&#8221; global_colors_info=&#8221;{}&#8221;][et_pb_column type=&#8221;4_4&#8243; _builder_version=&#8221;3.25&#8243; custom_padding=&#8221;|||&#8221; global_colors_info=&#8221;{}&#8221; custom_padding__hover=&#8221;|||&#8221;][et_pb_text _builder_version=&#8221;3.27.4&#8243; global_colors_info=&#8221;{}&#8221;]<\/p>\n<h3>Et donem suport i assist\u00e8ncia t\u00e8cnica a les nostres associacions per a que estiguen al d\u00eda en mat\u00e8ria de normativa i en totes aquelles mitjans que milloren la seua productivitat.<\/h3>\n<p>[\/et_pb_text][\/et_pb_column][\/et_pb_row][et_pb_row _builder_version=&#8221;3.25&#8243; custom_padding=&#8221;6px|0px|37.7344px|0px|false|false&#8221; global_colors_info=&#8221;{}&#8221; column_structure=&#8221;1_2,1_2&#8243;][et_pb_column type=&#8221;1_2&#8243; _builder_version=&#8221;3.25&#8243; custom_padding=&#8221;|||&#8221; global_colors_info=&#8221;{}&#8221; custom_padding__hover=&#8221;|||&#8221;][et_pb_image src=&#8221;https:\/\/confecomerc.es\/wp-content\/uploads\/2019\/03\/asesoramiento.jpg&#8221; align_tablet=&#8221;center&#8221; align_last_edited=&#8221;on|desktop&#8221; _builder_version=&#8221;3.23&#8243; max_width=&#8221;98%&#8221; module_alignment=&#8221;right&#8221; animation_style=&#8221;slide&#8221; animation_direction=&#8221;left&#8221; global_colors_info=&#8221;{}&#8221; align_phone=&#8221;center&#8221;][\/et_pb_image][\/et_pb_column][et_pb_column type=&#8221;1_2&#8243; _builder_version=&#8221;3.25&#8243; custom_padding=&#8221;|||&#8221; global_colors_info=&#8221;{}&#8221; custom_padding__hover=&#8221;|||&#8221;][et_pb_text _builder_version=&#8221;3.27.4&#8243; global_colors_info=&#8221;{}&#8221;]<\/p>\n<p>Per aix\u00f2, t\u00b4oferim els seg\u00fcents serveis d\u00b4assist\u00e8ncia t\u00e8cnica:<\/p>\n<ul>\n<li>Formaci\u00f3 t\u00e8cnics associacions<\/li>\n<li>Coordinaci\u00f3 i implementaci\u00f3 actuacions amb les associacions<\/li>\n<li>Convenis de Serveis<\/li>\n<li>Coordinaci\u00f3 campanyes dinamitzaci\u00f3<\/li>\n<li>Informaci\u00f3 i assessorament subvencions<\/li>\n<li>Servei d\u00b4enviament newsletters personalitzades associaci\u00f3<\/li>\n<li>Mem\u00f2ries T\u00e8cniques serveis multi associacions<\/li>\n<li>Programa de gesti\u00f3 associacions<\/li>\n<li>Red de T\u00e8cnics\/Assist\u00e8ncia associacions compartida: Projecte d\u00b4Associaci\u00f3<\/li>\n<\/ul>\n<p>[\/et_pb_text][et_pb_button button_url=&#8221;https:\/\/confecomerc.es\/va\/contacte\/&#8221; button_text=&#8221;Sol.licita m\u00e9s informaci\u00f3 &#8221; button_alignment=&#8221;center&#8221; _builder_version=&#8221;3.19.17&#8243; global_colors_info=&#8221;{}&#8221;][\/et_pb_button][\/et_pb_column][\/et_pb_row][et_pb_row _builder_version=&#8221;3.25&#8243; global_colors_info=&#8221;{}&#8221;][et_pb_column type=&#8221;4_4&#8243; _builder_version=&#8221;3.25&#8243; custom_padding=&#8221;|||&#8221; global_colors_info=&#8221;{}&#8221; custom_padding__hover=&#8221;|||&#8221;][\/et_pb_column][\/et_pb_row][\/et_pb_section]<\/p>\n","protected":false},"excerpt":{"rendered":"<p>Et donem suport i assist\u00e8ncia t\u00e8cnica a les nostres associacions per a que estiguen al d\u00eda en mat\u00e8ria de normativa i en totes aquelles mitjans que milloren la seua productivitat.Per aix\u00f2, t\u00b4oferim els seg\u00fcents serveis d\u00b4assist\u00e8ncia t\u00e8cnica: Formaci\u00f3 t\u00e8cnics associacions Coordinaci\u00f3 i implementaci\u00f3 actuacions amb les associacions Convenis de Serveis Coordinaci\u00f3 campanyes dinamitzaci\u00f3 Informaci\u00f3 i assessorament subvencions Servei d\u00b4enviament newsletters personalitzades associaci\u00f3 Mem\u00f2ries T\u00e8cniques serveis multi associacions Programa de gesti\u00f3 associacions Red de T\u00e8cnics\/Assist\u00e8ncia associacions compartida: Projecte d\u00b4Associaci\u00f3<\/p>\n","protected":false},"author":1,"featured_media":0,"parent":0,"menu_order":0,"comment_status":"closed","ping_status":"closed","template":"","meta":{"_et_pb_use_builder":"on","_et_pb_old_content":"","_et_gb_content_width":"","footnotes":""},"class_list":["post-1574","page","type-page","status-publish","hentry"],"yoast_head":"<!-- This site is optimized with the Yoast SEO plugin v27.3 - https:\/\/yoast.com\/product\/yoast-seo-wordpress\/ -->\n<title>Assist\u00e8ncia t\u00e8cnica Associacions - Confecomer\u00e7<\/title>\n<meta name=\"robots\" content=\"index, follow, max-snippet:-1, max-image-preview:large, max-video-preview:-1\" \/>\n<link rel=\"canonical\" href=\"https:\/\/confecomerc.es\/va\/assistencia-tecnica-associacions\/\" \/>\n<meta property=\"og:locale\" content=\"en_US\" \/>\n<meta property=\"og:type\" content=\"article\" \/>\n<meta property=\"og:title\" content=\"Assist\u00e8ncia t\u00e8cnica Associacions - Confecomer\u00e7\" \/>\n<meta property=\"og:description\" content=\"Et donem suport i assist\u00e8ncia t\u00e8cnica a les nostres associacions per a que estiguen al d\u00eda en mat\u00e8ria de normativa i en totes aquelles mitjans que milloren la seua productivitat.Per aix\u00f2, t\u00b4oferim els seg\u00fcents serveis d\u00b4assist\u00e8ncia t\u00e8cnica: Formaci\u00f3 t\u00e8cnics associacions Coordinaci\u00f3 i implementaci\u00f3 actuacions amb les associacions Convenis de Serveis Coordinaci\u00f3 campanyes dinamitzaci\u00f3 Informaci\u00f3 i assessorament subvencions Servei d\u00b4enviament newsletters personalitzades associaci\u00f3 Mem\u00f2ries T\u00e8cniques serveis multi associacions Programa de gesti\u00f3 associacions Red de T\u00e8cnics\/Assist\u00e8ncia associacions compartida: Projecte d\u00b4Associaci\u00f3\" \/>\n<meta property=\"og:url\" content=\"https:\/\/confecomerc.es\/va\/assistencia-tecnica-associacions\/\" \/>\n<meta property=\"og:site_name\" content=\"Confecomer\u00e7\" \/>\n<meta property=\"article:modified_time\" content=\"2022-02-23T15:07:29+00:00\" \/>\n<meta name=\"twitter:card\" content=\"summary_large_image\" \/>\n<meta name=\"twitter:label1\" content=\"Est. reading time\" \/>\n\t<meta name=\"twitter:data1\" content=\"3 minutes\" \/>\n<script type=\"application\/ld+json\" class=\"yoast-schema-graph\">{\"@context\":\"https:\\\/\\\/schema.org\",\"@graph\":[{\"@type\":\"WebPage\",\"@id\":\"https:\\\/\\\/confecomerc.es\\\/va\\\/assistencia-tecnica-associacions\\\/\",\"url\":\"https:\\\/\\\/confecomerc.es\\\/va\\\/assistencia-tecnica-associacions\\\/\",\"name\":\"Assist\u00e8ncia t\u00e8cnica Associacions - Confecomer\u00e7\",\"isPartOf\":{\"@id\":\"https:\\\/\\\/confecomerc.es\\\/#website\"},\"datePublished\":\"2019-03-28T14:49:26+00:00\",\"dateModified\":\"2022-02-23T15:07:29+00:00\",\"breadcrumb\":{\"@id\":\"https:\\\/\\\/confecomerc.es\\\/va\\\/assistencia-tecnica-associacions\\\/#breadcrumb\"},\"inLanguage\":\"va-VA\",\"potentialAction\":[{\"@type\":\"ReadAction\",\"target\":[\"https:\\\/\\\/confecomerc.es\\\/va\\\/assistencia-tecnica-associacions\\\/\"]}]},{\"@type\":\"BreadcrumbList\",\"@id\":\"https:\\\/\\\/confecomerc.es\\\/va\\\/assistencia-tecnica-associacions\\\/#breadcrumb\",\"itemListElement\":[{\"@type\":\"ListItem\",\"position\":1,\"name\":\"Home\",\"item\":\"https:\\\/\\\/confecomerc.es\\\/va\\\/confecomerc-cv\\\/\"},{\"@type\":\"ListItem\",\"position\":2,\"name\":\"Assist\u00e8ncia t\u00e8cnica Associacions\"}]},{\"@type\":\"WebSite\",\"@id\":\"https:\\\/\\\/confecomerc.es\\\/#website\",\"url\":\"https:\\\/\\\/confecomerc.es\\\/\",\"name\":\"Confecomer\u00e7\",\"description\":\"Confederaci\u00f3 de Comer\u00e7 d\u2019alacant, Castell\u00f3 i Val\u00e8ncia\",\"potentialAction\":[{\"@type\":\"SearchAction\",\"target\":{\"@type\":\"EntryPoint\",\"urlTemplate\":\"https:\\\/\\\/confecomerc.es\\\/?s={search_term_string}\"},\"query-input\":{\"@type\":\"PropertyValueSpecification\",\"valueRequired\":true,\"valueName\":\"search_term_string\"}}],\"inLanguage\":\"va-VA\"}]}<\/script>\n<!-- \/ Yoast SEO plugin. -->","yoast_head_json":{"title":"Assist\u00e8ncia t\u00e8cnica Associacions - Confecomer\u00e7","robots":{"index":"index","follow":"follow","max-snippet":"max-snippet:-1","max-image-preview":"max-image-preview:large","max-video-preview":"max-video-preview:-1"},"canonical":"https:\/\/confecomerc.es\/va\/assistencia-tecnica-associacions\/","og_locale":"en_US","og_type":"article","og_title":"Assist\u00e8ncia t\u00e8cnica Associacions - Confecomer\u00e7","og_description":"Et donem suport i assist\u00e8ncia t\u00e8cnica a les nostres associacions per a que estiguen al d\u00eda en mat\u00e8ria de normativa i en totes aquelles mitjans que milloren la seua productivitat.Per aix\u00f2, t\u00b4oferim els seg\u00fcents serveis d\u00b4assist\u00e8ncia t\u00e8cnica: Formaci\u00f3 t\u00e8cnics associacions Coordinaci\u00f3 i implementaci\u00f3 actuacions amb les associacions Convenis de Serveis Coordinaci\u00f3 campanyes dinamitzaci\u00f3 Informaci\u00f3 i assessorament subvencions Servei d\u00b4enviament newsletters personalitzades associaci\u00f3 Mem\u00f2ries T\u00e8cniques serveis multi associacions Programa de gesti\u00f3 associacions Red de T\u00e8cnics\/Assist\u00e8ncia associacions compartida: Projecte d\u00b4Associaci\u00f3","og_url":"https:\/\/confecomerc.es\/va\/assistencia-tecnica-associacions\/","og_site_name":"Confecomer\u00e7","article_modified_time":"2022-02-23T15:07:29+00:00","twitter_card":"summary_large_image","twitter_misc":{"Est. reading time":"3 minutes"},"schema":{"@context":"https:\/\/schema.org","@graph":[{"@type":"WebPage","@id":"https:\/\/confecomerc.es\/va\/assistencia-tecnica-associacions\/","url":"https:\/\/confecomerc.es\/va\/assistencia-tecnica-associacions\/","name":"Assist\u00e8ncia t\u00e8cnica Associacions - Confecomer\u00e7","isPartOf":{"@id":"https:\/\/confecomerc.es\/#website"},"datePublished":"2019-03-28T14:49:26+00:00","dateModified":"2022-02-23T15:07:29+00:00","breadcrumb":{"@id":"https:\/\/confecomerc.es\/va\/assistencia-tecnica-associacions\/#breadcrumb"},"inLanguage":"va-VA","potentialAction":[{"@type":"ReadAction","target":["https:\/\/confecomerc.es\/va\/assistencia-tecnica-associacions\/"]}]},{"@type":"BreadcrumbList","@id":"https:\/\/confecomerc.es\/va\/assistencia-tecnica-associacions\/#breadcrumb","itemListElement":[{"@type":"ListItem","position":1,"name":"Home","item":"https:\/\/confecomerc.es\/va\/confecomerc-cv\/"},{"@type":"ListItem","position":2,"name":"Assist\u00e8ncia t\u00e8cnica Associacions"}]},{"@type":"WebSite","@id":"https:\/\/confecomerc.es\/#website","url":"https:\/\/confecomerc.es\/","name":"Confecomer\u00e7","description":"Confederaci\u00f3 de Comer\u00e7 d\u2019alacant, Castell\u00f3 i Val\u00e8ncia","potentialAction":[{"@type":"SearchAction","target":{"@type":"EntryPoint","urlTemplate":"https:\/\/confecomerc.es\/?s={search_term_string}"},"query-input":{"@type":"PropertyValueSpecification","valueRequired":true,"valueName":"search_term_string"}}],"inLanguage":"va-VA"}]}},"_links":{"self":[{"href":"https:\/\/confecomerc.es\/va\/wp-json\/wp\/v2\/pages\/1574","targetHints":{"allow":["GET"]}}],"collection":[{"href":"https:\/\/confecomerc.es\/va\/wp-json\/wp\/v2\/pages"}],"about":[{"href":"https:\/\/confecomerc.es\/va\/wp-json\/wp\/v2\/types\/page"}],"author":[{"embeddable":true,"href":"https:\/\/confecomerc.es\/va\/wp-json\/wp\/v2\/users\/1"}],"replies":[{"embeddable":true,"href":"https:\/\/confecomerc.es\/va\/wp-json\/wp\/v2\/comments?post=1574"}],"version-history":[{"count":0,"href":"https:\/\/confecomerc.es\/va\/wp-json\/wp\/v2\/pages\/1574\/revisions"}],"wp:attachment":[{"href":"https:\/\/confecomerc.es\/va\/wp-json\/wp\/v2\/media?parent=1574"}],"curies":[{"name":"wp","href":"https:\/\/api.w.org\/{rel}","templated":true}]}}