{"id":1584,"date":"2019-03-28T15:05:22","date_gmt":"2019-03-28T15:05:22","guid":{"rendered":"https:\/\/confecomerc.es\/formacio"},"modified":"2021-07-19T10:26:56","modified_gmt":"2021-07-19T09:26:56","slug":"formacio","status":"publish","type":"page","link":"https:\/\/confecomerc.es\/va\/formacio\/","title":{"rendered":"Formaci\u00f3"},"content":{"rendered":"<p>[et_pb_section fb_built=&#8221;1&#8243; fullwidth=&#8221;on&#8221; _builder_version=&#8221;3.19.17&#8243; saved_tabs=&#8221;all&#8221;][et_pb_fullwidth_slider show_arrows=&#8221;off&#8221; show_pagination=&#8221;off&#8221; show_image_video_mobile=&#8221;on&#8221; _builder_version=&#8221;3.19.17&#8243; background_color=&#8221;#204093&#8243; background_image=&#8221;https:\/\/confecomerc.es\/wp-content\/uploads\/2019\/03\/formacion.jpg&#8221; background_blend=&#8221;multiply&#8221; custom_margin_last_edited=&#8221;on|phone&#8221; custom_padding=&#8221;120px||100px&#8221; custom_padding_phone=&#8221;62px|0px|58px|0px&#8221; custom_padding_last_edited=&#8221;on|desktop&#8221;][et_pb_slide heading=&#8221;Formaci\u00f3&#8221; _builder_version=&#8221;3.19.17&#8243;][\/et_pb_slide][\/et_pb_fullwidth_slider][\/et_pb_section][et_pb_section fb_built=&#8221;1&#8243; fullwidth=&#8221;on&#8221; _builder_version=&#8221;3.19.17&#8243;][et_pb_fullwidth_menu menu_id=&#8221;278&#8243; fullwidth_menu=&#8221;off&#8221; active_link_color=&#8221;#00a7b5&#8243; dropdown_menu_line_color=&#8221;#00a7b5&#8243; dropdown_menu_text_color=&#8221;#000000&#8243; mobile_menu_bg_color=&#8221;rgba(0,0,0,0)&#8221; mobile_menu_text_color=&#8221;#000000&#8243; _builder_version=&#8221;3.19.17&#8243; menu_font=&#8221;||||||||&#8221; menu_text_color=&#8221;#63666a&#8221; menu_font_size=&#8221;13px&#8221; menu_letter_spacing=&#8221;1px&#8221; background_color=&#8221;rgba(255,255,255,0.06)&#8221; border_width_all=&#8221;1px&#8221; border_color_all=&#8221;#63666a&#8221; text_orientation=&#8221;center&#8221; custom_margin=&#8221;6px||7px&#8221; custom_padding=&#8221;0px||0px|0px&#8221; custom_padding_last_edited=&#8221;on|phone&#8221; animation_style=&#8221;flip&#8221; animation_delay=&#8221;2600ms&#8221;][\/et_pb_fullwidth_menu][\/et_pb_section][et_pb_section fb_built=&#8221;1&#8243; _builder_version=&#8221;3.19.17&#8243; custom_padding=&#8221;8px|0px|0|0px|false|false&#8221;][et_pb_row custom_padding=&#8221;15px|0px|48px|0px|false|false&#8221; _builder_version=&#8221;3.19.17&#8243;][et_pb_column type=&#8221;4_4&#8243; _builder_version=&#8221;3.19.17&#8243;][et_pb_text _builder_version=&#8221;3.19.17&#8243;]<\/p>\n<p>La formaci\u00f3 cont\u00ednua dels nostres associats \u00e9s una de les claus per a mantindre viu el moviment associatiu i el teixit comercial dels nostres pobles i ciutats. Per aix\u00f2, des de Confecomer\u00e7 CV realitzem distintes actuacions formatives, tant per associats com per a no associats. Estes s\u00f3n algunes d\u00b4elles:<\/p>\n<p>[\/et_pb_text][\/et_pb_column][\/et_pb_row][\/et_pb_section][et_pb_section fb_built=&#8221;1&#8243; _builder_version=&#8221;3.19.17&#8243; custom_padding=&#8221;0|0px|96px|0px|false|false&#8221;][et_pb_row custom_padding=&#8221;6px|0px|48px|0px|false|false&#8221; _builder_version=&#8221;3.19.17&#8243;][et_pb_column type=&#8221;1_2&#8243; _builder_version=&#8221;3.19.17&#8243;][et_pb_image src=&#8221;https:\/\/confecomerc.es\/wp-content\/uploads\/2019\/03\/formacion-2.jpg&#8221; _builder_version=&#8221;3.19.17&#8243;][\/et_pb_image][\/et_pb_column][et_pb_column type=&#8221;1_2&#8243; _builder_version=&#8221;3.19.17&#8243;][et_pb_text _builder_version=&#8221;3.19.17&#8243;]<\/p>\n<ul>\n<li>Networking Associacions: jornades per associacions d\u00b4intercanvi de projectes i coordinaci\u00f3 d\u00b4actuacions conjuntes.<\/li>\n<li>Tallers en diferents localitats sobre normativa, presentaci\u00f3 de convenis, serveis Confecomer\u00e7 CV, etc<\/li>\n<li>Altres tallers i jornades<\/li>\n<\/ul>\n<p>[\/et_pb_text][et_pb_button button_url=&#8221;https:\/\/confecomerc.es\/va\/contacte\/&#8221; button_text=&#8221;Sol\u00b7licita m\u00e9s informaci\u00f3&#8221; _builder_version=&#8221;3.19.17&#8243;][\/et_pb_button][\/et_pb_column][\/et_pb_row][et_pb_row _builder_version=&#8221;3.21.1&#8243;][et_pb_column type=&#8221;4_4&#8243; _builder_version=&#8221;3.21.1&#8243;][et_pb_toggle title=&#8221;BLOC 1: COMER\u00c7 OMNICANAL, PLANIFICACI\u00d3 I ESTRAT\u00c8GIA.&#8221; _builder_version=&#8221;3.21.1&#8243;]<\/p>\n<ol>\n<li>COMUNICACI\u00d3 DIGITAL PER VENDRE M\u00c9S<\/li>\n<li>CREA LA TEVA ESTRAT\u00c8GIA EN L\u00cdNIA<\/li>\n<li>PERQU\u00c8 HE DE INNOVAR EN EL XICOTET COMER\u00c7<\/li>\n<li>INNOVANT PER VENDRE M\u00c9S<\/li>\n<li>INNOVACI\u00d3 EN EL COMER\u00c7, UNA OPORTUNITAT PER A INCREMENTAR EL VALOR DE LA TEVA EMPRESA<\/li>\n<li>ATRAPA CLIENT AMB UNA COMUNICACI\u00d3 EFICA\u00c7<\/li>\n<\/ol>\n<p>[\/et_pb_toggle][et_pb_toggle title=&#8221;BLOC 2: APROFUNDIMENT EN CANALS EN L\u00cdNIA&#8221; _builder_version=&#8221;3.21.1&#8243;]<\/p>\n<ol>\n<li>NOVA EINA DE M\u00c0RQUETING PER AL COMER\u00c7: WhatsApp BUSINESS<\/li>\n<li>GEOLOCALITZACI\u00d3<\/li>\n<li>Instagram CREATIU: trucs i tend\u00e8ncies que et diferencien<\/li>\n<li>PUBLICITAT EN L\u00cdNIA: COM ARRIBAR A M\u00c9S CLIENTS AMB POC PRESSUPOST<\/li>\n<li>Elabora la teva estrat\u00e8gia publicit\u00e0ria a Facebook per vendre m\u00e9s: Facebook Adds<\/li>\n<li>Instagram AVAN\u00c7AT: ADDS, STORIES<\/li>\n<li>COMUNICACI\u00d3 A TRAV\u00c9S DE VIDEO<\/li>\n<li>Descobreix els avantatges de l&#8217;Email M\u00e0rqueting per a la teva empresa<\/li>\n<li>CREACI\u00d3, DISSENY I CONTINGUT TEVA PR\u00d2PIA WEB CORPORATIVA<\/li>\n<li>DISSENYA LA TEVA WEB<\/li>\n<li>BLOG MARKETING<\/li>\n<li>MARKETING DE INFLUENCERS<\/li>\n<\/ol>\n<p>[\/et_pb_toggle][et_pb_toggle title=&#8221;BLOC 3. EINES, T\u00c8CNIQUES PER MILLORA I APROFITAMENT DELS CANALS EN L\u00cdNIA&#8221; _builder_version=&#8221;3.21.1&#8243;]<\/p>\n<ol>\n<li>T\u00c8CNIQUES DE COPYWRITING<\/li>\n<li>SET RECEPTES PER A UNA COMUNICACI\u00d3 EMOCIONANT I EMOCIONAL A INTERNET<\/li>\n<li>FOTOGRAFIA AMB M\u00d2BIL PER A COMER\u00c7OS<\/li>\n<li>DISSENY GR\u00c0FIC AMB TEL\u00c8FON, M\u00d2BIL I TABLET<\/li>\n<li>CURS MICROVIDEOS<\/li>\n<li>CANVA PLATAFORMA DE DISENY ONLINE<\/li>\n<\/ol>\n<p>[\/et_pb_toggle][et_pb_toggle title=&#8221;BLOC 4: MESURA, AN\u00c0LISI, ESTAD\u00cdSTIQUES, OPTIMITZACI\u00d3&#8221; _builder_version=&#8221;3.21.1&#8243;]<\/p>\n<ol>\n<li>Taller Gestiona Les teves Xarxes Socials amb Hootsuite<\/li>\n<li>AN\u00c0LISI DEL COMPORTAMENT DELS CLIENTS EN L\u00cdNIA PER A LA FIDELITZACI\u00d3<\/li>\n<li>COM DESTACAR I SER VISIBLE A INTERNET? T\u00c8CNIQUES DE M\u00c0RQUETING DIGITAL PER AL COMER\u00c7<\/li>\n<li>COM APAR\u00c8IXER EL PRIMER A GOOGLE<\/li>\n<li>Posicionament en cercadors: SEO (nivell avan\u00e7at)<\/li>\n<\/ol>\n<p>[\/et_pb_toggle][et_pb_toggle title=&#8221;BLOC 5: NORMATIVA&#8221; _builder_version=&#8221;3.21.1&#8243;]<\/p>\n<p>5.1. TALLER PR\u00c0CTIC COM GESTIONAR ADAPTAR EL MEU COMER\u00c7 A EL NOU REGLAMENT DE PROTECCI\u00d3 DE DADES<br \/> 5.2. COMER\u00c7 ELECTR\u00d2NIC ASPECTES LEGALS<\/p>\n<p>[\/et_pb_toggle][et_pb_button button_url=&#8221;https:\/\/confecomerc.es\/va\/contacte\/&#8221; button_text=&#8221;Sol\u00b7licita m\u00e9s informaci\u00f3&#8221; _builder_version=&#8221;3.19.17&#8243;][\/et_pb_button][\/et_pb_column][\/et_pb_row][\/et_pb_section]<\/p>\n","protected":false},"excerpt":{"rendered":"<p>La formaci\u00f3 cont\u00ednua dels nostres associats \u00e9s una de les claus per a mantindre viu el moviment associatiu i el teixit comercial dels nostres pobles i ciutats. Per aix\u00f2, des de Confecomer\u00e7 CV realitzem distintes actuacions formatives, tant per associats com per a no associats. Estes s\u00f3n algunes d\u00b4elles: Networking Associacions: jornades per associacions d\u00b4intercanvi de projectes i coordinaci\u00f3 d\u00b4actuacions conjuntes. Tallers en diferents localitats sobre normativa, presentaci\u00f3 de convenis, serveis Confecomer\u00e7 CV, etc Altres tallers i jornades COMUNICACI\u00d3 DIGITAL PER VENDRE M\u00c9S CREA LA TEVA ESTRAT\u00c8GIA EN L\u00cdNIA PERQU\u00c8 HE DE INNOVAR EN EL XICOTET COMER\u00c7 INNOVANT PER VENDRE M\u00c9S INNOVACI\u00d3 EN EL COMER\u00c7, UNA OPORTUNITAT PER A INCREMENTAR EL VALOR DE LA TEVA EMPRESA ATRAPA CLIENT AMB UNA COMUNICACI\u00d3 EFICA\u00c7 NOVA EINA DE M\u00c0RQUETING PER AL COMER\u00c7: WhatsApp BUSINESS GEOLOCALITZACI\u00d3 Instagram CREATIU: trucs i tend\u00e8ncies que et diferencien PUBLICITAT EN L\u00cdNIA: COM ARRIBAR A M\u00c9S CLIENTS AMB POC PRESSUPOST Elabora la teva estrat\u00e8gia publicit\u00e0ria a Facebook per vendre m\u00e9s: Facebook Adds Instagram AVAN\u00c7AT: ADDS, STORIES COMUNICACI\u00d3 A TRAV\u00c9S DE VIDEO Descobreix els avantatges de l&#8217;Email M\u00e0rqueting per a la teva empresa CREACI\u00d3, DISSENY I CONTINGUT TEVA PR\u00d2PIA WEB CORPORATIVA DISSENYA LA TEVA WEB BLOG MARKETING MARKETING DE INFLUENCERS [&hellip;]<\/p>\n","protected":false},"author":1,"featured_media":0,"parent":0,"menu_order":0,"comment_status":"closed","ping_status":"closed","template":"","meta":{"_et_pb_use_builder":"on","_et_pb_old_content":"","_et_gb_content_width":"","footnotes":""},"class_list":["post-1584","page","type-page","status-publish","hentry"],"yoast_head":"<!-- This site is optimized with the Yoast SEO plugin v27.3 - https:\/\/yoast.com\/product\/yoast-seo-wordpress\/ -->\n<title>Formaci\u00f3 - Confecomer\u00e7<\/title>\n<meta name=\"robots\" content=\"index, follow, max-snippet:-1, max-image-preview:large, max-video-preview:-1\" \/>\n<link rel=\"canonical\" href=\"https:\/\/confecomerc.es\/va\/formacio\/\" \/>\n<meta property=\"og:locale\" content=\"en_US\" \/>\n<meta property=\"og:type\" content=\"article\" \/>\n<meta property=\"og:title\" content=\"Formaci\u00f3 - Confecomer\u00e7\" \/>\n<meta property=\"og:description\" content=\"La formaci\u00f3 cont\u00ednua dels nostres associats \u00e9s una de les claus per a mantindre viu el moviment associatiu i el teixit comercial dels nostres pobles i ciutats. Per aix\u00f2, des de Confecomer\u00e7 CV realitzem distintes actuacions formatives, tant per associats com per a no associats. Estes s\u00f3n algunes d\u00b4elles: Networking Associacions: jornades per associacions d\u00b4intercanvi de projectes i coordinaci\u00f3 d\u00b4actuacions conjuntes. Tallers en diferents localitats sobre normativa, presentaci\u00f3 de convenis, serveis Confecomer\u00e7 CV, etc Altres tallers i jornades COMUNICACI\u00d3 DIGITAL PER VENDRE M\u00c9S CREA LA TEVA ESTRAT\u00c8GIA EN L\u00cdNIA PERQU\u00c8 HE DE INNOVAR EN EL XICOTET COMER\u00c7 INNOVANT PER VENDRE M\u00c9S INNOVACI\u00d3 EN EL COMER\u00c7, UNA OPORTUNITAT PER A INCREMENTAR EL VALOR DE LA TEVA EMPRESA ATRAPA CLIENT AMB UNA COMUNICACI\u00d3 EFICA\u00c7 NOVA EINA DE M\u00c0RQUETING PER AL COMER\u00c7: WhatsApp BUSINESS GEOLOCALITZACI\u00d3 Instagram CREATIU: trucs i tend\u00e8ncies que et diferencien PUBLICITAT EN L\u00cdNIA: COM ARRIBAR A M\u00c9S CLIENTS AMB POC PRESSUPOST Elabora la teva estrat\u00e8gia publicit\u00e0ria a Facebook per vendre m\u00e9s: Facebook Adds Instagram AVAN\u00c7AT: ADDS, STORIES COMUNICACI\u00d3 A TRAV\u00c9S DE VIDEO Descobreix els avantatges de l&#039;Email M\u00e0rqueting per a la teva empresa CREACI\u00d3, DISSENY I CONTINGUT TEVA PR\u00d2PIA WEB CORPORATIVA DISSENYA LA TEVA WEB BLOG MARKETING MARKETING DE INFLUENCERS [&hellip;]\" \/>\n<meta property=\"og:url\" content=\"https:\/\/confecomerc.es\/va\/formacio\/\" \/>\n<meta property=\"og:site_name\" content=\"Confecomer\u00e7\" \/>\n<meta property=\"article:modified_time\" content=\"2021-07-19T09:26:56+00:00\" \/>\n<meta name=\"twitter:card\" content=\"summary_large_image\" \/>\n<meta name=\"twitter:label1\" content=\"Est. reading time\" \/>\n\t<meta name=\"twitter:data1\" content=\"4 minutes\" \/>\n<script type=\"application\/ld+json\" class=\"yoast-schema-graph\">{\"@context\":\"https:\\\/\\\/schema.org\",\"@graph\":[{\"@type\":\"WebPage\",\"@id\":\"https:\\\/\\\/confecomerc.es\\\/va\\\/formacio\\\/\",\"url\":\"https:\\\/\\\/confecomerc.es\\\/va\\\/formacio\\\/\",\"name\":\"Formaci\u00f3 - Confecomer\u00e7\",\"isPartOf\":{\"@id\":\"https:\\\/\\\/confecomerc.es\\\/#website\"},\"datePublished\":\"2019-03-28T15:05:22+00:00\",\"dateModified\":\"2021-07-19T09:26:56+00:00\",\"breadcrumb\":{\"@id\":\"https:\\\/\\\/confecomerc.es\\\/va\\\/formacio\\\/#breadcrumb\"},\"inLanguage\":\"va-VA\",\"potentialAction\":[{\"@type\":\"ReadAction\",\"target\":[\"https:\\\/\\\/confecomerc.es\\\/va\\\/formacio\\\/\"]}]},{\"@type\":\"BreadcrumbList\",\"@id\":\"https:\\\/\\\/confecomerc.es\\\/va\\\/formacio\\\/#breadcrumb\",\"itemListElement\":[{\"@type\":\"ListItem\",\"position\":1,\"name\":\"Home\",\"item\":\"https:\\\/\\\/confecomerc.es\\\/va\\\/confecomerc-cv\\\/\"},{\"@type\":\"ListItem\",\"position\":2,\"name\":\"Formaci\u00f3\"}]},{\"@type\":\"WebSite\",\"@id\":\"https:\\\/\\\/confecomerc.es\\\/#website\",\"url\":\"https:\\\/\\\/confecomerc.es\\\/\",\"name\":\"Confecomer\u00e7\",\"description\":\"Confederaci\u00f3 de Comer\u00e7 d\u2019alacant, Castell\u00f3 i Val\u00e8ncia\",\"potentialAction\":[{\"@type\":\"SearchAction\",\"target\":{\"@type\":\"EntryPoint\",\"urlTemplate\":\"https:\\\/\\\/confecomerc.es\\\/?s={search_term_string}\"},\"query-input\":{\"@type\":\"PropertyValueSpecification\",\"valueRequired\":true,\"valueName\":\"search_term_string\"}}],\"inLanguage\":\"va-VA\"}]}<\/script>\n<!-- \/ Yoast SEO plugin. -->","yoast_head_json":{"title":"Formaci\u00f3 - Confecomer\u00e7","robots":{"index":"index","follow":"follow","max-snippet":"max-snippet:-1","max-image-preview":"max-image-preview:large","max-video-preview":"max-video-preview:-1"},"canonical":"https:\/\/confecomerc.es\/va\/formacio\/","og_locale":"en_US","og_type":"article","og_title":"Formaci\u00f3 - Confecomer\u00e7","og_description":"La formaci\u00f3 cont\u00ednua dels nostres associats \u00e9s una de les claus per a mantindre viu el moviment associatiu i el teixit comercial dels nostres pobles i ciutats. Per aix\u00f2, des de Confecomer\u00e7 CV realitzem distintes actuacions formatives, tant per associats com per a no associats. Estes s\u00f3n algunes d\u00b4elles: Networking Associacions: jornades per associacions d\u00b4intercanvi de projectes i coordinaci\u00f3 d\u00b4actuacions conjuntes. Tallers en diferents localitats sobre normativa, presentaci\u00f3 de convenis, serveis Confecomer\u00e7 CV, etc Altres tallers i jornades COMUNICACI\u00d3 DIGITAL PER VENDRE M\u00c9S CREA LA TEVA ESTRAT\u00c8GIA EN L\u00cdNIA PERQU\u00c8 HE DE INNOVAR EN EL XICOTET COMER\u00c7 INNOVANT PER VENDRE M\u00c9S INNOVACI\u00d3 EN EL COMER\u00c7, UNA OPORTUNITAT PER A INCREMENTAR EL VALOR DE LA TEVA EMPRESA ATRAPA CLIENT AMB UNA COMUNICACI\u00d3 EFICA\u00c7 NOVA EINA DE M\u00c0RQUETING PER AL COMER\u00c7: WhatsApp BUSINESS GEOLOCALITZACI\u00d3 Instagram CREATIU: trucs i tend\u00e8ncies que et diferencien PUBLICITAT EN L\u00cdNIA: COM ARRIBAR A M\u00c9S CLIENTS AMB POC PRESSUPOST Elabora la teva estrat\u00e8gia publicit\u00e0ria a Facebook per vendre m\u00e9s: Facebook Adds Instagram AVAN\u00c7AT: ADDS, STORIES COMUNICACI\u00d3 A TRAV\u00c9S DE VIDEO Descobreix els avantatges de l'Email M\u00e0rqueting per a la teva empresa CREACI\u00d3, DISSENY I CONTINGUT TEVA PR\u00d2PIA WEB CORPORATIVA DISSENYA LA TEVA WEB BLOG MARKETING MARKETING DE INFLUENCERS [&hellip;]","og_url":"https:\/\/confecomerc.es\/va\/formacio\/","og_site_name":"Confecomer\u00e7","article_modified_time":"2021-07-19T09:26:56+00:00","twitter_card":"summary_large_image","twitter_misc":{"Est. reading time":"4 minutes"},"schema":{"@context":"https:\/\/schema.org","@graph":[{"@type":"WebPage","@id":"https:\/\/confecomerc.es\/va\/formacio\/","url":"https:\/\/confecomerc.es\/va\/formacio\/","name":"Formaci\u00f3 - Confecomer\u00e7","isPartOf":{"@id":"https:\/\/confecomerc.es\/#website"},"datePublished":"2019-03-28T15:05:22+00:00","dateModified":"2021-07-19T09:26:56+00:00","breadcrumb":{"@id":"https:\/\/confecomerc.es\/va\/formacio\/#breadcrumb"},"inLanguage":"va-VA","potentialAction":[{"@type":"ReadAction","target":["https:\/\/confecomerc.es\/va\/formacio\/"]}]},{"@type":"BreadcrumbList","@id":"https:\/\/confecomerc.es\/va\/formacio\/#breadcrumb","itemListElement":[{"@type":"ListItem","position":1,"name":"Home","item":"https:\/\/confecomerc.es\/va\/confecomerc-cv\/"},{"@type":"ListItem","position":2,"name":"Formaci\u00f3"}]},{"@type":"WebSite","@id":"https:\/\/confecomerc.es\/#website","url":"https:\/\/confecomerc.es\/","name":"Confecomer\u00e7","description":"Confederaci\u00f3 de Comer\u00e7 d\u2019alacant, Castell\u00f3 i Val\u00e8ncia","potentialAction":[{"@type":"SearchAction","target":{"@type":"EntryPoint","urlTemplate":"https:\/\/confecomerc.es\/?s={search_term_string}"},"query-input":{"@type":"PropertyValueSpecification","valueRequired":true,"valueName":"search_term_string"}}],"inLanguage":"va-VA"}]}},"_links":{"self":[{"href":"https:\/\/confecomerc.es\/va\/wp-json\/wp\/v2\/pages\/1584","targetHints":{"allow":["GET"]}}],"collection":[{"href":"https:\/\/confecomerc.es\/va\/wp-json\/wp\/v2\/pages"}],"about":[{"href":"https:\/\/confecomerc.es\/va\/wp-json\/wp\/v2\/types\/page"}],"author":[{"embeddable":true,"href":"https:\/\/confecomerc.es\/va\/wp-json\/wp\/v2\/users\/1"}],"replies":[{"embeddable":true,"href":"https:\/\/confecomerc.es\/va\/wp-json\/wp\/v2\/comments?post=1584"}],"version-history":[{"count":0,"href":"https:\/\/confecomerc.es\/va\/wp-json\/wp\/v2\/pages\/1584\/revisions"}],"wp:attachment":[{"href":"https:\/\/confecomerc.es\/va\/wp-json\/wp\/v2\/media?parent=1584"}],"curies":[{"name":"wp","href":"https:\/\/api.w.org\/{rel}","templated":true}]}}