{"id":1589,"date":"2019-03-28T15:07:39","date_gmt":"2019-03-28T15:07:39","guid":{"rendered":"https:\/\/confecomerc.es\/newsletter"},"modified":"2022-02-23T16:07:29","modified_gmt":"2022-02-23T15:07:29","slug":"newsletter","status":"publish","type":"page","link":"https:\/\/confecomerc.es\/va\/newsletter\/","title":{"rendered":"Newsletter"},"content":{"rendered":"<p>[et_pb_section fb_built=&#8221;1&#8243; fullwidth=&#8221;on&#8221; _builder_version=&#8221;3.22&#8243; saved_tabs=&#8221;all&#8221; global_colors_info=&#8221;{}&#8221;][et_pb_fullwidth_slider show_arrows=&#8221;off&#8221; show_pagination=&#8221;off&#8221; show_image_video_mobile=&#8221;on&#8221; _builder_version=&#8221;4.14.7&#8243; background_color=&#8221;#204093&#8243; background_image=&#8221;https:\/\/confecomerc.es\/wp-content\/uploads\/2019\/03\/panaderia.jpg&#8221; background_blend=&#8221;multiply&#8221; custom_margin_tablet=&#8221;&#8221; custom_margin_phone=&#8221;&#8221; custom_margin_last_edited=&#8221;on|phone&#8221; custom_padding=&#8221;120px||100px&#8221; custom_padding_tablet=&#8221;&#8221; custom_padding_phone=&#8221;62px|0px|58px|0px&#8221; custom_padding_last_edited=&#8221;on|desktop&#8221; hover_enabled=&#8221;0&#8243; global_colors_info=&#8221;{}&#8221; sticky_enabled=&#8221;0&#8243;][et_pb_slide heading=&#8221;Newsletter&#8221; _builder_version=&#8221;3.19.17&#8243; global_colors_info=&#8221;{}&#8221; sticky_transition=&#8221;on&#8221;]Butllet\u00ed de Not\u00edcies del Comer\u00e7 d&#8217;Alacant, Val\u00e8ncia i Castell\u00f3<br \/>\n[\/et_pb_slide][\/et_pb_fullwidth_slider][\/et_pb_section][et_pb_section fb_built=&#8221;1&#8243; fullwidth=&#8221;on&#8221; _builder_version=&#8221;3.22&#8243; global_colors_info=&#8221;{}&#8221;][et_pb_fullwidth_menu menu_id=&#8221;278&#8243; fullwidth_menu=&#8221;off&#8221; active_link_color=&#8221;#00a7b5&#8243; dropdown_menu_line_color=&#8221;#00a7b5&#8243; dropdown_menu_text_color=&#8221;#000000&#8243; mobile_menu_bg_color=&#8221;rgba(0,0,0,0)&#8221; mobile_menu_text_color=&#8221;#000000&#8243; _builder_version=&#8221;3.19.17&#8243; menu_font=&#8221;||||||||&#8221; menu_text_color=&#8221;#63666a&#8221; menu_font_size=&#8221;13px&#8221; menu_letter_spacing=&#8221;1px&#8221; background_color=&#8221;rgba(255,255,255,0.06)&#8221; text_orientation=&#8221;center&#8221; custom_margin=&#8221;6px||7px&#8221; custom_padding=&#8221;0px||0px|0px&#8221; custom_padding_tablet=&#8221;&#8221; custom_padding_phone=&#8221;&#8221; custom_padding_last_edited=&#8221;on|phone&#8221; animation_style=&#8221;flip&#8221; animation_delay=&#8221;2600ms&#8221; border_width_all=&#8221;1px&#8221; border_color_all=&#8221;#63666a&#8221; global_colors_info=&#8221;{}&#8221;][\/et_pb_fullwidth_menu][\/et_pb_section][et_pb_section fb_built=&#8221;1&#8243; _builder_version=&#8221;3.22&#8243; custom_padding=&#8221;16px|0px|96px|0px|false|false&#8221; global_colors_info=&#8221;{}&#8221;][et_pb_row column_structure=&#8221;1_2,1_2&#8243; _builder_version=&#8221;3.25&#8243; global_colors_info=&#8221;{}&#8221;][et_pb_column type=&#8221;1_2&#8243; _builder_version=&#8221;3.25&#8243; custom_padding=&#8221;|||&#8221; global_colors_info=&#8221;{}&#8221; custom_padding__hover=&#8221;|||&#8221;][et_pb_image src=&#8221;https:\/\/confecomerc.es\/wp-content\/uploads\/2019\/03\/news.jpg&#8221; align=&#8221;right&#8221; align_tablet=&#8221;center&#8221; align_phone=&#8221;&#8221; align_last_edited=&#8221;on|desktop&#8221; _builder_version=&#8221;3.23&#8243; animation_style=&#8221;slide&#8221; animation_direction=&#8221;left&#8221; box_shadow_style=&#8221;preset1&#8243; global_colors_info=&#8221;{}&#8221;][\/et_pb_image][\/et_pb_column][et_pb_column type=&#8221;1_2&#8243; _builder_version=&#8221;3.25&#8243; custom_padding=&#8221;|||&#8221; global_colors_info=&#8221;{}&#8221; custom_padding__hover=&#8221;|||&#8221;][et_pb_text _builder_version=&#8221;3.27.4&#8243; global_colors_info=&#8221;{}&#8221;]Un dels nostres serveis m\u00e9s sol.licitats \u00e9s la nostra newsletter corporativa que cont\u00e9 tota la informaci\u00f3 que requereix el sector del comer\u00e7 minorista (ajudes, subvencions, noticies, reportatges, agenda, etc). Encara no t\u00b4has inscrit?<br \/>\n[\/et_pb_text][et_pb_button button_url=&#8221;http:\/\/confecomercnews.es\/news\/lists\/?p=subscribe&#8221; url_new_window=&#8221;on&#8221; button_text=&#8221;Inscriu-te gratis&#8221; _builder_version=&#8221;4.8.0&#8243; global_colors_info=&#8221;{}&#8221;][\/et_pb_button][\/et_pb_column][\/et_pb_row][\/et_pb_section]<\/p>\n","protected":false},"excerpt":{"rendered":"<p>Butllet\u00ed de Not\u00edcies del Comer\u00e7 d&#8217;Alacant, Val\u00e8ncia i Castell\u00f3 Un dels nostres serveis m\u00e9s sol.licitats \u00e9s la nostra newsletter corporativa que cont\u00e9 tota la informaci\u00f3 que requereix el sector del comer\u00e7 minorista (ajudes, subvencions, noticies, reportatges, agenda, etc). Encara no t\u00b4has inscrit?<\/p>\n","protected":false},"author":1,"featured_media":0,"parent":0,"menu_order":0,"comment_status":"closed","ping_status":"closed","template":"","meta":{"_et_pb_use_builder":"on","_et_pb_old_content":"","_et_gb_content_width":"","footnotes":""},"class_list":["post-1589","page","type-page","status-publish","hentry"],"yoast_head":"<!-- This site is optimized with the Yoast SEO plugin v27.3 - https:\/\/yoast.com\/product\/yoast-seo-wordpress\/ -->\n<title>Newsletter - Confecomer\u00e7<\/title>\n<meta name=\"robots\" content=\"index, follow, max-snippet:-1, max-image-preview:large, max-video-preview:-1\" \/>\n<link rel=\"canonical\" href=\"https:\/\/confecomerc.es\/va\/newsletter\/\" \/>\n<meta property=\"og:locale\" content=\"en_US\" \/>\n<meta property=\"og:type\" content=\"article\" \/>\n<meta property=\"og:title\" content=\"Newsletter - Confecomer\u00e7\" \/>\n<meta property=\"og:description\" content=\"Butllet\u00ed de Not\u00edcies del Comer\u00e7 d&#039;Alacant, Val\u00e8ncia i Castell\u00f3 Un dels nostres serveis m\u00e9s sol.licitats \u00e9s la nostra newsletter corporativa que cont\u00e9 tota la informaci\u00f3 que requereix el sector del comer\u00e7 minorista (ajudes, subvencions, noticies, reportatges, agenda, etc). Encara no t\u00b4has inscrit?\" \/>\n<meta property=\"og:url\" content=\"https:\/\/confecomerc.es\/va\/newsletter\/\" \/>\n<meta property=\"og:site_name\" content=\"Confecomer\u00e7\" \/>\n<meta property=\"article:modified_time\" content=\"2022-02-23T15:07:29+00:00\" \/>\n<meta name=\"twitter:card\" content=\"summary_large_image\" \/>\n<meta name=\"twitter:label1\" content=\"Est. reading time\" \/>\n\t<meta name=\"twitter:data1\" content=\"2 minutes\" \/>\n<script type=\"application\/ld+json\" class=\"yoast-schema-graph\">{\"@context\":\"https:\\\/\\\/schema.org\",\"@graph\":[{\"@type\":\"WebPage\",\"@id\":\"https:\\\/\\\/confecomerc.es\\\/va\\\/newsletter\\\/\",\"url\":\"https:\\\/\\\/confecomerc.es\\\/va\\\/newsletter\\\/\",\"name\":\"Newsletter - Confecomer\u00e7\",\"isPartOf\":{\"@id\":\"https:\\\/\\\/confecomerc.es\\\/#website\"},\"datePublished\":\"2019-03-28T15:07:39+00:00\",\"dateModified\":\"2022-02-23T15:07:29+00:00\",\"breadcrumb\":{\"@id\":\"https:\\\/\\\/confecomerc.es\\\/va\\\/newsletter\\\/#breadcrumb\"},\"inLanguage\":\"va-VA\",\"potentialAction\":[{\"@type\":\"ReadAction\",\"target\":[\"https:\\\/\\\/confecomerc.es\\\/va\\\/newsletter\\\/\"]}]},{\"@type\":\"BreadcrumbList\",\"@id\":\"https:\\\/\\\/confecomerc.es\\\/va\\\/newsletter\\\/#breadcrumb\",\"itemListElement\":[{\"@type\":\"ListItem\",\"position\":1,\"name\":\"Home\",\"item\":\"https:\\\/\\\/confecomerc.es\\\/va\\\/confecomerc-cv\\\/\"},{\"@type\":\"ListItem\",\"position\":2,\"name\":\"Newsletter\"}]},{\"@type\":\"WebSite\",\"@id\":\"https:\\\/\\\/confecomerc.es\\\/#website\",\"url\":\"https:\\\/\\\/confecomerc.es\\\/\",\"name\":\"Confecomer\u00e7\",\"description\":\"Confederaci\u00f3 de Comer\u00e7 d\u2019alacant, Castell\u00f3 i Val\u00e8ncia\",\"potentialAction\":[{\"@type\":\"SearchAction\",\"target\":{\"@type\":\"EntryPoint\",\"urlTemplate\":\"https:\\\/\\\/confecomerc.es\\\/?s={search_term_string}\"},\"query-input\":{\"@type\":\"PropertyValueSpecification\",\"valueRequired\":true,\"valueName\":\"search_term_string\"}}],\"inLanguage\":\"va-VA\"}]}<\/script>\n<!-- \/ Yoast SEO plugin. -->","yoast_head_json":{"title":"Newsletter - Confecomer\u00e7","robots":{"index":"index","follow":"follow","max-snippet":"max-snippet:-1","max-image-preview":"max-image-preview:large","max-video-preview":"max-video-preview:-1"},"canonical":"https:\/\/confecomerc.es\/va\/newsletter\/","og_locale":"en_US","og_type":"article","og_title":"Newsletter - Confecomer\u00e7","og_description":"Butllet\u00ed de Not\u00edcies del Comer\u00e7 d'Alacant, Val\u00e8ncia i Castell\u00f3 Un dels nostres serveis m\u00e9s sol.licitats \u00e9s la nostra newsletter corporativa que cont\u00e9 tota la informaci\u00f3 que requereix el sector del comer\u00e7 minorista (ajudes, subvencions, noticies, reportatges, agenda, etc). Encara no t\u00b4has inscrit?","og_url":"https:\/\/confecomerc.es\/va\/newsletter\/","og_site_name":"Confecomer\u00e7","article_modified_time":"2022-02-23T15:07:29+00:00","twitter_card":"summary_large_image","twitter_misc":{"Est. reading time":"2 minutes"},"schema":{"@context":"https:\/\/schema.org","@graph":[{"@type":"WebPage","@id":"https:\/\/confecomerc.es\/va\/newsletter\/","url":"https:\/\/confecomerc.es\/va\/newsletter\/","name":"Newsletter - Confecomer\u00e7","isPartOf":{"@id":"https:\/\/confecomerc.es\/#website"},"datePublished":"2019-03-28T15:07:39+00:00","dateModified":"2022-02-23T15:07:29+00:00","breadcrumb":{"@id":"https:\/\/confecomerc.es\/va\/newsletter\/#breadcrumb"},"inLanguage":"va-VA","potentialAction":[{"@type":"ReadAction","target":["https:\/\/confecomerc.es\/va\/newsletter\/"]}]},{"@type":"BreadcrumbList","@id":"https:\/\/confecomerc.es\/va\/newsletter\/#breadcrumb","itemListElement":[{"@type":"ListItem","position":1,"name":"Home","item":"https:\/\/confecomerc.es\/va\/confecomerc-cv\/"},{"@type":"ListItem","position":2,"name":"Newsletter"}]},{"@type":"WebSite","@id":"https:\/\/confecomerc.es\/#website","url":"https:\/\/confecomerc.es\/","name":"Confecomer\u00e7","description":"Confederaci\u00f3 de Comer\u00e7 d\u2019alacant, Castell\u00f3 i Val\u00e8ncia","potentialAction":[{"@type":"SearchAction","target":{"@type":"EntryPoint","urlTemplate":"https:\/\/confecomerc.es\/?s={search_term_string}"},"query-input":{"@type":"PropertyValueSpecification","valueRequired":true,"valueName":"search_term_string"}}],"inLanguage":"va-VA"}]}},"_links":{"self":[{"href":"https:\/\/confecomerc.es\/va\/wp-json\/wp\/v2\/pages\/1589","targetHints":{"allow":["GET"]}}],"collection":[{"href":"https:\/\/confecomerc.es\/va\/wp-json\/wp\/v2\/pages"}],"about":[{"href":"https:\/\/confecomerc.es\/va\/wp-json\/wp\/v2\/types\/page"}],"author":[{"embeddable":true,"href":"https:\/\/confecomerc.es\/va\/wp-json\/wp\/v2\/users\/1"}],"replies":[{"embeddable":true,"href":"https:\/\/confecomerc.es\/va\/wp-json\/wp\/v2\/comments?post=1589"}],"version-history":[{"count":0,"href":"https:\/\/confecomerc.es\/va\/wp-json\/wp\/v2\/pages\/1589\/revisions"}],"wp:attachment":[{"href":"https:\/\/confecomerc.es\/va\/wp-json\/wp\/v2\/media?parent=1589"}],"curies":[{"name":"wp","href":"https:\/\/api.w.org\/{rel}","templated":true}]}}