{"id":2006,"date":"2019-07-30T13:00:34","date_gmt":"2019-07-30T12:00:34","guid":{"rendered":"https:\/\/confecomerc.es\/bulletins-cec"},"modified":"2021-07-19T09:27:44","modified_gmt":"2021-07-19T08:27:44","slug":"boletines-cec","status":"publish","type":"page","link":"https:\/\/confecomerc.es\/va\/boletines-cec\/","title":{"rendered":"Boletines CEC"},"content":{"rendered":"<p><img decoding=\"async\" class=\"aligncenter wp-image-5934 size-full\" src=\"https:\/\/confecomerc.es\/wp-content\/uploads\/2021\/01\/Cec-informa-boletines-e1610624365127.png\" alt=\"Cec informa boletines\" width=\"780\" height=\"247\" srcset=\"https:\/\/confecomerc.es\/wp-content\/uploads\/2021\/01\/Cec-informa-boletines-e1610624365127.png 780w, https:\/\/confecomerc.es\/wp-content\/uploads\/2021\/01\/Cec-informa-boletines-e1610624365127-480x247.png 480w\" sizes=\"(min-width: 0px) and (max-width: 480px) 480px, (min-width: 481px) 780px, 100vw\" \/><\/p>\n<p>En este p\u00e1gina podr\u00e1s consultar todos los boletines de noticias que publica mensualmente la Confederaci\u00f3n Espa\u00f1ola de Comercio (CEC):<\/p>\n<p><a href=\"https:\/\/confecomerc.es\/wp-content\/uploads\/2021\/05\/CEC-Informa-no72.pdf\">CEC Informa N\u00ba72 &#8211; Abril 2021<\/a><\/p>\n<p><a href=\"https:\/\/confecomerc.es\/wp-content\/uploads\/2021\/05\/CEC-Informa-no71-1.pdf\">CEC Informa N\u00ba71 &#8211; Febrero 2021<\/a><\/p>\n<p><a href=\"https:\/\/confecomerc.es\/wp-content\/uploads\/2021\/01\/CECInforma_70.pdf\">CEC Informa N\u00ba70 &#8211; Noviembre-Diciembre 2020<\/a><\/p>\n<p><a href=\"https:\/\/confecomerc.es\/wp-content\/uploads\/2021\/01\/CEC-INFORMA-69.pdf\">CEC Informa N\u00ba69 &#8211; Octubre 2020<\/a><\/p>\n<p><a href=\"https:\/\/confecomerc.es\/wp-content\/uploads\/2021\/01\/CEC-INFORMA-68.pdf\">CEC Informa N\u00ba68 &#8211; Julio 2020<\/a><\/p>\n<p><a href=\"https:\/\/confecomerc.es\/wp-content\/uploads\/2021\/01\/CEC-INFORMA-67.pdf\">CEC Informa N\u00ba67 &#8211; Junio 2020<\/a><\/p>\n<p><a href=\"https:\/\/confecomerc.es\/wp-content\/uploads\/2020\/05\/v1CEC-Informa-66.pdf\">CEC Informa N\u00ba66 &#8211; Mayo 2020<\/a><\/p>\n<p><a href=\"https:\/\/confecomerc.es\/wp-content\/uploads\/2021\/01\/CEC-INFORMA-65.pdf\">CEC Informa N\u00ba65 &#8211; Abril 2020<\/a><\/p>\n<p><a href=\"https:\/\/confecomerc.es\/wp-content\/uploads\/2021\/01\/CEC-INFORMA-64.pdf\">CEC Informa N\u00ba64 &#8211; Marzo 2020<\/a><\/p>\n<p><a href=\"https:\/\/confecomerc.es\/wp-content\/uploads\/2021\/01\/CEC-INFORMA-63.pdf\">CEC Informa N\u00ba63 &#8211; Febrero 2020<\/a><\/p>\n<p><a href=\"https:\/\/confecomerc.es\/wp-content\/uploads\/2019\/07\/CEC-Informa-n%C2%BA58.pdf\">CEC Informa N\u00ba58 &#8211; Julio 2019<\/a><\/p>\n<p><a href=\"https:\/\/confecomerc.es\/wp-content\/uploads\/2019\/07\/CEC-Informa-n%C2%BA57.pdf\">CEC Informa N\u00ba57 &#8211; Junio 2019<\/a><\/p>\n<p><a href=\"https:\/\/confecomerc.es\/wp-content\/uploads\/2019\/07\/CEC-Informa-n%C2%BA56.pdf\">CEC Informa N\u00ba56 &#8211; Mayo 2019<\/a><\/p>\n","protected":false},"excerpt":{"rendered":"<p>En este p\u00e1gina podr\u00e1s consultar todos los boletines de noticias que publica mensualmente la Confederaci\u00f3n Espa\u00f1ola de Comercio (CEC)<\/p>\n","protected":false},"author":1,"featured_media":5935,"parent":0,"menu_order":0,"comment_status":"closed","ping_status":"closed","template":"","meta":{"_et_pb_use_builder":"","_et_pb_old_content":"","_et_gb_content_width":"","footnotes":""},"class_list":["post-2006","page","type-page","status-publish","has-post-thumbnail","hentry"],"yoast_head":"<!-- This site is optimized with the Yoast SEO plugin v27.2 - https:\/\/yoast.com\/product\/yoast-seo-wordpress\/ -->\n<title>Boletines CEC - Confecomer\u00e7<\/title>\n<meta name=\"description\" content=\"En este p\u00e1gina podr\u00e1s consultar todos los boletines de noticias que publica mensualmente la Confederaci\u00f3n Espa\u00f1ola de Comercio (CEC): CEC INFORMA\" \/>\n<meta name=\"robots\" content=\"index, follow, max-snippet:-1, max-image-preview:large, max-video-preview:-1\" \/>\n<link rel=\"canonical\" href=\"https:\/\/confecomerc.es\/va\/boletines-cec\/\" \/>\n<meta property=\"og:locale\" content=\"en_US\" \/>\n<meta property=\"og:type\" content=\"article\" \/>\n<meta property=\"og:title\" content=\"Boletines CEC - Confecomer\u00e7\" \/>\n<meta property=\"og:description\" content=\"En este p\u00e1gina podr\u00e1s consultar todos los boletines de noticias que publica mensualmente la Confederaci\u00f3n Espa\u00f1ola de Comercio (CEC): CEC INFORMA\" \/>\n<meta property=\"og:url\" content=\"https:\/\/confecomerc.es\/va\/boletines-cec\/\" \/>\n<meta property=\"og:site_name\" content=\"Confecomer\u00e7\" \/>\n<meta property=\"article:modified_time\" content=\"2021-07-19T08:27:44+00:00\" \/>\n<meta property=\"og:image\" content=\"https:\/\/i1.wp.com\/confecomerc.es\/wp-content\/uploads\/2021\/01\/Cec-informa-boletines.png?fit=786%2C261&ssl=1\" \/>\n\t<meta property=\"og:image:width\" content=\"786\" \/>\n\t<meta property=\"og:image:height\" content=\"261\" \/>\n\t<meta property=\"og:image:type\" content=\"image\/png\" \/>\n<meta name=\"twitter:card\" content=\"summary_large_image\" \/>\n<script type=\"application\/ld+json\" class=\"yoast-schema-graph\">{\"@context\":\"https:\/\/schema.org\",\"@graph\":[{\"@type\":\"WebPage\",\"@id\":\"https:\/\/confecomerc.es\/va\/boletines-cec\/\",\"url\":\"https:\/\/confecomerc.es\/va\/boletines-cec\/\",\"name\":\"Boletines CEC - Confecomer\u00e7\",\"isPartOf\":{\"@id\":\"https:\/\/confecomerc.es\/#website\"},\"primaryImageOfPage\":{\"@id\":\"https:\/\/confecomerc.es\/va\/boletines-cec\/#primaryimage\"},\"image\":{\"@id\":\"https:\/\/confecomerc.es\/va\/boletines-cec\/#primaryimage\"},\"thumbnailUrl\":\"https:\/\/confecomerc.es\/wp-content\/uploads\/2021\/01\/Cec-informa-boletines.png\",\"datePublished\":\"2019-07-30T12:00:34+00:00\",\"dateModified\":\"2021-07-19T08:27:44+00:00\",\"description\":\"En este p\u00e1gina podr\u00e1s consultar todos los boletines de noticias que publica mensualmente la Confederaci\u00f3n Espa\u00f1ola de Comercio (CEC): CEC INFORMA\",\"breadcrumb\":{\"@id\":\"https:\/\/confecomerc.es\/va\/boletines-cec\/#breadcrumb\"},\"inLanguage\":\"va-VA\",\"potentialAction\":[{\"@type\":\"ReadAction\",\"target\":[\"https:\/\/confecomerc.es\/va\/boletines-cec\/\"]}]},{\"@type\":\"ImageObject\",\"inLanguage\":\"va-VA\",\"@id\":\"https:\/\/confecomerc.es\/va\/boletines-cec\/#primaryimage\",\"url\":\"https:\/\/confecomerc.es\/wp-content\/uploads\/2021\/01\/Cec-informa-boletines.png\",\"contentUrl\":\"https:\/\/confecomerc.es\/wp-content\/uploads\/2021\/01\/Cec-informa-boletines.png\",\"width\":786,\"height\":261,\"caption\":\"Cec informa boletines\"},{\"@type\":\"BreadcrumbList\",\"@id\":\"https:\/\/confecomerc.es\/va\/boletines-cec\/#breadcrumb\",\"itemListElement\":[{\"@type\":\"ListItem\",\"position\":1,\"name\":\"Home\",\"item\":\"https:\/\/confecomerc.es\/va\/confecomerc-cv\/\"},{\"@type\":\"ListItem\",\"position\":2,\"name\":\"Boletines CEC\"}]},{\"@type\":\"WebSite\",\"@id\":\"https:\/\/confecomerc.es\/#website\",\"url\":\"https:\/\/confecomerc.es\/\",\"name\":\"Confecomer\u00e7\",\"description\":\"Confederaci\u00f3 de Comer\u00e7 d\u2019alacant, Castell\u00f3 i Val\u00e8ncia\",\"potentialAction\":[{\"@type\":\"SearchAction\",\"target\":{\"@type\":\"EntryPoint\",\"urlTemplate\":\"https:\/\/confecomerc.es\/?s={search_term_string}\"},\"query-input\":{\"@type\":\"PropertyValueSpecification\",\"valueRequired\":true,\"valueName\":\"search_term_string\"}}],\"inLanguage\":\"va-VA\"}]}<\/script>\n<!-- \/ Yoast SEO plugin. -->","yoast_head_json":{"title":"Boletines CEC - Confecomer\u00e7","description":"En este p\u00e1gina podr\u00e1s consultar todos los boletines de noticias que publica mensualmente la Confederaci\u00f3n Espa\u00f1ola de Comercio (CEC): CEC INFORMA","robots":{"index":"index","follow":"follow","max-snippet":"max-snippet:-1","max-image-preview":"max-image-preview:large","max-video-preview":"max-video-preview:-1"},"canonical":"https:\/\/confecomerc.es\/va\/boletines-cec\/","og_locale":"en_US","og_type":"article","og_title":"Boletines CEC - Confecomer\u00e7","og_description":"En este p\u00e1gina podr\u00e1s consultar todos los boletines de noticias que publica mensualmente la Confederaci\u00f3n Espa\u00f1ola de Comercio (CEC): CEC INFORMA","og_url":"https:\/\/confecomerc.es\/va\/boletines-cec\/","og_site_name":"Confecomer\u00e7","article_modified_time":"2021-07-19T08:27:44+00:00","og_image":[{"width":786,"height":261,"url":"https:\/\/i1.wp.com\/confecomerc.es\/wp-content\/uploads\/2021\/01\/Cec-informa-boletines.png?fit=786%2C261&ssl=1","type":"image\/png"}],"twitter_card":"summary_large_image","schema":{"@context":"https:\/\/schema.org","@graph":[{"@type":"WebPage","@id":"https:\/\/confecomerc.es\/va\/boletines-cec\/","url":"https:\/\/confecomerc.es\/va\/boletines-cec\/","name":"Boletines CEC - Confecomer\u00e7","isPartOf":{"@id":"https:\/\/confecomerc.es\/#website"},"primaryImageOfPage":{"@id":"https:\/\/confecomerc.es\/va\/boletines-cec\/#primaryimage"},"image":{"@id":"https:\/\/confecomerc.es\/va\/boletines-cec\/#primaryimage"},"thumbnailUrl":"https:\/\/confecomerc.es\/wp-content\/uploads\/2021\/01\/Cec-informa-boletines.png","datePublished":"2019-07-30T12:00:34+00:00","dateModified":"2021-07-19T08:27:44+00:00","description":"En este p\u00e1gina podr\u00e1s consultar todos los boletines de noticias que publica mensualmente la Confederaci\u00f3n Espa\u00f1ola de Comercio (CEC): CEC INFORMA","breadcrumb":{"@id":"https:\/\/confecomerc.es\/va\/boletines-cec\/#breadcrumb"},"inLanguage":"va-VA","potentialAction":[{"@type":"ReadAction","target":["https:\/\/confecomerc.es\/va\/boletines-cec\/"]}]},{"@type":"ImageObject","inLanguage":"va-VA","@id":"https:\/\/confecomerc.es\/va\/boletines-cec\/#primaryimage","url":"https:\/\/confecomerc.es\/wp-content\/uploads\/2021\/01\/Cec-informa-boletines.png","contentUrl":"https:\/\/confecomerc.es\/wp-content\/uploads\/2021\/01\/Cec-informa-boletines.png","width":786,"height":261,"caption":"Cec informa boletines"},{"@type":"BreadcrumbList","@id":"https:\/\/confecomerc.es\/va\/boletines-cec\/#breadcrumb","itemListElement":[{"@type":"ListItem","position":1,"name":"Home","item":"https:\/\/confecomerc.es\/va\/confecomerc-cv\/"},{"@type":"ListItem","position":2,"name":"Boletines CEC"}]},{"@type":"WebSite","@id":"https:\/\/confecomerc.es\/#website","url":"https:\/\/confecomerc.es\/","name":"Confecomer\u00e7","description":"Confederaci\u00f3 de Comer\u00e7 d\u2019alacant, Castell\u00f3 i Val\u00e8ncia","potentialAction":[{"@type":"SearchAction","target":{"@type":"EntryPoint","urlTemplate":"https:\/\/confecomerc.es\/?s={search_term_string}"},"query-input":{"@type":"PropertyValueSpecification","valueRequired":true,"valueName":"search_term_string"}}],"inLanguage":"va-VA"}]}},"_links":{"self":[{"href":"https:\/\/confecomerc.es\/va\/wp-json\/wp\/v2\/pages\/2006","targetHints":{"allow":["GET"]}}],"collection":[{"href":"https:\/\/confecomerc.es\/va\/wp-json\/wp\/v2\/pages"}],"about":[{"href":"https:\/\/confecomerc.es\/va\/wp-json\/wp\/v2\/types\/page"}],"author":[{"embeddable":true,"href":"https:\/\/confecomerc.es\/va\/wp-json\/wp\/v2\/users\/1"}],"replies":[{"embeddable":true,"href":"https:\/\/confecomerc.es\/va\/wp-json\/wp\/v2\/comments?post=2006"}],"version-history":[{"count":0,"href":"https:\/\/confecomerc.es\/va\/wp-json\/wp\/v2\/pages\/2006\/revisions"}],"wp:featuredmedia":[{"embeddable":true,"href":"https:\/\/confecomerc.es\/va\/wp-json\/wp\/v2\/media\/5935"}],"wp:attachment":[{"href":"https:\/\/confecomerc.es\/va\/wp-json\/wp\/v2\/media?parent=2006"}],"curies":[{"name":"wp","href":"https:\/\/api.w.org\/{rel}","templated":true}]}}