{"id":266488,"date":"2025-07-10T09:08:03","date_gmt":"2025-07-10T07:08:03","guid":{"rendered":"https:\/\/confecomerc.es\/kit-de-comunicacio-de-defende-a-resoldre\/"},"modified":"2025-07-10T13:46:39","modified_gmt":"2025-07-10T11:46:39","slug":"kit-de-comunicacio-de-defende-a-resoldre","status":"publish","type":"page","link":"https:\/\/confecomerc.es\/va\/kit-de-comunicacio-de-defende-a-resoldre\/","title":{"rendered":"Kit de Comunicaci\u00f3 &#8211; DE DEFENDE A RESOLDRE"},"content":{"rendered":"\r\n\r\n<p style=\"text-align:center\">\r\n  Este contenido es exclusivo para socios de CONFECOMER\u00c7 CV.  \r\n  Es necesario estar <a href=\"https:\/\/confecomerc.es\/register?redirect_to=\/estudios-e-informes\/\">registrado<\/a>\r\n  o <a class=\"wpdmloginmodal-trigger\" href=\"https:\/\/confecomerc.es\/login\/\" target=\"_blank\" rel=\"noopener\">iniciar sesi\u00f3n<\/a> para visualizarlo\r\n<\/p>\r\n\r\n<h3 style=\"text-align:center\">Inicia sesi\u00f3n<\/h3>\r\n\r\n<!-- Limitamos el ancho, lo centramos y a\u00f1adimos un peque\u00f1o relleno lateral -->\r\n<div style=\"max-width:420px;margin:0 auto;padding:0 1rem\">\r\n  \n<div class=\"um um-login um-5764\">\n\t<div class=\"um-form\">\n\t\t<form method=\"post\" action=\"\" autocomplete=\"off\">\n\t\t\t<div class=\"um-row _um_row_1 \" style=\"margin: 0 0 30px 0;\"><div class=\"um-col-1\"><div  id=\"um_field_5764_username\" class=\"um-field um-field-text  um-field-username um-field-text um-field-type_text\" data-key=\"username\"><div class=\"um-field-label\"><label for=\"username-5764\">Username or E-mail<span class=\"um-req\" title=\"Required\">*<\/span><\/label><div class=\"um-clear\"><\/div><\/div><div class=\"um-field-area\"><input  autocomplete=\"off\" class=\"um-form-field valid \" type=\"text\" name=\"username-5764\" id=\"username-5764\" value=\"\" placeholder=\"\" data-validate=\"unique_username_or_email\" data-key=\"username\"  aria-invalid=\"false\" \/>\n\n\t\t\t\t\t\t<\/div><\/div><div  id=\"um_field_5764_user_password\" class=\"um-field um-field-password  um-field-user_password um-field-password um-field-type_password\" data-key=\"user_password\"><div class=\"um-field-label\"><label for=\"user_password-5764\">Password<span class=\"um-req\" title=\"Required\">*<\/span><\/label><div class=\"um-clear\"><\/div><\/div><div class=\"um-field-area\"><input class=\"um-form-field valid \" type=\"password\" name=\"user_password-5764\" id=\"user_password-5764\" value=\"\" placeholder=\"\" data-validate=\"\" data-key=\"user_password\"  aria-invalid=\"false\" \/>\n\n\t\t\t\t\t\t\t<\/div><\/div><\/div><\/div>\t<input type=\"hidden\" name=\"form_id\" id=\"form_id_5764\" value=\"5764\" \/>\n\t\t<p class=\"um_request_name\">\n\t\t<label for=\"um_request_5764\">Only fill in if you are not human<\/label>\n\t\t<input type=\"hidden\" name=\"um_request\" id=\"um_request_5764\" class=\"input\" value=\"\" size=\"25\" autocomplete=\"off\" \/>\n\t<\/p>\n\t<input type=\"hidden\" name=\"redirect_to\" id=\"redirect_to\" value=\"https:\/\/confecomerc.es\/va\/wp-json\/wp\/v2\/pages\/266488\" \/><input type=\"hidden\" id=\"_wpnonce\" name=\"_wpnonce\" value=\"2e56f828fd\" \/><input type=\"hidden\" name=\"_wp_http_referer\" value=\"\/va\/wp-json\/wp\/v2\/pages\/266488\" \/>\n\t<div class=\"um-col-alt\">\n\n\t\t\n\n\t\t\t<div class=\"um-field um-field-c\">\n\t\t\t\t<div class=\"um-field-area\">\n\t\t\t\t\t<label class=\"um-field-checkbox\">\n\t\t\t\t\t\t<input type=\"checkbox\" name=\"rememberme\" value=\"1\"  \/>\n\t\t\t\t\t\t<span class=\"um-field-checkbox-state\"><i class=\"um-icon-android-checkbox-outline-blank\"><\/i><\/span>\n\t\t\t\t\t\t<span class=\"um-field-checkbox-option\"> Keep me signed in<\/span>\n\t\t\t\t\t<\/label>\n\t\t\t\t<\/div>\n\t\t\t<\/div>\n\n\t\t\t\t\t\t<div class=\"um-clear\"><\/div>\n\t\t\n\t\t\t<div class=\"um-left um-half\">\n\t\t\t\t<input type=\"submit\" value=\"Iniciar sesi\u00f3n\" class=\"um-button\" id=\"um-submit-btn\" \/>\n\t\t\t<\/div>\n\t\t\t<div class=\"um-right um-half\">\n\t\t\t\t<a href=\"https:\/\/confecomerc.es\/va\/registre\/\" class=\"um-button um-alt\">\n\t\t\t\t\tRegistro\t\t\t\t<\/a>\n\t\t\t<\/div>\n\n\t\t\n\t\t<div class=\"um-clear\"><\/div>\n\n\t<\/div>\n\n\t\n\t<div class=\"um-col-alt-b\">\n\t\t<a href=\"https:\/\/confecomerc.es\/va\/restablir-la-contrasenya\/\" class=\"um-link-alt\">\n\t\t\tForgot your password?\t\t<\/a>\n\t<\/div>\n\n\t\t\t<\/form>\n\t<\/div>\n<\/div>\n<style>\n\t\t\t.um-5764.um {\n\t\t\tmax-width: 450px;\n\t\t}\n\t\t<\/style>\n\r\n<\/div>\r\n\r\n<h3 style=\"text-align:center\">\r\n  <a href=\"https:\/\/confecomerc.es\/register?redirect_to=\/estudios-e-informes\/\">Solicita el acceso gratuito<\/a>\r\n<\/h3>\r\n\r\n<p style=\"text-align:center\">\r\n  <span style=\"color:#339966\">\r\n    <a style=\"color:#339966\" href=\"https:\/\/confecomerc.es\/register?redirect_to=\/estudios-e-informes\/\" rel=\"noopener\">\r\n      <strong>REG\u00cdSTRATE GRATIS<\/strong>\r\n    <\/a>\r\n  <\/span>\r\n<\/p>\r\n\r\n\r\n\r\n\r\n","protected":false},"excerpt":{"rendered":"","protected":false},"author":1,"featured_media":0,"parent":0,"menu_order":0,"comment_status":"closed","ping_status":"closed","template":"","meta":{"_et_pb_use_builder":"on","_et_pb_old_content":"","_et_gb_content_width":"","footnotes":""},"class_list":["post-266488","page","type-page","status-publish","hentry"],"yoast_head":"<!-- This site is optimized with the Yoast SEO plugin v27.2 - https:\/\/yoast.com\/product\/yoast-seo-wordpress\/ -->\n<title>Kit de Comunicaci\u00f3 - DE DEFENDE A RESOLDRE - Confecomer\u00e7<\/title>\n<meta name=\"robots\" content=\"noindex, nofollow\" \/>\n<meta property=\"og:locale\" content=\"en_US\" \/>\n<meta property=\"og:type\" content=\"article\" \/>\n<meta property=\"og:title\" content=\"Kit de Comunicaci\u00f3 - DE DEFENDE A RESOLDRE - Confecomer\u00e7\" \/>\n<meta property=\"og:url\" content=\"https:\/\/confecomerc.es\/va\/kit-de-comunicacio-de-defende-a-resoldre\/\" \/>\n<meta property=\"og:site_name\" content=\"Confecomer\u00e7\" \/>\n<meta property=\"article:modified_time\" content=\"2025-07-10T11:46:39+00:00\" \/>\n<meta name=\"twitter:card\" content=\"summary_large_image\" \/>\n<meta name=\"twitter:label1\" content=\"Est. reading time\" \/>\n\t<meta name=\"twitter:data1\" content=\"13 minutes\" \/>\n<script type=\"application\/ld+json\" class=\"yoast-schema-graph\">{\"@context\":\"https:\/\/schema.org\",\"@graph\":[{\"@type\":\"WebPage\",\"@id\":\"https:\/\/confecomerc.es\/va\/kit-de-comunicacio-de-defende-a-resoldre\/\",\"url\":\"https:\/\/confecomerc.es\/va\/kit-de-comunicacio-de-defende-a-resoldre\/\",\"name\":\"Kit de Comunicaci\u00f3 - DE DEFENDE A RESOLDRE - Confecomer\u00e7\",\"isPartOf\":{\"@id\":\"https:\/\/confecomerc.es\/#website\"},\"datePublished\":\"2025-07-10T07:08:03+00:00\",\"dateModified\":\"2025-07-10T11:46:39+00:00\",\"breadcrumb\":{\"@id\":\"https:\/\/confecomerc.es\/va\/kit-de-comunicacio-de-defende-a-resoldre\/#breadcrumb\"},\"inLanguage\":\"va-VA\",\"potentialAction\":[{\"@type\":\"ReadAction\",\"target\":[\"https:\/\/confecomerc.es\/va\/kit-de-comunicacio-de-defende-a-resoldre\/\"]}]},{\"@type\":\"BreadcrumbList\",\"@id\":\"https:\/\/confecomerc.es\/va\/kit-de-comunicacio-de-defende-a-resoldre\/#breadcrumb\",\"itemListElement\":[{\"@type\":\"ListItem\",\"position\":1,\"name\":\"Home\",\"item\":\"https:\/\/confecomerc.es\/va\/confecomerc-cv\/\"},{\"@type\":\"ListItem\",\"position\":2,\"name\":\"Kit de Comunicaci\u00f3 &#8211; DE DEFENDE A RESOLDRE\"}]},{\"@type\":\"WebSite\",\"@id\":\"https:\/\/confecomerc.es\/#website\",\"url\":\"https:\/\/confecomerc.es\/\",\"name\":\"Confecomer\u00e7\",\"description\":\"Confederaci\u00f3 de Comer\u00e7 d\u2019alacant, Castell\u00f3 i Val\u00e8ncia\",\"potentialAction\":[{\"@type\":\"SearchAction\",\"target\":{\"@type\":\"EntryPoint\",\"urlTemplate\":\"https:\/\/confecomerc.es\/?s={search_term_string}\"},\"query-input\":{\"@type\":\"PropertyValueSpecification\",\"valueRequired\":true,\"valueName\":\"search_term_string\"}}],\"inLanguage\":\"va-VA\"}]}<\/script>\n<!-- \/ Yoast SEO plugin. -->","yoast_head_json":{"title":"Kit de Comunicaci\u00f3 - DE DEFENDE A RESOLDRE - Confecomer\u00e7","robots":{"index":"noindex","follow":"nofollow"},"og_locale":"en_US","og_type":"article","og_title":"Kit de Comunicaci\u00f3 - DE DEFENDE A RESOLDRE - Confecomer\u00e7","og_url":"https:\/\/confecomerc.es\/va\/kit-de-comunicacio-de-defende-a-resoldre\/","og_site_name":"Confecomer\u00e7","article_modified_time":"2025-07-10T11:46:39+00:00","twitter_card":"summary_large_image","twitter_misc":{"Est. reading time":"13 minutes"},"schema":{"@context":"https:\/\/schema.org","@graph":[{"@type":"WebPage","@id":"https:\/\/confecomerc.es\/va\/kit-de-comunicacio-de-defende-a-resoldre\/","url":"https:\/\/confecomerc.es\/va\/kit-de-comunicacio-de-defende-a-resoldre\/","name":"Kit de Comunicaci\u00f3 - DE DEFENDE A RESOLDRE - Confecomer\u00e7","isPartOf":{"@id":"https:\/\/confecomerc.es\/#website"},"datePublished":"2025-07-10T07:08:03+00:00","dateModified":"2025-07-10T11:46:39+00:00","breadcrumb":{"@id":"https:\/\/confecomerc.es\/va\/kit-de-comunicacio-de-defende-a-resoldre\/#breadcrumb"},"inLanguage":"va-VA","potentialAction":[{"@type":"ReadAction","target":["https:\/\/confecomerc.es\/va\/kit-de-comunicacio-de-defende-a-resoldre\/"]}]},{"@type":"BreadcrumbList","@id":"https:\/\/confecomerc.es\/va\/kit-de-comunicacio-de-defende-a-resoldre\/#breadcrumb","itemListElement":[{"@type":"ListItem","position":1,"name":"Home","item":"https:\/\/confecomerc.es\/va\/confecomerc-cv\/"},{"@type":"ListItem","position":2,"name":"Kit de Comunicaci\u00f3 &#8211; DE DEFENDE A RESOLDRE"}]},{"@type":"WebSite","@id":"https:\/\/confecomerc.es\/#website","url":"https:\/\/confecomerc.es\/","name":"Confecomer\u00e7","description":"Confederaci\u00f3 de Comer\u00e7 d\u2019alacant, Castell\u00f3 i Val\u00e8ncia","potentialAction":[{"@type":"SearchAction","target":{"@type":"EntryPoint","urlTemplate":"https:\/\/confecomerc.es\/?s={search_term_string}"},"query-input":{"@type":"PropertyValueSpecification","valueRequired":true,"valueName":"search_term_string"}}],"inLanguage":"va-VA"}]}},"_links":{"self":[{"href":"https:\/\/confecomerc.es\/va\/wp-json\/wp\/v2\/pages\/266488","targetHints":{"allow":["GET"]}}],"collection":[{"href":"https:\/\/confecomerc.es\/va\/wp-json\/wp\/v2\/pages"}],"about":[{"href":"https:\/\/confecomerc.es\/va\/wp-json\/wp\/v2\/types\/page"}],"author":[{"embeddable":true,"href":"https:\/\/confecomerc.es\/va\/wp-json\/wp\/v2\/users\/1"}],"replies":[{"embeddable":true,"href":"https:\/\/confecomerc.es\/va\/wp-json\/wp\/v2\/comments?post=266488"}],"version-history":[{"count":0,"href":"https:\/\/confecomerc.es\/va\/wp-json\/wp\/v2\/pages\/266488\/revisions"}],"wp:attachment":[{"href":"https:\/\/confecomerc.es\/va\/wp-json\/wp\/v2\/media?parent=266488"}],"curies":[{"name":"wp","href":"https:\/\/api.w.org\/{rel}","templated":true}]}}