{"id":266784,"date":"2025-10-29T17:47:47","date_gmt":"2025-10-29T15:47:47","guid":{"rendered":"https:\/\/confecomerc.es\/calendari-laboral-i-festius-oberturables-2026-de-la-comunitat-valenciana\/"},"modified":"2025-10-29T17:47:57","modified_gmt":"2025-10-29T15:47:57","slug":"calendari-laboral-i-festius-oberturables-2026-de-la-comunitat-valenciana","status":"publish","type":"page","link":"https:\/\/confecomerc.es\/va\/calendari-laboral-i-festius-oberturables-2026-de-la-comunitat-valenciana\/","title":{"rendered":"Calendari Laboral i festius oberturables 2026 de la Comunitat Valenciana"},"content":{"rendered":"<p>[et_pb_section fb_built=&#8221;1&#8243; _builder_version=&#8221;4.16&#8243; _module_preset=&#8221;default&#8221; locked=&#8221;off&#8221; global_colors_info=&#8221;{}&#8221; theme_builder_area=&#8221;post_content&#8221;][et_pb_row _builder_version=&#8221;4.16&#8243; _module_preset=&#8221;default&#8221; global_colors_info=&#8221;{}&#8221; theme_builder_area=&#8221;post_content&#8221;][et_pb_column type=&#8221;4_4&#8243; _builder_version=&#8221;4.16&#8243; _module_preset=&#8221;default&#8221; global_colors_info=&#8221;{}&#8221; theme_builder_area=&#8221;post_content&#8221;][et_pb_post_title meta=&#8221;off&#8221; featured_image=&#8221;off&#8221; _builder_version=&#8221;4.19.0&#8243; _module_preset=&#8221;default&#8221; title_text_align=&#8221;center&#8221; global_colors_info=&#8221;{}&#8221; theme_builder_area=&#8221;post_content&#8221;][\/et_pb_post_title][et_pb_image src=&#8221;https:\/\/confecomerc.es\/wp-content\/uploads\/2025\/10\/Calendario-Laboral-y-festivos-aperturables-2026.jpg&#8221; alt=&#8221;Calendario-Laboral-y-festivos-aperturables-2026&#8243; title_text=&#8221;Calendario-Laboral-y-festivos-aperturables-2026&#8243; align=&#8221;center&#8221; _builder_version=&#8221;4.27.4&#8243; _module_preset=&#8221;c5b5a7c1-e01b-45a7-8b82-684aa3827499&#8243; hover_enabled=&#8221;0&#8243; global_colors_info=&#8221;{}&#8221; theme_builder_area=&#8221;post_content&#8221; sticky_enabled=&#8221;0&#8243;][\/et_pb_image][et_pb_button button_url=&#8221;https:\/\/confecomerc.es\/wp-content\/uploads\/2025\/10\/Calendario-Laboral-y-festivos-aperturables-2026-CONFECOMERC.pdf&#8221; url_new_window=&#8221;on&#8221; button_text=&#8221;DESCAREGAR EN PDF&#8221; button_alignment=&#8221;center&#8221; _builder_version=&#8221;4.27.4&#8243; _module_preset=&#8221;default&#8221; hover_enabled=&#8221;0&#8243; global_colors_info=&#8221;{}&#8221; theme_builder_area=&#8221;post_content&#8221; sticky_enabled=&#8221;0&#8243;][\/et_pb_button][\/et_pb_column][\/et_pb_row][\/et_pb_section]<\/p>\n","protected":false},"excerpt":{"rendered":"","protected":false},"author":1,"featured_media":266778,"parent":0,"menu_order":0,"comment_status":"closed","ping_status":"closed","template":"","meta":{"_et_pb_use_builder":"on","_et_pb_old_content":"","_et_gb_content_width":"","footnotes":""},"class_list":["post-266784","page","type-page","status-publish","has-post-thumbnail","hentry"],"yoast_head":"<!-- This site is optimized with the Yoast SEO plugin v27.2 - https:\/\/yoast.com\/product\/yoast-seo-wordpress\/ -->\n<title>Calendari Laboral i festius oberturables 2026 de la Comunitat Valenciana - Confecomer\u00e7<\/title>\n<meta name=\"robots\" content=\"index, follow, max-snippet:-1, max-image-preview:large, max-video-preview:-1\" \/>\n<link rel=\"canonical\" href=\"https:\/\/confecomerc.es\/va\/calendari-laboral-i-festius-oberturables-2026-de-la-comunitat-valenciana\/\" \/>\n<meta property=\"og:locale\" content=\"en_US\" \/>\n<meta property=\"og:type\" content=\"article\" \/>\n<meta property=\"og:title\" content=\"Calendari Laboral i festius oberturables 2026 de la Comunitat Valenciana - Confecomer\u00e7\" \/>\n<meta property=\"og:url\" content=\"https:\/\/confecomerc.es\/va\/calendari-laboral-i-festius-oberturables-2026-de-la-comunitat-valenciana\/\" \/>\n<meta property=\"og:site_name\" content=\"Confecomer\u00e7\" \/>\n<meta property=\"article:modified_time\" content=\"2025-10-29T15:47:57+00:00\" \/>\n<meta property=\"og:image\" content=\"https:\/\/i0.wp.com\/confecomerc.es\/wp-content\/uploads\/2025\/10\/Calendario-Laboral-y-festivos-aperturables-2026.jpg?fit=1500%2C2123&ssl=1\" \/>\n\t<meta property=\"og:image:width\" content=\"1500\" \/>\n\t<meta property=\"og:image:height\" content=\"2123\" \/>\n\t<meta property=\"og:image:type\" content=\"image\/jpeg\" \/>\n<meta name=\"twitter:card\" content=\"summary_large_image\" \/>\n<meta name=\"twitter:label1\" content=\"Est. reading time\" \/>\n\t<meta name=\"twitter:data1\" content=\"1 minute\" \/>\n<script type=\"application\/ld+json\" class=\"yoast-schema-graph\">{\"@context\":\"https:\/\/schema.org\",\"@graph\":[{\"@type\":\"WebPage\",\"@id\":\"https:\/\/confecomerc.es\/va\/calendari-laboral-i-festius-oberturables-2026-de-la-comunitat-valenciana\/\",\"url\":\"https:\/\/confecomerc.es\/va\/calendari-laboral-i-festius-oberturables-2026-de-la-comunitat-valenciana\/\",\"name\":\"Calendari Laboral i festius oberturables 2026 de la Comunitat Valenciana - Confecomer\u00e7\",\"isPartOf\":{\"@id\":\"https:\/\/confecomerc.es\/#website\"},\"primaryImageOfPage\":{\"@id\":\"https:\/\/confecomerc.es\/va\/calendari-laboral-i-festius-oberturables-2026-de-la-comunitat-valenciana\/#primaryimage\"},\"image\":{\"@id\":\"https:\/\/confecomerc.es\/va\/calendari-laboral-i-festius-oberturables-2026-de-la-comunitat-valenciana\/#primaryimage\"},\"thumbnailUrl\":\"https:\/\/confecomerc.es\/wp-content\/uploads\/2025\/10\/Calendario-Laboral-y-festivos-aperturables-2026.jpg\",\"datePublished\":\"2025-10-29T15:47:47+00:00\",\"dateModified\":\"2025-10-29T15:47:57+00:00\",\"breadcrumb\":{\"@id\":\"https:\/\/confecomerc.es\/va\/calendari-laboral-i-festius-oberturables-2026-de-la-comunitat-valenciana\/#breadcrumb\"},\"inLanguage\":\"va-VA\",\"potentialAction\":[{\"@type\":\"ReadAction\",\"target\":[\"https:\/\/confecomerc.es\/va\/calendari-laboral-i-festius-oberturables-2026-de-la-comunitat-valenciana\/\"]}]},{\"@type\":\"ImageObject\",\"inLanguage\":\"va-VA\",\"@id\":\"https:\/\/confecomerc.es\/va\/calendari-laboral-i-festius-oberturables-2026-de-la-comunitat-valenciana\/#primaryimage\",\"url\":\"https:\/\/confecomerc.es\/wp-content\/uploads\/2025\/10\/Calendario-Laboral-y-festivos-aperturables-2026.jpg\",\"contentUrl\":\"https:\/\/confecomerc.es\/wp-content\/uploads\/2025\/10\/Calendario-Laboral-y-festivos-aperturables-2026.jpg\",\"width\":1500,\"height\":2123,\"caption\":\"Calendario-Laboral-y-festivos-aperturables-2026\"},{\"@type\":\"BreadcrumbList\",\"@id\":\"https:\/\/confecomerc.es\/va\/calendari-laboral-i-festius-oberturables-2026-de-la-comunitat-valenciana\/#breadcrumb\",\"itemListElement\":[{\"@type\":\"ListItem\",\"position\":1,\"name\":\"Home\",\"item\":\"https:\/\/confecomerc.es\/va\/confecomerc-cv\/\"},{\"@type\":\"ListItem\",\"position\":2,\"name\":\"Calendari Laboral i festius oberturables 2026 de la Comunitat Valenciana\"}]},{\"@type\":\"WebSite\",\"@id\":\"https:\/\/confecomerc.es\/#website\",\"url\":\"https:\/\/confecomerc.es\/\",\"name\":\"Confecomer\u00e7\",\"description\":\"Confederaci\u00f3 de Comer\u00e7 d\u2019alacant, Castell\u00f3 i Val\u00e8ncia\",\"potentialAction\":[{\"@type\":\"SearchAction\",\"target\":{\"@type\":\"EntryPoint\",\"urlTemplate\":\"https:\/\/confecomerc.es\/?s={search_term_string}\"},\"query-input\":{\"@type\":\"PropertyValueSpecification\",\"valueRequired\":true,\"valueName\":\"search_term_string\"}}],\"inLanguage\":\"va-VA\"}]}<\/script>\n<!-- \/ Yoast SEO plugin. -->","yoast_head_json":{"title":"Calendari Laboral i festius oberturables 2026 de la Comunitat Valenciana - Confecomer\u00e7","robots":{"index":"index","follow":"follow","max-snippet":"max-snippet:-1","max-image-preview":"max-image-preview:large","max-video-preview":"max-video-preview:-1"},"canonical":"https:\/\/confecomerc.es\/va\/calendari-laboral-i-festius-oberturables-2026-de-la-comunitat-valenciana\/","og_locale":"en_US","og_type":"article","og_title":"Calendari Laboral i festius oberturables 2026 de la Comunitat Valenciana - Confecomer\u00e7","og_url":"https:\/\/confecomerc.es\/va\/calendari-laboral-i-festius-oberturables-2026-de-la-comunitat-valenciana\/","og_site_name":"Confecomer\u00e7","article_modified_time":"2025-10-29T15:47:57+00:00","og_image":[{"width":1500,"height":2123,"url":"https:\/\/i0.wp.com\/confecomerc.es\/wp-content\/uploads\/2025\/10\/Calendario-Laboral-y-festivos-aperturables-2026.jpg?fit=1500%2C2123&ssl=1","type":"image\/jpeg"}],"twitter_card":"summary_large_image","twitter_misc":{"Est. reading time":"1 minute"},"schema":{"@context":"https:\/\/schema.org","@graph":[{"@type":"WebPage","@id":"https:\/\/confecomerc.es\/va\/calendari-laboral-i-festius-oberturables-2026-de-la-comunitat-valenciana\/","url":"https:\/\/confecomerc.es\/va\/calendari-laboral-i-festius-oberturables-2026-de-la-comunitat-valenciana\/","name":"Calendari Laboral i festius oberturables 2026 de la Comunitat Valenciana - Confecomer\u00e7","isPartOf":{"@id":"https:\/\/confecomerc.es\/#website"},"primaryImageOfPage":{"@id":"https:\/\/confecomerc.es\/va\/calendari-laboral-i-festius-oberturables-2026-de-la-comunitat-valenciana\/#primaryimage"},"image":{"@id":"https:\/\/confecomerc.es\/va\/calendari-laboral-i-festius-oberturables-2026-de-la-comunitat-valenciana\/#primaryimage"},"thumbnailUrl":"https:\/\/confecomerc.es\/wp-content\/uploads\/2025\/10\/Calendario-Laboral-y-festivos-aperturables-2026.jpg","datePublished":"2025-10-29T15:47:47+00:00","dateModified":"2025-10-29T15:47:57+00:00","breadcrumb":{"@id":"https:\/\/confecomerc.es\/va\/calendari-laboral-i-festius-oberturables-2026-de-la-comunitat-valenciana\/#breadcrumb"},"inLanguage":"va-VA","potentialAction":[{"@type":"ReadAction","target":["https:\/\/confecomerc.es\/va\/calendari-laboral-i-festius-oberturables-2026-de-la-comunitat-valenciana\/"]}]},{"@type":"ImageObject","inLanguage":"va-VA","@id":"https:\/\/confecomerc.es\/va\/calendari-laboral-i-festius-oberturables-2026-de-la-comunitat-valenciana\/#primaryimage","url":"https:\/\/confecomerc.es\/wp-content\/uploads\/2025\/10\/Calendario-Laboral-y-festivos-aperturables-2026.jpg","contentUrl":"https:\/\/confecomerc.es\/wp-content\/uploads\/2025\/10\/Calendario-Laboral-y-festivos-aperturables-2026.jpg","width":1500,"height":2123,"caption":"Calendario-Laboral-y-festivos-aperturables-2026"},{"@type":"BreadcrumbList","@id":"https:\/\/confecomerc.es\/va\/calendari-laboral-i-festius-oberturables-2026-de-la-comunitat-valenciana\/#breadcrumb","itemListElement":[{"@type":"ListItem","position":1,"name":"Home","item":"https:\/\/confecomerc.es\/va\/confecomerc-cv\/"},{"@type":"ListItem","position":2,"name":"Calendari Laboral i festius oberturables 2026 de la Comunitat Valenciana"}]},{"@type":"WebSite","@id":"https:\/\/confecomerc.es\/#website","url":"https:\/\/confecomerc.es\/","name":"Confecomer\u00e7","description":"Confederaci\u00f3 de Comer\u00e7 d\u2019alacant, Castell\u00f3 i Val\u00e8ncia","potentialAction":[{"@type":"SearchAction","target":{"@type":"EntryPoint","urlTemplate":"https:\/\/confecomerc.es\/?s={search_term_string}"},"query-input":{"@type":"PropertyValueSpecification","valueRequired":true,"valueName":"search_term_string"}}],"inLanguage":"va-VA"}]}},"_links":{"self":[{"href":"https:\/\/confecomerc.es\/va\/wp-json\/wp\/v2\/pages\/266784","targetHints":{"allow":["GET"]}}],"collection":[{"href":"https:\/\/confecomerc.es\/va\/wp-json\/wp\/v2\/pages"}],"about":[{"href":"https:\/\/confecomerc.es\/va\/wp-json\/wp\/v2\/types\/page"}],"author":[{"embeddable":true,"href":"https:\/\/confecomerc.es\/va\/wp-json\/wp\/v2\/users\/1"}],"replies":[{"embeddable":true,"href":"https:\/\/confecomerc.es\/va\/wp-json\/wp\/v2\/comments?post=266784"}],"version-history":[{"count":0,"href":"https:\/\/confecomerc.es\/va\/wp-json\/wp\/v2\/pages\/266784\/revisions"}],"wp:featuredmedia":[{"embeddable":true,"href":"https:\/\/confecomerc.es\/va\/wp-json\/wp\/v2\/media\/266778"}],"wp:attachment":[{"href":"https:\/\/confecomerc.es\/va\/wp-json\/wp\/v2\/media?parent=266784"}],"curies":[{"name":"wp","href":"https:\/\/api.w.org\/{rel}","templated":true}]}}