{"id":2707,"date":"2020-03-24T13:29:58","date_gmt":"2020-03-24T12:29:58","guid":{"rendered":"https:\/\/confecomerc.es\/comercios-en-estado-de-alarma"},"modified":"2020-03-24T13:31:54","modified_gmt":"2020-03-24T12:31:54","slug":"ccomerciosabiertosestadodealarma","status":"publish","type":"page","link":"https:\/\/confecomerc.es\/va\/ccomerciosabiertosestadodealarma\/","title":{"rendered":"Comercios Abiertos en Estado de Alarma"},"content":{"rendered":"<p>[wpsl template=&#8221;default&#8221; map_type=&#8221;roadmap&#8221; auto_locate=&#8221;true&#8221; start_marker=&#8221;red&#8221; store_marker=&#8221;blue&#8221; start_location=&#8221;Val\u00e8ncia&#8221; category_filter_type=&#8221;dropdown&#8221;]<\/p>\n","protected":false},"excerpt":{"rendered":"<p>[wpsl template=&#8221;default&#8221; map_type=&#8221;roadmap&#8221; auto_locate=&#8221;true&#8221; start_marker=&#8221;red&#8221; store_marker=&#8221;blue&#8221; start_location=&#8221;Val\u00e8ncia&#8221; category_filter_type=&#8221;dropdown&#8221;]<\/p>\n","protected":false},"author":1,"featured_media":0,"parent":0,"menu_order":0,"comment_status":"closed","ping_status":"closed","template":"","meta":{"_et_pb_use_builder":"","_et_pb_old_content":"","_et_gb_content_width":"","footnotes":""},"class_list":["post-2707","page","type-page","status-publish","hentry"],"yoast_head":"<!-- This site is optimized with the Yoast SEO plugin v27.3 - https:\/\/yoast.com\/product\/yoast-seo-wordpress\/ -->\n<title>Comercios Abiertos en Estado de Alarma - Confecomer\u00e7<\/title>\n<meta name=\"robots\" content=\"index, follow, max-snippet:-1, max-image-preview:large, max-video-preview:-1\" \/>\n<link rel=\"canonical\" href=\"https:\/\/confecomerc.es\/va\/ccomerciosabiertosestadodealarma\/\" \/>\n<meta property=\"og:locale\" content=\"en_US\" \/>\n<meta property=\"og:type\" content=\"article\" \/>\n<meta property=\"og:title\" content=\"Comercios Abiertos en Estado de Alarma - Confecomer\u00e7\" \/>\n<meta property=\"og:description\" content=\"[wpsl template=&#8221;default&#8221; map_type=&#8221;roadmap&#8221; auto_locate=&#8221;true&#8221; start_marker=&#8221;red&#8221; store_marker=&#8221;blue&#8221; start_location=&#8221;Val\u00e8ncia&#8221; category_filter_type=&#8221;dropdown&#8221;]\" \/>\n<meta property=\"og:url\" content=\"https:\/\/confecomerc.es\/va\/ccomerciosabiertosestadodealarma\/\" \/>\n<meta property=\"og:site_name\" content=\"Confecomer\u00e7\" \/>\n<meta property=\"article:modified_time\" content=\"2020-03-24T12:31:54+00:00\" \/>\n<meta name=\"twitter:card\" content=\"summary_large_image\" \/>\n<script type=\"application\/ld+json\" class=\"yoast-schema-graph\">{\"@context\":\"https:\\\/\\\/schema.org\",\"@graph\":[{\"@type\":\"WebPage\",\"@id\":\"https:\\\/\\\/confecomerc.es\\\/va\\\/ccomerciosabiertosestadodealarma\\\/\",\"url\":\"https:\\\/\\\/confecomerc.es\\\/va\\\/ccomerciosabiertosestadodealarma\\\/\",\"name\":\"Comercios Abiertos en Estado de Alarma - Confecomer\u00e7\",\"isPartOf\":{\"@id\":\"https:\\\/\\\/confecomerc.es\\\/#website\"},\"datePublished\":\"2020-03-24T12:29:58+00:00\",\"dateModified\":\"2020-03-24T12:31:54+00:00\",\"breadcrumb\":{\"@id\":\"https:\\\/\\\/confecomerc.es\\\/va\\\/ccomerciosabiertosestadodealarma\\\/#breadcrumb\"},\"inLanguage\":\"va-VA\",\"potentialAction\":[{\"@type\":\"ReadAction\",\"target\":[\"https:\\\/\\\/confecomerc.es\\\/va\\\/ccomerciosabiertosestadodealarma\\\/\"]}]},{\"@type\":\"BreadcrumbList\",\"@id\":\"https:\\\/\\\/confecomerc.es\\\/va\\\/ccomerciosabiertosestadodealarma\\\/#breadcrumb\",\"itemListElement\":[{\"@type\":\"ListItem\",\"position\":1,\"name\":\"Home\",\"item\":\"https:\\\/\\\/confecomerc.es\\\/va\\\/confecomerc-cv\\\/\"},{\"@type\":\"ListItem\",\"position\":2,\"name\":\"Comercios Abiertos en Estado de Alarma\"}]},{\"@type\":\"WebSite\",\"@id\":\"https:\\\/\\\/confecomerc.es\\\/#website\",\"url\":\"https:\\\/\\\/confecomerc.es\\\/\",\"name\":\"Confecomer\u00e7\",\"description\":\"Confederaci\u00f3 de Comer\u00e7 d\u2019alacant, Castell\u00f3 i Val\u00e8ncia\",\"potentialAction\":[{\"@type\":\"SearchAction\",\"target\":{\"@type\":\"EntryPoint\",\"urlTemplate\":\"https:\\\/\\\/confecomerc.es\\\/?s={search_term_string}\"},\"query-input\":{\"@type\":\"PropertyValueSpecification\",\"valueRequired\":true,\"valueName\":\"search_term_string\"}}],\"inLanguage\":\"va-VA\"}]}<\/script>\n<!-- \/ Yoast SEO plugin. -->","yoast_head_json":{"title":"Comercios Abiertos en Estado de Alarma - Confecomer\u00e7","robots":{"index":"index","follow":"follow","max-snippet":"max-snippet:-1","max-image-preview":"max-image-preview:large","max-video-preview":"max-video-preview:-1"},"canonical":"https:\/\/confecomerc.es\/va\/ccomerciosabiertosestadodealarma\/","og_locale":"en_US","og_type":"article","og_title":"Comercios Abiertos en Estado de Alarma - Confecomer\u00e7","og_description":"[wpsl template=&#8221;default&#8221; map_type=&#8221;roadmap&#8221; auto_locate=&#8221;true&#8221; start_marker=&#8221;red&#8221; store_marker=&#8221;blue&#8221; start_location=&#8221;Val\u00e8ncia&#8221; category_filter_type=&#8221;dropdown&#8221;]","og_url":"https:\/\/confecomerc.es\/va\/ccomerciosabiertosestadodealarma\/","og_site_name":"Confecomer\u00e7","article_modified_time":"2020-03-24T12:31:54+00:00","twitter_card":"summary_large_image","schema":{"@context":"https:\/\/schema.org","@graph":[{"@type":"WebPage","@id":"https:\/\/confecomerc.es\/va\/ccomerciosabiertosestadodealarma\/","url":"https:\/\/confecomerc.es\/va\/ccomerciosabiertosestadodealarma\/","name":"Comercios Abiertos en Estado de Alarma - Confecomer\u00e7","isPartOf":{"@id":"https:\/\/confecomerc.es\/#website"},"datePublished":"2020-03-24T12:29:58+00:00","dateModified":"2020-03-24T12:31:54+00:00","breadcrumb":{"@id":"https:\/\/confecomerc.es\/va\/ccomerciosabiertosestadodealarma\/#breadcrumb"},"inLanguage":"va-VA","potentialAction":[{"@type":"ReadAction","target":["https:\/\/confecomerc.es\/va\/ccomerciosabiertosestadodealarma\/"]}]},{"@type":"BreadcrumbList","@id":"https:\/\/confecomerc.es\/va\/ccomerciosabiertosestadodealarma\/#breadcrumb","itemListElement":[{"@type":"ListItem","position":1,"name":"Home","item":"https:\/\/confecomerc.es\/va\/confecomerc-cv\/"},{"@type":"ListItem","position":2,"name":"Comercios Abiertos en Estado de Alarma"}]},{"@type":"WebSite","@id":"https:\/\/confecomerc.es\/#website","url":"https:\/\/confecomerc.es\/","name":"Confecomer\u00e7","description":"Confederaci\u00f3 de Comer\u00e7 d\u2019alacant, Castell\u00f3 i Val\u00e8ncia","potentialAction":[{"@type":"SearchAction","target":{"@type":"EntryPoint","urlTemplate":"https:\/\/confecomerc.es\/?s={search_term_string}"},"query-input":{"@type":"PropertyValueSpecification","valueRequired":true,"valueName":"search_term_string"}}],"inLanguage":"va-VA"}]}},"_links":{"self":[{"href":"https:\/\/confecomerc.es\/va\/wp-json\/wp\/v2\/pages\/2707","targetHints":{"allow":["GET"]}}],"collection":[{"href":"https:\/\/confecomerc.es\/va\/wp-json\/wp\/v2\/pages"}],"about":[{"href":"https:\/\/confecomerc.es\/va\/wp-json\/wp\/v2\/types\/page"}],"author":[{"embeddable":true,"href":"https:\/\/confecomerc.es\/va\/wp-json\/wp\/v2\/users\/1"}],"replies":[{"embeddable":true,"href":"https:\/\/confecomerc.es\/va\/wp-json\/wp\/v2\/comments?post=2707"}],"version-history":[{"count":0,"href":"https:\/\/confecomerc.es\/va\/wp-json\/wp\/v2\/pages\/2707\/revisions"}],"wp:attachment":[{"href":"https:\/\/confecomerc.es\/va\/wp-json\/wp\/v2\/media?parent=2707"}],"curies":[{"name":"wp","href":"https:\/\/api.w.org\/{rel}","templated":true}]}}