{"id":6497,"date":"2021-02-15T11:35:56","date_gmt":"2021-02-15T10:35:56","guid":{"rendered":"https:\/\/confecomerc.es\/digitalitzacio\/tutorias-digitales-programa-de-asesores-digitales\/"},"modified":"2023-02-22T08:47:09","modified_gmt":"2023-02-22T07:47:09","slug":"tutorias-digitales-programa-de-asesores-digitales","status":"publish","type":"page","link":"https:\/\/confecomerc.es\/va\/digitalitzacio\/tutorias-digitales-programa-de-asesores-digitales\/","title":{"rendered":"Tutor\u00edas Digitales: PROGRAMA DE ASESORES DIGITALES"},"content":{"rendered":"<p>[et_pb_section fb_built=&#8221;1&#8243; fullwidth=&#8221;on&#8221; _builder_version=&#8221;4.16&#8243; saved_tabs=&#8221;all&#8221; global_colors_info=&#8221;{}&#8221;][et_pb_fullwidth_slider show_arrows=&#8221;off&#8221; show_pagination=&#8221;off&#8221; show_image_video_mobile=&#8221;on&#8221; _builder_version=&#8221;4.16&#8243; header_font=&#8221;||||||||&#8221; header_text_align=&#8221;center&#8221; header_font_size=&#8221;57px&#8221; background_color=&#8221;#204093&#8243; background_image=&#8221;https:\/\/confecomerc.es\/wp-content\/uploads\/2021\/02\/webminar-digitalizacion.jpg&#8221; background_blend=&#8221;multiply&#8221; custom_margin_tablet=&#8221;&#8221; custom_margin_phone=&#8221;&#8221; custom_margin_last_edited=&#8221;on|phone&#8221; custom_padding=&#8221;120px||100px&#8221; custom_padding_tablet=&#8221;&#8221; custom_padding_phone=&#8221;62px|0px|58px|0px&#8221; custom_padding_last_edited=&#8221;on|desktop&#8221; header_font_size_tablet=&#8221;&#8221; header_font_size_phone=&#8221;37px&#8221; header_font_size_last_edited=&#8221;on|phone&#8221; global_colors_info=&#8221;{}&#8221;][et_pb_slide heading=&#8221;Tutor\u00edas Digitales: PROGRAMA DE ASESORES DIGITALES&#8221; _builder_version=&#8221;4.16&#8243; global_colors_info=&#8221;{}&#8221; sticky_transition=&#8221;on&#8221;][\/et_pb_slide][\/et_pb_fullwidth_slider][\/et_pb_section][et_pb_section fb_built=&#8221;1&#8243; fullwidth=&#8221;on&#8221; disabled_on=&#8221;on|off|off&#8221; _builder_version=&#8221;4.16&#8243; global_colors_info=&#8221;{}&#8221;][et_pb_fullwidth_menu menu_id=&#8221;278&#8243; fullwidth_menu=&#8221;off&#8221; active_link_color=&#8221;#00a7b5&#8243; dropdown_menu_line_color=&#8221;#00a7b5&#8243; dropdown_menu_text_color=&#8221;#000000&#8243; mobile_menu_bg_color=&#8221;rgba(0,0,0,0)&#8221; mobile_menu_text_color=&#8221;#000000&#8243; _builder_version=&#8221;4.16&#8243; menu_font=&#8221;||||||||&#8221; menu_text_color=&#8221;#63666a&#8221; menu_font_size=&#8221;13px&#8221; menu_letter_spacing=&#8221;1px&#8221; background_color=&#8221;rgba(255,255,255,0.06)&#8221; text_orientation=&#8221;center&#8221; custom_margin=&#8221;6px||7px&#8221; custom_padding=&#8221;0px||0px|0px&#8221; custom_padding_tablet=&#8221;&#8221; custom_padding_phone=&#8221;&#8221; custom_padding_last_edited=&#8221;on|phone&#8221; animation_style=&#8221;flip&#8221; animation_delay=&#8221;2600ms&#8221; border_width_all=&#8221;1px&#8221; border_color_all=&#8221;#63666a&#8221; global_colors_info=&#8221;{}&#8221;][\/et_pb_fullwidth_menu][\/et_pb_section][et_pb_section fb_built=&#8221;1&#8243; _builder_version=&#8221;4.16&#8243; custom_padding=&#8221;0|0px|21px|0px|false|false&#8221; global_colors_info=&#8221;{}&#8221;][et_pb_row column_structure=&#8221;1_3,2_3&#8243; _builder_version=&#8221;4.16&#8243; custom_padding=&#8221;19px|0px|20px|0px|false|false&#8221; global_colors_info=&#8221;{}&#8221;][et_pb_column type=&#8221;1_3&#8243; _builder_version=&#8221;4.16&#8243; custom_padding=&#8221;|||&#8221; global_colors_info=&#8221;{}&#8221; custom_padding__hover=&#8221;|||&#8221;][et_pb_image src=&#8221;https:\/\/confecomerc.es\/wp-content\/uploads\/2021\/02\/tutoria.jpg&#8221; title_text=&#8221;tutoria&#8221; _builder_version=&#8221;4.16&#8243; _module_preset=&#8221;default&#8221; global_colors_info=&#8221;{}&#8221;][\/et_pb_image][\/et_pb_column][et_pb_column type=&#8221;2_3&#8243; _builder_version=&#8221;4.16&#8243; custom_padding=&#8221;|||&#8221; global_colors_info=&#8221;{}&#8221; custom_padding__hover=&#8221;|||&#8221;][et_pb_text _builder_version=&#8221;4.16&#8243; global_colors_info=&#8221;{}&#8221;]<\/p>\n<p>Comienza o afianza tu proceso de transformaci\u00f3n digital con este programa de mentorizaci\u00f3n y acompa\u00f1amiento al comercio puesto en marcha por Confecomer\u00e7 CV para ayudar a las pymes y aut\u00f3nomos participantes a desarrollar y poner en marcha un <strong>plan estrat\u00e9gico omnicanal y aumentar las ventas<\/strong>, en combinaci\u00f3n de los canales online y offline.<\/p>\n<p>A lo largo de <strong>3 sesiones de 2 horas<\/strong> con un experto o una experta en <strong>comunicaci\u00f3n online, marketing digital y comercio electr\u00f3nico<\/strong>, analizaremos tanto las herramientas como las acciones de marketing actuales para <strong>sacar el m\u00e1ximo rendimiento a la captaci\u00f3n y fidelizaci\u00f3n de los clientes<\/strong>, y propondremos mejoras para conseguir una <strong>mayor eficiencia y rentabilidad en tu negocio<\/strong>. Adem\u00e1s, realizaremos acciones formativas y acompa\u00f1amiento durante los meses que dure la consultor\u00eda y mentorizaci\u00f3n, midiendo en las \u00faltimas sesiones los resultados obtenidos.\u00a0<\/p>\n<p>&nbsp;<\/p>\n<p>El objetivo es que tu comercio mejore aspectos como el posicionamiento en buscadores, redes sociales, gesti\u00f3n de clientes mediante CRM, publicidad en Internet, etc.\u00a0<\/p>\n<p>[\/et_pb_text][\/et_pb_column][\/et_pb_row][et_pb_row column_structure=&#8221;1_2,1_2&#8243; _builder_version=&#8221;4.16&#8243; _module_preset=&#8221;default&#8221; custom_padding=&#8221;||16px|||&#8221; global_colors_info=&#8221;{}&#8221;][et_pb_column type=&#8221;1_2&#8243; _builder_version=&#8221;4.16&#8243; _module_preset=&#8221;default&#8221; global_colors_info=&#8221;{}&#8221;][et_pb_text _builder_version=&#8221;4.16&#8243; _module_preset=&#8221;default&#8221; global_colors_info=&#8221;{}&#8221;]<\/p>\n<h3>Te interesa si\u2026<\/h3>\n<ul>\n<li>eres un comercio o servicio que quiere llegar a m\u00e1s clientes a trav\u00e9s de acciones de comunicaci\u00f3n y marketing online<\/li>\n<li>quieres mejorar tu imagen digital<\/li>\n<li>quieres abrir un canal de venta online<\/li>\n<li>has probado algunas estrategias de comunicaci\u00f3n, marketing o venta online sin \u00e9xito<\/li>\n<li>ves que tus ventas no crecen como te gustar\u00eda en Internet<\/li>\n<li>quieres definir una estrategia online<\/li>\n<li>quieres aprender m\u00e1s y necesitas la ayuda de un experto en la materia<\/li>\n<\/ul>\n<p>[\/et_pb_text][\/et_pb_column][et_pb_column type=&#8221;1_2&#8243; _builder_version=&#8221;4.16&#8243; _module_preset=&#8221;default&#8221; global_colors_info=&#8221;{}&#8221;][et_pb_text _builder_version=&#8221;4.16&#8243; _module_preset=&#8221;default&#8221; global_colors_info=&#8221;{}&#8221;]<\/p>\n<h3>Niveles<\/h3>\n<p>Tenemos diferentes niveles seg\u00fan el grado de madurez digital de tu comercio. Nos adaptamos a ti, a tus conocimientos y a las posibilidades de tu negocio.<\/p>\n<p>[\/et_pb_text][\/et_pb_column][\/et_pb_row][et_pb_row column_structure=&#8221;1_4,1_4,1_4,1_4&#8243; _builder_version=&#8221;4.16&#8243; _module_preset=&#8221;default&#8221; global_colors_info=&#8221;{}&#8221;][et_pb_column type=&#8221;1_4&#8243; _builder_version=&#8221;4.16&#8243; _module_preset=&#8221;default&#8221; global_colors_info=&#8221;{}&#8221;][et_pb_text _builder_version=&#8221;4.16&#8243; _module_preset=&#8221;default&#8221; global_colors_info=&#8221;{}&#8221;]<\/p>\n<p>Descarga: <a href=\"https:\/\/confecomerc.es\/va\/descargar\/pequeno-comercio-valenciano-hacia-la-madurez-digital\/\">Peque\u00f1o comercio valenciano<\/a><\/p>\n<p>[\/et_pb_text][et_pb_image src=&#8221;https:\/\/confecomerc.es\/wp-content\/uploads\/2021\/02\/Pequeno-comercio-valenciano-hacia-la-madurez-digital_Pagina_01.jpg&#8221; alt=&#8221;Conclusiones del programa de Tutor\u00edas Digitales de Confecomer\u00e7 CV&#8221; title_text=&#8221;Pequeno comercio valenciano hacia la madurez digital_P\u00e1gina_01&#8243; url=&#8221;https:\/\/confecomerc.es\/descargar\/pequeno-comercio-valenciano-hacia-la-madurez-digital\/&#8221; _builder_version=&#8221;4.16&#8243; _module_preset=&#8221;default&#8221; global_colors_info=&#8221;{}&#8221;][\/et_pb_image][\/et_pb_column][et_pb_column type=&#8221;1_4&#8243; _builder_version=&#8221;4.16&#8243; _module_preset=&#8221;default&#8221; global_colors_info=&#8221;{}&#8221;][et_pb_text _builder_version=&#8221;4.16&#8243; _module_preset=&#8221;default&#8221; global_colors_info=&#8221;{}&#8221;]<\/p>\n<p>Testimonio: <a href=\"https:\/\/www.facebook.com\/alacenadelavega.es\/\" target=\"_blank\" rel=\"noopener\">Alacena la Vega de Orihuela<\/a><\/p>\n<p>[\/et_pb_text][et_pb_video src=&#8221;https:\/\/confecomerc.es\/wp-content\/uploads\/2021\/02\/testimonio-2.mp4&#8243; _builder_version=&#8221;4.16&#8243; _module_preset=&#8221;default&#8221; global_colors_info=&#8221;{}&#8221;][\/et_pb_video][\/et_pb_column][et_pb_column type=&#8221;1_4&#8243; _builder_version=&#8221;4.16&#8243; _module_preset=&#8221;default&#8221; global_colors_info=&#8221;{}&#8221;][et_pb_text _builder_version=&#8221;4.16&#8243; _module_preset=&#8221;default&#8221; global_colors_info=&#8221;{}&#8221;]<\/p>\n<p>Testimonio:\u00a0 <a href=\"https:\/\/www.facebook.com\/Villamascotas-Burjasot-441169119974980\/\" target=\"_blank\" rel=\"noopener\">Villamascotas Burjasot<\/a><\/p>\n<p>[\/et_pb_text][et_pb_video src=&#8221;https:\/\/confecomerc.es\/wp-content\/uploads\/2021\/02\/testimonio-1.mp4&#8243; _builder_version=&#8221;4.16&#8243; _module_preset=&#8221;default&#8221; global_colors_info=&#8221;{}&#8221;][\/et_pb_video][\/et_pb_column][et_pb_column type=&#8221;1_4&#8243; _builder_version=&#8221;4.16&#8243; _module_preset=&#8221;default&#8221; global_colors_info=&#8221;{}&#8221;][et_pb_text _builder_version=&#8221;4.16&#8243; _module_preset=&#8221;default&#8221; global_colors_info=&#8221;{}&#8221;]<\/p>\n<p>Testimonio: <a href=\"https:\/\/www.facebook.com\/miacalzzados\" target=\"_blank\" rel=\"noopener\">M\u00eda Calzados Novelda<\/a><\/p>\n<p>[\/et_pb_text][et_pb_video src=&#8221;https:\/\/confecomerc.es\/wp-content\/uploads\/2021\/02\/testimonio-3.mp4&#8243; _builder_version=&#8221;4.16&#8243; _module_preset=&#8221;default&#8221; global_colors_info=&#8221;{}&#8221;][\/et_pb_video][\/et_pb_column][\/et_pb_row][et_pb_row _builder_version=&#8221;4.16&#8243; _module_preset=&#8221;default&#8221; global_colors_info=&#8221;{}&#8221;][et_pb_column type=&#8221;4_4&#8243; _builder_version=&#8221;4.16&#8243; _module_preset=&#8221;default&#8221; global_colors_info=&#8221;{}&#8221;][et_pb_cta title=&#8221;Convocatoria 2023&#8243; button_url=&#8221;https:\/\/docs.google.com\/forms\/d\/e\/1FAIpQLSdKQJUaxWUDnX3Y8xmGCoBqnwSV5q0pxbopndYbaXj6FELw4Q\/viewform&#8221; button_text=&#8221;Me interesa!&#8221; _builder_version=&#8221;4.20.0&#8243; _module_preset=&#8221;default&#8221; background_color=&#8221;#204093&#8243; custom_button=&#8221;on&#8221; button_text_color=&#8221;#FFFFFF&#8221; button_bg_color=&#8221;#204093&#8243; button_border_color=&#8221;#FFFFFF&#8221; link_option_url=&#8221;https:\/\/docs.google.com\/forms\/d\/e\/1FAIpQLSdKQJUaxWUDnX3Y8xmGCoBqnwSV5q0pxbopndYbaXj6FELw4Q\/viewform&#8221; hover_enabled=&#8221;0&#8243; global_colors_info=&#8221;{}&#8221; sticky_enabled=&#8221;0&#8243;]<\/p>\n<p>Ya puedes solicitar tu plaza para participar en las Tutor\u00edas Digitales de 2023. Simplemente cumplimenta <span style=\"color: #ffffff;\"><a style=\"color: #ffffff;\" href=\"https:\/\/docs.google.com\/forms\/d\/11sU4onTYRniD3jz-gIhEHpXgCtixOmJ-z3W2lYdjmY0\">el formulario<\/a> <\/span>y te avisaremos cuando comience el pr\u00f3ximo programa.<\/p>\n<p>[\/et_pb_cta][\/et_pb_column][\/et_pb_row][\/et_pb_section]<\/p>\n","protected":false},"excerpt":{"rendered":"<p>Comienza o afianza tu proceso de transformaci\u00f3n digital con este programa de mentorizaci\u00f3n y acompa\u00f1amiento al comercio puesto en marcha por Confecomer\u00e7 CV para ayudar a las pymes y aut\u00f3nomos participantes a desarrollar y poner en marcha un plan estrat\u00e9gico omnicanal y aumentar las ventas, en combinaci\u00f3n de los canales online y offline. A lo largo de 3 sesiones de 2 horas con un experto o una experta en comunicaci\u00f3n online, marketing digital y comercio electr\u00f3nico, analizaremos tanto las herramientas como las acciones de marketing actuales para sacar el m\u00e1ximo rendimiento a la captaci\u00f3n y fidelizaci\u00f3n de los clientes, y propondremos mejoras para conseguir una mayor eficiencia y rentabilidad en tu negocio. Adem\u00e1s, realizaremos acciones formativas y acompa\u00f1amiento durante los meses que dure la consultor\u00eda y mentorizaci\u00f3n, midiendo en las \u00faltimas sesiones los resultados obtenidos.\u00a0 &nbsp; El objetivo es que tu comercio mejore aspectos como el posicionamiento en buscadores, redes sociales, gesti\u00f3n de clientes mediante CRM, publicidad en Internet, etc.\u00a0Te interesa si\u2026 eres un comercio o servicio que quiere llegar a m\u00e1s clientes a trav\u00e9s de acciones de comunicaci\u00f3n y marketing online quieres mejorar tu imagen digital quieres abrir un canal de venta online has probado algunas estrategias de comunicaci\u00f3n, [&hellip;]<\/p>\n","protected":false},"author":1,"featured_media":6417,"parent":1579,"menu_order":0,"comment_status":"closed","ping_status":"closed","template":"","meta":{"_et_pb_use_builder":"on","_et_pb_old_content":"","_et_gb_content_width":"","footnotes":""},"class_list":["post-6497","page","type-page","status-publish","has-post-thumbnail","hentry"],"yoast_head":"<!-- This site is optimized with the Yoast SEO plugin v27.2 - https:\/\/yoast.com\/product\/yoast-seo-wordpress\/ -->\n<title>Tutor\u00edas Digitales: PROGRAMA DE ASESORES DIGITALES - Confecomer\u00e7<\/title>\n<meta name=\"robots\" content=\"index, follow, max-snippet:-1, max-image-preview:large, max-video-preview:-1\" \/>\n<link rel=\"canonical\" href=\"https:\/\/confecomerc.es\/va\/digitalitzacio\/tutorias-digitales-programa-de-asesores-digitales\/\" \/>\n<meta property=\"og:locale\" content=\"en_US\" \/>\n<meta property=\"og:type\" content=\"article\" \/>\n<meta property=\"og:title\" content=\"Tutor\u00edas Digitales: PROGRAMA DE ASESORES DIGITALES - Confecomer\u00e7\" \/>\n<meta property=\"og:description\" content=\"Comienza o afianza tu proceso de transformaci\u00f3n digital con este programa de mentorizaci\u00f3n y acompa\u00f1amiento al comercio puesto en marcha por Confecomer\u00e7 CV para ayudar a las pymes y aut\u00f3nomos participantes a desarrollar y poner en marcha un plan estrat\u00e9gico omnicanal y aumentar las ventas, en combinaci\u00f3n de los canales online y offline. A lo largo de 3 sesiones de 2 horas con un experto o una experta en comunicaci\u00f3n online, marketing digital y comercio electr\u00f3nico, analizaremos tanto las herramientas como las acciones de marketing actuales para sacar el m\u00e1ximo rendimiento a la captaci\u00f3n y fidelizaci\u00f3n de los clientes, y propondremos mejoras para conseguir una mayor eficiencia y rentabilidad en tu negocio. Adem\u00e1s, realizaremos acciones formativas y acompa\u00f1amiento durante los meses que dure la consultor\u00eda y mentorizaci\u00f3n, midiendo en las \u00faltimas sesiones los resultados obtenidos.\u00a0 &nbsp; El objetivo es que tu comercio mejore aspectos como el posicionamiento en buscadores, redes sociales, gesti\u00f3n de clientes mediante CRM, publicidad en Internet, etc.\u00a0Te interesa si\u2026 eres un comercio o servicio que quiere llegar a m\u00e1s clientes a trav\u00e9s de acciones de comunicaci\u00f3n y marketing online quieres mejorar tu imagen digital quieres abrir un canal de venta online has probado algunas estrategias de comunicaci\u00f3n, [&hellip;]\" \/>\n<meta property=\"og:url\" content=\"https:\/\/confecomerc.es\/va\/digitalitzacio\/tutorias-digitales-programa-de-asesores-digitales\/\" \/>\n<meta property=\"og:site_name\" content=\"Confecomer\u00e7\" \/>\n<meta property=\"article:modified_time\" content=\"2023-02-22T07:47:09+00:00\" \/>\n<meta property=\"og:image\" content=\"https:\/\/confecomerc.es\/wp-content\/uploads\/2021\/02\/tutorias-digitales.png\" \/>\n\t<meta property=\"og:image:width\" content=\"512\" \/>\n\t<meta property=\"og:image:height\" content=\"512\" \/>\n\t<meta property=\"og:image:type\" content=\"image\/png\" \/>\n<meta name=\"twitter:card\" content=\"summary_large_image\" \/>\n<meta name=\"twitter:label1\" content=\"Est. reading time\" \/>\n\t<meta name=\"twitter:data1\" content=\"6 minutes\" \/>\n<script type=\"application\/ld+json\" class=\"yoast-schema-graph\">{\"@context\":\"https:\/\/schema.org\",\"@graph\":[{\"@type\":\"WebPage\",\"@id\":\"https:\/\/confecomerc.es\/va\/digitalitzacio\/tutorias-digitales-programa-de-asesores-digitales\/\",\"url\":\"https:\/\/confecomerc.es\/va\/digitalitzacio\/tutorias-digitales-programa-de-asesores-digitales\/\",\"name\":\"Tutor\u00edas Digitales: PROGRAMA DE ASESORES DIGITALES - Confecomer\u00e7\",\"isPartOf\":{\"@id\":\"https:\/\/confecomerc.es\/#website\"},\"primaryImageOfPage\":{\"@id\":\"https:\/\/confecomerc.es\/va\/digitalitzacio\/tutorias-digitales-programa-de-asesores-digitales\/#primaryimage\"},\"image\":{\"@id\":\"https:\/\/confecomerc.es\/va\/digitalitzacio\/tutorias-digitales-programa-de-asesores-digitales\/#primaryimage\"},\"thumbnailUrl\":\"https:\/\/confecomerc.es\/wp-content\/uploads\/2021\/02\/tutorias-digitales.png\",\"datePublished\":\"2021-02-15T10:35:56+00:00\",\"dateModified\":\"2023-02-22T07:47:09+00:00\",\"breadcrumb\":{\"@id\":\"https:\/\/confecomerc.es\/va\/digitalitzacio\/tutorias-digitales-programa-de-asesores-digitales\/#breadcrumb\"},\"inLanguage\":\"va-VA\",\"potentialAction\":[{\"@type\":\"ReadAction\",\"target\":[\"https:\/\/confecomerc.es\/va\/digitalitzacio\/tutorias-digitales-programa-de-asesores-digitales\/\"]}]},{\"@type\":\"ImageObject\",\"inLanguage\":\"va-VA\",\"@id\":\"https:\/\/confecomerc.es\/va\/digitalitzacio\/tutorias-digitales-programa-de-asesores-digitales\/#primaryimage\",\"url\":\"https:\/\/confecomerc.es\/wp-content\/uploads\/2021\/02\/tutorias-digitales.png\",\"contentUrl\":\"https:\/\/confecomerc.es\/wp-content\/uploads\/2021\/02\/tutorias-digitales.png\",\"width\":512,\"height\":512,\"caption\":\"tutorias digitales\"},{\"@type\":\"BreadcrumbList\",\"@id\":\"https:\/\/confecomerc.es\/va\/digitalitzacio\/tutorias-digitales-programa-de-asesores-digitales\/#breadcrumb\",\"itemListElement\":[{\"@type\":\"ListItem\",\"position\":1,\"name\":\"Home\",\"item\":\"https:\/\/confecomerc.es\/va\/confecomerc-cv\/\"},{\"@type\":\"ListItem\",\"position\":2,\"name\":\"Digitalitzaci\u00f3\",\"item\":\"https:\/\/confecomerc.es\/va\/digitalitzacio\/\"},{\"@type\":\"ListItem\",\"position\":3,\"name\":\"Tutor\u00edas Digitales: PROGRAMA DE ASESORES DIGITALES\"}]},{\"@type\":\"WebSite\",\"@id\":\"https:\/\/confecomerc.es\/#website\",\"url\":\"https:\/\/confecomerc.es\/\",\"name\":\"Confecomer\u00e7\",\"description\":\"Confederaci\u00f3 de Comer\u00e7 d\u2019alacant, Castell\u00f3 i Val\u00e8ncia\",\"potentialAction\":[{\"@type\":\"SearchAction\",\"target\":{\"@type\":\"EntryPoint\",\"urlTemplate\":\"https:\/\/confecomerc.es\/?s={search_term_string}\"},\"query-input\":{\"@type\":\"PropertyValueSpecification\",\"valueRequired\":true,\"valueName\":\"search_term_string\"}}],\"inLanguage\":\"va-VA\"}]}<\/script>\n<!-- \/ Yoast SEO plugin. -->","yoast_head_json":{"title":"Tutor\u00edas Digitales: PROGRAMA DE ASESORES DIGITALES - Confecomer\u00e7","robots":{"index":"index","follow":"follow","max-snippet":"max-snippet:-1","max-image-preview":"max-image-preview:large","max-video-preview":"max-video-preview:-1"},"canonical":"https:\/\/confecomerc.es\/va\/digitalitzacio\/tutorias-digitales-programa-de-asesores-digitales\/","og_locale":"en_US","og_type":"article","og_title":"Tutor\u00edas Digitales: PROGRAMA DE ASESORES DIGITALES - Confecomer\u00e7","og_description":"Comienza o afianza tu proceso de transformaci\u00f3n digital con este programa de mentorizaci\u00f3n y acompa\u00f1amiento al comercio puesto en marcha por Confecomer\u00e7 CV para ayudar a las pymes y aut\u00f3nomos participantes a desarrollar y poner en marcha un plan estrat\u00e9gico omnicanal y aumentar las ventas, en combinaci\u00f3n de los canales online y offline. A lo largo de 3 sesiones de 2 horas con un experto o una experta en comunicaci\u00f3n online, marketing digital y comercio electr\u00f3nico, analizaremos tanto las herramientas como las acciones de marketing actuales para sacar el m\u00e1ximo rendimiento a la captaci\u00f3n y fidelizaci\u00f3n de los clientes, y propondremos mejoras para conseguir una mayor eficiencia y rentabilidad en tu negocio. Adem\u00e1s, realizaremos acciones formativas y acompa\u00f1amiento durante los meses que dure la consultor\u00eda y mentorizaci\u00f3n, midiendo en las \u00faltimas sesiones los resultados obtenidos.\u00a0 &nbsp; El objetivo es que tu comercio mejore aspectos como el posicionamiento en buscadores, redes sociales, gesti\u00f3n de clientes mediante CRM, publicidad en Internet, etc.\u00a0Te interesa si\u2026 eres un comercio o servicio que quiere llegar a m\u00e1s clientes a trav\u00e9s de acciones de comunicaci\u00f3n y marketing online quieres mejorar tu imagen digital quieres abrir un canal de venta online has probado algunas estrategias de comunicaci\u00f3n, [&hellip;]","og_url":"https:\/\/confecomerc.es\/va\/digitalitzacio\/tutorias-digitales-programa-de-asesores-digitales\/","og_site_name":"Confecomer\u00e7","article_modified_time":"2023-02-22T07:47:09+00:00","og_image":[{"width":512,"height":512,"url":"https:\/\/confecomerc.es\/wp-content\/uploads\/2021\/02\/tutorias-digitales.png","type":"image\/png"}],"twitter_card":"summary_large_image","twitter_misc":{"Est. reading time":"6 minutes"},"schema":{"@context":"https:\/\/schema.org","@graph":[{"@type":"WebPage","@id":"https:\/\/confecomerc.es\/va\/digitalitzacio\/tutorias-digitales-programa-de-asesores-digitales\/","url":"https:\/\/confecomerc.es\/va\/digitalitzacio\/tutorias-digitales-programa-de-asesores-digitales\/","name":"Tutor\u00edas Digitales: PROGRAMA DE ASESORES DIGITALES - Confecomer\u00e7","isPartOf":{"@id":"https:\/\/confecomerc.es\/#website"},"primaryImageOfPage":{"@id":"https:\/\/confecomerc.es\/va\/digitalitzacio\/tutorias-digitales-programa-de-asesores-digitales\/#primaryimage"},"image":{"@id":"https:\/\/confecomerc.es\/va\/digitalitzacio\/tutorias-digitales-programa-de-asesores-digitales\/#primaryimage"},"thumbnailUrl":"https:\/\/confecomerc.es\/wp-content\/uploads\/2021\/02\/tutorias-digitales.png","datePublished":"2021-02-15T10:35:56+00:00","dateModified":"2023-02-22T07:47:09+00:00","breadcrumb":{"@id":"https:\/\/confecomerc.es\/va\/digitalitzacio\/tutorias-digitales-programa-de-asesores-digitales\/#breadcrumb"},"inLanguage":"va-VA","potentialAction":[{"@type":"ReadAction","target":["https:\/\/confecomerc.es\/va\/digitalitzacio\/tutorias-digitales-programa-de-asesores-digitales\/"]}]},{"@type":"ImageObject","inLanguage":"va-VA","@id":"https:\/\/confecomerc.es\/va\/digitalitzacio\/tutorias-digitales-programa-de-asesores-digitales\/#primaryimage","url":"https:\/\/confecomerc.es\/wp-content\/uploads\/2021\/02\/tutorias-digitales.png","contentUrl":"https:\/\/confecomerc.es\/wp-content\/uploads\/2021\/02\/tutorias-digitales.png","width":512,"height":512,"caption":"tutorias digitales"},{"@type":"BreadcrumbList","@id":"https:\/\/confecomerc.es\/va\/digitalitzacio\/tutorias-digitales-programa-de-asesores-digitales\/#breadcrumb","itemListElement":[{"@type":"ListItem","position":1,"name":"Home","item":"https:\/\/confecomerc.es\/va\/confecomerc-cv\/"},{"@type":"ListItem","position":2,"name":"Digitalitzaci\u00f3","item":"https:\/\/confecomerc.es\/va\/digitalitzacio\/"},{"@type":"ListItem","position":3,"name":"Tutor\u00edas Digitales: PROGRAMA DE ASESORES DIGITALES"}]},{"@type":"WebSite","@id":"https:\/\/confecomerc.es\/#website","url":"https:\/\/confecomerc.es\/","name":"Confecomer\u00e7","description":"Confederaci\u00f3 de Comer\u00e7 d\u2019alacant, Castell\u00f3 i Val\u00e8ncia","potentialAction":[{"@type":"SearchAction","target":{"@type":"EntryPoint","urlTemplate":"https:\/\/confecomerc.es\/?s={search_term_string}"},"query-input":{"@type":"PropertyValueSpecification","valueRequired":true,"valueName":"search_term_string"}}],"inLanguage":"va-VA"}]}},"_links":{"self":[{"href":"https:\/\/confecomerc.es\/va\/wp-json\/wp\/v2\/pages\/6497","targetHints":{"allow":["GET"]}}],"collection":[{"href":"https:\/\/confecomerc.es\/va\/wp-json\/wp\/v2\/pages"}],"about":[{"href":"https:\/\/confecomerc.es\/va\/wp-json\/wp\/v2\/types\/page"}],"author":[{"embeddable":true,"href":"https:\/\/confecomerc.es\/va\/wp-json\/wp\/v2\/users\/1"}],"replies":[{"embeddable":true,"href":"https:\/\/confecomerc.es\/va\/wp-json\/wp\/v2\/comments?post=6497"}],"version-history":[{"count":0,"href":"https:\/\/confecomerc.es\/va\/wp-json\/wp\/v2\/pages\/6497\/revisions"}],"up":[{"embeddable":true,"href":"https:\/\/confecomerc.es\/va\/wp-json\/wp\/v2\/pages\/1579"}],"wp:featuredmedia":[{"embeddable":true,"href":"https:\/\/confecomerc.es\/va\/wp-json\/wp\/v2\/media\/6417"}],"wp:attachment":[{"href":"https:\/\/confecomerc.es\/va\/wp-json\/wp\/v2\/media?parent=6497"}],"curies":[{"name":"wp","href":"https:\/\/api.w.org\/{rel}","templated":true}]}}