{"id":6498,"date":"2021-02-15T13:37:27","date_gmt":"2021-02-15T12:37:27","guid":{"rendered":"https:\/\/confecomerc.es\/digitalitzacio\/agenda-webinars-y-talleres-digitalizacion\/"},"modified":"2021-07-19T09:25:03","modified_gmt":"2021-07-19T08:25:03","slug":"agenda-webinars-y-talleres-digitalizacion","status":"publish","type":"page","link":"https:\/\/confecomerc.es\/va\/digitalitzacio\/agenda-webinars-y-talleres-digitalizacion\/","title":{"rendered":"Agenda Webinars i Tallers Digitalitzaci\u00f3"},"content":{"rendered":"<p>[et_pb_section fb_built=&#8221;1&#8243; fullwidth=&#8221;on&#8221; _builder_version=&#8221;3.22&#8243; saved_tabs=&#8221;all&#8221;][et_pb_fullwidth_slider show_arrows=&#8221;off&#8221; show_pagination=&#8221;off&#8221; show_image_video_mobile=&#8221;on&#8221; _builder_version=&#8221;4.8.0&#8243; header_font=&#8221;||||||||&#8221; header_text_align=&#8221;center&#8221; header_font_size=&#8221;57px&#8221; background_color=&#8221;#00a7b5&#8243; background_image=&#8221;https:\/\/confecomerc.es\/wp-content\/uploads\/2021\/02\/tutoria.jpg&#8221; background_blend=&#8221;multiply&#8221; custom_margin_tablet=&#8221;&#8221; custom_margin_phone=&#8221;&#8221; custom_margin_last_edited=&#8221;on|phone&#8221; custom_padding=&#8221;120px||100px&#8221; custom_padding_tablet=&#8221;&#8221; custom_padding_phone=&#8221;62px|0px|58px|0px&#8221; custom_padding_last_edited=&#8221;on|desktop&#8221; header_font_size_tablet=&#8221;&#8221; header_font_size_phone=&#8221;37px&#8221; header_font_size_last_edited=&#8221;on|phone&#8221;][et_pb_slide heading=&#8221;Pr\u00f2xims Webinars i Tallers&#8221; _builder_version=&#8221;3.19.17&#8243; sticky_transition=&#8221;on&#8221;][\/et_pb_slide][\/et_pb_fullwidth_slider][\/et_pb_section][et_pb_section fb_built=&#8221;1&#8243; fullwidth=&#8221;on&#8221; disabled_on=&#8221;on|off|off&#8221; _builder_version=&#8221;3.22&#8243;][et_pb_fullwidth_menu menu_id=&#8221;278&#8243; fullwidth_menu=&#8221;off&#8221; active_link_color=&#8221;#00a7b5&#8243; dropdown_menu_line_color=&#8221;#00a7b5&#8243; dropdown_menu_text_color=&#8221;#000000&#8243; mobile_menu_bg_color=&#8221;rgba(0,0,0,0)&#8221; mobile_menu_text_color=&#8221;#000000&#8243; _builder_version=&#8221;3.19.17&#8243; menu_font=&#8221;||||||||&#8221; menu_text_color=&#8221;#63666a&#8221; menu_font_size=&#8221;13px&#8221; menu_letter_spacing=&#8221;1px&#8221; background_color=&#8221;rgba(255,255,255,0.06)&#8221; text_orientation=&#8221;center&#8221; custom_margin=&#8221;6px||7px&#8221; custom_padding=&#8221;0px||0px|0px&#8221; custom_padding_tablet=&#8221;&#8221; custom_padding_phone=&#8221;&#8221; custom_padding_last_edited=&#8221;on|phone&#8221; animation_style=&#8221;flip&#8221; animation_delay=&#8221;2600ms&#8221; border_width_all=&#8221;1px&#8221; border_color_all=&#8221;#63666a&#8221;][\/et_pb_fullwidth_menu][\/et_pb_section][et_pb_section fb_built=&#8221;1&#8243; _builder_version=&#8221;3.22&#8243; custom_padding=&#8221;0|0px|21px|0px|false|false&#8221;][et_pb_row column_structure=&#8221;1_3,2_3&#8243; _builder_version=&#8221;3.25&#8243; custom_padding=&#8221;19px|0px|20px|0px|false|false&#8221;][et_pb_column type=&#8221;1_3&#8243; _builder_version=&#8221;3.25&#8243; custom_padding=&#8221;|||&#8221; custom_padding__hover=&#8221;|||&#8221;][et_pb_image src=&#8221;https:\/\/confecomerc.es\/wp-content\/uploads\/2021\/02\/estudiante-escuchando-cursos-linea-concepto-e-learning_23-2148550686.jpg&#8221; alt=&#8221;webminar&#8221; title_text=&#8221;webminar&#8221; _builder_version=&#8221;4.8.0&#8243; _module_preset=&#8221;default&#8221;][\/et_pb_image][\/et_pb_column][et_pb_column type=&#8221;2_3&#8243; _builder_version=&#8221;3.25&#8243; custom_padding=&#8221;|||&#8221; custom_padding__hover=&#8221;|||&#8221;][et_pb_code _builder_version=&#8221;4.8.0&#8243; _module_preset=&#8221;default&#8221;]<div class=\"eventer-dynamic-list-set\" id=\"eventer-dynamic-filters-170656\"><div class=\"eventer eventer-dynamic-listings-main eventer-list eventer-detailed-list\" data-shortcode=\"{&quot;ids&quot;:&quot;&quot;,&quot;terms_cats&quot;:&quot;2881&quot;,&quot;terms_tags&quot;:&quot;&quot;,&quot;terms_venue&quot;:&quot;&quot;,&quot;terms_organizer&quot;:&quot;&quot;,&quot;type&quot;:&quot;&quot;,&quot;status&quot;:&quot;future&quot;,&quot;lang&quot;:&quot;va&quot;,&quot;series&quot;:&quot;&quot;,&quot;view&quot;:&quot;detailed&quot;,&quot;background&quot;:&quot;&quot;,&quot;column&quot;:&quot;3&quot;,&quot;path&quot;:&quot;&quot;,&quot;venue&quot;:&quot;no&quot;,&quot;filters&quot;:&quot;&quot;,&quot;month_filter&quot;:&quot;&quot;,&quot;name&quot;:&quot;eventer_list&quot;,&quot;calview&quot;:&quot;&quot;,&quot;pagination&quot;:&quot;yes&quot;,&quot;operator&quot;:&quot;&quot;,&quot;ajax&quot;:&quot;&quot;,&quot;pass&quot;:&quot;&quot;,&quot;occurrence&quot;:&quot;&quot;,&quot;featured&quot;:&quot;1&quot;,&quot;count&quot;:&quot;10&quot;,&quot;event_until&quot;:&quot;1&quot;}\"><div class=\"eventer-loader-wrap\" style=\"display:none\"><div class=\"eventer-loader\"><\/div><\/div><div class=\"eventer-no-event-found\">No events to display.<\/div><\/div><\/div>[\/et_pb_code][\/et_pb_column][\/et_pb_row][\/et_pb_section]<\/p>\n","protected":false},"excerpt":{"rendered":"<div class=\"eventer-dynamic-list-set\" id=\"eventer-dynamic-filters-110600\"><div class=\"eventer eventer-dynamic-listings-main eventer-list eventer-detailed-list\" data-shortcode=\"{&quot;ids&quot;:&quot;&quot;,&quot;terms_cats&quot;:&quot;2881&quot;,&quot;terms_tags&quot;:&quot;&quot;,&quot;terms_venue&quot;:&quot;&quot;,&quot;terms_organizer&quot;:&quot;&quot;,&quot;type&quot;:&quot;&quot;,&quot;status&quot;:&quot;future&quot;,&quot;lang&quot;:&quot;va&quot;,&quot;series&quot;:&quot;&quot;,&quot;view&quot;:&quot;detailed&quot;,&quot;background&quot;:&quot;&quot;,&quot;column&quot;:&quot;3&quot;,&quot;path&quot;:&quot;&quot;,&quot;venue&quot;:&quot;no&quot;,&quot;filters&quot;:&quot;&quot;,&quot;month_filter&quot;:&quot;&quot;,&quot;name&quot;:&quot;eventer_list&quot;,&quot;calview&quot;:&quot;&quot;,&quot;pagination&quot;:&quot;yes&quot;,&quot;operator&quot;:&quot;&quot;,&quot;ajax&quot;:&quot;&quot;,&quot;pass&quot;:&quot;&quot;,&quot;occurrence&quot;:&quot;&quot;,&quot;featured&quot;:&quot;1&quot;,&quot;count&quot;:&quot;10&quot;,&quot;event_until&quot;:&quot;1&quot;}\"><div class=\"eventer-loader-wrap\" style=\"display:none\"><div class=\"eventer-loader\"><\/div><\/div><div class=\"eventer-no-event-found\">No events to display.<\/div><\/div><\/div>\n","protected":false},"author":1,"featured_media":6421,"parent":1579,"menu_order":0,"comment_status":"closed","ping_status":"closed","template":"","meta":{"_et_pb_use_builder":"on","_et_pb_old_content":"","_et_gb_content_width":"","footnotes":""},"class_list":["post-6498","page","type-page","status-publish","has-post-thumbnail","hentry"],"yoast_head":"<!-- This site is optimized with the Yoast SEO plugin v27.3 - https:\/\/yoast.com\/product\/yoast-seo-wordpress\/ -->\n<title>Agenda Webinars i Tallers Digitalitzaci\u00f3 - Confecomer\u00e7<\/title>\n<meta name=\"robots\" content=\"index, follow, max-snippet:-1, max-image-preview:large, max-video-preview:-1\" \/>\n<link rel=\"canonical\" href=\"https:\/\/confecomerc.es\/va\/digitalitzacio\/agenda-webinars-y-talleres-digitalizacion\/\" \/>\n<meta property=\"og:locale\" content=\"en_US\" \/>\n<meta property=\"og:type\" content=\"article\" \/>\n<meta property=\"og:title\" content=\"Agenda Webinars i Tallers Digitalitzaci\u00f3 - Confecomer\u00e7\" \/>\n<meta property=\"og:url\" content=\"https:\/\/confecomerc.es\/va\/digitalitzacio\/agenda-webinars-y-talleres-digitalizacion\/\" \/>\n<meta property=\"og:site_name\" content=\"Confecomer\u00e7\" \/>\n<meta property=\"article:modified_time\" content=\"2021-07-19T08:25:03+00:00\" \/>\n<meta property=\"og:image\" content=\"https:\/\/i1.wp.com\/confecomerc.es\/wp-content\/uploads\/2021\/02\/online-class.png?fit=512%2C512&ssl=1\" \/>\n\t<meta property=\"og:image:width\" content=\"512\" \/>\n\t<meta property=\"og:image:height\" content=\"512\" \/>\n\t<meta property=\"og:image:type\" content=\"image\/png\" \/>\n<meta name=\"twitter:card\" content=\"summary_large_image\" \/>\n<meta name=\"twitter:description\" content=\"[eventer_list terms_cats=&quot;2881&quot; featured=&quot;1&quot; series=&quot;&quot; view=&quot;detailed&quot; venue=&quot;no&quot; count=&quot;10&quot; pagination=&quot;yes&quot;]\" \/>\n<meta name=\"twitter:label1\" content=\"Est. reading time\" \/>\n\t<meta name=\"twitter:data1\" content=\"2 minutes\" \/>\n<script type=\"application\/ld+json\" class=\"yoast-schema-graph\">{\"@context\":\"https:\\\/\\\/schema.org\",\"@graph\":[{\"@type\":\"WebPage\",\"@id\":\"https:\\\/\\\/confecomerc.es\\\/va\\\/digitalitzacio\\\/agenda-webinars-y-talleres-digitalizacion\\\/\",\"url\":\"https:\\\/\\\/confecomerc.es\\\/va\\\/digitalitzacio\\\/agenda-webinars-y-talleres-digitalizacion\\\/\",\"name\":\"Agenda Webinars i Tallers Digitalitzaci\u00f3 - Confecomer\u00e7\",\"isPartOf\":{\"@id\":\"https:\\\/\\\/confecomerc.es\\\/#website\"},\"primaryImageOfPage\":{\"@id\":\"https:\\\/\\\/confecomerc.es\\\/va\\\/digitalitzacio\\\/agenda-webinars-y-talleres-digitalizacion\\\/#primaryimage\"},\"image\":{\"@id\":\"https:\\\/\\\/confecomerc.es\\\/va\\\/digitalitzacio\\\/agenda-webinars-y-talleres-digitalizacion\\\/#primaryimage\"},\"thumbnailUrl\":\"https:\\\/\\\/confecomerc.es\\\/wp-content\\\/uploads\\\/2021\\\/02\\\/online-class.png\",\"datePublished\":\"2021-02-15T12:37:27+00:00\",\"dateModified\":\"2021-07-19T08:25:03+00:00\",\"breadcrumb\":{\"@id\":\"https:\\\/\\\/confecomerc.es\\\/va\\\/digitalitzacio\\\/agenda-webinars-y-talleres-digitalizacion\\\/#breadcrumb\"},\"inLanguage\":\"va-VA\",\"potentialAction\":[{\"@type\":\"ReadAction\",\"target\":[\"https:\\\/\\\/confecomerc.es\\\/va\\\/digitalitzacio\\\/agenda-webinars-y-talleres-digitalizacion\\\/\"]}]},{\"@type\":\"ImageObject\",\"inLanguage\":\"va-VA\",\"@id\":\"https:\\\/\\\/confecomerc.es\\\/va\\\/digitalitzacio\\\/agenda-webinars-y-talleres-digitalizacion\\\/#primaryimage\",\"url\":\"https:\\\/\\\/confecomerc.es\\\/wp-content\\\/uploads\\\/2021\\\/02\\\/online-class.png\",\"contentUrl\":\"https:\\\/\\\/confecomerc.es\\\/wp-content\\\/uploads\\\/2021\\\/02\\\/online-class.png\",\"width\":512,\"height\":512,\"caption\":\"Webinars y talleres\"},{\"@type\":\"BreadcrumbList\",\"@id\":\"https:\\\/\\\/confecomerc.es\\\/va\\\/digitalitzacio\\\/agenda-webinars-y-talleres-digitalizacion\\\/#breadcrumb\",\"itemListElement\":[{\"@type\":\"ListItem\",\"position\":1,\"name\":\"Home\",\"item\":\"https:\\\/\\\/confecomerc.es\\\/va\\\/confecomerc-cv\\\/\"},{\"@type\":\"ListItem\",\"position\":2,\"name\":\"Digitalitzaci\u00f3\",\"item\":\"https:\\\/\\\/confecomerc.es\\\/va\\\/digitalitzacio\\\/\"},{\"@type\":\"ListItem\",\"position\":3,\"name\":\"Agenda Webinars i Tallers Digitalitzaci\u00f3\"}]},{\"@type\":\"WebSite\",\"@id\":\"https:\\\/\\\/confecomerc.es\\\/#website\",\"url\":\"https:\\\/\\\/confecomerc.es\\\/\",\"name\":\"Confecomer\u00e7\",\"description\":\"Confederaci\u00f3 de Comer\u00e7 d\u2019alacant, Castell\u00f3 i Val\u00e8ncia\",\"potentialAction\":[{\"@type\":\"SearchAction\",\"target\":{\"@type\":\"EntryPoint\",\"urlTemplate\":\"https:\\\/\\\/confecomerc.es\\\/?s={search_term_string}\"},\"query-input\":{\"@type\":\"PropertyValueSpecification\",\"valueRequired\":true,\"valueName\":\"search_term_string\"}}],\"inLanguage\":\"va-VA\"}]}<\/script>\n<!-- \/ Yoast SEO plugin. -->","yoast_head_json":{"title":"Agenda Webinars i Tallers Digitalitzaci\u00f3 - Confecomer\u00e7","robots":{"index":"index","follow":"follow","max-snippet":"max-snippet:-1","max-image-preview":"max-image-preview:large","max-video-preview":"max-video-preview:-1"},"canonical":"https:\/\/confecomerc.es\/va\/digitalitzacio\/agenda-webinars-y-talleres-digitalizacion\/","og_locale":"en_US","og_type":"article","og_title":"Agenda Webinars i Tallers Digitalitzaci\u00f3 - Confecomer\u00e7","og_url":"https:\/\/confecomerc.es\/va\/digitalitzacio\/agenda-webinars-y-talleres-digitalizacion\/","og_site_name":"Confecomer\u00e7","article_modified_time":"2021-07-19T08:25:03+00:00","og_image":[{"width":512,"height":512,"url":"https:\/\/i1.wp.com\/confecomerc.es\/wp-content\/uploads\/2021\/02\/online-class.png?fit=512%2C512&ssl=1","type":"image\/png"}],"twitter_card":"summary_large_image","twitter_description":"[eventer_list terms_cats=\"2881\" featured=\"1\" series=\"\" view=\"detailed\" venue=\"no\" count=\"10\" pagination=\"yes\"]","twitter_misc":{"Est. reading time":"2 minutes"},"schema":{"@context":"https:\/\/schema.org","@graph":[{"@type":"WebPage","@id":"https:\/\/confecomerc.es\/va\/digitalitzacio\/agenda-webinars-y-talleres-digitalizacion\/","url":"https:\/\/confecomerc.es\/va\/digitalitzacio\/agenda-webinars-y-talleres-digitalizacion\/","name":"Agenda Webinars i Tallers Digitalitzaci\u00f3 - Confecomer\u00e7","isPartOf":{"@id":"https:\/\/confecomerc.es\/#website"},"primaryImageOfPage":{"@id":"https:\/\/confecomerc.es\/va\/digitalitzacio\/agenda-webinars-y-talleres-digitalizacion\/#primaryimage"},"image":{"@id":"https:\/\/confecomerc.es\/va\/digitalitzacio\/agenda-webinars-y-talleres-digitalizacion\/#primaryimage"},"thumbnailUrl":"https:\/\/confecomerc.es\/wp-content\/uploads\/2021\/02\/online-class.png","datePublished":"2021-02-15T12:37:27+00:00","dateModified":"2021-07-19T08:25:03+00:00","breadcrumb":{"@id":"https:\/\/confecomerc.es\/va\/digitalitzacio\/agenda-webinars-y-talleres-digitalizacion\/#breadcrumb"},"inLanguage":"va-VA","potentialAction":[{"@type":"ReadAction","target":["https:\/\/confecomerc.es\/va\/digitalitzacio\/agenda-webinars-y-talleres-digitalizacion\/"]}]},{"@type":"ImageObject","inLanguage":"va-VA","@id":"https:\/\/confecomerc.es\/va\/digitalitzacio\/agenda-webinars-y-talleres-digitalizacion\/#primaryimage","url":"https:\/\/confecomerc.es\/wp-content\/uploads\/2021\/02\/online-class.png","contentUrl":"https:\/\/confecomerc.es\/wp-content\/uploads\/2021\/02\/online-class.png","width":512,"height":512,"caption":"Webinars y talleres"},{"@type":"BreadcrumbList","@id":"https:\/\/confecomerc.es\/va\/digitalitzacio\/agenda-webinars-y-talleres-digitalizacion\/#breadcrumb","itemListElement":[{"@type":"ListItem","position":1,"name":"Home","item":"https:\/\/confecomerc.es\/va\/confecomerc-cv\/"},{"@type":"ListItem","position":2,"name":"Digitalitzaci\u00f3","item":"https:\/\/confecomerc.es\/va\/digitalitzacio\/"},{"@type":"ListItem","position":3,"name":"Agenda Webinars i Tallers Digitalitzaci\u00f3"}]},{"@type":"WebSite","@id":"https:\/\/confecomerc.es\/#website","url":"https:\/\/confecomerc.es\/","name":"Confecomer\u00e7","description":"Confederaci\u00f3 de Comer\u00e7 d\u2019alacant, Castell\u00f3 i Val\u00e8ncia","potentialAction":[{"@type":"SearchAction","target":{"@type":"EntryPoint","urlTemplate":"https:\/\/confecomerc.es\/?s={search_term_string}"},"query-input":{"@type":"PropertyValueSpecification","valueRequired":true,"valueName":"search_term_string"}}],"inLanguage":"va-VA"}]}},"_links":{"self":[{"href":"https:\/\/confecomerc.es\/va\/wp-json\/wp\/v2\/pages\/6498","targetHints":{"allow":["GET"]}}],"collection":[{"href":"https:\/\/confecomerc.es\/va\/wp-json\/wp\/v2\/pages"}],"about":[{"href":"https:\/\/confecomerc.es\/va\/wp-json\/wp\/v2\/types\/page"}],"author":[{"embeddable":true,"href":"https:\/\/confecomerc.es\/va\/wp-json\/wp\/v2\/users\/1"}],"replies":[{"embeddable":true,"href":"https:\/\/confecomerc.es\/va\/wp-json\/wp\/v2\/comments?post=6498"}],"version-history":[{"count":0,"href":"https:\/\/confecomerc.es\/va\/wp-json\/wp\/v2\/pages\/6498\/revisions"}],"up":[{"embeddable":true,"href":"https:\/\/confecomerc.es\/va\/wp-json\/wp\/v2\/pages\/1579"}],"wp:featuredmedia":[{"embeddable":true,"href":"https:\/\/confecomerc.es\/va\/wp-json\/wp\/v2\/media\/6421"}],"wp:attachment":[{"href":"https:\/\/confecomerc.es\/va\/wp-json\/wp\/v2\/media?parent=6498"}],"curies":[{"name":"wp","href":"https:\/\/api.w.org\/{rel}","templated":true}]}}