{"id":7661,"date":"2021-05-04T10:21:50","date_gmt":"2021-05-04T09:21:50","guid":{"rendered":"https:\/\/confecomerc.es\/calendario-laboral-y-festivos-aperturables-2021\/"},"modified":"2021-07-19T09:11:51","modified_gmt":"2021-07-19T08:11:51","slug":"calendario-laboral-y-festivos-aperturables-2021","status":"publish","type":"page","link":"https:\/\/confecomerc.es\/va\/calendario-laboral-y-festivos-aperturables-2021\/","title":{"rendered":"Calendario Laboral y festivos aperturables 2021"},"content":{"rendered":"<p><strong>Calendario Laboral y festivos aperturables 2021 en la Comunitat Valenciana<\/strong><\/p>\n<p>&nbsp;<\/p>\n<p><img decoding=\"async\" class=\"aligncenter wp-image-7041 size-full\" src=\"https:\/\/confecomerc.es\/wp-content\/uploads\/2021\/05\/Calendario-laboral-y-festivos-aperturables-2021-comunitat-valenciana-scaled.jpg\" alt=\"\" width=\"1618\" height=\"2560\" srcset=\"https:\/\/confecomerc.es\/wp-content\/uploads\/2021\/05\/Calendario-laboral-y-festivos-aperturables-2021-comunitat-valenciana-scaled.jpg 1618w, https:\/\/confecomerc.es\/wp-content\/uploads\/2021\/05\/Calendario-laboral-y-festivos-aperturables-2021-comunitat-valenciana-1280x2025.jpg 1280w, https:\/\/confecomerc.es\/wp-content\/uploads\/2021\/05\/Calendario-laboral-y-festivos-aperturables-2021-comunitat-valenciana-980x1551.jpg 980w, https:\/\/confecomerc.es\/wp-content\/uploads\/2021\/05\/Calendario-laboral-y-festivos-aperturables-2021-comunitat-valenciana-480x759.jpg 480w\" sizes=\"(min-width: 0px) and (max-width: 480px) 480px, (min-width: 481px) and (max-width: 980px) 980px, (min-width: 981px) and (max-width: 1280px) 1280px, (min-width: 1281px) 1618px, 100vw\" \/><\/p>\n<p>&nbsp;<\/p>\n<p>&nbsp;<\/p>\n","protected":false},"excerpt":{"rendered":"<p>Calendario Laboral y festivos aperturables 2021<\/p>\n","protected":false},"author":1,"featured_media":7042,"parent":0,"menu_order":0,"comment_status":"closed","ping_status":"closed","template":"","meta":{"_et_pb_use_builder":"","_et_pb_old_content":"","_et_gb_content_width":"","footnotes":""},"class_list":["post-7661","page","type-page","status-publish","has-post-thumbnail","hentry"],"yoast_head":"<!-- This site is optimized with the Yoast SEO plugin v27.2 - https:\/\/yoast.com\/product\/yoast-seo-wordpress\/ -->\n<title>Calendario Laboral y festivos aperturables 2021 - Confecomer\u00e7<\/title>\n<meta name=\"description\" content=\"Calendario Laboral y festivos aperturables 2021\" \/>\n<meta name=\"robots\" content=\"index, follow, max-snippet:-1, max-image-preview:large, max-video-preview:-1\" \/>\n<link rel=\"canonical\" href=\"https:\/\/confecomerc.es\/va\/calendario-laboral-y-festivos-aperturables-2021\/\" \/>\n<meta property=\"og:locale\" content=\"en_US\" \/>\n<meta property=\"og:type\" content=\"article\" \/>\n<meta property=\"og:title\" content=\"Calendario Laboral y festivos aperturables 2021 - Confecomer\u00e7\" \/>\n<meta property=\"og:description\" content=\"Calendario Laboral y festivos aperturables 2021\" \/>\n<meta property=\"og:url\" content=\"https:\/\/confecomerc.es\/va\/calendario-laboral-y-festivos-aperturables-2021\/\" \/>\n<meta property=\"og:site_name\" content=\"Confecomer\u00e7\" \/>\n<meta property=\"article:modified_time\" content=\"2021-07-19T08:11:51+00:00\" \/>\n<meta property=\"og:image\" content=\"https:\/\/i0.wp.com\/confecomerc.es\/wp-content\/uploads\/2021\/05\/Calendario-laboral-y-festivos-aperturables-2021-comunitat-valenciana.jpg?fit=1618%2C2560&ssl=1\" \/>\n\t<meta property=\"og:image:width\" content=\"1618\" \/>\n\t<meta property=\"og:image:height\" content=\"2560\" \/>\n\t<meta property=\"og:image:type\" content=\"image\/jpeg\" \/>\n<meta name=\"twitter:card\" content=\"summary_large_image\" \/>\n<script type=\"application\/ld+json\" class=\"yoast-schema-graph\">{\"@context\":\"https:\/\/schema.org\",\"@graph\":[{\"@type\":\"WebPage\",\"@id\":\"https:\/\/confecomerc.es\/va\/calendario-laboral-y-festivos-aperturables-2021\/\",\"url\":\"https:\/\/confecomerc.es\/va\/calendario-laboral-y-festivos-aperturables-2021\/\",\"name\":\"Calendario Laboral y festivos aperturables 2021 - Confecomer\u00e7\",\"isPartOf\":{\"@id\":\"https:\/\/confecomerc.es\/#website\"},\"primaryImageOfPage\":{\"@id\":\"https:\/\/confecomerc.es\/va\/calendario-laboral-y-festivos-aperturables-2021\/#primaryimage\"},\"image\":{\"@id\":\"https:\/\/confecomerc.es\/va\/calendario-laboral-y-festivos-aperturables-2021\/#primaryimage\"},\"thumbnailUrl\":\"https:\/\/confecomerc.es\/wp-content\/uploads\/2021\/05\/Calendario-laboral-y-festivos-aperturables-2021-comunitat-valenciana.jpg\",\"datePublished\":\"2021-05-04T09:21:50+00:00\",\"dateModified\":\"2021-07-19T08:11:51+00:00\",\"description\":\"Calendario Laboral y festivos aperturables 2021\",\"breadcrumb\":{\"@id\":\"https:\/\/confecomerc.es\/va\/calendario-laboral-y-festivos-aperturables-2021\/#breadcrumb\"},\"inLanguage\":\"va-VA\",\"potentialAction\":[{\"@type\":\"ReadAction\",\"target\":[\"https:\/\/confecomerc.es\/va\/calendario-laboral-y-festivos-aperturables-2021\/\"]}]},{\"@type\":\"ImageObject\",\"inLanguage\":\"va-VA\",\"@id\":\"https:\/\/confecomerc.es\/va\/calendario-laboral-y-festivos-aperturables-2021\/#primaryimage\",\"url\":\"https:\/\/confecomerc.es\/wp-content\/uploads\/2021\/05\/Calendario-laboral-y-festivos-aperturables-2021-comunitat-valenciana.jpg\",\"contentUrl\":\"https:\/\/confecomerc.es\/wp-content\/uploads\/2021\/05\/Calendario-laboral-y-festivos-aperturables-2021-comunitat-valenciana.jpg\",\"width\":1618,\"height\":2560,\"caption\":\"Calendario laboral y festivos aperturables 2021 comunitat valenciana\"},{\"@type\":\"BreadcrumbList\",\"@id\":\"https:\/\/confecomerc.es\/va\/calendario-laboral-y-festivos-aperturables-2021\/#breadcrumb\",\"itemListElement\":[{\"@type\":\"ListItem\",\"position\":1,\"name\":\"Home\",\"item\":\"https:\/\/confecomerc.es\/va\/confecomerc-cv\/\"},{\"@type\":\"ListItem\",\"position\":2,\"name\":\"Calendario Laboral y festivos aperturables 2021\"}]},{\"@type\":\"WebSite\",\"@id\":\"https:\/\/confecomerc.es\/#website\",\"url\":\"https:\/\/confecomerc.es\/\",\"name\":\"Confecomer\u00e7\",\"description\":\"Confederaci\u00f3 de Comer\u00e7 d\u2019alacant, Castell\u00f3 i Val\u00e8ncia\",\"potentialAction\":[{\"@type\":\"SearchAction\",\"target\":{\"@type\":\"EntryPoint\",\"urlTemplate\":\"https:\/\/confecomerc.es\/?s={search_term_string}\"},\"query-input\":{\"@type\":\"PropertyValueSpecification\",\"valueRequired\":true,\"valueName\":\"search_term_string\"}}],\"inLanguage\":\"va-VA\"}]}<\/script>\n<!-- \/ Yoast SEO plugin. -->","yoast_head_json":{"title":"Calendario Laboral y festivos aperturables 2021 - Confecomer\u00e7","description":"Calendario Laboral y festivos aperturables 2021","robots":{"index":"index","follow":"follow","max-snippet":"max-snippet:-1","max-image-preview":"max-image-preview:large","max-video-preview":"max-video-preview:-1"},"canonical":"https:\/\/confecomerc.es\/va\/calendario-laboral-y-festivos-aperturables-2021\/","og_locale":"en_US","og_type":"article","og_title":"Calendario Laboral y festivos aperturables 2021 - Confecomer\u00e7","og_description":"Calendario Laboral y festivos aperturables 2021","og_url":"https:\/\/confecomerc.es\/va\/calendario-laboral-y-festivos-aperturables-2021\/","og_site_name":"Confecomer\u00e7","article_modified_time":"2021-07-19T08:11:51+00:00","og_image":[{"width":1618,"height":2560,"url":"https:\/\/i0.wp.com\/confecomerc.es\/wp-content\/uploads\/2021\/05\/Calendario-laboral-y-festivos-aperturables-2021-comunitat-valenciana.jpg?fit=1618%2C2560&ssl=1","type":"image\/jpeg"}],"twitter_card":"summary_large_image","schema":{"@context":"https:\/\/schema.org","@graph":[{"@type":"WebPage","@id":"https:\/\/confecomerc.es\/va\/calendario-laboral-y-festivos-aperturables-2021\/","url":"https:\/\/confecomerc.es\/va\/calendario-laboral-y-festivos-aperturables-2021\/","name":"Calendario Laboral y festivos aperturables 2021 - Confecomer\u00e7","isPartOf":{"@id":"https:\/\/confecomerc.es\/#website"},"primaryImageOfPage":{"@id":"https:\/\/confecomerc.es\/va\/calendario-laboral-y-festivos-aperturables-2021\/#primaryimage"},"image":{"@id":"https:\/\/confecomerc.es\/va\/calendario-laboral-y-festivos-aperturables-2021\/#primaryimage"},"thumbnailUrl":"https:\/\/confecomerc.es\/wp-content\/uploads\/2021\/05\/Calendario-laboral-y-festivos-aperturables-2021-comunitat-valenciana.jpg","datePublished":"2021-05-04T09:21:50+00:00","dateModified":"2021-07-19T08:11:51+00:00","description":"Calendario Laboral y festivos aperturables 2021","breadcrumb":{"@id":"https:\/\/confecomerc.es\/va\/calendario-laboral-y-festivos-aperturables-2021\/#breadcrumb"},"inLanguage":"va-VA","potentialAction":[{"@type":"ReadAction","target":["https:\/\/confecomerc.es\/va\/calendario-laboral-y-festivos-aperturables-2021\/"]}]},{"@type":"ImageObject","inLanguage":"va-VA","@id":"https:\/\/confecomerc.es\/va\/calendario-laboral-y-festivos-aperturables-2021\/#primaryimage","url":"https:\/\/confecomerc.es\/wp-content\/uploads\/2021\/05\/Calendario-laboral-y-festivos-aperturables-2021-comunitat-valenciana.jpg","contentUrl":"https:\/\/confecomerc.es\/wp-content\/uploads\/2021\/05\/Calendario-laboral-y-festivos-aperturables-2021-comunitat-valenciana.jpg","width":1618,"height":2560,"caption":"Calendario laboral y festivos aperturables 2021 comunitat valenciana"},{"@type":"BreadcrumbList","@id":"https:\/\/confecomerc.es\/va\/calendario-laboral-y-festivos-aperturables-2021\/#breadcrumb","itemListElement":[{"@type":"ListItem","position":1,"name":"Home","item":"https:\/\/confecomerc.es\/va\/confecomerc-cv\/"},{"@type":"ListItem","position":2,"name":"Calendario Laboral y festivos aperturables 2021"}]},{"@type":"WebSite","@id":"https:\/\/confecomerc.es\/#website","url":"https:\/\/confecomerc.es\/","name":"Confecomer\u00e7","description":"Confederaci\u00f3 de Comer\u00e7 d\u2019alacant, Castell\u00f3 i Val\u00e8ncia","potentialAction":[{"@type":"SearchAction","target":{"@type":"EntryPoint","urlTemplate":"https:\/\/confecomerc.es\/?s={search_term_string}"},"query-input":{"@type":"PropertyValueSpecification","valueRequired":true,"valueName":"search_term_string"}}],"inLanguage":"va-VA"}]}},"_links":{"self":[{"href":"https:\/\/confecomerc.es\/va\/wp-json\/wp\/v2\/pages\/7661","targetHints":{"allow":["GET"]}}],"collection":[{"href":"https:\/\/confecomerc.es\/va\/wp-json\/wp\/v2\/pages"}],"about":[{"href":"https:\/\/confecomerc.es\/va\/wp-json\/wp\/v2\/types\/page"}],"author":[{"embeddable":true,"href":"https:\/\/confecomerc.es\/va\/wp-json\/wp\/v2\/users\/1"}],"replies":[{"embeddable":true,"href":"https:\/\/confecomerc.es\/va\/wp-json\/wp\/v2\/comments?post=7661"}],"version-history":[{"count":0,"href":"https:\/\/confecomerc.es\/va\/wp-json\/wp\/v2\/pages\/7661\/revisions"}],"wp:featuredmedia":[{"embeddable":true,"href":"https:\/\/confecomerc.es\/va\/wp-json\/wp\/v2\/media\/7042"}],"wp:attachment":[{"href":"https:\/\/confecomerc.es\/va\/wp-json\/wp\/v2\/media?parent=7661"}],"curies":[{"name":"wp","href":"https:\/\/api.w.org\/{rel}","templated":true}]}}