{"id":7857,"date":"2021-07-19T11:30:54","date_gmt":"2021-07-19T10:30:54","guid":{"rendered":"https:\/\/confecomerc.es\/campanyes-publicitaries\/"},"modified":"2023-02-22T08:55:50","modified_gmt":"2023-02-22T07:55:50","slug":"campanyes-publicitaries","status":"publish","type":"page","link":"https:\/\/confecomerc.es\/va\/campanyes-publicitaries\/","title":{"rendered":"Campanyes publicit\u00e0ries"},"content":{"rendered":"<p>[et_pb_section fb_built=&#8221;1&#8243; fullwidth=&#8221;on&#8221; _builder_version=&#8221;4.16&#8243; _module_preset=&#8221;default&#8221; global_colors_info=&#8221;{}&#8221;][et_pb_fullwidth_slider _builder_version=&#8221;4.16&#8243; _module_preset=&#8221;default&#8221; custom_padding=&#8221;94px||130px|||&#8221; global_colors_info=&#8221;{}&#8221;][et_pb_slide heading=&#8221;Campanyes&#8221; _builder_version=&#8221;4.16&#8243; _module_preset=&#8221;default&#8221; background_image=&#8221;https:\/\/confecomerc.es\/wp-content\/uploads\/2020\/12\/futurocomprasBANNERweb.jpg&#8221; background_enable_image=&#8221;on&#8221; global_colors_info=&#8221;{}&#8221; sticky_transition=&#8221;on&#8221;][\/et_pb_slide][\/et_pb_fullwidth_slider][\/et_pb_section][et_pb_section fb_built=&#8221;1&#8243; _builder_version=&#8221;4.16&#8243; custom_padding=&#8221;0|0px|96px|0px|false|false&#8221; global_colors_info=&#8221;{}&#8221;][et_pb_row _builder_version=&#8221;4.16&#8243; custom_padding=&#8221;19px|0px|20px|0px|false|false&#8221; global_colors_info=&#8221;{}&#8221;][et_pb_column type=&#8221;4_4&#8243; _builder_version=&#8221;4.16&#8243; custom_padding=&#8221;|||&#8221; global_colors_info=&#8221;{}&#8221; custom_padding__hover=&#8221;|||&#8221;][et_pb_text _builder_version=&#8221;4.16&#8243; custom_margin=&#8221;28px|||||&#8221; global_colors_info=&#8221;{}&#8221;]En aquest espai hem recollit les campanyes de dinamitzaci\u00f3 de car\u00e0cter auton\u00f2mic, impulsades per Confecomer\u00e7 CV, al costat de les seues associacions i federacions, permetent aix\u00ed de manera conjunta tindre un major impacte i rellev\u00e0ncia social. Amb aquestes accions hem posat el focus en la import\u00e0ncia del xicotet comer\u00e7, enaltint els avantatges que suposa per al client realitzar les compres en el comer\u00e7 de proximitat. Perqu\u00e8 comprar en el xicotet comer\u00e7 \u00e9s apostar per la proximitat, per les persones, per afavorir una economia local, per un format sostenible, que vela pel medi ambient, que contribueix amb els seus impostos al desenvolupament dels municipis i ciutats.  [\/et_pb_text][\/et_pb_column][\/et_pb_row][et_pb_row _builder_version=&#8221;4.16&#8243; _module_preset=&#8221;default&#8221; global_colors_info=&#8221;{}&#8221;][et_pb_column type=&#8221;4_4&#8243; _builder_version=&#8221;4.16&#8243; _module_preset=&#8221;default&#8221; global_colors_info=&#8221;{}&#8221;][et_pb_filterable_portfolio fullwidth=&#8221;off&#8221; posts_number=&#8221;500&#8243; include_categories=&#8221;2861,2850,3459,3566&#8243; _builder_version=&#8221;4.17.1&#8243; _module_preset=&#8221;default&#8221; hover_enabled=&#8221;0&#8243; global_colors_info=&#8221;{}&#8221; sticky_enabled=&#8221;0&#8243;][\/et_pb_filterable_portfolio][\/et_pb_column][\/et_pb_row][\/et_pb_section]<\/p>\n","protected":false},"excerpt":{"rendered":"<p>En aquest espai hem recollit les campanyes de dinamitzaci\u00f3 de car\u00e0cter auton\u00f2mic, impulsades per *Confecomer\u00e7 CV, al costat de les seues associacions i federacions, permetent aix\u00ed de manera conjunta tindre un major impacte i rellev\u00e0ncia social. <\/p>\n","protected":false},"author":1,"featured_media":5180,"parent":0,"menu_order":0,"comment_status":"closed","ping_status":"closed","template":"","meta":{"_et_pb_use_builder":"on","_et_pb_old_content":"","_et_gb_content_width":"","footnotes":""},"class_list":["post-7857","page","type-page","status-publish","has-post-thumbnail","hentry"],"yoast_head":"<!-- This site is optimized with the Yoast SEO plugin v27.3 - https:\/\/yoast.com\/product\/yoast-seo-wordpress\/ -->\n<title>Campanyes publicit\u00e0ries - Confecomer\u00e7<\/title>\n<meta name=\"description\" content=\"En aquest espai hem recollit les campanyes de dinamitzaci\u00f3 de car\u00e0cter auton\u00f2mic, impulsades per Confecomer\u00e7 CV, al costat de les seues associacions i federacions, permetent aix\u00ed de manera conjunta tindre un major impacte i rellev\u00e0ncia social.\" \/>\n<meta name=\"robots\" content=\"index, follow, max-snippet:-1, max-image-preview:large, max-video-preview:-1\" \/>\n<link rel=\"canonical\" href=\"https:\/\/confecomerc.es\/va\/campanyes-publicitaries\/\" \/>\n<meta property=\"og:locale\" content=\"en_US\" \/>\n<meta property=\"og:type\" content=\"article\" \/>\n<meta property=\"og:title\" content=\"Campanyes publicit\u00e0ries - Confecomer\u00e7\" \/>\n<meta property=\"og:description\" content=\"En aquest espai hem recollit les campanyes de dinamitzaci\u00f3 de car\u00e0cter auton\u00f2mic, impulsades per Confecomer\u00e7 CV, al costat de les seues associacions i federacions, permetent aix\u00ed de manera conjunta tindre un major impacte i rellev\u00e0ncia social.\" \/>\n<meta property=\"og:url\" content=\"https:\/\/confecomerc.es\/va\/campanyes-publicitaries\/\" \/>\n<meta property=\"og:site_name\" content=\"Confecomer\u00e7\" \/>\n<meta property=\"article:modified_time\" content=\"2023-02-22T07:55:50+00:00\" \/>\n<meta property=\"og:image\" content=\"https:\/\/i0.wp.com\/confecomerc.es\/wp-content\/uploads\/2020\/07\/Adhesi\u00f3n-Mercado-Central-de-Val\u00e8ncia-la-campa\u00f1a-\u2018Peque\u00f1o-comercio.-El-futuro-que-compras\u2019_1.jpg?fit=1600%2C900&ssl=1\" \/>\n\t<meta property=\"og:image:width\" content=\"1600\" \/>\n\t<meta property=\"og:image:height\" content=\"900\" \/>\n\t<meta property=\"og:image:type\" content=\"image\/jpeg\" \/>\n<meta name=\"twitter:card\" content=\"summary_large_image\" \/>\n<meta name=\"twitter:label1\" content=\"Est. reading time\" \/>\n\t<meta name=\"twitter:data1\" content=\"2 minutes\" \/>\n<script type=\"application\/ld+json\" class=\"yoast-schema-graph\">{\"@context\":\"https:\\\/\\\/schema.org\",\"@graph\":[{\"@type\":\"WebPage\",\"@id\":\"https:\\\/\\\/confecomerc.es\\\/va\\\/campanyes-publicitaries\\\/\",\"url\":\"https:\\\/\\\/confecomerc.es\\\/va\\\/campanyes-publicitaries\\\/\",\"name\":\"Campanyes publicit\u00e0ries - Confecomer\u00e7\",\"isPartOf\":{\"@id\":\"https:\\\/\\\/confecomerc.es\\\/#website\"},\"primaryImageOfPage\":{\"@id\":\"https:\\\/\\\/confecomerc.es\\\/va\\\/campanyes-publicitaries\\\/#primaryimage\"},\"image\":{\"@id\":\"https:\\\/\\\/confecomerc.es\\\/va\\\/campanyes-publicitaries\\\/#primaryimage\"},\"thumbnailUrl\":\"https:\\\/\\\/confecomerc.es\\\/wp-content\\\/uploads\\\/2020\\\/07\\\/Adhesi\u00f3n-Mercado-Central-de-Val\u00e8ncia-la-campa\u00f1a-\u2018Peque\u00f1o-comercio.-El-futuro-que-compras\u2019_1.jpg\",\"datePublished\":\"2021-07-19T10:30:54+00:00\",\"dateModified\":\"2023-02-22T07:55:50+00:00\",\"description\":\"En aquest espai hem recollit les campanyes de dinamitzaci\u00f3 de car\u00e0cter auton\u00f2mic, impulsades per Confecomer\u00e7 CV, al costat de les seues associacions i federacions, permetent aix\u00ed de manera conjunta tindre un major impacte i rellev\u00e0ncia social.\",\"breadcrumb\":{\"@id\":\"https:\\\/\\\/confecomerc.es\\\/va\\\/campanyes-publicitaries\\\/#breadcrumb\"},\"inLanguage\":\"va-VA\",\"potentialAction\":[{\"@type\":\"ReadAction\",\"target\":[\"https:\\\/\\\/confecomerc.es\\\/va\\\/campanyes-publicitaries\\\/\"]}]},{\"@type\":\"ImageObject\",\"inLanguage\":\"va-VA\",\"@id\":\"https:\\\/\\\/confecomerc.es\\\/va\\\/campanyes-publicitaries\\\/#primaryimage\",\"url\":\"https:\\\/\\\/confecomerc.es\\\/wp-content\\\/uploads\\\/2020\\\/07\\\/Adhesi\u00f3n-Mercado-Central-de-Val\u00e8ncia-la-campa\u00f1a-\u2018Peque\u00f1o-comercio.-El-futuro-que-compras\u2019_1.jpg\",\"contentUrl\":\"https:\\\/\\\/confecomerc.es\\\/wp-content\\\/uploads\\\/2020\\\/07\\\/Adhesi\u00f3n-Mercado-Central-de-Val\u00e8ncia-la-campa\u00f1a-\u2018Peque\u00f1o-comercio.-El-futuro-que-compras\u2019_1.jpg\",\"width\":1600,\"height\":900,\"caption\":\"Adhesi\u00f3n Mercado Central de Val\u00e8ncia la campa\u00f1a \u2018Peque\u00f1o comercio. El futuro que compras\u2019\"},{\"@type\":\"BreadcrumbList\",\"@id\":\"https:\\\/\\\/confecomerc.es\\\/va\\\/campanyes-publicitaries\\\/#breadcrumb\",\"itemListElement\":[{\"@type\":\"ListItem\",\"position\":1,\"name\":\"Home\",\"item\":\"https:\\\/\\\/confecomerc.es\\\/va\\\/confecomerc-cv\\\/\"},{\"@type\":\"ListItem\",\"position\":2,\"name\":\"Campanyes publicit\u00e0ries\"}]},{\"@type\":\"WebSite\",\"@id\":\"https:\\\/\\\/confecomerc.es\\\/#website\",\"url\":\"https:\\\/\\\/confecomerc.es\\\/\",\"name\":\"Confecomer\u00e7\",\"description\":\"Confederaci\u00f3 de Comer\u00e7 d\u2019alacant, Castell\u00f3 i Val\u00e8ncia\",\"potentialAction\":[{\"@type\":\"SearchAction\",\"target\":{\"@type\":\"EntryPoint\",\"urlTemplate\":\"https:\\\/\\\/confecomerc.es\\\/?s={search_term_string}\"},\"query-input\":{\"@type\":\"PropertyValueSpecification\",\"valueRequired\":true,\"valueName\":\"search_term_string\"}}],\"inLanguage\":\"va-VA\"}]}<\/script>\n<!-- \/ Yoast SEO plugin. -->","yoast_head_json":{"title":"Campanyes publicit\u00e0ries - Confecomer\u00e7","description":"En aquest espai hem recollit les campanyes de dinamitzaci\u00f3 de car\u00e0cter auton\u00f2mic, impulsades per Confecomer\u00e7 CV, al costat de les seues associacions i federacions, permetent aix\u00ed de manera conjunta tindre un major impacte i rellev\u00e0ncia social.","robots":{"index":"index","follow":"follow","max-snippet":"max-snippet:-1","max-image-preview":"max-image-preview:large","max-video-preview":"max-video-preview:-1"},"canonical":"https:\/\/confecomerc.es\/va\/campanyes-publicitaries\/","og_locale":"en_US","og_type":"article","og_title":"Campanyes publicit\u00e0ries - Confecomer\u00e7","og_description":"En aquest espai hem recollit les campanyes de dinamitzaci\u00f3 de car\u00e0cter auton\u00f2mic, impulsades per Confecomer\u00e7 CV, al costat de les seues associacions i federacions, permetent aix\u00ed de manera conjunta tindre un major impacte i rellev\u00e0ncia social.","og_url":"https:\/\/confecomerc.es\/va\/campanyes-publicitaries\/","og_site_name":"Confecomer\u00e7","article_modified_time":"2023-02-22T07:55:50+00:00","og_image":[{"width":1600,"height":900,"url":"https:\/\/i0.wp.com\/confecomerc.es\/wp-content\/uploads\/2020\/07\/Adhesi\u00f3n-Mercado-Central-de-Val\u00e8ncia-la-campa\u00f1a-\u2018Peque\u00f1o-comercio.-El-futuro-que-compras\u2019_1.jpg?fit=1600%2C900&ssl=1","type":"image\/jpeg"}],"twitter_card":"summary_large_image","twitter_misc":{"Est. reading time":"2 minutes"},"schema":{"@context":"https:\/\/schema.org","@graph":[{"@type":"WebPage","@id":"https:\/\/confecomerc.es\/va\/campanyes-publicitaries\/","url":"https:\/\/confecomerc.es\/va\/campanyes-publicitaries\/","name":"Campanyes publicit\u00e0ries - Confecomer\u00e7","isPartOf":{"@id":"https:\/\/confecomerc.es\/#website"},"primaryImageOfPage":{"@id":"https:\/\/confecomerc.es\/va\/campanyes-publicitaries\/#primaryimage"},"image":{"@id":"https:\/\/confecomerc.es\/va\/campanyes-publicitaries\/#primaryimage"},"thumbnailUrl":"https:\/\/confecomerc.es\/wp-content\/uploads\/2020\/07\/Adhesi\u00f3n-Mercado-Central-de-Val\u00e8ncia-la-campa\u00f1a-\u2018Peque\u00f1o-comercio.-El-futuro-que-compras\u2019_1.jpg","datePublished":"2021-07-19T10:30:54+00:00","dateModified":"2023-02-22T07:55:50+00:00","description":"En aquest espai hem recollit les campanyes de dinamitzaci\u00f3 de car\u00e0cter auton\u00f2mic, impulsades per Confecomer\u00e7 CV, al costat de les seues associacions i federacions, permetent aix\u00ed de manera conjunta tindre un major impacte i rellev\u00e0ncia social.","breadcrumb":{"@id":"https:\/\/confecomerc.es\/va\/campanyes-publicitaries\/#breadcrumb"},"inLanguage":"va-VA","potentialAction":[{"@type":"ReadAction","target":["https:\/\/confecomerc.es\/va\/campanyes-publicitaries\/"]}]},{"@type":"ImageObject","inLanguage":"va-VA","@id":"https:\/\/confecomerc.es\/va\/campanyes-publicitaries\/#primaryimage","url":"https:\/\/confecomerc.es\/wp-content\/uploads\/2020\/07\/Adhesi\u00f3n-Mercado-Central-de-Val\u00e8ncia-la-campa\u00f1a-\u2018Peque\u00f1o-comercio.-El-futuro-que-compras\u2019_1.jpg","contentUrl":"https:\/\/confecomerc.es\/wp-content\/uploads\/2020\/07\/Adhesi\u00f3n-Mercado-Central-de-Val\u00e8ncia-la-campa\u00f1a-\u2018Peque\u00f1o-comercio.-El-futuro-que-compras\u2019_1.jpg","width":1600,"height":900,"caption":"Adhesi\u00f3n Mercado Central de Val\u00e8ncia la campa\u00f1a \u2018Peque\u00f1o comercio. El futuro que compras\u2019"},{"@type":"BreadcrumbList","@id":"https:\/\/confecomerc.es\/va\/campanyes-publicitaries\/#breadcrumb","itemListElement":[{"@type":"ListItem","position":1,"name":"Home","item":"https:\/\/confecomerc.es\/va\/confecomerc-cv\/"},{"@type":"ListItem","position":2,"name":"Campanyes publicit\u00e0ries"}]},{"@type":"WebSite","@id":"https:\/\/confecomerc.es\/#website","url":"https:\/\/confecomerc.es\/","name":"Confecomer\u00e7","description":"Confederaci\u00f3 de Comer\u00e7 d\u2019alacant, Castell\u00f3 i Val\u00e8ncia","potentialAction":[{"@type":"SearchAction","target":{"@type":"EntryPoint","urlTemplate":"https:\/\/confecomerc.es\/?s={search_term_string}"},"query-input":{"@type":"PropertyValueSpecification","valueRequired":true,"valueName":"search_term_string"}}],"inLanguage":"va-VA"}]}},"_links":{"self":[{"href":"https:\/\/confecomerc.es\/va\/wp-json\/wp\/v2\/pages\/7857","targetHints":{"allow":["GET"]}}],"collection":[{"href":"https:\/\/confecomerc.es\/va\/wp-json\/wp\/v2\/pages"}],"about":[{"href":"https:\/\/confecomerc.es\/va\/wp-json\/wp\/v2\/types\/page"}],"author":[{"embeddable":true,"href":"https:\/\/confecomerc.es\/va\/wp-json\/wp\/v2\/users\/1"}],"replies":[{"embeddable":true,"href":"https:\/\/confecomerc.es\/va\/wp-json\/wp\/v2\/comments?post=7857"}],"version-history":[{"count":0,"href":"https:\/\/confecomerc.es\/va\/wp-json\/wp\/v2\/pages\/7857\/revisions"}],"wp:featuredmedia":[{"embeddable":true,"href":"https:\/\/confecomerc.es\/va\/wp-json\/wp\/v2\/media\/5180"}],"wp:attachment":[{"href":"https:\/\/confecomerc.es\/va\/wp-json\/wp\/v2\/media?parent=7857"}],"curies":[{"name":"wp","href":"https:\/\/api.w.org\/{rel}","templated":true}]}}