{"id":8348,"date":"2021-07-19T12:31:49","date_gmt":"2021-07-19T11:31:49","guid":{"rendered":"https:\/\/confecomerc.es\/organitzacions-membres\/confemercats\/"},"modified":"2024-02-22T16:06:50","modified_gmt":"2024-02-22T15:06:50","slug":"confemercats","status":"publish","type":"page","link":"https:\/\/confecomerc.es\/va\/organitzacions-membres\/confemercats\/","title":{"rendered":"Confemercats"},"content":{"rendered":"<p>[et_pb_section fb_built=&#8221;1&#8243; _builder_version=&#8221;4.16&#8243; _module_preset=&#8221;default&#8221; global_colors_info=&#8221;{}&#8221;][et_pb_row column_structure=&#8221;3_5,2_5&#8243; _builder_version=&#8221;4.16&#8243; _module_preset=&#8221;default&#8221; global_colors_info=&#8221;{}&#8221;][et_pb_column type=&#8221;3_5&#8243; _builder_version=&#8221;4.16&#8243; _module_preset=&#8221;default&#8221; global_colors_info=&#8221;{}&#8221;][et_pb_text _builder_version=&#8221;4.16&#8243; _module_preset=&#8221;default&#8221; global_colors_info=&#8221;{}&#8221;]<\/p>\n<p>La <strong>Confederaci\u00f3 d&#8217;Empresaris de Comer\u00e7, Servicis i Aut\u00f2noms de la Comunitat Valenciana<\/strong> ha impulsat Confemercats CV, amb l&#8217;objectiu de preservar i defensar la identitat dels <strong>mercats municipals de la nostra autonomia.<\/strong><\/p>\n<p><strong>Confemercats CV neix amb l&#8217;esperit de ser la veu de tots els mercats municipals de la Comunitat Valenciana<\/strong>, defensant els seus interessos, donant visibilitat davant la societat i administracions p\u00fabliques, col\u00b7laborant estretament en iniciatives, encaminades a refor\u00e7ar i compartir bones pr\u00e0ctiques, donar a con\u00e8ixer la funci\u00f3 social que exerceixen els mercats, fomentant la tasca dels <strong>productes locals, aut\u00f2ctons, propis de l&#8217;autonomia, <\/strong>aix\u00ed com promoure una cultura de <strong>consum responsable, basada en la sostenibilitat, i en l&#8217;aposta per l&#8217;alimentaci\u00f3 saludable<\/strong>, molt important en el nostre dia a dia.<\/p>\n<p>Confemercats CV, a m\u00e9s de ser la veu dels mercats de la Comunitat \u00e9s membre de la <strong>Confederaci\u00f3 de Mercats Tradicionals de Prove\u00efments d&#8217;Espanya<\/strong>, entitat que representa als mercats a nivell nacional, i que posa en valor l&#8217;aportaci\u00f3 i riquesa que generen aquests centres neur\u00e0lgics que s\u00f3n un emblema de les ciutats i municipis del nostre pa\u00eds.<\/p>\n<p>[\/et_pb_text][et_pb_text _builder_version=&#8221;4.16.1&#8243; _module_preset=&#8221;default&#8221; global_colors_info=&#8221;{}&#8221;]<\/p>\n<p>Mercats membre de Confemercats:<\/p>\n<table>\n<tbody>\n<tr>\n<td style=\"width: 1083px;\">ASOCIACION DE COMERCIANTES CONCESIONARIOS EN MERCADOS MUNICIPALES DE ALICANTE<\/td>\n<\/tr>\n<tr>\n<td style=\"width: 1083px;\">MERCADO CENTRAL DE ALICANTE<\/td>\n<\/tr>\n<tr>\n<td style=\"width: 1083px;\">MERCADO DE CAROLINAS<\/td>\n<\/tr>\n<tr>\n<td style=\"width: 1083px;\">MERCADO BABEL<\/td>\n<\/tr>\n<tr>\n<td style=\"width: 1083px;\">MERCADO DE BENALUA<\/td>\n<\/tr>\n<tr>\n<td style=\"width: 1083px;\">ASOCIACI\u00d3N DE COMERCIANTES CONCESIONARIOS DEL MERCADO MUNICIPAL ALTEA<\/td>\n<\/tr>\n<tr>\n<td style=\"width: 1083px;\">VENDEDORES DE MERCADO MUNICIPAL DEL DISTRITO DE BENICALAP<\/td>\n<\/tr>\n<tr>\n<td style=\"width: 1083px;\">ASOCIACI\u00d3N CODEMER MERCADO MUNICIPAL L\u2019ALMARA DE BURJASSOT<\/td>\n<\/tr>\n<tr>\n<td style=\"width: 1083px;\">PROFESIONAL DE VENDEDORES DETALL DEL MERCADO DE ABASTOS BURRIANA<\/td>\n<\/tr>\n<tr>\n<td style=\"width: 1083px;\">VENDEDORES MERCADO CABANYAL<\/td>\n<\/tr>\n<tr>\n<td style=\"width: 1083px;\">VENDEDORES MERCADO CENTRAL Y PESC. DE CASTELLON<\/td>\n<\/tr>\n<tr>\n<td style=\"width: 1083px;\">ASOCIACI\u00d3N DE COMERCIANTES DEL MERCADO MUNICIPAL DE CASTILLA<\/td>\n<\/tr>\n<tr>\n<td style=\"width: 1083px;\">VENDEDORES MERCADO DE LOS PINOS<\/td>\n<\/tr>\n<tr>\n<td style=\"width: 1083px;\">MERCADO TRADICIONAL DE MISLATA<\/td>\n<\/tr>\n<tr>\n<td style=\"width: 1083px;\">MERCADO ABASTOS DE NOVELDA<\/td>\n<\/tr>\n<tr>\n<td style=\"width: 1083px;\">ASOC.VENDEDORES MERCADO MUNIC Y PESCADERIA DE ONDA<\/td>\n<\/tr>\n<tr>\n<td style=\"width: 1083px;\">VENDEDORES DEL MERCADO DE RUZAFA<\/td>\n<\/tr>\n<tr>\n<td style=\"width: 1083px;\">DETALLISTAS DEL MERCAT SAGUNT<\/td>\n<\/tr>\n<tr>\n<td style=\"width: 1083px;\">VENDEDORES DEL MERCADO DE TAVERNES DE LA VALLDIGNA<\/td>\n<\/tr>\n<tr>\n<td style=\"width: 1083px;\">VENDEDORES DEL MERCADO CENTRAL VALENCIA<\/td>\n<\/tr>\n<tr>\n<td style=\"width: 1083px;\">MERCADO DE ALGIR\u00d3S<\/td>\n<\/tr>\n<tr>\n<td style=\"width: 1083px;\">ASOCIACI\u00d3N LOCAL DE COMERCIANTES DEL MERCADO CENTRAL DE VILLENA<\/td>\n<\/tr>\n<tr>\n<td style=\"width: 1083px;\">ASOC. DE PUESTOS DEL MERCADO DE TORREFIEL<\/td>\n<\/tr>\n<tr>\n<td style=\"width: 1083px;\">ASOC. DE VENDEDORS MERCAT DE LA VILA DE ALZIRA<\/td>\n<\/tr>\n<tr>\n<td style=\"width: 1083px;\">ASOC. DE COMERCIANTES DEL MERCAT DE CARCAIXENT<\/td>\n<\/tr>\n<tr>\n<td style=\"width: 1083px;\">ASOC. DE VENDEDORES MERCADO ROJAS CLEMENTE<\/td>\n<\/tr>\n<tr>\n<td style=\"width: 1083px;\">ASOC. DE COMERCIANTES MERCADO COL\u00d3N (VAL\u00c8NCIA)<\/td>\n<\/tr>\n<tr>\n<td style=\"width: 1083px;\">ASOC. DE COMERCIANTES MERCADO MUNICIPAL DE MONCADA<\/td>\n<\/tr>\n<tr>\n<td style=\"width: 1083px;\">ASSOCIACI\u00d3 DEL MERCAT CENTRAL DE BENICARL\u00d3<\/td>\n<\/tr>\n<\/tbody>\n<\/table>\n<p>[\/et_pb_text][\/et_pb_column][et_pb_column type=&#8221;2_5&#8243; _builder_version=&#8221;4.16&#8243; _module_preset=&#8221;default&#8221; global_colors_info=&#8221;{}&#8221;][et_pb_image src=&#8221;https:\/\/confecomerc.es\/wp-content\/uploads\/2022\/01\/CONFEMERCATSlogoOK.png&#8221; alt=&#8221;logo confemercats&#8221; title_text=&#8221;CONFEMERCATSlogoOK&#8221; _builder_version=&#8221;4.16&#8243; _module_preset=&#8221;default&#8221; global_colors_info=&#8221;{}&#8221;][\/et_pb_image][et_pb_video src=&#8221;https:\/\/youtu.be\/pNTAInJ2vMw&#8221; _builder_version=&#8221;4.16.1&#8243; _module_preset=&#8221;default&#8221; global_colors_info=&#8221;{}&#8221;][\/et_pb_video][\/et_pb_column][\/et_pb_row][et_pb_row _builder_version=&#8221;4.24.2&#8243; _module_preset=&#8221;default&#8221;][et_pb_column _builder_version=&#8221;4.24.2&#8243; _module_preset=&#8221;default&#8221; type=&#8221;4_4&#8243;][et_pb_text _builder_version=&#8221;4.24.2&#8243; _module_preset=&#8221;default&#8221; hover_enabled=&#8221;0&#8243; sticky_enabled=&#8221;0&#8243;]<\/p>\n<h3 style=\"text-align: center;\">Noticies relacionades<\/h3>\n<p>[\/et_pb_text][\/et_pb_column][\/et_pb_row][et_pb_row _builder_version=&#8221;4.24.2&#8243; _module_preset=&#8221;default&#8221;][et_pb_column _builder_version=&#8221;4.24.2&#8243; _module_preset=&#8221;default&#8221; type=&#8221;4_4&#8243;][et_pb_blog _builder_version=&#8221;4.24.2&#8243; _module_preset=&#8221;default&#8221; include_categories=&#8221;2950&#8243; hover_enabled=&#8221;0&#8243; sticky_enabled=&#8221;0&#8243; fullwidth=&#8221;off&#8221; posts_number=&#8221;20&#8243;][\/et_pb_blog][\/et_pb_column][\/et_pb_row][\/et_pb_section]<\/p>\n","protected":false},"excerpt":{"rendered":"<p>La Confederaci\u00f3 d&#8217;Empresaris de Comer\u00e7, Servicis i Aut\u00f2noms de la Comunitat Valenciana ha impulsat Confemercats CV, amb l&#8217;objectiu de preservar i defensar la identitat dels mercats municipals de la nostra autonomia. <\/p>\n","protected":false},"author":1,"featured_media":5848,"parent":1418,"menu_order":0,"comment_status":"closed","ping_status":"closed","template":"","meta":{"_et_pb_use_builder":"on","_et_pb_old_content":"","_et_gb_content_width":"","footnotes":""},"class_list":["post-8348","page","type-page","status-publish","has-post-thumbnail","hentry"],"yoast_head":"<!-- This site is optimized with the Yoast SEO plugin v27.3 - https:\/\/yoast.com\/product\/yoast-seo-wordpress\/ -->\n<title>Confemercats - Confecomer\u00e7<\/title>\n<meta name=\"description\" content=\"La Confederaci\u00f3 d&#039;Empresaris de Comer\u00e7, Servicis i Aut\u00f2noms de la Comunitat Valenciana ha impulsat Confemercats CV, amb l&#039;objectiu de preservar i defensar la identitat dels mercats municipals de la nostra autonomia.\" \/>\n<meta name=\"robots\" content=\"index, follow, max-snippet:-1, max-image-preview:large, max-video-preview:-1\" \/>\n<link rel=\"canonical\" href=\"https:\/\/confecomerc.es\/va\/organitzacions-membres\/confemercats\/\" \/>\n<meta property=\"og:locale\" content=\"en_US\" \/>\n<meta property=\"og:type\" content=\"article\" \/>\n<meta property=\"og:title\" content=\"Confemercats - Confecomer\u00e7\" \/>\n<meta property=\"og:description\" content=\"La Confederaci\u00f3 d&#039;Empresaris de Comer\u00e7, Servicis i Aut\u00f2noms de la Comunitat Valenciana ha impulsat Confemercats CV, amb l&#039;objectiu de preservar i defensar la identitat dels mercats municipals de la nostra autonomia.\" \/>\n<meta property=\"og:url\" content=\"https:\/\/confecomerc.es\/va\/organitzacions-membres\/confemercats\/\" \/>\n<meta property=\"og:site_name\" content=\"Confecomer\u00e7\" \/>\n<meta property=\"article:modified_time\" content=\"2024-02-22T15:06:50+00:00\" \/>\n<meta property=\"og:image\" content=\"https:\/\/i0.wp.com\/confecomerc.es\/wp-content\/uploads\/2021\/01\/confermercats-cuadrado.png?fit=1080%2C1080&ssl=1\" \/>\n\t<meta property=\"og:image:width\" content=\"1080\" \/>\n\t<meta property=\"og:image:height\" content=\"1080\" \/>\n\t<meta property=\"og:image:type\" content=\"image\/png\" \/>\n<meta name=\"twitter:card\" content=\"summary_large_image\" \/>\n<meta name=\"twitter:label1\" content=\"Est. reading time\" \/>\n\t<meta name=\"twitter:data1\" content=\"3 minutes\" \/>\n<script type=\"application\/ld+json\" class=\"yoast-schema-graph\">{\"@context\":\"https:\\\/\\\/schema.org\",\"@graph\":[{\"@type\":\"WebPage\",\"@id\":\"https:\\\/\\\/confecomerc.es\\\/va\\\/organitzacions-membres\\\/confemercats\\\/\",\"url\":\"https:\\\/\\\/confecomerc.es\\\/va\\\/organitzacions-membres\\\/confemercats\\\/\",\"name\":\"Confemercats - Confecomer\u00e7\",\"isPartOf\":{\"@id\":\"https:\\\/\\\/confecomerc.es\\\/#website\"},\"primaryImageOfPage\":{\"@id\":\"https:\\\/\\\/confecomerc.es\\\/va\\\/organitzacions-membres\\\/confemercats\\\/#primaryimage\"},\"image\":{\"@id\":\"https:\\\/\\\/confecomerc.es\\\/va\\\/organitzacions-membres\\\/confemercats\\\/#primaryimage\"},\"thumbnailUrl\":\"https:\\\/\\\/confecomerc.es\\\/wp-content\\\/uploads\\\/2021\\\/01\\\/confermercats-cuadrado.png\",\"datePublished\":\"2021-07-19T11:31:49+00:00\",\"dateModified\":\"2024-02-22T15:06:50+00:00\",\"description\":\"La Confederaci\u00f3 d'Empresaris de Comer\u00e7, Servicis i Aut\u00f2noms de la Comunitat Valenciana ha impulsat Confemercats CV, amb l'objectiu de preservar i defensar la identitat dels mercats municipals de la nostra autonomia.\",\"breadcrumb\":{\"@id\":\"https:\\\/\\\/confecomerc.es\\\/va\\\/organitzacions-membres\\\/confemercats\\\/#breadcrumb\"},\"inLanguage\":\"va-VA\",\"potentialAction\":[{\"@type\":\"ReadAction\",\"target\":[\"https:\\\/\\\/confecomerc.es\\\/va\\\/organitzacions-membres\\\/confemercats\\\/\"]}]},{\"@type\":\"ImageObject\",\"inLanguage\":\"va-VA\",\"@id\":\"https:\\\/\\\/confecomerc.es\\\/va\\\/organitzacions-membres\\\/confemercats\\\/#primaryimage\",\"url\":\"https:\\\/\\\/confecomerc.es\\\/wp-content\\\/uploads\\\/2021\\\/01\\\/confermercats-cuadrado.png\",\"contentUrl\":\"https:\\\/\\\/confecomerc.es\\\/wp-content\\\/uploads\\\/2021\\\/01\\\/confermercats-cuadrado.png\",\"width\":1080,\"height\":1080,\"caption\":\"confermercats\"},{\"@type\":\"BreadcrumbList\",\"@id\":\"https:\\\/\\\/confecomerc.es\\\/va\\\/organitzacions-membres\\\/confemercats\\\/#breadcrumb\",\"itemListElement\":[{\"@type\":\"ListItem\",\"position\":1,\"name\":\"Home\",\"item\":\"https:\\\/\\\/confecomerc.es\\\/va\\\/confecomerc-cv\\\/\"},{\"@type\":\"ListItem\",\"position\":2,\"name\":\"Organitzacions membres\",\"item\":\"https:\\\/\\\/confecomerc.es\\\/va\\\/organitzacions-membres\\\/\"},{\"@type\":\"ListItem\",\"position\":3,\"name\":\"Confemercats\"}]},{\"@type\":\"WebSite\",\"@id\":\"https:\\\/\\\/confecomerc.es\\\/#website\",\"url\":\"https:\\\/\\\/confecomerc.es\\\/\",\"name\":\"Confecomer\u00e7\",\"description\":\"Confederaci\u00f3 de Comer\u00e7 d\u2019alacant, Castell\u00f3 i Val\u00e8ncia\",\"potentialAction\":[{\"@type\":\"SearchAction\",\"target\":{\"@type\":\"EntryPoint\",\"urlTemplate\":\"https:\\\/\\\/confecomerc.es\\\/?s={search_term_string}\"},\"query-input\":{\"@type\":\"PropertyValueSpecification\",\"valueRequired\":true,\"valueName\":\"search_term_string\"}}],\"inLanguage\":\"va-VA\"}]}<\/script>\n<!-- \/ Yoast SEO plugin. -->","yoast_head_json":{"title":"Confemercats - Confecomer\u00e7","description":"La Confederaci\u00f3 d'Empresaris de Comer\u00e7, Servicis i Aut\u00f2noms de la Comunitat Valenciana ha impulsat Confemercats CV, amb l'objectiu de preservar i defensar la identitat dels mercats municipals de la nostra autonomia.","robots":{"index":"index","follow":"follow","max-snippet":"max-snippet:-1","max-image-preview":"max-image-preview:large","max-video-preview":"max-video-preview:-1"},"canonical":"https:\/\/confecomerc.es\/va\/organitzacions-membres\/confemercats\/","og_locale":"en_US","og_type":"article","og_title":"Confemercats - Confecomer\u00e7","og_description":"La Confederaci\u00f3 d'Empresaris de Comer\u00e7, Servicis i Aut\u00f2noms de la Comunitat Valenciana ha impulsat Confemercats CV, amb l'objectiu de preservar i defensar la identitat dels mercats municipals de la nostra autonomia.","og_url":"https:\/\/confecomerc.es\/va\/organitzacions-membres\/confemercats\/","og_site_name":"Confecomer\u00e7","article_modified_time":"2024-02-22T15:06:50+00:00","og_image":[{"width":1080,"height":1080,"url":"https:\/\/i0.wp.com\/confecomerc.es\/wp-content\/uploads\/2021\/01\/confermercats-cuadrado.png?fit=1080%2C1080&ssl=1","type":"image\/png"}],"twitter_card":"summary_large_image","twitter_misc":{"Est. reading time":"3 minutes"},"schema":{"@context":"https:\/\/schema.org","@graph":[{"@type":"WebPage","@id":"https:\/\/confecomerc.es\/va\/organitzacions-membres\/confemercats\/","url":"https:\/\/confecomerc.es\/va\/organitzacions-membres\/confemercats\/","name":"Confemercats - Confecomer\u00e7","isPartOf":{"@id":"https:\/\/confecomerc.es\/#website"},"primaryImageOfPage":{"@id":"https:\/\/confecomerc.es\/va\/organitzacions-membres\/confemercats\/#primaryimage"},"image":{"@id":"https:\/\/confecomerc.es\/va\/organitzacions-membres\/confemercats\/#primaryimage"},"thumbnailUrl":"https:\/\/confecomerc.es\/wp-content\/uploads\/2021\/01\/confermercats-cuadrado.png","datePublished":"2021-07-19T11:31:49+00:00","dateModified":"2024-02-22T15:06:50+00:00","description":"La Confederaci\u00f3 d'Empresaris de Comer\u00e7, Servicis i Aut\u00f2noms de la Comunitat Valenciana ha impulsat Confemercats CV, amb l'objectiu de preservar i defensar la identitat dels mercats municipals de la nostra autonomia.","breadcrumb":{"@id":"https:\/\/confecomerc.es\/va\/organitzacions-membres\/confemercats\/#breadcrumb"},"inLanguage":"va-VA","potentialAction":[{"@type":"ReadAction","target":["https:\/\/confecomerc.es\/va\/organitzacions-membres\/confemercats\/"]}]},{"@type":"ImageObject","inLanguage":"va-VA","@id":"https:\/\/confecomerc.es\/va\/organitzacions-membres\/confemercats\/#primaryimage","url":"https:\/\/confecomerc.es\/wp-content\/uploads\/2021\/01\/confermercats-cuadrado.png","contentUrl":"https:\/\/confecomerc.es\/wp-content\/uploads\/2021\/01\/confermercats-cuadrado.png","width":1080,"height":1080,"caption":"confermercats"},{"@type":"BreadcrumbList","@id":"https:\/\/confecomerc.es\/va\/organitzacions-membres\/confemercats\/#breadcrumb","itemListElement":[{"@type":"ListItem","position":1,"name":"Home","item":"https:\/\/confecomerc.es\/va\/confecomerc-cv\/"},{"@type":"ListItem","position":2,"name":"Organitzacions membres","item":"https:\/\/confecomerc.es\/va\/organitzacions-membres\/"},{"@type":"ListItem","position":3,"name":"Confemercats"}]},{"@type":"WebSite","@id":"https:\/\/confecomerc.es\/#website","url":"https:\/\/confecomerc.es\/","name":"Confecomer\u00e7","description":"Confederaci\u00f3 de Comer\u00e7 d\u2019alacant, Castell\u00f3 i Val\u00e8ncia","potentialAction":[{"@type":"SearchAction","target":{"@type":"EntryPoint","urlTemplate":"https:\/\/confecomerc.es\/?s={search_term_string}"},"query-input":{"@type":"PropertyValueSpecification","valueRequired":true,"valueName":"search_term_string"}}],"inLanguage":"va-VA"}]}},"_links":{"self":[{"href":"https:\/\/confecomerc.es\/va\/wp-json\/wp\/v2\/pages\/8348","targetHints":{"allow":["GET"]}}],"collection":[{"href":"https:\/\/confecomerc.es\/va\/wp-json\/wp\/v2\/pages"}],"about":[{"href":"https:\/\/confecomerc.es\/va\/wp-json\/wp\/v2\/types\/page"}],"author":[{"embeddable":true,"href":"https:\/\/confecomerc.es\/va\/wp-json\/wp\/v2\/users\/1"}],"replies":[{"embeddable":true,"href":"https:\/\/confecomerc.es\/va\/wp-json\/wp\/v2\/comments?post=8348"}],"version-history":[{"count":0,"href":"https:\/\/confecomerc.es\/va\/wp-json\/wp\/v2\/pages\/8348\/revisions"}],"up":[{"embeddable":true,"href":"https:\/\/confecomerc.es\/va\/wp-json\/wp\/v2\/pages\/1418"}],"wp:featuredmedia":[{"embeddable":true,"href":"https:\/\/confecomerc.es\/va\/wp-json\/wp\/v2\/media\/5848"}],"wp:attachment":[{"href":"https:\/\/confecomerc.es\/va\/wp-json\/wp\/v2\/media?parent=8348"}],"curies":[{"name":"wp","href":"https:\/\/api.w.org\/{rel}","templated":true}]}}