{"id":8359,"date":"2021-07-19T12:35:07","date_gmt":"2021-07-19T11:35:07","guid":{"rendered":"https:\/\/confecomerc.es\/politica-de-cookies\/"},"modified":"2021-07-19T12:35:10","modified_gmt":"2021-07-19T11:35:10","slug":"politica-de-cookies","status":"publish","type":"page","link":"https:\/\/confecomerc.es\/va\/politica-de-cookies\/","title":{"rendered":"Pol\u00edtica de Cookies"},"content":{"rendered":"<p>[et_pb_section fb_built=&#8221;1&#8243; _builder_version=&#8221;3.19.17&#8243;][et_pb_row _builder_version=&#8221;3.19.17&#8243;][et_pb_column type=&#8221;4_4&#8243; _builder_version=&#8221;3.19.17&#8243;][et_pb_text _builder_version=&#8221;3.19.17&#8243;]<\/p>\n<p><strong><em>DESCRIPCI<\/em><\/strong><strong><em>\u00d3<\/em><\/strong><strong><em>N DE COOKIES<\/em><\/strong>: Una \u201cCookie\u201d es un peque\u00f1o archivo de texto que un sitio web almacena en el navegador del usuario, facilitando la navegaci\u00f3n por una p\u00e1gina web y son esenciales para el funcionamiento de internet.<\/p>\n<p>Las cookies se utilizan, por ejemplo, para recordar los gustos de los usuarios en la web: idioma, navegador utilizado; analizar los h\u00e1bitos y comportamientos del usuario para mejorar los servicios ofrecidos, o para adecuar los contenidos de una p\u00e1gina web a las preferencias del visitante.<\/p>\n<p>&nbsp;<\/p>\n<p>Las cookies se pueden catalogar de la siguiente manera:<\/p>\n<p>&nbsp;<\/p>\n<p>Seg\u00fan la entidad que la gestiona:<\/p>\n<ul>\n<li>Cookies propias: Son aquellas que se env\u00edan a tu equipo desde nuestros propios equipos o dominios y desde el que prestamos el servicio que nos solicitas.<\/li>\n<li>Cookies de terceros: Son aquellas que se env\u00edan a tu equipo desde un equipo o dominio que no es gestionado por nosotros, sino por otra entidad colaboradora. Como por ejemplo, las usadas por redes sociales, o por contenido externo como los mapas de Google.<\/li>\n<\/ul>\n<p>&nbsp;<\/p>\n<p>Seg\u00fan el plazo de tiempo que permanecen activadas:<\/p>\n<ul>\n<li>Cookies de sesi\u00f3n: Son cookies temporales que permanecen en el archivo de cookies de tu navegador hasta que abandonas la p\u00e1gina web, por lo que ninguna queda registrada en el disco duro de tu ordenador. La informaci\u00f3n obtenida por medio de estas cookies, sirven para analizar pautas de tr\u00e1fico en la web. A la larga, esto nos permite proporcionar una mejor experiencia para mejorar el contenido y facilitar su uso.<\/li>\n<li>Cookies persistentes: son almacenadas en el disco duro y nuestra web las lee cada vez que realizas una nueva visita. Una web permanente posee una fecha de expiraci\u00f3n determinada. La cookie dejar\u00e1 de funcionar despu\u00e9s de esa fecha. Estas cookies las utilizamos, generalmente, para facilitar los servicios de compra y registro.<\/li>\n<\/ul>\n<p>&nbsp;<\/p>\n<p>Seg\u00fan su finalidad:<\/p>\n<ul>\n<li>Cookies t\u00e9cnicas: Son aquellas necesarias para la navegaci\u00f3n y el buen funcionamiento de nuestra p\u00e1gina web. Permiten por ejemplo, controlar el tr\u00e1fico y la comunicaci\u00f3n de datos, acceder a partes de acceso restringido, realizar el proceso de compra de un pedido, utilizar elementos de seguridad, almacenar contenidos para poder difundir v\u00eddeos o compartir contenidos a trav\u00e9s de redes sociales.<\/li>\n<li>Cookies de personalizaci\u00f3n: Son aqu\u00e9llas que te permiten acceder al servicio con unas caracter\u00edsticas predefinidas en funci\u00f3n de una serie de criterios, como por ejemplo el idioma, el tipo de navegador a trav\u00e9s del cual se accede al servicio, la configuraci\u00f3n regional desde donde se accede al servicio, etc.<\/li>\n<li>Cookies de an\u00e1lisis: Son aqu\u00e9llas que nos permiten cuantificar el n\u00famero de usuarios y as\u00ed realizar la medici\u00f3n y an\u00e1lisis estad\u00edstico de la utilizaci\u00f3n que hacen los usuarios de los servicios prestados. Para ello se analiza su navegaci\u00f3n en nuestra p\u00e1gina web con el fin de mejorar la oferta de productos y servicios que ofrecemos.<\/li>\n<li>Cookies publicitarias: Son aqu\u00e9llas que permiten la gesti\u00f3n, de la forma m\u00e1s eficaz posible, de los espacios publicitarios que se pudieran incluir en nuestra p\u00e1gina web.<\/li>\n<li>Cookies de publicidad comportamental: Estas cookies almacenan informaci\u00f3n del comportamiento de los usuarios obtenida a trav\u00e9s de la observaci\u00f3n continuada. Gracias a ellas, podemos conocer los h\u00e1bitos de navegaci\u00f3n en internet y mostrarte publicidad relacionada con tu perfil de navegaci\u00f3n.<\/li>\n<\/ul>\n<p><strong><em>QU<\/em><\/strong><strong><em>\u00c9 <\/em><\/strong><strong><em>COOKIES UTILIZAMOS Y CON QU<\/em><\/strong><strong><em>\u00c9 <\/em><\/strong><strong><em>FINALIDADES<\/em><\/strong>: Nuestra web utiliza los siguientes tipos de cookies:<\/p>\n<ul>\n<li>Cookies propias: son cookies estrictamente necesarias. Permiten la interacci\u00f3n del usuario por el sitio web utilizando todas sus funciones.<\/li>\n<li>Cookies Anal\u00edticas: son cookies utilizadas para el an\u00e1lisis, investigaci\u00f3n o estad\u00edsticas con el fin de saber secciones m\u00e1s visitadas, puntos de conexi\u00f3n, etc y as\u00ed poder mejorar el portal web.<\/li>\n<li>Cookies de complementos: son cookies utilizadas por complementos externos instalados en la web para su buen funcionamiento, como por ejemplo mostrar el cartel informativo sobre el uso de cookies.<\/li>\n<li>Cookies de redes sociales: son cookies utilizadas para identificarte como usuario en la red social y poder interactuar a trav\u00e9s de tu perfil a trav\u00e9s de las APIs instaladas.<\/li>\n<\/ul>\n<p><strong><em>DE QUIENES SON LAS COOKIES QUE UTILIZAMOS<\/em><\/strong>: A continuaci\u00f3n se detallan las entidades externas que suministran cookies junto con la finalidad y duraci\u00f3n de cada una de ellas:<\/p>\n<p>* Titular: Google Inc. Finalidad: realizamos el an\u00e1lisis de la audiencia y navegaci\u00f3n de nuestra p\u00e1gina a trav\u00e9s del complemento de Google Analytics as\u00ed como la reproducci\u00f3n de v\u00eddeos a trav\u00e9s de la plataforma Youtube. Est\u00e1s cookies podr\u00e1n ser utilizadas para mostrarte anuncios de publicidad en base a tu historial de navegaci\u00f3n cuando visites otros portales web. Estas cookies son persistentes.<\/p>\n<p>&nbsp;<\/p>\n<p>NOTA: Esta lista se actualizar\u00e1 con la mayor celeridad posible a medida que cambien los servicios del sitio web ofrecidos en el mismo. Sin embargo, ocasionalmente durante esta actualizaci\u00f3n puede ser que la lista no incluya una cookie, aunque siempre se referir\u00e1 a cookies con prop\u00f3sitos id\u00e9nticos a los registrados en esta lista.<\/p>\n<p><strong><em>FORMAS DE BLOQUEAR Y LIMITAR EL USO DE COOKIES<\/em><\/strong>: Es importante destacar que estas tecnolog\u00edas no son intrusivas, ya que toda la informaci\u00f3n obtenida a trav\u00e9s de las cookies es totalmente an\u00f3nima, y en ning\u00fan caso puede ser asociada a un usuario concreto e identificado. Esta informaci\u00f3n permite adaptar y mejorar nuestros servicios a los intereses de los usuarios. No obstante, el usuario tiene la opci\u00f3n de impedir la generaci\u00f3n de cookies, mediante la selecci\u00f3n de la correspondiente opci\u00f3n en su programa navegador. Informamos que en el caso de que deshabilite el uso de cookies la navegaci\u00f3n puede ser m\u00e1s lenta de lo habitual.<\/p>\n<p>Concretamente, todos los navegadores permiten hacer cambios que permiten desactivar la configuraci\u00f3n de las cookies. Estos ajustes se encuentran ubicados en las \u201copciones\u201d o \u201cpreferencias\u201d del men\u00fa de su navegador.<\/p>\n<p>&nbsp;<\/p>\n<p>A continuaci\u00f3n le mostramos mediante enlaces la forma de deshabilitar las cookies siguiendo las instrucciones de los navegadores m\u00e1s utilizados:<\/p>\n<ul>\n<li><a href=\"http:\/\/windows.microsoft.com\/es-es\/windows-vista\/block-or-allow-cookies\">Internet Explorer<\/a><\/li>\n<li><a href=\"http:\/\/support.mozilla.org\/en-us\/kb\/cookies-information-websites-store-on-your-computer?redirectlocale=en-us&amp;redirectslug=cookies\">Mozilla Firefox<\/a><\/li>\n<li><a href=\"https:\/\/support.google.com\/chrome\/answer\/95647?hl=es\">Google Chrome<\/a><\/li>\n<li><a href=\"https:\/\/support.apple.com\/kb\/ph21411?viewlocale=es_es&amp;locale=es_es\">Safari<\/a><\/li>\n<li><a href=\"http:\/\/support.apple.com\/kb\/ht1677?viewlocale=es_es\">Safari para IOS (iPhone y iPad)<\/a><\/li>\n<\/ul>\n<p>&nbsp;<\/p>\n<p>OJO! Que ya est\u00e1n creados los enlaces<\/p>\n<p>En cambio, si usted desea bloquear las cookies anal\u00edticas de Google, puede instalarse un complemento en su navegador desarrollado siguiendo las instrucciones indicadas en el siguiente <a href=\"https:\/\/tools.google.com\/dlpage\/gaoptout\">enlace<\/a>.<\/p>\n<p>&nbsp;<\/p>\n<p>Por otra parte, respecto a los complementos de entidades externas (como por ejemplo los servicios de Google Inc) utilizados en nuestro portal web recomendamos a todos los usuarios que accedan a las pol\u00edticas de privacidad de cada proveedor de los servicios para que obtenga mayor informaci\u00f3n:<\/p>\n<p>&nbsp;<\/p>\n<p>&#8211; <a href=\"http:\/\/www.google.es\/intl\/es\/policies\/privacy\/\">http:\/\/www.google.es\/intl\/es\/policies\/privacy\/<\/a><\/p>\n<p>&nbsp;<\/p>\n<p><strong><em>M<\/em><\/strong><strong><em>\u00c1<\/em><\/strong><strong><em>S INFORMACI<\/em><\/strong><strong><em>\u00d3<\/em><\/strong><strong><em>N<\/em><\/strong>: Cualquier usuario que tenga cualquier duda acerca de estas tecnolog\u00edas puede remitirnos la consulta a trav\u00e9s de nuestro email: privacidad@confecomerc.es.<\/p>\n<p>&nbsp;<\/p>\n<p>&nbsp;<\/p>\n<p>[\/et_pb_text][\/et_pb_column][\/et_pb_row][\/et_pb_section]<\/p>\n","protected":false},"excerpt":{"rendered":"<p>DESCRIPCI\u00d3N DE COOKIES: Una \u201cCookie\u201d es un peque\u00f1o archivo de texto que un sitio web almacena en el navegador del usuario, facilitando la navegaci\u00f3n por una p\u00e1gina web y son esenciales para el funcionamiento de internet. Las cookies se utilizan, por ejemplo, para recordar los gustos de los usuarios en la web: idioma, navegador utilizado; analizar los h\u00e1bitos y comportamientos del usuario para mejorar los servicios ofrecidos, o para adecuar los contenidos de una p\u00e1gina web a las preferencias del visitante. &nbsp; Las cookies se pueden catalogar de la siguiente manera: &nbsp; Seg\u00fan la entidad que la gestiona: Cookies propias: Son aquellas que se env\u00edan a tu equipo desde nuestros propios equipos o dominios y desde el que prestamos el servicio que nos solicitas. Cookies de terceros: Son aquellas que se env\u00edan a tu equipo desde un equipo o dominio que no es gestionado por nosotros, sino por otra entidad colaboradora. Como por ejemplo, las usadas por redes sociales, o por contenido externo como los mapas de Google. &nbsp; Seg\u00fan el plazo de tiempo que permanecen activadas: Cookies de sesi\u00f3n: Son cookies temporales que permanecen en el archivo de cookies de tu navegador hasta que abandonas la p\u00e1gina web, por [&hellip;]<\/p>\n","protected":false},"author":1,"featured_media":0,"parent":0,"menu_order":0,"comment_status":"closed","ping_status":"closed","template":"","meta":{"_et_pb_use_builder":"on","_et_pb_old_content":"","_et_gb_content_width":"","footnotes":""},"class_list":["post-8359","page","type-page","status-publish","hentry"],"yoast_head":"<!-- This site is optimized with the Yoast SEO plugin v27.2 - https:\/\/yoast.com\/product\/yoast-seo-wordpress\/ -->\n<title>Pol\u00edtica de Cookies - Confecomer\u00e7<\/title>\n<meta name=\"robots\" content=\"index, follow, max-snippet:-1, max-image-preview:large, max-video-preview:-1\" \/>\n<link rel=\"canonical\" href=\"https:\/\/confecomerc.es\/va\/politica-de-cookies\/\" \/>\n<meta property=\"og:locale\" content=\"en_US\" \/>\n<meta property=\"og:type\" content=\"article\" \/>\n<meta property=\"og:title\" content=\"Pol\u00edtica de Cookies - Confecomer\u00e7\" \/>\n<meta property=\"og:description\" content=\"DESCRIPCI\u00d3N DE COOKIES: Una \u201cCookie\u201d es un peque\u00f1o archivo de texto que un sitio web almacena en el navegador del usuario, facilitando la navegaci\u00f3n por una p\u00e1gina web y son esenciales para el funcionamiento de internet. Las cookies se utilizan, por ejemplo, para recordar los gustos de los usuarios en la web: idioma, navegador utilizado; analizar los h\u00e1bitos y comportamientos del usuario para mejorar los servicios ofrecidos, o para adecuar los contenidos de una p\u00e1gina web a las preferencias del visitante. &nbsp; Las cookies se pueden catalogar de la siguiente manera: &nbsp; Seg\u00fan la entidad que la gestiona: Cookies propias: Son aquellas que se env\u00edan a tu equipo desde nuestros propios equipos o dominios y desde el que prestamos el servicio que nos solicitas. Cookies de terceros: Son aquellas que se env\u00edan a tu equipo desde un equipo o dominio que no es gestionado por nosotros, sino por otra entidad colaboradora. Como por ejemplo, las usadas por redes sociales, o por contenido externo como los mapas de Google. &nbsp; Seg\u00fan el plazo de tiempo que permanecen activadas: Cookies de sesi\u00f3n: Son cookies temporales que permanecen en el archivo de cookies de tu navegador hasta que abandonas la p\u00e1gina web, por [&hellip;]\" \/>\n<meta property=\"og:url\" content=\"https:\/\/confecomerc.es\/va\/politica-de-cookies\/\" \/>\n<meta property=\"og:site_name\" content=\"Confecomer\u00e7\" \/>\n<meta property=\"article:modified_time\" content=\"2021-07-19T11:35:10+00:00\" \/>\n<meta name=\"twitter:card\" content=\"summary_large_image\" \/>\n<meta name=\"twitter:label1\" content=\"Est. reading time\" \/>\n\t<meta name=\"twitter:data1\" content=\"6 minutes\" \/>\n<script type=\"application\/ld+json\" class=\"yoast-schema-graph\">{\"@context\":\"https:\/\/schema.org\",\"@graph\":[{\"@type\":\"WebPage\",\"@id\":\"https:\/\/confecomerc.es\/va\/politica-de-cookies\/\",\"url\":\"https:\/\/confecomerc.es\/va\/politica-de-cookies\/\",\"name\":\"Pol\u00edtica de Cookies - Confecomer\u00e7\",\"isPartOf\":{\"@id\":\"https:\/\/confecomerc.es\/#website\"},\"datePublished\":\"2021-07-19T11:35:07+00:00\",\"dateModified\":\"2021-07-19T11:35:10+00:00\",\"breadcrumb\":{\"@id\":\"https:\/\/confecomerc.es\/va\/politica-de-cookies\/#breadcrumb\"},\"inLanguage\":\"va-VA\",\"potentialAction\":[{\"@type\":\"ReadAction\",\"target\":[\"https:\/\/confecomerc.es\/va\/politica-de-cookies\/\"]}]},{\"@type\":\"BreadcrumbList\",\"@id\":\"https:\/\/confecomerc.es\/va\/politica-de-cookies\/#breadcrumb\",\"itemListElement\":[{\"@type\":\"ListItem\",\"position\":1,\"name\":\"Home\",\"item\":\"https:\/\/confecomerc.es\/va\/confecomerc-cv\/\"},{\"@type\":\"ListItem\",\"position\":2,\"name\":\"Pol\u00edtica de Cookies\"}]},{\"@type\":\"WebSite\",\"@id\":\"https:\/\/confecomerc.es\/#website\",\"url\":\"https:\/\/confecomerc.es\/\",\"name\":\"Confecomer\u00e7\",\"description\":\"Confederaci\u00f3 de Comer\u00e7 d\u2019alacant, Castell\u00f3 i Val\u00e8ncia\",\"potentialAction\":[{\"@type\":\"SearchAction\",\"target\":{\"@type\":\"EntryPoint\",\"urlTemplate\":\"https:\/\/confecomerc.es\/?s={search_term_string}\"},\"query-input\":{\"@type\":\"PropertyValueSpecification\",\"valueRequired\":true,\"valueName\":\"search_term_string\"}}],\"inLanguage\":\"va-VA\"}]}<\/script>\n<!-- \/ Yoast SEO plugin. -->","yoast_head_json":{"title":"Pol\u00edtica de Cookies - Confecomer\u00e7","robots":{"index":"index","follow":"follow","max-snippet":"max-snippet:-1","max-image-preview":"max-image-preview:large","max-video-preview":"max-video-preview:-1"},"canonical":"https:\/\/confecomerc.es\/va\/politica-de-cookies\/","og_locale":"en_US","og_type":"article","og_title":"Pol\u00edtica de Cookies - Confecomer\u00e7","og_description":"DESCRIPCI\u00d3N DE COOKIES: Una \u201cCookie\u201d es un peque\u00f1o archivo de texto que un sitio web almacena en el navegador del usuario, facilitando la navegaci\u00f3n por una p\u00e1gina web y son esenciales para el funcionamiento de internet. Las cookies se utilizan, por ejemplo, para recordar los gustos de los usuarios en la web: idioma, navegador utilizado; analizar los h\u00e1bitos y comportamientos del usuario para mejorar los servicios ofrecidos, o para adecuar los contenidos de una p\u00e1gina web a las preferencias del visitante. &nbsp; Las cookies se pueden catalogar de la siguiente manera: &nbsp; Seg\u00fan la entidad que la gestiona: Cookies propias: Son aquellas que se env\u00edan a tu equipo desde nuestros propios equipos o dominios y desde el que prestamos el servicio que nos solicitas. Cookies de terceros: Son aquellas que se env\u00edan a tu equipo desde un equipo o dominio que no es gestionado por nosotros, sino por otra entidad colaboradora. Como por ejemplo, las usadas por redes sociales, o por contenido externo como los mapas de Google. &nbsp; Seg\u00fan el plazo de tiempo que permanecen activadas: Cookies de sesi\u00f3n: Son cookies temporales que permanecen en el archivo de cookies de tu navegador hasta que abandonas la p\u00e1gina web, por [&hellip;]","og_url":"https:\/\/confecomerc.es\/va\/politica-de-cookies\/","og_site_name":"Confecomer\u00e7","article_modified_time":"2021-07-19T11:35:10+00:00","twitter_card":"summary_large_image","twitter_misc":{"Est. reading time":"6 minutes"},"schema":{"@context":"https:\/\/schema.org","@graph":[{"@type":"WebPage","@id":"https:\/\/confecomerc.es\/va\/politica-de-cookies\/","url":"https:\/\/confecomerc.es\/va\/politica-de-cookies\/","name":"Pol\u00edtica de Cookies - Confecomer\u00e7","isPartOf":{"@id":"https:\/\/confecomerc.es\/#website"},"datePublished":"2021-07-19T11:35:07+00:00","dateModified":"2021-07-19T11:35:10+00:00","breadcrumb":{"@id":"https:\/\/confecomerc.es\/va\/politica-de-cookies\/#breadcrumb"},"inLanguage":"va-VA","potentialAction":[{"@type":"ReadAction","target":["https:\/\/confecomerc.es\/va\/politica-de-cookies\/"]}]},{"@type":"BreadcrumbList","@id":"https:\/\/confecomerc.es\/va\/politica-de-cookies\/#breadcrumb","itemListElement":[{"@type":"ListItem","position":1,"name":"Home","item":"https:\/\/confecomerc.es\/va\/confecomerc-cv\/"},{"@type":"ListItem","position":2,"name":"Pol\u00edtica de Cookies"}]},{"@type":"WebSite","@id":"https:\/\/confecomerc.es\/#website","url":"https:\/\/confecomerc.es\/","name":"Confecomer\u00e7","description":"Confederaci\u00f3 de Comer\u00e7 d\u2019alacant, Castell\u00f3 i Val\u00e8ncia","potentialAction":[{"@type":"SearchAction","target":{"@type":"EntryPoint","urlTemplate":"https:\/\/confecomerc.es\/?s={search_term_string}"},"query-input":{"@type":"PropertyValueSpecification","valueRequired":true,"valueName":"search_term_string"}}],"inLanguage":"va-VA"}]}},"_links":{"self":[{"href":"https:\/\/confecomerc.es\/va\/wp-json\/wp\/v2\/pages\/8359","targetHints":{"allow":["GET"]}}],"collection":[{"href":"https:\/\/confecomerc.es\/va\/wp-json\/wp\/v2\/pages"}],"about":[{"href":"https:\/\/confecomerc.es\/va\/wp-json\/wp\/v2\/types\/page"}],"author":[{"embeddable":true,"href":"https:\/\/confecomerc.es\/va\/wp-json\/wp\/v2\/users\/1"}],"replies":[{"embeddable":true,"href":"https:\/\/confecomerc.es\/va\/wp-json\/wp\/v2\/comments?post=8359"}],"version-history":[{"count":0,"href":"https:\/\/confecomerc.es\/va\/wp-json\/wp\/v2\/pages\/8359\/revisions"}],"wp:attachment":[{"href":"https:\/\/confecomerc.es\/va\/wp-json\/wp\/v2\/media?parent=8359"}],"curies":[{"name":"wp","href":"https:\/\/api.w.org\/{rel}","templated":true}]}}