{"id":8365,"date":"2021-07-19T12:35:54","date_gmt":"2021-07-19T11:35:54","guid":{"rendered":"https:\/\/confecomerc.es\/restablir-la-contrasenya\/"},"modified":"2021-07-19T12:35:57","modified_gmt":"2021-07-19T11:35:57","slug":"restablir-la-contrasenya","status":"publish","type":"page","link":"https:\/\/confecomerc.es\/va\/restablir-la-contrasenya\/","title":{"rendered":"Restablir la contrasenya"},"content":{"rendered":"<div class=\"um um-password um-um_password_id\">\n\t<div class=\"um-form\">\n\t\t<form method=\"post\" action=\"\">\n\t\t\t\n\t\t\t\t<input type=\"hidden\" name=\"_um_password_reset\" id=\"_um_password_reset\" value=\"1\" \/>\n\n\t\t\t\t\t\t\t\t\t<div class=\"um-field um-field-block um-field-type_block\">\n\t\t\t\t\t\t<div class=\"um-field-block\">\n\t\t\t\t\t\t\t<div style=\"text-align:center;\">\n\t\t\t\t\t\t\t\tTo reset your password, please enter your email address or username below.\t\t\t\t\t\t\t<\/div>\n\t\t\t\t\t\t<\/div>\n\t\t\t\t\t<\/div>\n\t\t\t\t\t<div  id=\"um_field_0_username_b\" class=\"um-field um-field-text  um-field-username_b um-field-text um-field-type_text\" data-key=\"username_b\"><div class=\"um-field-area\"><input  autocomplete=\"off\" class=\"um-form-field valid \" type=\"text\" name=\"username_b\" id=\"username_b\" value=\"\" placeholder=\"Enter your username or email\" data-validate=\"\" data-key=\"username_b\"  aria-invalid=\"false\" \/>\n\n\t\t\t\t\t\t<\/div><\/div>\t\t\t\t<div class=\"um-col-alt um-col-alt-b\">\n\t\t\t\t\t<div class=\"um-center\">\n\t\t\t\t\t\t<input type=\"submit\" value=\"Reset password\" class=\"um-button\" id=\"um-submit-btn\" \/>\n\t\t\t\t\t<\/div>\n\t\t\t\t\t<div class=\"um-clear\"><\/div>\n\t\t\t\t<\/div>\n\t\t\t\t\t<input type=\"hidden\" name=\"form_id\" id=\"form_id_um_password_id\" value=\"um_password_id\" \/>\n\t\t<p class=\"um_request_name\">\n\t\t<label for=\"um_request_um_password_id\">Only fill in if you are not human<\/label>\n\t\t<input type=\"hidden\" name=\"um_request\" id=\"um_request_um_password_id\" class=\"input\" value=\"\" size=\"25\" autocomplete=\"off\" \/>\n\t<\/p>\n\t\t\t<\/form>\n\t<\/div>\n<\/div>\n<style>\n\t\t\t.um-um_password_id.um {\n\t\t\tmax-width: 450px;\n\t\t}\n\t\t<\/style>\n\n","protected":false},"excerpt":{"rendered":"","protected":false},"author":1,"featured_media":0,"parent":0,"menu_order":0,"comment_status":"closed","ping_status":"closed","template":"","meta":{"_et_pb_use_builder":"","_et_pb_old_content":"","_et_gb_content_width":"","footnotes":""},"class_list":["post-8365","page","type-page","status-publish","hentry"],"yoast_head":"<!-- This site is optimized with the Yoast SEO plugin v27.3 - https:\/\/yoast.com\/product\/yoast-seo-wordpress\/ -->\n<title>Restablir la contrasenya - Confecomer\u00e7<\/title>\n<meta name=\"robots\" content=\"index, follow, max-snippet:-1, max-image-preview:large, max-video-preview:-1\" \/>\n<link rel=\"canonical\" href=\"https:\/\/confecomerc.es\/va\/restablir-la-contrasenya\/\" \/>\n<meta property=\"og:locale\" content=\"en_US\" \/>\n<meta property=\"og:type\" content=\"article\" \/>\n<meta property=\"og:title\" content=\"Restablir la contrasenya - Confecomer\u00e7\" \/>\n<meta property=\"og:url\" content=\"https:\/\/confecomerc.es\/va\/restablir-la-contrasenya\/\" \/>\n<meta property=\"og:site_name\" content=\"Confecomer\u00e7\" \/>\n<meta property=\"article:modified_time\" content=\"2021-07-19T11:35:57+00:00\" \/>\n<meta name=\"twitter:card\" content=\"summary_large_image\" \/>\n<script type=\"application\/ld+json\" class=\"yoast-schema-graph\">{\"@context\":\"https:\\\/\\\/schema.org\",\"@graph\":[{\"@type\":\"WebPage\",\"@id\":\"https:\\\/\\\/confecomerc.es\\\/va\\\/restablir-la-contrasenya\\\/\",\"url\":\"https:\\\/\\\/confecomerc.es\\\/va\\\/restablir-la-contrasenya\\\/\",\"name\":\"Restablir la contrasenya - Confecomer\u00e7\",\"isPartOf\":{\"@id\":\"https:\\\/\\\/confecomerc.es\\\/#website\"},\"datePublished\":\"2021-07-19T11:35:54+00:00\",\"dateModified\":\"2021-07-19T11:35:57+00:00\",\"breadcrumb\":{\"@id\":\"https:\\\/\\\/confecomerc.es\\\/va\\\/restablir-la-contrasenya\\\/#breadcrumb\"},\"inLanguage\":\"va-VA\",\"potentialAction\":[{\"@type\":\"ReadAction\",\"target\":[\"https:\\\/\\\/confecomerc.es\\\/va\\\/restablir-la-contrasenya\\\/\"]}]},{\"@type\":\"BreadcrumbList\",\"@id\":\"https:\\\/\\\/confecomerc.es\\\/va\\\/restablir-la-contrasenya\\\/#breadcrumb\",\"itemListElement\":[{\"@type\":\"ListItem\",\"position\":1,\"name\":\"Home\",\"item\":\"https:\\\/\\\/confecomerc.es\\\/va\\\/confecomerc-cv\\\/\"},{\"@type\":\"ListItem\",\"position\":2,\"name\":\"Restablir la contrasenya\"}]},{\"@type\":\"WebSite\",\"@id\":\"https:\\\/\\\/confecomerc.es\\\/#website\",\"url\":\"https:\\\/\\\/confecomerc.es\\\/\",\"name\":\"Confecomer\u00e7\",\"description\":\"Confederaci\u00f3 de Comer\u00e7 d\u2019alacant, Castell\u00f3 i Val\u00e8ncia\",\"potentialAction\":[{\"@type\":\"SearchAction\",\"target\":{\"@type\":\"EntryPoint\",\"urlTemplate\":\"https:\\\/\\\/confecomerc.es\\\/?s={search_term_string}\"},\"query-input\":{\"@type\":\"PropertyValueSpecification\",\"valueRequired\":true,\"valueName\":\"search_term_string\"}}],\"inLanguage\":\"va-VA\"}]}<\/script>\n<!-- \/ Yoast SEO plugin. -->","yoast_head_json":{"title":"Restablir la contrasenya - Confecomer\u00e7","robots":{"index":"index","follow":"follow","max-snippet":"max-snippet:-1","max-image-preview":"max-image-preview:large","max-video-preview":"max-video-preview:-1"},"canonical":"https:\/\/confecomerc.es\/va\/restablir-la-contrasenya\/","og_locale":"en_US","og_type":"article","og_title":"Restablir la contrasenya - Confecomer\u00e7","og_url":"https:\/\/confecomerc.es\/va\/restablir-la-contrasenya\/","og_site_name":"Confecomer\u00e7","article_modified_time":"2021-07-19T11:35:57+00:00","twitter_card":"summary_large_image","schema":{"@context":"https:\/\/schema.org","@graph":[{"@type":"WebPage","@id":"https:\/\/confecomerc.es\/va\/restablir-la-contrasenya\/","url":"https:\/\/confecomerc.es\/va\/restablir-la-contrasenya\/","name":"Restablir la contrasenya - Confecomer\u00e7","isPartOf":{"@id":"https:\/\/confecomerc.es\/#website"},"datePublished":"2021-07-19T11:35:54+00:00","dateModified":"2021-07-19T11:35:57+00:00","breadcrumb":{"@id":"https:\/\/confecomerc.es\/va\/restablir-la-contrasenya\/#breadcrumb"},"inLanguage":"va-VA","potentialAction":[{"@type":"ReadAction","target":["https:\/\/confecomerc.es\/va\/restablir-la-contrasenya\/"]}]},{"@type":"BreadcrumbList","@id":"https:\/\/confecomerc.es\/va\/restablir-la-contrasenya\/#breadcrumb","itemListElement":[{"@type":"ListItem","position":1,"name":"Home","item":"https:\/\/confecomerc.es\/va\/confecomerc-cv\/"},{"@type":"ListItem","position":2,"name":"Restablir la contrasenya"}]},{"@type":"WebSite","@id":"https:\/\/confecomerc.es\/#website","url":"https:\/\/confecomerc.es\/","name":"Confecomer\u00e7","description":"Confederaci\u00f3 de Comer\u00e7 d\u2019alacant, Castell\u00f3 i Val\u00e8ncia","potentialAction":[{"@type":"SearchAction","target":{"@type":"EntryPoint","urlTemplate":"https:\/\/confecomerc.es\/?s={search_term_string}"},"query-input":{"@type":"PropertyValueSpecification","valueRequired":true,"valueName":"search_term_string"}}],"inLanguage":"va-VA"}]}},"_links":{"self":[{"href":"https:\/\/confecomerc.es\/va\/wp-json\/wp\/v2\/pages\/8365","targetHints":{"allow":["GET"]}}],"collection":[{"href":"https:\/\/confecomerc.es\/va\/wp-json\/wp\/v2\/pages"}],"about":[{"href":"https:\/\/confecomerc.es\/va\/wp-json\/wp\/v2\/types\/page"}],"author":[{"embeddable":true,"href":"https:\/\/confecomerc.es\/va\/wp-json\/wp\/v2\/users\/1"}],"replies":[{"embeddable":true,"href":"https:\/\/confecomerc.es\/va\/wp-json\/wp\/v2\/comments?post=8365"}],"version-history":[{"count":0,"href":"https:\/\/confecomerc.es\/va\/wp-json\/wp\/v2\/pages\/8365\/revisions"}],"wp:attachment":[{"href":"https:\/\/confecomerc.es\/va\/wp-json\/wp\/v2\/media?parent=8365"}],"curies":[{"name":"wp","href":"https:\/\/api.w.org\/{rel}","templated":true}]}}