{"id":8382,"date":"2021-07-19T12:48:48","date_gmt":"2021-07-19T11:48:48","guid":{"rendered":"https:\/\/confecomerc.es\/digitalitzacio\/academia-dels-comercos\/"},"modified":"2022-02-22T15:48:59","modified_gmt":"2022-02-22T14:48:59","slug":"academia-dels-comercos","status":"publish","type":"page","link":"https:\/\/confecomerc.es\/va\/digitalitzacio\/academia-dels-comercos\/","title":{"rendered":"Acad\u00e8mia dels Comer\u00e7os"},"content":{"rendered":"<p>[et_pb_section fb_built=&#8221;1&#8243; fullwidth=&#8221;on&#8221; _builder_version=&#8221;3.22&#8243; saved_tabs=&#8221;all&#8221; global_colors_info=&#8221;{}&#8221;][et_pb_fullwidth_slider show_arrows=&#8221;off&#8221; show_pagination=&#8221;off&#8221; show_image_video_mobile=&#8221;on&#8221; _builder_version=&#8221;4.14.7&#8243; header_font=&#8221;||||||||&#8221; header_text_align=&#8221;center&#8221; header_font_size=&#8221;57px&#8221; background_color=&#8221;#204093&#8243; background_image=&#8221;https:\/\/confecomerc.es\/wp-content\/uploads\/2021\/02\/tutoria.jpg&#8221; background_blend=&#8221;multiply&#8221; custom_margin_tablet=&#8221;&#8221; custom_margin_phone=&#8221;&#8221; custom_margin_last_edited=&#8221;on|phone&#8221; custom_padding=&#8221;120px||100px&#8221; custom_padding_tablet=&#8221;&#8221; custom_padding_phone=&#8221;62px|0px|58px|0px&#8221; custom_padding_last_edited=&#8221;on|desktop&#8221; hover_enabled=&#8221;0&#8243; header_font_size_tablet=&#8221;&#8221; header_font_size_phone=&#8221;37px&#8221; header_font_size_last_edited=&#8221;on|phone&#8221; global_colors_info=&#8221;{}&#8221; sticky_enabled=&#8221;0&#8243;][et_pb_slide heading=&#8221;Acad\u00e8mia dels Comer\u00e7os&#8221; _builder_version=&#8221;4.14.7&#8243; hover_enabled=&#8221;0&#8243; global_colors_info=&#8221;{}&#8221; sticky_transition=&#8221;on&#8221; sticky_enabled=&#8221;0&#8243;][\/et_pb_slide][\/et_pb_fullwidth_slider][\/et_pb_section][et_pb_section fb_built=&#8221;1&#8243; fullwidth=&#8221;on&#8221; disabled_on=&#8221;on|off|off&#8221; _builder_version=&#8221;3.22&#8243; global_colors_info=&#8221;{}&#8221;][et_pb_fullwidth_menu menu_id=&#8221;278&#8243; fullwidth_menu=&#8221;off&#8221; active_link_color=&#8221;#00a7b5&#8243; dropdown_menu_line_color=&#8221;#00a7b5&#8243; dropdown_menu_text_color=&#8221;#000000&#8243; mobile_menu_bg_color=&#8221;rgba(0,0,0,0)&#8221; mobile_menu_text_color=&#8221;#000000&#8243; _builder_version=&#8221;3.19.17&#8243; menu_font=&#8221;||||||||&#8221; menu_text_color=&#8221;#63666a&#8221; menu_font_size=&#8221;13px&#8221; menu_letter_spacing=&#8221;1px&#8221; background_color=&#8221;rgba(255,255,255,0.06)&#8221; text_orientation=&#8221;center&#8221; custom_margin=&#8221;6px||7px&#8221; custom_padding=&#8221;0px||0px|0px&#8221; custom_padding_tablet=&#8221;&#8221; custom_padding_phone=&#8221;&#8221; custom_padding_last_edited=&#8221;on|phone&#8221; animation_style=&#8221;flip&#8221; animation_delay=&#8221;2600ms&#8221; border_width_all=&#8221;1px&#8221; border_color_all=&#8221;#63666a&#8221; global_colors_info=&#8221;{}&#8221;][\/et_pb_fullwidth_menu][\/et_pb_section][et_pb_section fb_built=&#8221;1&#8243; specialty=&#8221;on&#8221; _builder_version=&#8221;4.8.0&#8243; _module_preset=&#8221;default&#8221; custom_padding=&#8221;18px|||||&#8221; global_colors_info=&#8221;{}&#8221;][et_pb_column type=&#8221;1_3&#8243; _builder_version=&#8221;3.25&#8243; custom_padding=&#8221;|||&#8221; global_colors_info=&#8221;{}&#8221; custom_padding__hover=&#8221;|||&#8221;][et_pb_text _builder_version=&#8221;4.8.0&#8243; custom_margin=&#8221;||10px|||&#8221; global_colors_info=&#8221;{}&#8221;]<\/p>\n<p>V\u00eddeo presentaci\u00f3:<\/p>\n<p>[\/et_pb_text][et_pb_video src=&#8221;https:\/\/confecomerc.es\/wp-content\/uploads\/2021\/02\/Video-generico-Academia.mp4&#8243; image_src=&#8221;https:\/\/confecomerc.es\/wp-content\/uploads\/2021\/02\/cursos-gratuitos-comercio.jpg&#8221; _builder_version=&#8221;4.8.0&#8243; _module_preset=&#8221;default&#8221; global_colors_info=&#8221;{}&#8221;][\/et_pb_video][\/et_pb_column][et_pb_column type=&#8221;2_3&#8243; specialty_columns=&#8221;2&#8243; _builder_version=&#8221;3.25&#8243; custom_padding=&#8221;|||&#8221; global_colors_info=&#8221;{}&#8221; custom_padding__hover=&#8221;|||&#8221;][et_pb_row_inner _builder_version=&#8221;4.8.0&#8243; _module_preset=&#8221;default&#8221; custom_padding=&#8221;135px|||||&#8221; custom_css_main_element=&#8221;display: flex;||flex-direction: column;||justify-content: center;&#8221; global_colors_info=&#8221;{}&#8221;][et_pb_column_inner saved_specialty_column_type=&#8221;2_3&#8243; _builder_version=&#8221;4.8.0&#8243; _module_preset=&#8221;default&#8221; global_colors_info=&#8221;{}&#8221;][et_pb_text _builder_version=&#8221;4.8.0&#8243; global_colors_info=&#8221;{}&#8221;]<\/p>\n<p>L&#8217;Acad\u00e8mia dels Comer\u00e7os \u00e9s l&#8217;escola en l\u00ednia de Confecomer\u00e7 CV, on trobar\u00e0s les eines imprescindibles per digitalitzar el teu negoci i gestionar la teva comunicaci\u00f3 en l\u00ednia. Apr\u00e8n a utilitzar WhatsApp business, a dissenyar continguts incre\u00efbles o a posar en marxa les teves pr\u00f2pies campanyes de publicitat.<\/p>\n<p>[\/et_pb_text][\/et_pb_column_inner][\/et_pb_row_inner][et_pb_row_inner column_structure=&#8221;1_2,1_2&#8243; _builder_version=&#8221;4.8.0&#8243; _module_preset=&#8221;default&#8221; global_colors_info=&#8221;{}&#8221;][et_pb_column_inner type=&#8221;1_2&#8243; saved_specialty_column_type=&#8221;1_2&#8243; _builder_version=&#8221;4.8.0&#8243; _module_preset=&#8221;default&#8221; global_colors_info=&#8221;{}&#8221;][et_pb_button button_url=&#8221;https:\/\/formacion.confecomerc.es\/&#8221; button_text=&#8221;Entra en l&#8217;Acad\u00e8mia&#8221; button_alignment=&#8221;right&#8221; button_alignment_tablet=&#8221;&#8221; button_alignment_phone=&#8221;center&#8221; button_alignment_last_edited=&#8221;on|phone&#8221; _builder_version=&#8221;4.8.0&#8243; _module_preset=&#8221;default&#8221; custom_margin=&#8221;||5px|||&#8221; global_colors_info=&#8221;{}&#8221;][\/et_pb_button][et_pb_text _builder_version=&#8221;4.8.0&#8243; _module_preset=&#8221;default&#8221; text_orientation=&#8221;right&#8221; module_alignment=&#8221;right&#8221; text_orientation_tablet=&#8221;&#8221; text_orientation_phone=&#8221;center&#8221; text_orientation_last_edited=&#8221;on|phone&#8221; global_colors_info=&#8221;{}&#8221;]<\/p>\n<p>(Acc\u00e9s restringit associats)<\/p>\n<p>[\/et_pb_text][\/et_pb_column_inner][et_pb_column_inner type=&#8221;1_2&#8243; saved_specialty_column_type=&#8221;1_2&#8243; _builder_version=&#8221;4.8.0&#8243; _module_preset=&#8221;default&#8221; global_colors_info=&#8221;{}&#8221;][et_pb_button button_url=&#8221;https:\/\/formacion.confecomerc.es\/solicitud-de-registro\/&#8221; button_text=&#8221;sol\u00b7licita pla\u00e7a&#8221; button_alignment=&#8221;left&#8221; button_alignment_tablet=&#8221;&#8221; button_alignment_phone=&#8221;center&#8221; button_alignment_last_edited=&#8221;on|tablet&#8221; _builder_version=&#8221;4.8.0&#8243; _module_preset=&#8221;default&#8221; global_colors_info=&#8221;{}&#8221;][\/et_pb_button][\/et_pb_column_inner][\/et_pb_row_inner][\/et_pb_column][\/et_pb_section]<\/p>\n","protected":false},"excerpt":{"rendered":"<p>V\u00eddeo presentaci\u00f3:L&#8217;Acad\u00e8mia dels Comer\u00e7os \u00e9s l&#8217;escola en l\u00ednia de Confecomer\u00e7 CV, on trobar\u00e0s les eines imprescindibles per digitalitzar el teu negoci i gestionar la teva comunicaci\u00f3 en l\u00ednia. Apr\u00e8n a utilitzar WhatsApp business, a dissenyar continguts incre\u00efbles o a posar en marxa les teves pr\u00f2pies campanyes de publicitat.(Acc\u00e9s restringit associats)<\/p>\n","protected":false},"author":1,"featured_media":6419,"parent":1579,"menu_order":0,"comment_status":"closed","ping_status":"closed","template":"","meta":{"_et_pb_use_builder":"on","_et_pb_old_content":"","_et_gb_content_width":"","footnotes":""},"class_list":["post-8382","page","type-page","status-publish","has-post-thumbnail","hentry"],"yoast_head":"<!-- This site is optimized with the Yoast SEO plugin v27.3 - https:\/\/yoast.com\/product\/yoast-seo-wordpress\/ -->\n<title>Acad\u00e8mia dels Comer\u00e7os - Confecomer\u00e7<\/title>\n<meta name=\"description\" content=\"L&#039;Acad\u00e8mia dels Comer\u00e7os \u00e9s l&#039;escola en l\u00ednia de Confecomer\u00e7 CV, on trobar\u00e0s les eines imprescindibles per digitalitzar el teu negoci i gestionar la teva comunicaci\u00f3 en l\u00ednia.\" \/>\n<meta name=\"robots\" content=\"index, follow, max-snippet:-1, max-image-preview:large, max-video-preview:-1\" \/>\n<link rel=\"canonical\" href=\"https:\/\/confecomerc.es\/va\/digitalitzacio\/academia-dels-comercos\/\" \/>\n<meta property=\"og:locale\" content=\"en_US\" \/>\n<meta property=\"og:type\" content=\"article\" \/>\n<meta property=\"og:title\" content=\"Acad\u00e8mia dels Comer\u00e7os - Confecomer\u00e7\" \/>\n<meta property=\"og:description\" content=\"L&#039;Acad\u00e8mia dels Comer\u00e7os \u00e9s l&#039;escola en l\u00ednia de Confecomer\u00e7 CV, on trobar\u00e0s les eines imprescindibles per digitalitzar el teu negoci i gestionar la teva comunicaci\u00f3 en l\u00ednia.\" \/>\n<meta property=\"og:url\" content=\"https:\/\/confecomerc.es\/va\/digitalitzacio\/academia-dels-comercos\/\" \/>\n<meta property=\"og:site_name\" content=\"Confecomer\u00e7\" \/>\n<meta property=\"article:modified_time\" content=\"2022-02-22T14:48:59+00:00\" \/>\n<meta property=\"og:image\" content=\"https:\/\/i0.wp.com\/confecomerc.es\/wp-content\/uploads\/2021\/02\/formacion.png?fit=512%2C512&ssl=1\" \/>\n\t<meta property=\"og:image:width\" content=\"512\" \/>\n\t<meta property=\"og:image:height\" content=\"512\" \/>\n\t<meta property=\"og:image:type\" content=\"image\/png\" \/>\n<meta name=\"twitter:card\" content=\"summary_large_image\" \/>\n<meta name=\"twitter:label1\" content=\"Est. reading time\" \/>\n\t<meta name=\"twitter:data1\" content=\"3 minutes\" \/>\n<script type=\"application\/ld+json\" class=\"yoast-schema-graph\">{\"@context\":\"https:\\\/\\\/schema.org\",\"@graph\":[{\"@type\":\"WebPage\",\"@id\":\"https:\\\/\\\/confecomerc.es\\\/va\\\/digitalitzacio\\\/academia-dels-comercos\\\/\",\"url\":\"https:\\\/\\\/confecomerc.es\\\/va\\\/digitalitzacio\\\/academia-dels-comercos\\\/\",\"name\":\"Acad\u00e8mia dels Comer\u00e7os - Confecomer\u00e7\",\"isPartOf\":{\"@id\":\"https:\\\/\\\/confecomerc.es\\\/#website\"},\"primaryImageOfPage\":{\"@id\":\"https:\\\/\\\/confecomerc.es\\\/va\\\/digitalitzacio\\\/academia-dels-comercos\\\/#primaryimage\"},\"image\":{\"@id\":\"https:\\\/\\\/confecomerc.es\\\/va\\\/digitalitzacio\\\/academia-dels-comercos\\\/#primaryimage\"},\"thumbnailUrl\":\"https:\\\/\\\/confecomerc.es\\\/wp-content\\\/uploads\\\/2021\\\/02\\\/formacion.png\",\"datePublished\":\"2021-07-19T11:48:48+00:00\",\"dateModified\":\"2022-02-22T14:48:59+00:00\",\"description\":\"L'Acad\u00e8mia dels Comer\u00e7os \u00e9s l'escola en l\u00ednia de Confecomer\u00e7 CV, on trobar\u00e0s les eines imprescindibles per digitalitzar el teu negoci i gestionar la teva comunicaci\u00f3 en l\u00ednia.\",\"breadcrumb\":{\"@id\":\"https:\\\/\\\/confecomerc.es\\\/va\\\/digitalitzacio\\\/academia-dels-comercos\\\/#breadcrumb\"},\"inLanguage\":\"va-VA\",\"potentialAction\":[{\"@type\":\"ReadAction\",\"target\":[\"https:\\\/\\\/confecomerc.es\\\/va\\\/digitalitzacio\\\/academia-dels-comercos\\\/\"]}]},{\"@type\":\"ImageObject\",\"inLanguage\":\"va-VA\",\"@id\":\"https:\\\/\\\/confecomerc.es\\\/va\\\/digitalitzacio\\\/academia-dels-comercos\\\/#primaryimage\",\"url\":\"https:\\\/\\\/confecomerc.es\\\/wp-content\\\/uploads\\\/2021\\\/02\\\/formacion.png\",\"contentUrl\":\"https:\\\/\\\/confecomerc.es\\\/wp-content\\\/uploads\\\/2021\\\/02\\\/formacion.png\",\"width\":512,\"height\":512},{\"@type\":\"BreadcrumbList\",\"@id\":\"https:\\\/\\\/confecomerc.es\\\/va\\\/digitalitzacio\\\/academia-dels-comercos\\\/#breadcrumb\",\"itemListElement\":[{\"@type\":\"ListItem\",\"position\":1,\"name\":\"Home\",\"item\":\"https:\\\/\\\/confecomerc.es\\\/va\\\/confecomerc-cv\\\/\"},{\"@type\":\"ListItem\",\"position\":2,\"name\":\"Digitalitzaci\u00f3\",\"item\":\"https:\\\/\\\/confecomerc.es\\\/va\\\/digitalitzacio\\\/\"},{\"@type\":\"ListItem\",\"position\":3,\"name\":\"Acad\u00e8mia dels Comer\u00e7os\"}]},{\"@type\":\"WebSite\",\"@id\":\"https:\\\/\\\/confecomerc.es\\\/#website\",\"url\":\"https:\\\/\\\/confecomerc.es\\\/\",\"name\":\"Confecomer\u00e7\",\"description\":\"Confederaci\u00f3 de Comer\u00e7 d\u2019alacant, Castell\u00f3 i Val\u00e8ncia\",\"potentialAction\":[{\"@type\":\"SearchAction\",\"target\":{\"@type\":\"EntryPoint\",\"urlTemplate\":\"https:\\\/\\\/confecomerc.es\\\/?s={search_term_string}\"},\"query-input\":{\"@type\":\"PropertyValueSpecification\",\"valueRequired\":true,\"valueName\":\"search_term_string\"}}],\"inLanguage\":\"va-VA\"}]}<\/script>\n<!-- \/ Yoast SEO plugin. -->","yoast_head_json":{"title":"Acad\u00e8mia dels Comer\u00e7os - Confecomer\u00e7","description":"L'Acad\u00e8mia dels Comer\u00e7os \u00e9s l'escola en l\u00ednia de Confecomer\u00e7 CV, on trobar\u00e0s les eines imprescindibles per digitalitzar el teu negoci i gestionar la teva comunicaci\u00f3 en l\u00ednia.","robots":{"index":"index","follow":"follow","max-snippet":"max-snippet:-1","max-image-preview":"max-image-preview:large","max-video-preview":"max-video-preview:-1"},"canonical":"https:\/\/confecomerc.es\/va\/digitalitzacio\/academia-dels-comercos\/","og_locale":"en_US","og_type":"article","og_title":"Acad\u00e8mia dels Comer\u00e7os - Confecomer\u00e7","og_description":"L'Acad\u00e8mia dels Comer\u00e7os \u00e9s l'escola en l\u00ednia de Confecomer\u00e7 CV, on trobar\u00e0s les eines imprescindibles per digitalitzar el teu negoci i gestionar la teva comunicaci\u00f3 en l\u00ednia.","og_url":"https:\/\/confecomerc.es\/va\/digitalitzacio\/academia-dels-comercos\/","og_site_name":"Confecomer\u00e7","article_modified_time":"2022-02-22T14:48:59+00:00","og_image":[{"width":512,"height":512,"url":"https:\/\/i0.wp.com\/confecomerc.es\/wp-content\/uploads\/2021\/02\/formacion.png?fit=512%2C512&ssl=1","type":"image\/png"}],"twitter_card":"summary_large_image","twitter_misc":{"Est. reading time":"3 minutes"},"schema":{"@context":"https:\/\/schema.org","@graph":[{"@type":"WebPage","@id":"https:\/\/confecomerc.es\/va\/digitalitzacio\/academia-dels-comercos\/","url":"https:\/\/confecomerc.es\/va\/digitalitzacio\/academia-dels-comercos\/","name":"Acad\u00e8mia dels Comer\u00e7os - Confecomer\u00e7","isPartOf":{"@id":"https:\/\/confecomerc.es\/#website"},"primaryImageOfPage":{"@id":"https:\/\/confecomerc.es\/va\/digitalitzacio\/academia-dels-comercos\/#primaryimage"},"image":{"@id":"https:\/\/confecomerc.es\/va\/digitalitzacio\/academia-dels-comercos\/#primaryimage"},"thumbnailUrl":"https:\/\/confecomerc.es\/wp-content\/uploads\/2021\/02\/formacion.png","datePublished":"2021-07-19T11:48:48+00:00","dateModified":"2022-02-22T14:48:59+00:00","description":"L'Acad\u00e8mia dels Comer\u00e7os \u00e9s l'escola en l\u00ednia de Confecomer\u00e7 CV, on trobar\u00e0s les eines imprescindibles per digitalitzar el teu negoci i gestionar la teva comunicaci\u00f3 en l\u00ednia.","breadcrumb":{"@id":"https:\/\/confecomerc.es\/va\/digitalitzacio\/academia-dels-comercos\/#breadcrumb"},"inLanguage":"va-VA","potentialAction":[{"@type":"ReadAction","target":["https:\/\/confecomerc.es\/va\/digitalitzacio\/academia-dels-comercos\/"]}]},{"@type":"ImageObject","inLanguage":"va-VA","@id":"https:\/\/confecomerc.es\/va\/digitalitzacio\/academia-dels-comercos\/#primaryimage","url":"https:\/\/confecomerc.es\/wp-content\/uploads\/2021\/02\/formacion.png","contentUrl":"https:\/\/confecomerc.es\/wp-content\/uploads\/2021\/02\/formacion.png","width":512,"height":512},{"@type":"BreadcrumbList","@id":"https:\/\/confecomerc.es\/va\/digitalitzacio\/academia-dels-comercos\/#breadcrumb","itemListElement":[{"@type":"ListItem","position":1,"name":"Home","item":"https:\/\/confecomerc.es\/va\/confecomerc-cv\/"},{"@type":"ListItem","position":2,"name":"Digitalitzaci\u00f3","item":"https:\/\/confecomerc.es\/va\/digitalitzacio\/"},{"@type":"ListItem","position":3,"name":"Acad\u00e8mia dels Comer\u00e7os"}]},{"@type":"WebSite","@id":"https:\/\/confecomerc.es\/#website","url":"https:\/\/confecomerc.es\/","name":"Confecomer\u00e7","description":"Confederaci\u00f3 de Comer\u00e7 d\u2019alacant, Castell\u00f3 i Val\u00e8ncia","potentialAction":[{"@type":"SearchAction","target":{"@type":"EntryPoint","urlTemplate":"https:\/\/confecomerc.es\/?s={search_term_string}"},"query-input":{"@type":"PropertyValueSpecification","valueRequired":true,"valueName":"search_term_string"}}],"inLanguage":"va-VA"}]}},"_links":{"self":[{"href":"https:\/\/confecomerc.es\/va\/wp-json\/wp\/v2\/pages\/8382","targetHints":{"allow":["GET"]}}],"collection":[{"href":"https:\/\/confecomerc.es\/va\/wp-json\/wp\/v2\/pages"}],"about":[{"href":"https:\/\/confecomerc.es\/va\/wp-json\/wp\/v2\/types\/page"}],"author":[{"embeddable":true,"href":"https:\/\/confecomerc.es\/va\/wp-json\/wp\/v2\/users\/1"}],"replies":[{"embeddable":true,"href":"https:\/\/confecomerc.es\/va\/wp-json\/wp\/v2\/comments?post=8382"}],"version-history":[{"count":0,"href":"https:\/\/confecomerc.es\/va\/wp-json\/wp\/v2\/pages\/8382\/revisions"}],"up":[{"embeddable":true,"href":"https:\/\/confecomerc.es\/va\/wp-json\/wp\/v2\/pages\/1579"}],"wp:featuredmedia":[{"embeddable":true,"href":"https:\/\/confecomerc.es\/va\/wp-json\/wp\/v2\/media\/6419"}],"wp:attachment":[{"href":"https:\/\/confecomerc.es\/va\/wp-json\/wp\/v2\/media?parent=8382"}],"curies":[{"name":"wp","href":"https:\/\/api.w.org\/{rel}","templated":true}]}}